{"id":6693,"date":"2023-12-28T15:49:45","date_gmt":"2023-12-28T15:49:45","guid":{"rendered":"https:\/\/be-healthy.taniko.me\/?post_type=product&#038;p=6693"},"modified":"2024-10-16T20:01:12","modified_gmt":"2024-10-16T20:01:12","slug":"sports-research-d3-k2-plant-based-60-veggie-softgels","status":"publish","type":"product","link":"https:\/\/be-healthy.taniko.me\/uk\/product\/sports-research-d3-k2-plant-based-60-veggie-softgels\/","title":{"rendered":"Sports Research, D3 + K2, Plant Based, 60 Veggie Softgels"},"content":{"rendered":"<div class=\"col-xs-24 col-md-14\">\n<div class=\"row item-row\">\n<div class=\"col-xs-24\">\n<h3>\u041e\u043f\u0438\u0441<\/h3>\n<p>&nbsp;<\/p>\n<p>Oja\u010dajte svoje kosti i imunolo\u0161ki sustav s jednim i jedinim Sports Research\u00ae vitaminom D3 + K2. Ova veganska formula kombinira VegaDELight\u2122 Vegan D3 iz li\u0161ajeva, K2 iz slanutka i kokosovo MCT ulje u Vegan Certified PlantGel\u2122 kapsuli kako bi nadopunila va\u0161 dnevni unos D &amp; K esencijalnih mikronutrijenata. U na\u0161oj misiji da uvijek isporu\u010dujemo proizvode najvi\u0161e kvalitete, tako\u0111er smo dodali kurkumu u prahu u vanjsku ljusku softgela kako bismo za\u0161titili aktivne sastojke unutar od foto-razgradnje do koje mo\u017ee do\u0107i uslijed izlaganja UV svjetlu.<\/p>\n<h4>\u0420\u0435\u043a\u043e\u043c\u0435\u043d\u0434\u0430\u0446\u0456\u0457 \u0456\u0437 \u0437\u0430\u0441\u0442\u043e\u0441\u0443\u0432\u0430\u043d\u043d\u044f<\/h4>\n<p>Odrasli uzimaju 1 veggie softgel dnevno s hranom ili prema preporuci kvalificiranog zdravstvenog djelatnika.<\/p>\n<h4>\u0406\u043d\u0448\u0456 \u0456\u043d\u0433\u0440\u0435\u0434\u0456\u0454\u043d\u0442\u0438<\/h4>\n<p>Kokosovo MCT ulje, Plantgel\u2122 kapsula (ne-GMO modificirani \u0161krob tapioke, biljni glicerin, pro\u010di\u0161\u0107ena voda, kurkuma [za boju]), maslinovo ulje.<\/p>\n<p>Sadr\u017ei: ora\u0161asti plodovi (kokos).<\/p>\n<h4>\u041f\u043e\u043f\u0435\u0440\u0435\u0434\u0436\u0435\u043d\u043d\u044f<\/h4>\n<p>Oprez: \u010cuvati izvan dohvata djece i ku\u0107nih ljubimaca. Ne konzumirajte s drugim dodacima vitamina D s visokim dozama. Ovaj proizvod je namijenjen osobama koje ne dobivaju RDI svakodnevnom prehranom. Posavjetujte se s kvalificiranim zdravstvenim radnikom prije kori\u0161tenja ovog proizvoda, osobito ako ste trudni, dojite, imate dijagnosticiranu bolest ili uzimate lijekove na recept (npr. antikoagulanse [Coumadin\/Warfarin]). Nemojte prekora\u010diti preporu\u010deni dnevni unos. Nemojte koristiti ako je sigurnosna brtva o\u0161te\u0107ena ili nedostaje. \u010cuvati na sobnoj temperaturi, na suhom mjestu. Za\u0161titite proizvod od prekomjerne topline, smrzavanja, vlage i svjetlosti.<\/p>\n<\/div>\n<\/div>\n<div class=\"row item-row\">\n<div class=\"col-xs-24\"><\/div>\n<\/div>\n<\/div>\n<div class=\"col-xs-24 col-md-10\">\n<div class=\"supplement-facts-container\">\n<table border=\"1\" width=\"100%\" cellspacing=\"0\" cellpadding=\"3\">\n<tbody>\n<tr align=\"left\" valign=\"top\">\n<td colspan=\"3\"><strong>Supplement Facts<\/strong><\/td>\n<\/tr>\n<tr align=\"left\" valign=\"top\">\n<td colspan=\"3\"><strong>Serving Size:<\/strong>\u00a01 Veggie Softgel<\/td>\n<\/tr>\n<tr align=\"left\" valign=\"top\">\n<td colspan=\"3\"><strong>Servings Per Container:\u00a0<\/strong>60<\/td>\n<\/tr>\n<tr align=\"left\" valign=\"top\">\n<td width=\"70%\"><\/td>\n<td width=\"15%\"><strong>Amount Per Serving<\/strong><\/td>\n<td width=\"15%\"><strong>%Daily Value<\/strong><\/td>\n<\/tr>\n<tr align=\"left\" valign=\"top\">\n<td>Vitamin D3 (as D3, cholecalciferol) (from Lichen) (VEGADELIGHT\u00ae)<\/td>\n<td>125 mcg (5,000 IU)<\/td>\n<td>625%<\/td>\n<\/tr>\n<tr align=\"left\" valign=\"top\">\n<td>Vitamin K2 (as menaquinone-7) (MK-7 from Chickpea)<\/td>\n<td>100 mcg<\/td>\n<td>\u2020<\/td>\n<\/tr>\n<tr>\n<td colspan=\"3\">\u2020Daily Value (DV) not established.<\/td>\n<\/tr>\n<\/tbody>\n<\/table>\n<\/div>\n<\/div>","protected":false},"excerpt":{"rendered":"<ul>\n<li>Pove\u0107ajte aktivni testosteron u samo 7 dana\u00b9<\/li>\n<li>385 mg ekstrakta rodiole po obroku<\/li>\n<li>100 mg bor citrata po obroku<\/li>\n<li>\u0414\u0456\u0454\u0442\u0438\u0447\u043d\u0430 \u0434\u043e\u0431\u0430\u0432\u043a\u0430<\/li>\n<li>Peak Test: omjer kortizola\u00b2<\/li>\n<li>Poja\u010dajte probnu proizvodnju\u00b9<\/li>\n<li>Antikataboli\u010dki kompleks\u00b2<\/li>\n<li>Podr\u017eava performanse treninga\u00b2<\/li>\n<li>Klini\u010dki napredni<\/li>\n<li>Sporta\u0161ev izbor\u2122<\/li>\n<\/ul>","protected":false},"featured_media":6695,"comment_status":"open","ping_status":"closed","template":"","meta":{"inline_featured_image":false},"product_cat":[15,24,98],"product_tag":[],"class_list":{"0":"post-6693","1":"product","2":"type-product","3":"status-publish","4":"has-post-thumbnail","6":"product_cat-supplements","7":"product_cat-sport","8":"product_cat-vitamin-a-b-c-d-e-k","10":"first","11":"instock","12":"featured","13":"shipping-taxable","14":"purchasable","15":"product-type-simple"},"_links":{"self":[{"href":"https:\/\/be-healthy.taniko.me\/uk\/wp-json\/wp\/v2\/product\/6693","targetHints":{"allow":["GET"]}}],"collection":[{"href":"https:\/\/be-healthy.taniko.me\/uk\/wp-json\/wp\/v2\/product"}],"about":[{"href":"https:\/\/be-healthy.taniko.me\/uk\/wp-json\/wp\/v2\/types\/product"}],"replies":[{"embeddable":true,"href":"https:\/\/be-healthy.taniko.me\/uk\/wp-json\/wp\/v2\/comments?post=6693"}],"wp:featuredmedia":[{"embeddable":true,"href":"https:\/\/be-healthy.taniko.me\/uk\/wp-json\/wp\/v2\/media\/6695"}],"wp:attachment":[{"href":"https:\/\/be-healthy.taniko.me\/uk\/wp-json\/wp\/v2\/media?parent=6693"}],"wp:term":[{"taxonomy":"product_cat","embeddable":true,"href":"https:\/\/be-healthy.taniko.me\/uk\/wp-json\/wp\/v2\/product_cat?post=6693"},{"taxonomy":"product_tag","embeddable":true,"href":"https:\/\/be-healthy.taniko.me\/uk\/wp-json\/wp\/v2\/product_tag?post=6693"}],"curies":[{"name":"wp","href":"https:\/\/api.w.org\/{rel}","templated":true}]}}