{"id":6696,"date":"2023-12-28T16:03:48","date_gmt":"2023-12-28T16:03:48","guid":{"rendered":"https:\/\/be-healthy.taniko.me\/?post_type=product&#038;p=6696"},"modified":"2024-10-16T19:57:54","modified_gmt":"2024-10-16T19:57:54","slug":"sixstar-testosterone-booster-60-caplets","status":"publish","type":"product","link":"https:\/\/be-healthy.taniko.me\/uk\/product\/sixstar-testosterone-booster-60-caplets\/","title":{"rendered":"SIXSTAR, Testosterone Booster, 60 Caplets"},"content":{"rendered":"<div class=\"col-xs-24 col-md-14\">\n<div class=\"row item-row\">\n<div class=\"col-xs-24\">\n<h3>\u041e\u043f\u0438\u0441<\/h3>\n<p>&nbsp;<\/p>\n<p><strong>Formulirano za sporta\u0161e<\/strong><\/p>\n<p>Six Star\u00ae Testosterone Booster formuliran je s klju\u010dnim sastojkom za koji je klini\u010dka studija na ljudima pokazala da poja\u010dava proizvodnju testosterona u va\u0161em tijelu unutar normalnog raspona. Tako\u0111er sadr\u017ei mje\u0161avinu sastojaka za koje je dokazano da podupiru izvedbu treninga \u0161tite\u0107i od umora.<\/p>\n<p>Six Star\u00ae Testosterone Booster proizveden je prema cGMP standardima, kao \u0161to je potrebno za sve dodatke prehrani.<\/p>\n<p>Pove\u0107ajte testosteron i izvedbu treninga<\/p>\n<p>\u00b9Six Star\u00ae Testosterone Booster formuliran je s preciznom dozom minerala bora, za koji je klini\u010dko istra\u017eivanje na ljudima pokazalo da pove\u0107ava aktivni (slobodni) testosteron u samo 7 dana.<\/p>\n<p>\u00b2Six Star\u00ae poja\u010diva\u010d testosterona tako\u0111er je znanstveno konstruiran s jedinstvenom mje\u0161avinom na biljnoj bazi koja je prikazana u 7-tjednoj klini\u010dkoj studiji na ljudima da poma\u017ee u odr\u017eavanju vrhunskog omjera testosterona i kortizola nakon intenzivnog testa vje\u017ebanja. Kortizol je hormon koji se osloba\u0111a uslijed stresa i mo\u017ee razgraditi mi\u0161i\u0107no tkivo. Ispitanici su tako\u0111er pobolj\u0161ali izvedbu \u0161to je odre\u0111eno markerom kapaciteta vje\u017ebanja.<\/p>\n<p><strong>\u0420\u0435\u043a\u043e\u043c\u0435\u043d\u0434\u0430\u0446\u0456\u0457 \u0456\u0437 \u0437\u0430\u0441\u0442\u043e\u0441\u0443\u0432\u0430\u043d\u043d\u044f<\/strong><\/p>\n<p>Uzmite 1 dozu (2 kapsule) s \u010da\u0161om vode 2 puta dnevno. Nemojte prekora\u010diti 4 kapsule u razdoblju od 24 sata. Pro\u010ditajte cijelu naljepnicu prije uporabe i slijedite prilo\u017eene upute.<\/p>\n<p><strong>\u0406\u043d\u0448\u0456 \u0456\u043d\u0433\u0440\u0435\u0434\u0456\u0454\u043d\u0442\u0438<\/strong><\/p>\n<p>Mikrokristalna celuloza, dikalcijev fosfat dihidrat, stearinska kiselina, kroskarmeloza natrij, ovojnica (titanijev dioksid, polietilen glikol, talk), krospovidon, silicijev dioksid, magnezijev stearat.<\/p>\n<p>Prera\u0111eno u postrojenju koje tako\u0111er prera\u0111uje mlijeko, p\u0161enicu, jaja, ribu, kikiriki, rakove, \u0161koljke, ora\u0161aste plodove, soju i sezam.<\/p>\n<p>Sadr\u017ei bioin\u017eenjerske sastojke hrane.<\/p>\n<p>Proizvedeno u SAD-u od me\u0111unarodnih sastojaka.<\/p>\n<\/div>\n<\/div>\n<div class=\"row item-row\">\n<div class=\"col-xs-24\">\n<p><strong>\u041f\u043e\u043f\u0435\u0440\u0435\u0434\u0436\u0435\u043d\u043d\u044f<\/strong><\/p>\n<p>Samo za odrasle osobe. Nemojte koristiti ako ste trudni ili dojite. Posavjetujte se s lije\u010dnikom ako imate zdravstveno stanje ili prije po\u010detka bilo koje dijete ili programa vje\u017ebanja. \u010cuvati izvan dohvata djece.<\/p>\n<p>Nije namijenjen za lije\u010denje niskog testosterona ili seksualne disfunkcije.<\/p>\n<p>Nemojte koristiti ako je ovo pakiranje neovla\u0161teno mijenjano. \u010cuvajte na hladnom i suhom mjestu (60\u00b0F do 80\u00b0F).<\/p>\n<\/div>\n<\/div>\n<div class=\"row item-row\">\n<div class=\"col-xs-24\"><\/div>\n<\/div>\n<\/div>\n<div class=\"col-xs-24 col-md-10\">\n<div class=\"supplement-facts-container\">\n<table border=\"1\" width=\"100%\" cellspacing=\"0\" cellpadding=\"3\">\n<tbody>\n<tr valign=\"top\">\n<td class=\"\" colspan=\"3\"><strong>Supplement Facts<\/strong><\/td>\n<\/tr>\n<tr valign=\"top\">\n<td colspan=\"3\"><strong>Serving Size:<\/strong>\u00a02 Caplets<\/td>\n<\/tr>\n<tr valign=\"top\">\n<td colspan=\"3\"><strong>Servings Per Container:<\/strong>\u00a030<\/td>\n<\/tr>\n<tr valign=\"top\">\n<td width=\"70%\"><\/td>\n<td width=\"15%\"><strong>Amount Per Serving<\/strong><\/td>\n<td width=\"15%\"><strong>%Daily Value<\/strong><\/td>\n<\/tr>\n<tr>\n<td>Total Carbohydrate<\/td>\n<td>&lt;1 g<\/td>\n<td>&lt;1%*<\/td>\n<\/tr>\n<tr valign=\"top\">\n<td>Calcium<\/td>\n<td>50 mg<\/td>\n<td>4%<\/td>\n<\/tr>\n<tr valign=\"top\">\n<td>Sodium<\/td>\n<td>10 mg<\/td>\n<td>&lt;1%<\/td>\n<\/tr>\n<tr valign=\"top\">\n<td colspan=\"3\"><strong>Anti-Catabolic Complex<\/strong><\/td>\n<\/tr>\n<tr valign=\"top\">\n<td>Rhodiola extract (as Rhodiola crenulata) (root)<\/td>\n<td>385 mg<\/td>\n<td>\u2020<\/td>\n<\/tr>\n<tr>\n<td colspan=\"3\">Standardized for salidrosides<\/td>\n<\/tr>\n<tr valign=\"top\">\n<td>Ginkgo extract (as Ginkgo biloba) (leaf)<\/td>\n<td>2.8 mg<\/td>\n<td>\u2020<\/td>\n<\/tr>\n<tr valign=\"top\">\n<td colspan=\"3\"><strong>Free (Active) Testosterone Stimulator<\/strong><\/td>\n<\/tr>\n<tr valign=\"top\">\n<td>Boron citrate<\/td>\n<td>100 mg<\/td>\n<td>\u2020<\/td>\n<\/tr>\n<tr>\n<td colspan=\"3\">Supplying 5 mg of boron<\/td>\n<\/tr>\n<tr valign=\"top\">\n<td colspan=\"3\">*Percent Daily Values are based on a 2,000 calorie diet.<br \/>\n\u2020Daily Value not established.<\/td>\n<\/tr>\n<\/tbody>\n<\/table>\n<\/div>\n<\/div>","protected":false},"excerpt":{"rendered":"<ul>\n<li>Pove\u0107ajte aktivni testosteron u samo 7 dana\u00b9<\/li>\n<li>385 mg ekstrakta rodiole po obroku<\/li>\n<li>100 mg bor citrata po obroku<\/li>\n<li>\u0414\u0456\u0454\u0442\u0438\u0447\u043d\u0430 \u0434\u043e\u0431\u0430\u0432\u043a\u0430<\/li>\n<li>Peak Test: omjer kortizola\u00b2<\/li>\n<li>Poja\u010dajte probnu proizvodnju\u00b9<\/li>\n<li>Antikataboli\u010dki kompleks\u00b2<\/li>\n<li>Podr\u017eava performanse treninga\u00b2<\/li>\n<li>Klini\u010dki napredni<\/li>\n<li>Sporta\u0161ev izbor\u2122<\/li>\n<\/ul>","protected":false},"featured_media":6698,"comment_status":"open","ping_status":"closed","template":"","meta":{"inline_featured_image":false},"product_cat":[46,24],"product_tag":[],"class_list":{"0":"post-6696","1":"product","2":"type-product","3":"status-publish","4":"has-post-thumbnail","6":"product_cat-mens-health","7":"product_cat-sport","9":"first","10":"instock","11":"featured","12":"shipping-taxable","13":"purchasable","14":"product-type-simple"},"_links":{"self":[{"href":"https:\/\/be-healthy.taniko.me\/uk\/wp-json\/wp\/v2\/product\/6696","targetHints":{"allow":["GET"]}}],"collection":[{"href":"https:\/\/be-healthy.taniko.me\/uk\/wp-json\/wp\/v2\/product"}],"about":[{"href":"https:\/\/be-healthy.taniko.me\/uk\/wp-json\/wp\/v2\/types\/product"}],"replies":[{"embeddable":true,"href":"https:\/\/be-healthy.taniko.me\/uk\/wp-json\/wp\/v2\/comments?post=6696"}],"wp:featuredmedia":[{"embeddable":true,"href":"https:\/\/be-healthy.taniko.me\/uk\/wp-json\/wp\/v2\/media\/6698"}],"wp:attachment":[{"href":"https:\/\/be-healthy.taniko.me\/uk\/wp-json\/wp\/v2\/media?parent=6696"}],"wp:term":[{"taxonomy":"product_cat","embeddable":true,"href":"https:\/\/be-healthy.taniko.me\/uk\/wp-json\/wp\/v2\/product_cat?post=6696"},{"taxonomy":"product_tag","embeddable":true,"href":"https:\/\/be-healthy.taniko.me\/uk\/wp-json\/wp\/v2\/product_tag?post=6696"}],"curies":[{"name":"wp","href":"https:\/\/api.w.org\/{rel}","templated":true}]}}