{"id":6699,"date":"2023-12-28T16:14:03","date_gmt":"2023-12-28T16:14:03","guid":{"rendered":"https:\/\/be-healthy.taniko.me\/?post_type=product&#038;p=6699"},"modified":"2024-10-16T19:25:04","modified_gmt":"2024-10-16T19:25:04","slug":"life-extension-ampk-metabolic-activator-30-vegetarian-tablets","status":"publish","type":"product","link":"https:\/\/be-healthy.taniko.me\/uk\/product\/life-extension-ampk-metabolic-activator-30-vegetarian-tablets\/","title":{"rendered":"Life Extension, AMPK Metabolic Activator, 30 Vegetarian Tablets"},"content":{"rendered":"<div class=\"col-xs-24 col-md-14\">\n<div class=\"row item-row\">\n<div class=\"col-xs-24\">\n<h3>\u041e\u043f\u0438\u0441<\/h3>\n<p>Studije pokazuju da pove\u0107anje aktivnosti AMPK mo\u017ee potaknuti stanice da prestanu skladi\u0161titi masno\u0107u i po\u010dnu je sagorijevati za energiju. Tako smo formulirali na\u0161 AMPK metaboli\u010dki aktivator za pomo\u0107 u borbi protiv ne\u017eeljenog sala na trbuhu.<\/p>\n<p>Postoji enzim pod nazivom AMPK koji se nalazi u svakoj stanici u va\u0161em tijelu. S vremenom, smanjenje razine AMPK mo\u017ee uzrokovati nakupljanje trbu\u0161ne masti. Napravili smo AMPK metaboli\u010dki aktivator za pokretanje mladena\u010dke AMPK aktivnosti, pomo\u0107 pri sagorijevanju masti i promicanje zdravog stani\u010dnog metabolizma.<\/p>\n<p>AMPK govori va\u0161im stanicama da prestanu skladi\u0161titi masno\u0107u i po\u010dnu je sagorijevati za energiju, posebno oko trbuha.<\/p>\n<p><strong>Prednosti AMPK metaboli\u010dkog aktivatora<\/strong><\/p>\n<ul>\n<li>Poti\u010de tijelo da sagorijeva pohranjeno trbu\u0161no salo<\/li>\n<li>Revitalizira mladena\u010dke razine AMPK<\/li>\n<li>Dva mo\u0107na botani\u010dka ekstrakta pokre\u0107u AMPK aktivnost<\/li>\n<li>Promi\u010de zdrav stani\u010dni metabolizam<\/li>\n<\/ul>\n<p>Ovaj dodatak treba uzimati zajedno sa zdravom prehranom i redovitim programom vje\u017ebanja. Individualni rezultati nisu zajam\u010deni i rezultati mogu varirati.<\/p>\n<p>\u0160to je G. pentaphyllum?<\/p>\n<p>G. pentaphyllum (Jiaogulan) je loza penja\u010dica porijeklom iz Azije. Njegov ekstrakt poti\u010de mladena\u010dke razine i aktivnost enzima AMPK.<\/p>\n<p>Za\u0161to smo dodali hesperidin?<\/p>\n<p>Hesperidin je flavonoid citrusa koji tako\u0111er aktivira AMPK. Podr\u017eava ve\u0107 zdrave razine kolesterola i zdravu vaskularnu funkciju.<\/p>\n<p>Ciljanje na trbu\u0161no salo\u2014nije sve salo isto<\/p>\n<p>Trbu\u0161no salo jedna je od najgorih vrsta sala. Tu AMPK stupa na scenu: on ne promi\u010de samo zdravu te\u017einu, ve\u0107 zapravo mo\u017ee ciljati na abdominalno salo, vrstu masnog tkiva koju bismo trebali poku\u0161ati izbje\u0107i.<\/p>\n<p><strong>Pojedinosti o proizvodu<\/strong><\/p>\n<p>Trbu\u0161no salo mo\u017ee ubrzati proces starenja u va\u0161em tijelu. Smanjena aktivnost AMPK primije\u0107ena je u masnom tkivu. Tu dolazi do promicanja aktivnosti AMPK enzima.<\/p>\n<div>\n<p><strong>Pove\u0107anje AMPK aktivnosti<\/strong><\/p>\n<p>Pove\u0107anje aktivnosti AMPK enzima govori stanicama da prestanu skladi\u0161titi mast i po\u010dnu ga koristiti za stvaranje ATP-a. Va\u0161e tijelo koristi ATP za stani\u010dnu energiju. A na\u0161 novi AMPK metaboli\u010dki aktivator kombinira citrusni flavonoid hesperidin s ekstraktom Actiponin\u00ae G. pentaphyllum, dva botani\u010dka sastojka koji pokre\u0107u AMPK i poma\u017eu u promicanju smanjenja abdominalne masno\u0107e.<\/p>\n<p>Zdrava stani\u010dna aktivnost AMPK bitan je dio programa kontrole te\u017eine. Ali imajte na umu: aktivacija AMPK bit \u0107e u\u010dinkovitija u kombinaciji sa zdravom prehranom i redovitom tjelovje\u017ebom.<\/p>\n<p>Druge zdravstvene dobrobiti hesperidina<\/p>\n<p>Hesperidin tako\u0111er poma\u017ee u odr\u017eavanju ve\u0107 zdrave razine kolesterola i poti\u010de zdravu vaskularnu funkciju. Isprobajte AMPK Metabolic Activator i prenesite borbu protiv trbu\u0161ne masno\u0107e na stani\u010dnu razinu.<\/p>\n<p>\u2020Ovaj dodatak treba uzimati zajedno sa zdravom prehranom i redovitim programom vje\u017ebanja. Rezultati mogu varirati.<\/p>\n<p><strong>\u0420\u0435\u043a\u043e\u043c\u0435\u043d\u0434\u0430\u0446\u0456\u0457 \u0456\u0437 \u0437\u0430\u0441\u0442\u043e\u0441\u0443\u0432\u0430\u043d\u043d\u044f<\/strong><\/p>\n<p>Pro\u010ditajte cijelu etiketu i pa\u017eljivo slijedite upute prije uporabe.<\/p>\n<p>Uzmite jednu (1) tabletu dnevno ili prema preporuci lije\u010dnika.<\/p>\n<p><strong>\u0406\u043d\u0448\u0456 \u0456\u043d\u0433\u0440\u0435\u0434\u0456\u0454\u043d\u0442\u0438<\/strong><\/p>\n<p>Mikrokristalna celuloza, stearinska kiselina, kroskarmeloza natrij, hidroksipropil celuloza, vodena filmska prevlaka (hipromeloza, glicerin, pro\u010di\u0161\u0107ena voda), silicij, biljni stearat.<\/p>\n<p><strong>\u041f\u043e\u043f\u0435\u0440\u0435\u0434\u0436\u0435\u043d\u043d\u044f<\/strong><br \/>\n\u010cuvati izvan dohvata djece.<br \/>\nNemojte prekora\u010diti preporu\u010denu dozu.<br \/>\nNe kupujte ako je vanjski pe\u010dat slomljen ili o\u0161te\u0107en.<br \/>\nPrilikom kori\u0161tenja dodataka prehrani posavjetujte se sa svojim lije\u010dnikom ako ste podvrgnuti lije\u010denju zbog nekog zdravstvenog stanja ili ako ste trudni ili dojite.<\/p>\n<p>\u010cuvati dobro zatvoreno na hladnom i suhom mjestu.<\/p>\n<\/div>\n<\/div>\n<\/div>\n<div class=\"row item-row\">\n<div class=\"col-xs-24\"><\/div>\n<\/div>\n<\/div>\n<div class=\"col-xs-24 col-md-10\">\n<div class=\"supplement-facts-container\">\n<table border=\"1\" width=\"100%\" cellspacing=\"0\" cellpadding=\"3\">\n<tbody>\n<tr valign=\"top\">\n<td colspan=\"3\"><strong>Supplement Facts<\/strong><\/td>\n<\/tr>\n<tr valign=\"top\">\n<td colspan=\"3\"><strong>Serving Size:<\/strong>\u00a01 Vegetarian Tablet<\/td>\n<\/tr>\n<tr valign=\"top\">\n<td width=\"70%\"><\/td>\n<td width=\"15%\"><strong>Amount Per Serving<\/strong><\/td>\n<td width=\"15%\"><strong>% Daily Value<\/strong><\/td>\n<\/tr>\n<tr valign=\"top\">\n<td>Calcium (as calcium carbonate)<\/td>\n<td>130 mg<\/td>\n<td>10%<\/td>\n<\/tr>\n<tr valign=\"top\">\n<td>Hesperidin [from orange extract (fruit)]<\/td>\n<td>500 mg<\/td>\n<td>**<\/td>\n<\/tr>\n<tr valign=\"top\">\n<td>Actiponin\u00ae gynostemma extract (leaf)<\/td>\n<td>450 mg<\/td>\n<td>**<\/td>\n<\/tr>\n<tr valign=\"top\">\n<td colspan=\"3\">**Daily Value not established.<\/td>\n<\/tr>\n<\/tbody>\n<\/table>\n<\/div>\n<\/div>","protected":false},"excerpt":{"rendered":"<ul>\n<li>1 dnevno<\/li>\n<li>\u0411\u0435\u0437 \u0433\u043b\u044e\u0442\u0435\u043d\u0443<\/li>\n<li>Non-GMO LE certificiran<\/li>\n<li>Bori se sa salom na trbuhu\u2020<\/li>\n<li>\u0414\u0456\u0454\u0442\u0438\u0447\u043d\u0430 \u0434\u043e\u0431\u0430\u0432\u043a\u0430<\/li>\n<\/ul>","protected":false},"featured_media":6701,"comment_status":"open","ping_status":"closed","template":"","meta":{"inline_featured_image":false},"product_cat":[15,24,49],"product_tag":[],"class_list":{"0":"post-6699","1":"product","2":"type-product","3":"status-publish","4":"has-post-thumbnail","6":"product_cat-supplements","7":"product_cat-sport","8":"product_cat-weight-loss","10":"first","11":"instock","12":"featured","13":"shipping-taxable","14":"purchasable","15":"product-type-simple"},"_links":{"self":[{"href":"https:\/\/be-healthy.taniko.me\/uk\/wp-json\/wp\/v2\/product\/6699","targetHints":{"allow":["GET"]}}],"collection":[{"href":"https:\/\/be-healthy.taniko.me\/uk\/wp-json\/wp\/v2\/product"}],"about":[{"href":"https:\/\/be-healthy.taniko.me\/uk\/wp-json\/wp\/v2\/types\/product"}],"replies":[{"embeddable":true,"href":"https:\/\/be-healthy.taniko.me\/uk\/wp-json\/wp\/v2\/comments?post=6699"}],"wp:featuredmedia":[{"embeddable":true,"href":"https:\/\/be-healthy.taniko.me\/uk\/wp-json\/wp\/v2\/media\/6701"}],"wp:attachment":[{"href":"https:\/\/be-healthy.taniko.me\/uk\/wp-json\/wp\/v2\/media?parent=6699"}],"wp:term":[{"taxonomy":"product_cat","embeddable":true,"href":"https:\/\/be-healthy.taniko.me\/uk\/wp-json\/wp\/v2\/product_cat?post=6699"},{"taxonomy":"product_tag","embeddable":true,"href":"https:\/\/be-healthy.taniko.me\/uk\/wp-json\/wp\/v2\/product_tag?post=6699"}],"curies":[{"name":"wp","href":"https:\/\/api.w.org\/{rel}","templated":true}]}}