{"id":6702,"date":"2023-12-28T16:20:29","date_gmt":"2023-12-28T16:20:29","guid":{"rendered":"https:\/\/be-healthy.taniko.me\/?post_type=product&#038;p=6702"},"modified":"2024-10-16T19:21:37","modified_gmt":"2024-10-16T19:21:37","slug":"optimum-nutrition-bcaa-1000-1000-mg-60-capsules-500-mg-per-capsule","status":"publish","type":"product","link":"https:\/\/be-healthy.taniko.me\/uk\/product\/optimum-nutrition-bcaa-1000-1000-mg-60-capsules-500-mg-per-capsule\/","title":{"rendered":"Optimum Nutrition, BCAA 1000, 1,000 mg, 60|200|400 Capsules (500 mg per Capsule)"},"content":{"rendered":"<div class=\"col-xs-24 col-md-14\">\n<div class=\"row item-row\">\n<div class=\"col-xs-24\">\n<p>\u041e\u043f\u0438\u0441<\/p>\n<p>&nbsp;<\/p>\n<p>Informed Choice je program osiguranja kvalitete za proizvode sportske prehrane. Program potvr\u0111uje da se dodaci prehrani koji nose logotip Informed Choice redovito testiraju na zabranjene supstance od strane svjetskog sportskog antidopin\u0161kog laboratorija, LGC Limited.<\/p>\n<p>\u0420\u0435\u043a\u043e\u043c\u0435\u043d\u0434\u0430\u0446\u0456\u0457 \u0456\u0437 \u0437\u0430\u0441\u0442\u043e\u0441\u0443\u0432\u0430\u043d\u043d\u044f<\/p>\n<p>Uzmite 2 kapsule uz obrok.<\/p>\n<p>Namijenjeno za zdrave odrasle osobe i kao dio zdrave, uravnote\u017eene prehrane i programa vje\u017ebanja.<\/p>\n<p>\u0406\u043d\u0448\u0456 \u0456\u043d\u0433\u0440\u0435\u0434\u0456\u0454\u043d\u0442\u0438<\/p>\n<p>\u017delatina, mikrokristalna celuloza, magnezijev stearat.<\/p>\n<p>\u041f\u043e\u043f\u0435\u0440\u0435\u0434\u0436\u0435\u043d\u043d\u044f<\/p>\n<p>Posavjetujte se sa svojim lije\u010dnikom prije kori\u0161tenja ovog proizvoda ako uzimate bilo kakve lijekove ili ste pod lije\u010dni\u010dkom skrbi zbog zdravstvenog stanja. Nije za osobe mla\u0111e od 18 godina ili \u017eene koje su trudne, poku\u0161avaju zatrudnjeti ili doje.<\/p>\n<p>\u0417\u0431\u0435\u0440\u0456\u0433\u0430\u0442\u0438 \u0432 \u0441\u0443\u0445\u043e\u043c\u0443 \u043f\u0440\u043e\u0445\u043e\u043b\u043e\u0434\u043d\u043e\u043c\u0443 \u043c\u0456\u0441\u0446\u0456.<\/p>\n<\/div>\n<\/div>\n<div class=\"row item-row\">\n<div class=\"col-xs-24\"><\/div>\n<\/div>\n<\/div>\n<div class=\"col-xs-24 col-md-10\">\n<div class=\"supplement-facts-container\">\n<table border=\"1\" width=\"100%\" cellspacing=\"0\" cellpadding=\"3\">\n<tbody>\n<tr valign=\"top\">\n<td colspan=\"3\"><strong>Supplement Facts<\/strong><\/td>\n<\/tr>\n<tr valign=\"top\">\n<td colspan=\"3\"><strong>Serving Size:<\/strong>\u00a02 Capsules<\/td>\n<\/tr>\n<tr valign=\"top\">\n<td colspan=\"3\"><strong>Serving Per Container:<\/strong>\u00a030<\/td>\n<\/tr>\n<tr valign=\"top\" data-id=\"froala_413\">\n<td width=\"70%\"><\/td>\n<td width=\"15%\"><strong>Amount Per Serving:<\/strong><\/td>\n<td width=\"15%\"><strong>% Daily Value<\/strong><\/td>\n<\/tr>\n<tr valign=\"top\" data-id=\"froala_414\">\n<td>L-Leucine<\/td>\n<td>500 mg<\/td>\n<td>*<\/td>\n<\/tr>\n<tr valign=\"top\" data-id=\"froala_415\">\n<td>L-Isoleucine<\/td>\n<td>250 mg<\/td>\n<td>*<\/td>\n<\/tr>\n<tr valign=\"top\" data-id=\"froala_416\">\n<td class=\"fr-selected-cell\">L-Valine<\/td>\n<td>250 mg<\/td>\n<td>*<\/td>\n<\/tr>\n<tr valign=\"top\">\n<td colspan=\"3\">* Daily Value not established.<\/td>\n<\/tr>\n<\/tbody>\n<\/table>\n<\/div>\n<\/div>","protected":false},"excerpt":{"rendered":"<ul>\n<li>1000 mg aminokiselina razgranatog lanca &#8211; po obroku od 2 kapsule<\/li>\n<li>\u0414\u0456\u0454\u0442\u0438\u0447\u043d\u0430 \u0434\u043e\u0431\u0430\u0432\u043a\u0430<\/li>\n<li>Svestrana podr\u0161ka aminokiselinama<\/li>\n<li>Omjer L-leucina, L-izoleucina i L-valina 2:1:1<\/li>\n<li>Potpora esencijalnim aminokiselinama<\/li>\n<li>Autenti\u010dni proizvod Optimum Nutrition<\/li>\n<li>Informirani izbor &#8211; mi testiramo, vi vjerujete<\/li>\n<\/ul>","protected":false},"featured_media":6704,"comment_status":"open","ping_status":"closed","template":"","meta":{"inline_featured_image":false},"product_cat":[82,24],"product_tag":[],"class_list":{"0":"post-6702","1":"product","2":"type-product","3":"status-publish","4":"has-post-thumbnail","6":"product_cat-bcaa","7":"product_cat-sport","9":"first","10":"instock","11":"featured","12":"shipping-taxable","13":"purchasable","14":"product-type-variable"},"_links":{"self":[{"href":"https:\/\/be-healthy.taniko.me\/uk\/wp-json\/wp\/v2\/product\/6702","targetHints":{"allow":["GET"]}}],"collection":[{"href":"https:\/\/be-healthy.taniko.me\/uk\/wp-json\/wp\/v2\/product"}],"about":[{"href":"https:\/\/be-healthy.taniko.me\/uk\/wp-json\/wp\/v2\/types\/product"}],"replies":[{"embeddable":true,"href":"https:\/\/be-healthy.taniko.me\/uk\/wp-json\/wp\/v2\/comments?post=6702"}],"wp:featuredmedia":[{"embeddable":true,"href":"https:\/\/be-healthy.taniko.me\/uk\/wp-json\/wp\/v2\/media\/6704"}],"wp:attachment":[{"href":"https:\/\/be-healthy.taniko.me\/uk\/wp-json\/wp\/v2\/media?parent=6702"}],"wp:term":[{"taxonomy":"product_cat","embeddable":true,"href":"https:\/\/be-healthy.taniko.me\/uk\/wp-json\/wp\/v2\/product_cat?post=6702"},{"taxonomy":"product_tag","embeddable":true,"href":"https:\/\/be-healthy.taniko.me\/uk\/wp-json\/wp\/v2\/product_tag?post=6702"}],"curies":[{"name":"wp","href":"https:\/\/api.w.org\/{rel}","templated":true}]}}