{"id":6712,"date":"2023-12-28T21:27:11","date_gmt":"2023-12-28T21:27:11","guid":{"rendered":"https:\/\/be-healthy.taniko.me\/?post_type=product&#038;p=6712"},"modified":"2024-10-16T19:18:33","modified_gmt":"2024-10-16T19:18:33","slug":"primaforce-citrulline-malate-unflavored-7-3-oz-204-g","status":"publish","type":"product","link":"https:\/\/be-healthy.taniko.me\/uk\/product\/primaforce-citrulline-malate-unflavored-7-3-oz-204-g\/","title":{"rendered":"Primaforce, Citrulline Malate, Unflavored, 7.3 oz (204 g)"},"content":{"rendered":"<div class=\"col-xs-24 col-md-14\">\n<div class=\"row item-row\">\n<div class=\"col-xs-24\">\n<h3>\u041e\u043f\u0438\u0441<\/h3>\n<p>&nbsp;<\/p>\n<p>Primaforce Citrulline Malate popularan je dodatak za izgradnju tijela. Koristite ga ako vam je cilj pobolj\u0161ati izdr\u017eljivost i izdr\u017eljivost tijekom vje\u017ebanja te smanjiti umor mi\u0161i\u0107a i vrijeme oporavka.<\/p>\n<p>Citrulin malat \u010dest je sastojak prije treninga i BCAA (dodaci aminokiselina razgranatog lanca). Ovo je popularan dodatak me\u0111u onima koji marljivo treniraju i \u017eele svoje vje\u017ebanje podi\u0107i na vi\u0161u razinu.<\/p>\n<h4>\u0420\u0435\u043a\u043e\u043c\u0435\u043d\u0434\u0430\u0446\u0456\u0457 \u0456\u0437 \u0437\u0430\u0441\u0442\u043e\u0441\u0443\u0432\u0430\u043d\u043d\u044f<\/h4>\n<p>Kao dodatak prehrani, pomije\u0161ajte 1 mjericu dnevno sa 6-10 oz vode ili prema uputama va\u0161eg zdravstvenog radnika.<\/p>\n<h4>\u0406\u043d\u0448\u0456 \u0456\u043d\u0433\u0440\u0435\u0434\u0456\u0454\u043d\u0442\u0438<\/h4>\n<p>Kalcijev silikat, silika.<\/p>\n<h4>\u041f\u043e\u043f\u0435\u0440\u0435\u0434\u0436\u0435\u043d\u043d\u044f<\/h4>\n<p>Za zdrave osobe starije od 18 godina. Posavjetujte se sa zdravstvenim radnikom prije uporabe ako ste trudni ili dojite, uzimate lijekove ili imate zdravstveno stanje. \u010cuvati izvan dohvata djece. Nemojte koristiti ako je sigurnosni pe\u010dat slomljen ili nedostaje.<\/p>\n<p>\u0417\u0431\u0435\u0440\u0456\u0433\u0430\u0442\u0438 \u0432 \u0441\u0443\u0445\u043e\u043c\u0443 \u043f\u0440\u043e\u0445\u043e\u043b\u043e\u0434\u043d\u043e\u043c\u0443 \u043c\u0456\u0441\u0446\u0456.<\/p>\n<\/div>\n<\/div>\n<div class=\"row item-row\">\n<div class=\"col-xs-24\"><\/div>\n<\/div>\n<\/div>\n<div class=\"col-xs-24 col-md-10\">\n<div class=\"supplement-facts-container\">\n<table border=\"1\" width=\"100%\" cellspacing=\"0\" cellpadding=\"3\">\n<tbody>\n<tr valign=\"top\">\n<td colspan=\"3\"><strong>Supplement Facts<\/strong><\/td>\n<\/tr>\n<tr valign=\"top\">\n<td colspan=\"3\"><strong>Serving Size:<\/strong>\u00a01 Scoop (2 g)<\/td>\n<\/tr>\n<tr valign=\"top\">\n<td colspan=\"3\"><strong>Serving Per Container:<\/strong>\u00a0100<\/td>\n<\/tr>\n<tr valign=\"top\" data-id=\"froala_49\">\n<td width=\"70%\"><\/td>\n<td width=\"15%\"><strong>Amount Per Serving<\/strong><\/td>\n<td width=\"15%\"><strong>% Daily Value<\/strong><\/td>\n<\/tr>\n<tr valign=\"top\" data-id=\"froala_50\">\n<td>L-Citrulline Malate (2:1)<\/td>\n<td>2 g<\/td>\n<td>*<\/td>\n<\/tr>\n<tr valign=\"top\">\n<td colspan=\"3\">*Daily Value (DV) not established.<\/td>\n<\/tr>\n<\/tbody>\n<\/table>\n<\/div>\n<\/div>","protected":false},"excerpt":{"rendered":"<ul>\n<li>Testirana \u010disto\u0107a i mo\u0107<\/li>\n<li>L-citrulin malat 2:1 u prahu<\/li>\n<li>200 g po spremniku<\/li>\n<li>2 g po obroku<\/li>\n<li>\u0414\u0456\u0454\u0442\u0438\u0447\u043d\u0430 \u0434\u043e\u0431\u0430\u0432\u043a\u0430<\/li>\n<\/ul>","protected":false},"featured_media":6714,"comment_status":"open","ping_status":"closed","template":"","meta":{"inline_featured_image":false},"product_cat":[96,24],"product_tag":[],"class_list":{"0":"post-6712","1":"product","2":"type-product","3":"status-publish","4":"has-post-thumbnail","6":"product_cat-nitric-oxide","7":"product_cat-sport","9":"first","10":"instock","11":"featured","12":"shipping-taxable","13":"purchasable","14":"product-type-simple"},"_links":{"self":[{"href":"https:\/\/be-healthy.taniko.me\/uk\/wp-json\/wp\/v2\/product\/6712","targetHints":{"allow":["GET"]}}],"collection":[{"href":"https:\/\/be-healthy.taniko.me\/uk\/wp-json\/wp\/v2\/product"}],"about":[{"href":"https:\/\/be-healthy.taniko.me\/uk\/wp-json\/wp\/v2\/types\/product"}],"replies":[{"embeddable":true,"href":"https:\/\/be-healthy.taniko.me\/uk\/wp-json\/wp\/v2\/comments?post=6712"}],"wp:featuredmedia":[{"embeddable":true,"href":"https:\/\/be-healthy.taniko.me\/uk\/wp-json\/wp\/v2\/media\/6714"}],"wp:attachment":[{"href":"https:\/\/be-healthy.taniko.me\/uk\/wp-json\/wp\/v2\/media?parent=6712"}],"wp:term":[{"taxonomy":"product_cat","embeddable":true,"href":"https:\/\/be-healthy.taniko.me\/uk\/wp-json\/wp\/v2\/product_cat?post=6712"},{"taxonomy":"product_tag","embeddable":true,"href":"https:\/\/be-healthy.taniko.me\/uk\/wp-json\/wp\/v2\/product_tag?post=6712"}],"curies":[{"name":"wp","href":"https:\/\/api.w.org\/{rel}","templated":true}]}}