{"id":6716,"date":"2023-12-28T21:32:57","date_gmt":"2023-12-28T21:32:57","guid":{"rendered":"https:\/\/be-healthy.taniko.me\/?post_type=product&#038;p=6716"},"modified":"2024-10-16T19:14:50","modified_gmt":"2024-10-16T19:14:50","slug":"allmax-caffeine-200-mg-100-tablets","status":"publish","type":"product","link":"https:\/\/be-healthy.taniko.me\/uk\/product\/allmax-caffeine-200-mg-100-tablets\/","title":{"rendered":"ALLMAX, Caffeine , 200 mg, 100 Tablets"},"content":{"rendered":"<div class=\"container product-overview\">\n<div class=\"content-frame\">\n<section class=\"content-wrapper\">\n<div class=\"inner-content\">\n<div class=\"item-row\">\n<div class=\"row\">\n<div class=\"col-xs-24 col-md-14\">\n<div class=\"row item-row\">\n<div class=\"col-xs-24\">\n<h3>\u041e\u043f\u0438\u0441<\/h3>\n<p>&nbsp;<\/p>\n<p>Indikacije: Poma\u017ee privremeno vratiti mentalnu pozornost ili budnost kada osjetite umor ili pospanost.<\/p>\n<h4>\u0420\u0435\u043a\u043e\u043c\u0435\u043d\u0434\u0430\u0446\u0456\u0457 \u0456\u0437 \u0437\u0430\u0441\u0442\u043e\u0441\u0443\u0432\u0430\u043d\u043d\u044f<\/h4>\n<p>Uzmite 1 tabletu svaka 3 do 4 sata do najvi\u0161e 1000 mg (5 tableta) u 24 sata.<\/p>\n<h4>\u0406\u043d\u0448\u0456 \u0456\u043d\u0433\u0440\u0435\u0434\u0456\u0454\u043d\u0442\u0438<\/h4>\n<p>Dikalcijev fosfat, mikrokristalna celuloza, biljni magnezijev stearat, kroskarmeloza natrij.<\/p>\n<p>Upozorenje o alergenima: Proizvedeno u pogonu koji tako\u0111er obra\u0111uje mlijeko, soju, p\u0161enicu, jaja, kikiriki, ora\u0161aste plodove, sezam, ribu, rakove i proizvode od \u0161koljki.<\/p>\n<h4>\u041f\u043e\u043f\u0435\u0440\u0435\u0434\u0436\u0435\u043d\u043d\u044f<\/h4>\n<p>Samo za povremenu uporabu. Kofein se ne savjetuje u slu\u010daju visokog krvnog tlaka ili trudno\u0107e. Nije namijenjeno kao zamjena za san. Preporu\u010dena doza ovog proizvoda sadr\u017ei pribli\u017eno onoliko kofeina koliko i velika \u0161alica jake kave. Ograni\u010dite koli\u010dinu lijekova koji sadr\u017ee kofein, pi\u0107a (kava, \u010daj, kola) ili hrane (\u010dokolada) jer previ\u0161e kofeina mo\u017ee uzrokovati nervozu, razdra\u017eljivost, nesanicu i povremeno ubrzan rad srca. Nemojte koristiti ako ste trudni ili dojite. Ne koristite ako sigurnosni pe\u010dat nedostaje ili je slomljen. \u010cuvajte na hladnom i suhom mjestu i podalje od izravnog sun\u010devog svjetla. \u010cuvati izvan dohvata djece. Nije za osobe mla\u0111e od 18 godina.<\/p>\n<\/div>\n<\/div>\n<div class=\"row item-row\">\n<div class=\"col-xs-24\">\n<div class=\"prodOverviewDetail\">\n<p>&nbsp;<\/p>\n<\/div>\n<\/div>\n<\/div>\n<\/div>\n<div class=\"col-xs-24 col-md-10\">\n<div class=\"supplement-facts-container\">\n<table border=\"1\" width=\"100%\" cellspacing=\"0\" cellpadding=\"3\">\n<tbody>\n<tr valign=\"top\">\n<td colspan=\"3\"><strong>Supplement Facts<\/strong><\/td>\n<\/tr>\n<tr valign=\"top\">\n<td colspan=\"3\"><strong>Serving Size:<\/strong>\u00a01 tablet<\/td>\n<\/tr>\n<tr valign=\"top\">\n<td colspan=\"3\"><strong>Serving Per Container:<\/strong>\u00a0100<\/td>\n<\/tr>\n<tr valign=\"top\">\n<td width=\"70%\"><\/td>\n<td width=\"15%\"><strong>Amount Per Serving:<\/strong><\/td>\n<td width=\"15%\"><strong>% Daily Value<\/strong><\/td>\n<\/tr>\n<tr valign=\"top\">\n<td>Caffeine (as Caffeine Anhydrous)<\/td>\n<td>200 mg<\/td>\n<td>\u2020<\/td>\n<\/tr>\n<tr valign=\"top\">\n<td colspan=\"3\">\u2020Daily Value not established.<\/td>\n<\/tr>\n<\/tbody>\n<\/table>\n<\/div>\n<\/div>\n<\/div>\n<\/div>\n<\/div>\n<\/section>\n<\/div>\n<\/div>","protected":false},"excerpt":{"rendered":"<ul>\n<li>Znanost &#8211; Inovacija &#8211; Kvaliteta &#8211; Rezultati<\/li>\n<li>Vratite mentalnu budnost<\/li>\n<li>Napunite svoje vje\u017ebanje energijom<\/li>\n<li>\u0414\u0456\u0454\u0442\u0438\u0447\u043d\u0430 \u0434\u043e\u0431\u0430\u0432\u043a\u0430<\/li>\n<li>Jamstvo kvalitete &#8211; ispitana \u010disto\u0107a i mo\u0107<\/li>\n<li>cGMP registrirani objekt<\/li>\n<li>Laboratorijski testiran svaki lot<\/li>\n<li>Veganska<\/li>\n<\/ul>","protected":false},"featured_media":6718,"comment_status":"open","ping_status":"closed","template":"","meta":{"inline_featured_image":false},"product_cat":[95,24],"product_tag":[],"class_list":{"0":"post-6716","1":"product","2":"type-product","3":"status-publish","4":"has-post-thumbnail","6":"product_cat-pre-workout","7":"product_cat-sport","9":"first","10":"instock","11":"featured","12":"shipping-taxable","13":"purchasable","14":"product-type-simple"},"_links":{"self":[{"href":"https:\/\/be-healthy.taniko.me\/uk\/wp-json\/wp\/v2\/product\/6716","targetHints":{"allow":["GET"]}}],"collection":[{"href":"https:\/\/be-healthy.taniko.me\/uk\/wp-json\/wp\/v2\/product"}],"about":[{"href":"https:\/\/be-healthy.taniko.me\/uk\/wp-json\/wp\/v2\/types\/product"}],"replies":[{"embeddable":true,"href":"https:\/\/be-healthy.taniko.me\/uk\/wp-json\/wp\/v2\/comments?post=6716"}],"wp:featuredmedia":[{"embeddable":true,"href":"https:\/\/be-healthy.taniko.me\/uk\/wp-json\/wp\/v2\/media\/6718"}],"wp:attachment":[{"href":"https:\/\/be-healthy.taniko.me\/uk\/wp-json\/wp\/v2\/media?parent=6716"}],"wp:term":[{"taxonomy":"product_cat","embeddable":true,"href":"https:\/\/be-healthy.taniko.me\/uk\/wp-json\/wp\/v2\/product_cat?post=6716"},{"taxonomy":"product_tag","embeddable":true,"href":"https:\/\/be-healthy.taniko.me\/uk\/wp-json\/wp\/v2\/product_tag?post=6716"}],"curies":[{"name":"wp","href":"https:\/\/api.w.org\/{rel}","templated":true}]}}