{"id":6719,"date":"2023-12-28T21:42:28","date_gmt":"2023-12-28T21:42:28","guid":{"rendered":"https:\/\/be-healthy.taniko.me\/?post_type=product&#038;p=6719"},"modified":"2024-10-16T19:10:01","modified_gmt":"2024-10-16T19:10:01","slug":"allmax-citrulline-malate-21-10-58-oz-300-g","status":"publish","type":"product","link":"https:\/\/be-healthy.taniko.me\/uk\/product\/allmax-citrulline-malate-21-10-58-oz-300-g\/","title":{"rendered":"ALLMAX, Citrulline Malate 2:1, 10.58 oz (300 g)"},"content":{"rendered":"<div class=\"col-xs-24 col-md-14\">\n<div class=\"row item-row\">\n<div class=\"col-xs-24\">\n<h3><strong>\u041e\u043f\u0438\u0441<\/strong><\/h3>\n<div>\n<p>&nbsp;<\/p>\n<p><strong>Dodaci za profesionalnu ocjenu<\/strong><\/p>\n<p>Allmax Citrulline Malate [2:1] pobolj\u0161ava intenzitet treninga, izdr\u017eljivost i brzinu oporavka. To obavlja pomo\u0107u 5 glavnih funkcija:<\/p>\n<p>1) Pove\u0107ava razinu arginina u krvi (gram po gram na dvostrukoj razini arginina).<\/p>\n<p>2) Pove\u0107ava razinu endotelnog du\u0161ikovog oksida (NO) i time pobolj\u0161ava vaskularnu funkciju i protok krvi.<\/p>\n<p>3) Pobolj\u0161ava reapsorpciju bikarbonata u bubrezima pru\u017eaju\u0107i mo\u0107nu za\u0161titu protiv pove\u0107anja kiselosti mi\u0161i\u0107a tijekom intenzivnog treninga.<\/p>\n<p>4) Detoksificira umorno mi\u0161i\u0107no tkivo uklanjanjem amonijaka (toksin koji se mo\u017ee pove\u0107ati 3 puta tijekom intenzivnog treninga).<\/p>\n<p>5) Brzo obnavlja zalihe PCr (fosfo-kreatina), PCr je klju\u010dno skladi\u0161te energije koje mi\u0161i\u0107i koriste.<\/p>\n<h4>\u0420\u0435\u043a\u043e\u043c\u0435\u043d\u0434\u0430\u0446\u0456\u0457 \u0456\u0437 \u0437\u0430\u0441\u0442\u043e\u0441\u0443\u0432\u0430\u043d\u043d\u044f<\/h4>\n<p>Uzmite 1 mjericu (2 g) ALLMAX citrulin malata [2:1] do 3 puta dnevno, nakon bu\u0111enja i cca. 45 minuta prije treninga ili bilo koje intenzivne tjelesne aktivnosti. U dane bez treninga konzumirajte prije obroka na prazan \u017eeludac. Mo\u017ee se dodati formulama prije treninga kao \u0161to su ACUTS\u2122 i IMPACT\u2122. Citrulin malat je vrlo sinergi\u010dan s dodatkom arginina, beta-alanina i kreatina.<\/p>\n<h4>\u0406\u043d\u0448\u0456 \u0456\u043d\u0433\u0440\u0435\u0434\u0456\u0454\u043d\u0442\u0438<\/h4>\n<p>Upozorenje o alergenima: Proizvedeno u pogonu koji tako\u0111er obra\u0111uje mlijeko, soju, p\u0161enicu, jaja, kikiriki, ora\u0161aste plodove, ribu, rakove i proizvode od \u0161koljki.<\/p>\n<h4>\u041f\u043e\u043f\u0435\u0440\u0435\u0434\u0436\u0435\u043d\u043d\u044f<\/h4>\n<p>Ovaj proizvod smiju koristiti samo odrasle osobe. Posavjetujte se s lije\u010dnikom prije uporabe ako ste trudni ili dojite; ako imate poreme\u0107aj bubrega ili ste na dijeti s malo proteina. Mo\u017ee uzrokovati nelagodu u \u017eelucu. Posavjetujte se s lije\u010dnikom ako se va\u0161e kardiovaskularno stanje pogor\u0161a. Nemojte koristiti ako je unutarnja brtva slomljena. \u010cuvajte na hladnom i suhom mjestu daleko od sun\u010deve svjetlosti. \u010cuvati izvan dohvata djece.<\/p>\n<\/div>\n<\/div>\n<\/div>\n<div class=\"row item-row\">\n<div class=\"col-xs-24\"><\/div>\n<\/div>\n<div class=\"row item-row\">\n<div class=\"col-xs-24\"><\/div>\n<\/div>\n<\/div>\n<div class=\"col-xs-24 col-md-10\">\n<div class=\"supplement-facts-container\">\n<table role=\"presentation\" border=\"1\" width=\"100%\" cellspacing=\"0\" cellpadding=\"3\">\n<tbody>\n<tr align=\"left\" valign=\"top\">\n<td colspan=\"3\"><strong>Supplement Facts<\/strong><\/td>\n<\/tr>\n<tr align=\"left\" valign=\"top\">\n<td colspan=\"3\"><strong>Serving Size:<\/strong>\u00a01 scoop (2 g)<\/td>\n<\/tr>\n<tr align=\"left\" valign=\"top\">\n<td colspan=\"3\"><strong>Servings Per Container:\u00a0<\/strong>150<\/td>\n<\/tr>\n<tr align=\"left\" valign=\"top\">\n<td width=\"70%\"><\/td>\n<td width=\"15%\"><strong>Amount Per Serving<\/strong><\/td>\n<td width=\"15%\"><strong>% Daily Value<\/strong><\/td>\n<\/tr>\n<tr align=\"left\" valign=\"top\">\n<td>Citrulline Malate 2:1<\/td>\n<td>2 g<\/td>\n<td>\u2020<\/td>\n<\/tr>\n<tr align=\"left\" valign=\"top\">\n<td colspan=\"3\">\u2020 Daily Value not established.<\/td>\n<\/tr>\n<\/tbody>\n<\/table>\n<\/div>\n<\/div>","protected":false},"excerpt":{"rendered":"<ul>\n<li>Znanost<\/li>\n<li>Inovacija<\/li>\n<li>Kvaliteta<\/li>\n<li>Rezultati<\/li>\n<li>Osnove<\/li>\n<li>Pospje\u0161uje proizvodnju du\u0161ikovog oksida<\/li>\n<li>Podr\u017eava vaskularni protok krvi<\/li>\n<li>Smanjuje umor mi\u0161i\u0107a<\/li>\n<li>Besplatni Scoop<\/li>\n<li>\u0414\u0456\u0454\u0442\u0438\u0447\u043d\u0430 \u0434\u043e\u0431\u0430\u0432\u043a\u0430<\/li>\n<li>Jamstvo kvalitete &#8211; ispitana \u010disto\u0107a i mo\u0107<\/li>\n<li>Laboratorijski testiran svaki lot<\/li>\n<li>cGMP registrirani objekt<\/li>\n<li>Veganska<\/li>\n<\/ul>","protected":false},"featured_media":6721,"comment_status":"open","ping_status":"closed","template":"","meta":{"inline_featured_image":false},"product_cat":[95,24],"product_tag":[],"class_list":{"0":"post-6719","1":"product","2":"type-product","3":"status-publish","4":"has-post-thumbnail","6":"product_cat-pre-workout","7":"product_cat-sport","9":"first","10":"instock","11":"featured","12":"shipping-taxable","13":"purchasable","14":"product-type-simple"},"_links":{"self":[{"href":"https:\/\/be-healthy.taniko.me\/uk\/wp-json\/wp\/v2\/product\/6719","targetHints":{"allow":["GET"]}}],"collection":[{"href":"https:\/\/be-healthy.taniko.me\/uk\/wp-json\/wp\/v2\/product"}],"about":[{"href":"https:\/\/be-healthy.taniko.me\/uk\/wp-json\/wp\/v2\/types\/product"}],"replies":[{"embeddable":true,"href":"https:\/\/be-healthy.taniko.me\/uk\/wp-json\/wp\/v2\/comments?post=6719"}],"wp:featuredmedia":[{"embeddable":true,"href":"https:\/\/be-healthy.taniko.me\/uk\/wp-json\/wp\/v2\/media\/6721"}],"wp:attachment":[{"href":"https:\/\/be-healthy.taniko.me\/uk\/wp-json\/wp\/v2\/media?parent=6719"}],"wp:term":[{"taxonomy":"product_cat","embeddable":true,"href":"https:\/\/be-healthy.taniko.me\/uk\/wp-json\/wp\/v2\/product_cat?post=6719"},{"taxonomy":"product_tag","embeddable":true,"href":"https:\/\/be-healthy.taniko.me\/uk\/wp-json\/wp\/v2\/product_tag?post=6719"}],"curies":[{"name":"wp","href":"https:\/\/api.w.org\/{rel}","templated":true}]}}