{"id":6722,"date":"2023-12-28T22:00:56","date_gmt":"2023-12-28T22:00:56","guid":{"rendered":"https:\/\/be-healthy.taniko.me\/?post_type=product&#038;p=6722"},"modified":"2024-10-16T19:05:12","modified_gmt":"2024-10-16T19:05:12","slug":"cellucor-c4-sport-pre-workout-blue-raspberry-7-5-oz-213-g","status":"publish","type":"product","link":"https:\/\/be-healthy.taniko.me\/uk\/product\/cellucor-c4-sport-pre-workout-blue-raspberry-7-5-oz-213-g\/","title":{"rendered":"Cellucor, C4 Sport, Pre-Workout, different flavor, 7.5 oz (213 g)"},"content":{"rendered":"<div class=\"col-xs-24 col-md-14\">\n<div class=\"row item-row\">\n<div class=\"col-xs-24\">\n<p>\u041e\u043f\u0438\u0441<\/p>\n<p>&nbsp;<\/p>\n<p>Na terenu ili u teretani, ovaj NSF\u00ae certificirani program prije vje\u017ebanja poma\u017ee potaknuti va\u0161u izvedbu i hidrataciju.<\/p>\n<p>POVI\u0160ENA ENERGIJA<\/p>\n<p>Potaknite svoje fitness putovanje s pove\u0107anjem energije od 135 mg kofeina.<\/p>\n<p>MI\u0160I\u0106NA IZDR\u017dLJIVOST^<\/p>\n<p>Snaga kroz treninge s CarnoSyn\u00ae Beta-Alaninom, koji poma\u017ee u odr\u017eavanju mi\u0161i\u0107ne izdr\u017eljivosti i borbi protiv umora mi\u0161i\u0107a.^<\/p>\n<p>PODR\u017dAVA HIDRACIJU<\/p>\n<p>Poma\u017ee nadoknaditi klju\u010dne minerale izgubljene tijekom treninga visokog intenziteta s hidratantnim elektrolitima.<\/p>\n<p>\u2021 Na temelju kumulativne prodaje od 2016. do danas.<\/p>\n<p>\u0420\u0435\u043a\u043e\u043c\u0435\u043d\u0434\u0430\u0446\u0456\u0457 \u0456\u0437 \u0437\u0430\u0441\u0442\u043e\u0441\u0443\u0432\u0430\u043d\u043d\u044f<\/p>\n<p>Uzmite svaku porciju (otprilike 1 mjericu) C4 Sport\u00ae s 8 fl. oz. vode i popiti 20-30 minuta prije treninga. Nakon \u0161to se procijeni tolerancija, uzmite jednu dodatnu porciju (otprilike 1 mjericu) prije treninga. ^Studije su pokazale da su prednosti CarnoSyn\u00ae beta-alanina u korelaciji s kumulativnom upotrebom. Uzimajte C4 Sport\u00ae najmanje 8 tjedana kako biste iskusili maksimalnu korist. Neki pojedinci mogu do\u017eivjeti bezopasni osje\u0107aj trnaca koji se mo\u017ee pripisati beta-alaninu.<\/p>\n<p>\u0406\u043d\u0448\u0456 \u0456\u043d\u0433\u0440\u0435\u0434\u0456\u0454\u043d\u0442\u0438<\/p>\n<p>Limunska kiselina, prirodne i umjetne arome, silicijev dioksid, kalcijev silikat, sukraloza, acesulfam kalij, fd&amp;c red #40.<\/p>\n<\/div>\n<\/div>\n<div class=\"row item-row\">\n<div class=\"col-xs-24\">\n<p>\u041f\u043e\u043f\u0435\u0440\u0435\u0434\u0436\u0435\u043d\u043d\u044f<\/p>\n<p>Ovaj proizvod namijenjen je samo zdravim odraslim osobama od 18 godina ili starijima. Nemojte koristiti ako ste trudni ili dojite. Nemojte uzimati ovaj proizvod prije nego \u0161to se posavjetujete s licenciranim, kvalificiranim zdravstvenim stru\u010dnjakom ako uzimate bilo koji drugi dodatak prehrani, lijek na recept ili lijek bez recepta; ili ako sumnjate da imate ili ste bili lije\u010deni, dijagnosticirana vam je ili imate obiteljsku povijest bilo kojeg zdravstvenog stanja. Ovaj proizvod sadr\u017ei kofein i ne smiju ga koristiti osobe koje \u017eele eliminirati kofein iz svoje prehrane ili u kombinaciji s kofeinom ili stimulansima iz drugih izvora. Prekinite kori\u0161tenje 2 tjedna prije operacije. Odmah prekinite kori\u0161tenje i obratite se lije\u010dniku ako osjetite bilo kakvu nuspojavu na ovaj proizvod. Nemojte koristiti ako je sigurnosni pe\u010dat slomljen ili nedostaje. \u010cuvati na hladnom i suhom mjestu. \u010cuvati izvan dohvata djece.<\/p>\n<p>&nbsp;<\/p>\n<\/div>\n<\/div>\n<\/div>\n<div class=\"col-xs-24 col-md-10\">\n<div class=\"supplement-facts-container\">\n<table border=\"1\" width=\"100%\" cellspacing=\"0\" cellpadding=\"3\">\n<tbody>\n<tr align=\"left\" valign=\"top\">\n<td colspan=\"3\"><strong>Supplement Facts<\/strong><\/td>\n<\/tr>\n<tr align=\"left\" valign=\"top\">\n<td colspan=\"3\"><strong>Serving Size:<\/strong>\u00a07 g (Approx. 1 Scoop)<\/td>\n<\/tr>\n<tr align=\"left\" valign=\"top\">\n<td colspan=\"3\"><strong>Servings Per Container:<\/strong>\u00a030<\/td>\n<\/tr>\n<tr align=\"left\" valign=\"top\">\n<td width=\"70%\"><\/td>\n<td width=\"15%\"><strong>Amount Per Serving<\/strong><\/td>\n<td width=\"15%\"><strong>%DV<\/strong><\/td>\n<\/tr>\n<tr align=\"left\" valign=\"top\">\n<td>Calories<\/td>\n<td>5<\/td>\n<td><\/td>\n<\/tr>\n<tr align=\"left\" valign=\"top\">\n<td>Total Carbohydrate<\/td>\n<td>1 g<\/td>\n<td>&lt; 1%**<\/td>\n<\/tr>\n<tr>\n<td>Total Sugars<\/td>\n<td>0 g<\/td>\n<td><\/td>\n<\/tr>\n<tr align=\"left\" valign=\"top\">\n<td>Vitamin B6 (as Pyridoxine HCl)<\/td>\n<td>3.4 mg<\/td>\n<td>200%<\/td>\n<\/tr>\n<tr align=\"left\" valign=\"top\">\n<td>Vitamin B12 (as Cyanocobalamin)<\/td>\n<td>60 mcg<\/td>\n<td>2,500%<\/td>\n<\/tr>\n<tr align=\"left\" valign=\"top\">\n<td>Calcium<\/td>\n<td>25 mg<\/td>\n<td>2%<\/td>\n<\/tr>\n<tr align=\"left\" valign=\"top\">\n<td>Magnesium (as Magnesium Chloride)<\/td>\n<td>12 mg<\/td>\n<td>3%<\/td>\n<\/tr>\n<tr align=\"left\" valign=\"top\">\n<td>Sodium (as Sodium Citrate)<\/td>\n<td>60 mg<\/td>\n<td>3%<\/td>\n<\/tr>\n<tr align=\"left\" valign=\"top\">\n<td>Potassium (as Dipotassium Phosphate)<\/td>\n<td>20 mg<\/td>\n<td>&lt; 1%<\/td>\n<\/tr>\n<tr align=\"left\" valign=\"top\">\n<td>C4 Sport<sup>\u00ae<\/sup>\u00a0Performance Blend<br \/>\nCarnoSyn\u00ae Beta-Alanine, L-Arginine, CON-CRET\u00ae Creatine HCl, Sodium Citrate, Magnesium Chloride, Dipotassium Phosphate.<\/td>\n<td>3.181 g<\/td>\n<td>\u2020<\/td>\n<\/tr>\n<tr align=\"left\" valign=\"top\">\n<td>C4 Sport<sup>\u00ae<\/sup>\u00a0Energy Blend<br \/>\nTaurine, Caffeine Anhydrous (135 mg), Pyridoxine HCl, Cyanocobalamin<\/td>\n<td>1.138 g<\/td>\n<td>\u2020<\/td>\n<\/tr>\n<tr align=\"left\" valign=\"top\">\n<td colspan=\"3\">**Percent Daily Values (DV) are based on a 2,000 calorie diet.<br \/>\n\u2020Daily Value not established.<\/td>\n<\/tr>\n<\/tbody>\n<\/table>\n<\/div>\n<\/div>","protected":false},"excerpt":{"rendered":"<ul>\n<li>Br. 1 Globalni brand prije vje\u017ebanja\u2021<\/li>\n<li>NSF\u00ae certificirani sport<\/li>\n<li>Povi\u0161ena energija<\/li>\n<li>Mi\u0161i\u0107na izdr\u017eljivost^<\/li>\n<li>Podr\u017eava hidrataciju<\/li>\n<li>Prirodno i umjetno aromatizirano<\/li>\n<li>\u0414\u0456\u0454\u0442\u0438\u0447\u043d\u0430 \u0434\u043e\u0431\u0430\u0432\u043a\u0430<\/li>\n<li>CarnoSyn\u00ae &#8211; Sintetizator karnozina<\/li>\n<li>Con-Cret Reinforced\u00ae<\/li>\n<\/ul>","protected":false},"featured_media":6727,"comment_status":"open","ping_status":"closed","template":"","meta":{"inline_featured_image":false},"product_cat":[95,24],"product_tag":[],"class_list":{"0":"post-6722","1":"product","2":"type-product","3":"status-publish","4":"has-post-thumbnail","6":"product_cat-pre-workout","7":"product_cat-sport","9":"first","10":"instock","11":"featured","12":"shipping-taxable","13":"purchasable","14":"product-type-variable"},"_links":{"self":[{"href":"https:\/\/be-healthy.taniko.me\/uk\/wp-json\/wp\/v2\/product\/6722","targetHints":{"allow":["GET"]}}],"collection":[{"href":"https:\/\/be-healthy.taniko.me\/uk\/wp-json\/wp\/v2\/product"}],"about":[{"href":"https:\/\/be-healthy.taniko.me\/uk\/wp-json\/wp\/v2\/types\/product"}],"replies":[{"embeddable":true,"href":"https:\/\/be-healthy.taniko.me\/uk\/wp-json\/wp\/v2\/comments?post=6722"}],"wp:featuredmedia":[{"embeddable":true,"href":"https:\/\/be-healthy.taniko.me\/uk\/wp-json\/wp\/v2\/media\/6727"}],"wp:attachment":[{"href":"https:\/\/be-healthy.taniko.me\/uk\/wp-json\/wp\/v2\/media?parent=6722"}],"wp:term":[{"taxonomy":"product_cat","embeddable":true,"href":"https:\/\/be-healthy.taniko.me\/uk\/wp-json\/wp\/v2\/product_cat?post=6722"},{"taxonomy":"product_tag","embeddable":true,"href":"https:\/\/be-healthy.taniko.me\/uk\/wp-json\/wp\/v2\/product_tag?post=6722"}],"curies":[{"name":"wp","href":"https:\/\/api.w.org\/{rel}","templated":true}]}}