{"id":6733,"date":"2023-12-28T22:20:51","date_gmt":"2023-12-28T22:20:51","guid":{"rendered":"https:\/\/be-healthy.taniko.me\/?post_type=product&#038;p=6733"},"modified":"2024-10-16T19:02:16","modified_gmt":"2024-10-16T19:02:16","slug":"muscletech-platinum-100-caffeine-220-mg-125-tablets","status":"publish","type":"product","link":"https:\/\/be-healthy.taniko.me\/uk\/product\/muscletech-platinum-100-caffeine-220-mg-125-tablets\/","title":{"rendered":"MuscleTech, Platinum 100% Caffeine, 220 mg, 125 Tablets"},"content":{"rendered":"<div class=\"col-xs-24 col-md-14\">\n<div class=\"row item-row\">\n<div class=\"col-xs-24\">\n<h3>\u041e\u043f\u0438\u0441<\/h3>\n<p>Dobijte prednost s ultra \u010distim 100% kofeinom<\/p>\n<p>Promijenite igru \u200b\u200bsa 100% kofeinom. Ovaj sna\u017ean proizvod osmi\u0161ljen je za borbu protiv umora, podizanje budnosti i pove\u0107anje intenziteta. Maksimizirajte vje\u017ebanje i bavite se svakodnevnim projektima s pove\u0107anom energijom i fokusom koje tra\u017eite.<\/p>\n<h4>\u0420\u0435\u043a\u043e\u043c\u0435\u043d\u0434\u0430\u0446\u0456\u0457 \u0456\u0437 \u0437\u0430\u0441\u0442\u043e\u0441\u0443\u0432\u0430\u043d\u043d\u044f<\/h4>\n<p>Za procjenu individualne tolerancije, uzmite 1\/2 porcije (1\/2 tablete) s \u010da\u0161om vode, nakon \u0161to se procijeni tolerancija, uzmite 1 porciju (1 tableta) s \u010da\u0161om vode, 1 do 2 puta dnevno. Nemojte prekora\u010diti 2 tablete u razdoblju od 24 sata. Pijte 8 do 10 \u010da\u0161a vode dnevno. Nemojte uzimati unutar 5 sati prije spavanja.<\/p>\n<h4>\u0406\u043d\u0448\u0456 \u0456\u043d\u0433\u0440\u0435\u0434\u0456\u0454\u043d\u0442\u0438<\/h4>\n<p>\u0160e\u0107er za tabletiranje (saharoza, maltodekstrin), dikalcij fosfat dihidrat, stearinska kiselina, kroskarmeloza natrij, magnezij stearat, silicijev dioksid, ovojnica (hipromeloza, glicerin).<\/p>\n<p>Sadr\u017ei bioin\u017eenjerske sastojke hrane.<\/p>\n<h4>\u041f\u043e\u043f\u0435\u0440\u0435\u0434\u0436\u0435\u043d\u043d\u044f<\/h4>\n<p>Nije namijenjeno osobama mla\u0111im od 18 godina. Nemojte koristiti ako ste trudni ili dojite. Jedna porcija ovog proizvoda sadr\u017ei do kofeina koliko i 2,5 \u0161alice kave (220 mg). Osobe osjetljive na kofein mogu do\u017eivjeti simptome uklju\u010duju\u0107i (ali ne ograni\u010davaju\u0107i se na) nemir, nervozu, drhtanje, tjeskobu, ubrzan rad srca ili pote\u0161ko\u0107e sa spavanjem. Posavjetujte se s lije\u010dnikom ako imate zdravstveno stanje ili prije po\u010detka bilo koje dijete ili programa vje\u017ebanja. Nemojte kombinirati s drugim izvorima kofeina. \u010cuvati izvan dohvata djece.<\/p>\n<p>Ne koristiti ako je pakiranje kaljeno. \u010cuvajte na hladnom i suhom mjestu (60\u00b0F do 80\u00b0F).<\/p>\n<\/div>\n<\/div>\n<\/div>\n<div class=\"col-xs-24 col-md-10\">\n<div class=\"supplement-facts-container\">\n<table border=\"1\" width=\"100%\" cellspacing=\"0\" cellpadding=\"3\">\n<tbody>\n<tr align=\"left\" valign=\"top\">\n<td colspan=\"3\"><strong>Supplement Facts<\/strong><\/td>\n<\/tr>\n<tr align=\"left\" valign=\"top\">\n<td colspan=\"3\"><strong>Serving Size:\u00a0<\/strong>1 Tablet<\/td>\n<\/tr>\n<tr align=\"left\" valign=\"top\">\n<td colspan=\"3\"><strong>Serving Per Container:\u00a0<\/strong>125<\/td>\n<\/tr>\n<tr align=\"left\" valign=\"top\">\n<td width=\"70%\"><\/td>\n<td width=\"15%\"><strong>Amount Per Serving<\/strong><\/td>\n<td width=\"15%\"><strong>%Daily Value<\/strong><\/td>\n<\/tr>\n<tr align=\"left\" valign=\"top\">\n<td>Caffeine anhydrous<\/td>\n<td>220 mg<\/td>\n<td>\u2020<\/td>\n<\/tr>\n<tr align=\"left\" valign=\"top\">\n<td colspan=\"3\">\u2020Daily Value not established.<\/td>\n<\/tr>\n<\/tbody>\n<\/table>\n<\/div>\n<\/div>","protected":false},"excerpt":{"rendered":"<ul>\n<li>Pove\u0107ajte energiju i fokus<\/li>\n<li>\u0414\u0456\u0454\u0442\u0438\u0447\u043d\u0430 \u0434\u043e\u0431\u0430\u0432\u043a\u0430<\/li>\n<li>Pove\u0107ajte budnost<\/li>\n<li>Pove\u0107ajte izvedbu<\/li>\n<li>220 mg kofeina po obroku<\/li>\n<\/ul>","protected":false},"featured_media":6735,"comment_status":"open","ping_status":"closed","template":"","meta":{"inline_featured_image":false},"product_cat":[15,95],"product_tag":[],"class_list":{"0":"post-6733","1":"product","2":"type-product","3":"status-publish","4":"has-post-thumbnail","6":"product_cat-supplements","7":"product_cat-pre-workout","9":"first","10":"instock","11":"featured","12":"shipping-taxable","13":"purchasable","14":"product-type-simple"},"_links":{"self":[{"href":"https:\/\/be-healthy.taniko.me\/uk\/wp-json\/wp\/v2\/product\/6733","targetHints":{"allow":["GET"]}}],"collection":[{"href":"https:\/\/be-healthy.taniko.me\/uk\/wp-json\/wp\/v2\/product"}],"about":[{"href":"https:\/\/be-healthy.taniko.me\/uk\/wp-json\/wp\/v2\/types\/product"}],"replies":[{"embeddable":true,"href":"https:\/\/be-healthy.taniko.me\/uk\/wp-json\/wp\/v2\/comments?post=6733"}],"wp:featuredmedia":[{"embeddable":true,"href":"https:\/\/be-healthy.taniko.me\/uk\/wp-json\/wp\/v2\/media\/6735"}],"wp:attachment":[{"href":"https:\/\/be-healthy.taniko.me\/uk\/wp-json\/wp\/v2\/media?parent=6733"}],"wp:term":[{"taxonomy":"product_cat","embeddable":true,"href":"https:\/\/be-healthy.taniko.me\/uk\/wp-json\/wp\/v2\/product_cat?post=6733"},{"taxonomy":"product_tag","embeddable":true,"href":"https:\/\/be-healthy.taniko.me\/uk\/wp-json\/wp\/v2\/product_tag?post=6733"}],"curies":[{"name":"wp","href":"https:\/\/api.w.org\/{rel}","templated":true}]}}