{"id":6736,"date":"2023-12-28T22:32:08","date_gmt":"2023-12-28T22:32:08","guid":{"rendered":"https:\/\/be-healthy.taniko.me\/?post_type=product&#038;p=6736"},"modified":"2024-10-16T17:57:52","modified_gmt":"2024-10-16T17:57:52","slug":"primaforce-beta-alanine-unflavored-7-oz-200-g","status":"publish","type":"product","link":"https:\/\/be-healthy.taniko.me\/uk\/product\/primaforce-beta-alanine-unflavored-7-oz-200-g\/","title":{"rendered":"Primaforce, Beta-Alanine, Unflavored, 7 oz (200 g)"},"content":{"rendered":"<div class=\"col-xs-24 col-md-14\">\n<div class=\"row item-row\">\n<div class=\"col-xs-24\">\n<h3>\u041e\u043f\u0438\u0441<\/h3>\n<p>&nbsp;<\/p>\n<p>Znanstveno je dokazano da PrimaForce\u00ae beta-alanin pobolj\u0161ava performanse tijekom vje\u017ebanja visokog intenziteta. To omogu\u0107uje tijelu pove\u0107anje mi\u0161i\u0107ne mase i pobolj\u0161anje izdr\u017eljivosti. Mo\u017ee se uzimati s kreatinom za pove\u0107anje u\u010dinkovitosti.<\/p>\n<p>Beta-alanin je neophodan za proizvodnju karnozina, gra\u0111evnog bloka proteina koji poma\u017ee u sprje\u010davanju starenja i podr\u017eava pravilnu funkciju i razvoj mi\u0161i\u0107a. Ova aminokiselina poznata je po smanjenju umora mi\u0161i\u0107a, \u0161to zna\u010di da mo\u017ee pomo\u0107i va\u0161im mi\u0161i\u0107ima da rade du\u017ee i ja\u010de tijekom treninga. To zauzvrat poti\u010de rast mi\u0161i\u0107a. Beta-alanin je posebno koristan u pobolj\u0161anju kratkotrajnih treninga visokog intenziteta, poput dizanja utega.<\/p>\n<h4>\u0420\u0435\u043a\u043e\u043c\u0435\u043d\u0434\u0430\u0446\u0456\u0457 \u0456\u0437 \u0437\u0430\u0441\u0442\u043e\u0441\u0443\u0432\u0430\u043d\u043d\u044f<\/h4>\n<p>Kao dodatak prehrani, uzmite 1 porciju (2 mjerice) prije vje\u017ebanja i 1 porciju nakon treninga u danima treninga. U danima bez treninga, konzumirajte 1 dozu 1-2 puta dnevno izme\u0111u obroka.<\/p>\n<h4>\u0406\u043d\u0448\u0456 \u0456\u043d\u0433\u0440\u0435\u0434\u0456\u0454\u043d\u0442\u0438<\/h4>\n<p>Napomena: Ovaj proizvod se proizvodi u pogonu koji tako\u0111er mo\u017ee prera\u0111ivati \u200b\u200bsastojke koji sadr\u017ee p\u0161enicu, mlijeko, jaja, soju, ribu, \u0161koljke, ora\u0161aste plodove i kikiriki.<\/p>\n<p>Proizvod proizveden u pogonu uskla\u0111enom s GMP-om.<\/p>\n<h4>\u041f\u043e\u043f\u0435\u0440\u0435\u0434\u0436\u0435\u043d\u043d\u044f<\/h4>\n<p>Nije namijenjeno za osobe mla\u0111e od 18 godina. Ako ste trudni ili dojite, ili uzimate bilo kakve lijekove na recept, posavjetujte se sa svojim zdravstvenim radnikom prije upotrebe ovog ili bilo kojeg drugog proizvoda dodatka prehrani. Odmah prekinite kori\u0161tenje i posavjetujte se s lije\u010dnikom ako se pojave bilo kakve nuspojave. \u010cuvati izvan dohvata djece. \u010cuvati na hladnom i suhom mjestu.<\/p>\n<\/div>\n<\/div>\n<div class=\"row item-row\">\n<div class=\"col-xs-24\"><\/div>\n<\/div>\n<\/div>\n<div class=\"col-xs-24 col-md-10\">\n<div class=\"supplement-facts-container\">\n<table border=\"1\" width=\"100%\" cellspacing=\"0\" cellpadding=\"3\">\n<tbody>\n<tr align=\"left\" valign=\"top\">\n<td colspan=\"3\"><strong>Supplement Facts<\/strong><\/td>\n<\/tr>\n<tr align=\"left\" valign=\"top\">\n<td colspan=\"3\"><strong>Serving Size:<\/strong>\u00a02 Levels Scoops (2 g)<\/td>\n<\/tr>\n<tr align=\"left\" valign=\"top\">\n<td colspan=\"3\"><strong>Servings Per Container:<\/strong>\u00a0100<\/td>\n<\/tr>\n<tr align=\"left\" valign=\"top\">\n<td width=\"70%\"><\/td>\n<td width=\"15%\"><strong>Amount Per Serving<\/strong><\/td>\n<td width=\"15%\"><strong>%Daily Value*<\/strong><\/td>\n<\/tr>\n<tr align=\"left\" valign=\"top\">\n<td>Beta-Alanine<\/td>\n<td>2,000 mg<\/td>\n<td>*<\/td>\n<\/tr>\n<tr align=\"left\" valign=\"top\">\n<td colspan=\"3\">*Daily Value not established.<\/td>\n<\/tr>\n<\/tbody>\n<\/table>\n<\/div>\n<\/div>","protected":false},"excerpt":{"rendered":"<ul>\n<li>Testirana \u010disto\u0107a i mo\u0107<\/li>\n<li>Omogu\u0107uje te\u017ei trening<\/li>\n<li>Smanjuje umor<\/li>\n<li>Pove\u0107ava izvedbu snage<\/li>\n<li>Poma\u017ee pri dobivanju nemasne mase<\/li>\n<li>\u0414\u0456\u0454\u0442\u0438\u0447\u043d\u0430 \u0434\u043e\u0431\u0430\u0432\u043a\u0430<\/li>\n<\/ul>","protected":false},"featured_media":6738,"comment_status":"open","ping_status":"closed","template":"","meta":{"inline_featured_image":false},"product_cat":[56,95,24],"product_tag":[],"class_list":{"0":"post-6736","1":"product","2":"type-product","3":"status-publish","4":"has-post-thumbnail","6":"product_cat-amino-acids","7":"product_cat-pre-workout","8":"product_cat-sport","10":"first","11":"instock","12":"featured","13":"shipping-taxable","14":"purchasable","15":"product-type-simple"},"_links":{"self":[{"href":"https:\/\/be-healthy.taniko.me\/uk\/wp-json\/wp\/v2\/product\/6736","targetHints":{"allow":["GET"]}}],"collection":[{"href":"https:\/\/be-healthy.taniko.me\/uk\/wp-json\/wp\/v2\/product"}],"about":[{"href":"https:\/\/be-healthy.taniko.me\/uk\/wp-json\/wp\/v2\/types\/product"}],"replies":[{"embeddable":true,"href":"https:\/\/be-healthy.taniko.me\/uk\/wp-json\/wp\/v2\/comments?post=6736"}],"wp:featuredmedia":[{"embeddable":true,"href":"https:\/\/be-healthy.taniko.me\/uk\/wp-json\/wp\/v2\/media\/6738"}],"wp:attachment":[{"href":"https:\/\/be-healthy.taniko.me\/uk\/wp-json\/wp\/v2\/media?parent=6736"}],"wp:term":[{"taxonomy":"product_cat","embeddable":true,"href":"https:\/\/be-healthy.taniko.me\/uk\/wp-json\/wp\/v2\/product_cat?post=6736"},{"taxonomy":"product_tag","embeddable":true,"href":"https:\/\/be-healthy.taniko.me\/uk\/wp-json\/wp\/v2\/product_tag?post=6736"}],"curies":[{"name":"wp","href":"https:\/\/api.w.org\/{rel}","templated":true}]}}