{"id":6739,"date":"2023-12-29T15:57:55","date_gmt":"2023-12-29T15:57:55","guid":{"rendered":"https:\/\/be-healthy.taniko.me\/?post_type=product&#038;p=6739"},"modified":"2024-10-16T17:51:54","modified_gmt":"2024-10-16T17:51:54","slug":"now-foods-sports-beta-alanine-endurance-750-mg-120-veg-capsules","status":"publish","type":"product","link":"https:\/\/be-healthy.taniko.me\/uk\/product\/now-foods-sports-beta-alanine-endurance-750-mg-120-veg-capsules\/","title":{"rendered":"NOW Foods, Sports, Beta-Alanine, Endurance, 750 mg, 120 Veg Capsules"},"content":{"rendered":"<div class=\"col-xs-24 col-md-14\">\n<div class=\"row item-row\">\n<div class=\"col-xs-24\">\n<h3>\u041e\u043f\u0438\u0441<\/h3>\n<p>Beta-alanin je neesencijalna aminokiselina koju mi\u0161i\u0107ne stanice koriste za sintezu karnozina. Karnozin je dipeptid (beta-alanin plus histidin) koji djeluje kao pufer za vodikove ione (kiseline) proizvedene tijekom napornog vje\u017ebanja, \u010dime poma\u017ee u odr\u017eavanju optimalnog pH u mi\u0161i\u0107ima. NOW Sports koristi CarnoSyn\u00ae, patentirani oblik beta-alanina koji je klini\u010dki ispitan i pokazao da pove\u0107ava sadr\u017eaj karnozina u mi\u0161i\u0107ima, omogu\u0107uju\u0107i mi\u0161i\u0107ima da rade ja\u010de i dulje tijekom intenzivne vje\u017ebe. NOW\u00ae Sports Beta-Alanin potkrijepljen je znanstvenim istra\u017eivanjem koje pokazuje da suplementacija CarnoSyn\u00ae rezultira odgo\u0111enim umorom mi\u0161i\u0107a i brzim oporavkom, \u010dime vam poma\u017ee da postignete svoje ciljeve treninga snage i izdr\u017eljivosti.<\/p>\n<h4>\u0420\u0435\u043a\u043e\u043c\u0435\u043d\u0434\u0430\u0446\u0456\u0457 \u0456\u0437 \u0437\u0430\u0441\u0442\u043e\u0441\u0443\u0432\u0430\u043d\u043d\u044f<\/h4>\n<p>Uzmite 3 kapsule 2 do 3 puta dnevno s vodom ili omiljenim napitkom. Za najbolje rezultate, ostavite najmanje 2 sata izme\u0111u doza.<\/p>\n<h4>\u0406\u043d\u0448\u0456 \u0456\u043d\u0433\u0440\u0435\u0434\u0456\u0454\u043d\u0442\u0438<\/h4>\n<p>Ri\u017eino bra\u0161no, hipromeloza (celulozna kapsula), stearinska kiselina (biljni izvor) i askorbil palmitat.<\/p>\n<p>Nije proizveden od sastojaka kvasca, p\u0161enice, glutena, soje, mlijeka, jaja, ribe, \u0161koljki ili ora\u0161astih plodova. Proizvedeno u GMP postrojenju koje obra\u0111uje druge sastojke koji sadr\u017ee te alergene.<\/p>\n<h4>\u041f\u043e\u043f\u0435\u0440\u0435\u0434\u0436\u0435\u043d\u043d\u044f<\/h4>\n<p>Samo za odrasle. Beta-alanin mo\u017ee uzrokovati bezopasan, privremeni osje\u0107aj bockanja na ko\u017ei kod nekih pojedinaca. Nakon nekoliko tjedana suplementacije beta-alaninom, ovaj se osje\u0107aj obi\u010dno smanjuje ili nestaje.<\/p>\n<p>Posavjetujte se s lije\u010dnikom ako ste trudni\/dojite, uzimate lijekove ili imate zdravstveno stanje. \u010cuvati izvan dohvata djece.<\/p>\n<p>U ovom proizvodu mo\u017ee do\u0107i do prirodne varijacije boje.<\/p>\n<p>Nakon otvaranja \u010duvati na hladnom, suhom i tamnom mjestu.<\/p>\n<\/div>\n<\/div>\n<div class=\"row item-row\">\n<div class=\"col-xs-24\"><\/div>\n<\/div>\n<div class=\"row item-row\">\n<div class=\"col-xs-24\"><\/div>\n<\/div>\n<\/div>\n<div class=\"col-xs-24 col-md-10\">\n<div class=\"supplement-facts-container\">\n<table border=\"1\" width=\"100%\" cellspacing=\"0\" cellpadding=\"3\">\n<tbody>\n<tr>\n<td colspan=\"3\"><strong>Supplement Facts<\/strong><\/td>\n<\/tr>\n<tr>\n<td colspan=\"3\"><strong>Serving Size:<\/strong>\u00a03 Veg Capsules<\/td>\n<\/tr>\n<tr>\n<td colspan=\"3\"><strong>Servings per Container:<\/strong>\u00a040<\/td>\n<\/tr>\n<tr>\n<td class=\"fr-selected-cell\" width=\"70%\"><\/td>\n<td width=\"15%\"><strong>Amount Per Serving<\/strong><\/td>\n<td width=\"15%\"><strong>% Daily Value<\/strong><\/td>\n<\/tr>\n<tr>\n<td>CarnoSyn<sup>\u00ae<\/sup>\u00a0Beta-Alanine<\/td>\n<td>2.25 g (2,250 mg)<\/td>\n<td>*<\/td>\n<\/tr>\n<tr>\n<td colspan=\"3\">* Daily Value not established.<\/td>\n<\/tr>\n<\/tbody>\n<\/table>\n<\/div>\n<\/div>","protected":false},"excerpt":{"rendered":"<ul>\n<li>Mi\u0161i\u0107na izdr\u017eljivost<\/li>\n<li>Odga\u0111a umor mi\u0161i\u0107a<\/li>\n<li>Zajam\u010dena GMP kvaliteta<\/li>\n<li>CarnoSyn &#8211; Sintetizator karnozina<\/li>\n<li>Vjeruje Sport<\/li>\n<li>\u0414\u0456\u0454\u0442\u0438\u0447\u043d\u0430 \u0434\u043e\u0431\u0430\u0432\u043a\u0430<\/li>\n<li>Bez steroida<\/li>\n<li>Veganska<\/li>\n<li>Ko\u0161er<\/li>\n<li>\u0411\u0435\u0437 \u0413\u041c\u041e<\/li>\n<\/ul>","protected":false},"featured_media":6742,"comment_status":"open","ping_status":"closed","template":"","meta":{"inline_featured_image":false},"product_cat":[56,95,24],"product_tag":[],"class_list":{"0":"post-6739","1":"product","2":"type-product","3":"status-publish","4":"has-post-thumbnail","6":"product_cat-amino-acids","7":"product_cat-pre-workout","8":"product_cat-sport","10":"first","11":"instock","12":"featured","13":"shipping-taxable","14":"purchasable","15":"product-type-simple"},"_links":{"self":[{"href":"https:\/\/be-healthy.taniko.me\/uk\/wp-json\/wp\/v2\/product\/6739","targetHints":{"allow":["GET"]}}],"collection":[{"href":"https:\/\/be-healthy.taniko.me\/uk\/wp-json\/wp\/v2\/product"}],"about":[{"href":"https:\/\/be-healthy.taniko.me\/uk\/wp-json\/wp\/v2\/types\/product"}],"replies":[{"embeddable":true,"href":"https:\/\/be-healthy.taniko.me\/uk\/wp-json\/wp\/v2\/comments?post=6739"}],"wp:featuredmedia":[{"embeddable":true,"href":"https:\/\/be-healthy.taniko.me\/uk\/wp-json\/wp\/v2\/media\/6742"}],"wp:attachment":[{"href":"https:\/\/be-healthy.taniko.me\/uk\/wp-json\/wp\/v2\/media?parent=6739"}],"wp:term":[{"taxonomy":"product_cat","embeddable":true,"href":"https:\/\/be-healthy.taniko.me\/uk\/wp-json\/wp\/v2\/product_cat?post=6739"},{"taxonomy":"product_tag","embeddable":true,"href":"https:\/\/be-healthy.taniko.me\/uk\/wp-json\/wp\/v2\/product_tag?post=6739"}],"curies":[{"name":"wp","href":"https:\/\/api.w.org\/{rel}","templated":true}]}}