{"id":6744,"date":"2023-12-30T12:30:41","date_gmt":"2023-12-30T12:30:41","guid":{"rendered":"https:\/\/be-healthy.taniko.me\/?post_type=product&#038;p=6744"},"modified":"2024-10-16T17:28:05","modified_gmt":"2024-10-16T17:28:05","slug":"sixstar-elite-series-pre-workout-n-o-fury-60-caplets","status":"publish","type":"product","link":"https:\/\/be-healthy.taniko.me\/uk\/product\/sixstar-elite-series-pre-workout-n-o-fury-60-caplets\/","title":{"rendered":"SIXSTAR, Elite Series, Pre-Workout N.O. FURY, 60 Caplets"},"content":{"rendered":"<div class=\"col-xs-24 col-md-14\">\n<div class=\"row item-row\">\n<div class=\"col-xs-24\">\n<h3>\u041e\u043f\u0438\u0441<\/h3>\n<p>Pilula prije vje\u017ebanja za bolje pumpanje mi\u0161i\u0107a<\/p>\n<p>Isporu\u010duje preciznu dozu arginina &#8211; prekursora du\u0161ikovog oksida<\/p>\n<p>Formuliran za pove\u0107anu tvrdo\u0107u i puno\u0107u mi\u0161i\u0107a nakon samo jedne doze<\/p>\n<p>Six Star\u00ae Prije vje\u017ebanja N.O. Fury\u00ae za:<\/p>\n<ul>\n<li>Aktivni mu\u0161karci i \u017eene<\/li>\n<li>Trena\u017eeri snage<\/li>\n<li>Svi sporta\u0161i<\/li>\n<li>Ljubitelji fitnessa<\/li>\n<li>Body Builders<\/li>\n<\/ul>\n<p>Prednosti Six Star\u00ae Pre-Workout N.O. Furry\u00ae:<\/p>\n<ul>\n<li>Napumpava vas dok trenirate<\/li>\n<li>Kaplete s brzim otpu\u0161tanjem donose arginin koji poja\u010dava du\u0161ikov oksid<\/li>\n<li>Dizajniran za bolju puno\u0107u i \u010dvrsto\u0107u mi\u0161i\u0107a<\/li>\n<li>Mi\u0161i\u0107i se pumpaju nakon samo jedne doze<\/li>\n<\/ul>\n<p>Projektiran da pokrene masivno pumpanje mi\u0161i\u0107a<\/p>\n<p>Six Star\u00ae Prije vje\u017ebanja N.O. Fury\u00ae je dizajniran za sve sporta\u0161e.<\/p>\n<p>Six Star\u00ae Prije vje\u017ebanja N.O. Fury\u00ae dolazi od proizvo\u0111a\u010da MuscleTech\u00ae-a, ameri\u010dkog br. 1 prodavanog brenda dodataka prehrani za izgradnju tijela, tako da znate da je to sna\u017ena formula kojoj mo\u017eete vjerovati. Bilo da ste prvi put u teretani ili ste iskusan veterinar, profesionalni sporta\u0161 ili samo poku\u0161avate ste\u0107i tu dodatnu prednost u svom sportu, svi su sporta\u0161i i svaki sporta\u0161 treba hraniti svoje tijelo najboljim dostupnim proizvodima za sportsku prehranu . Formuliran s matricom du\u0161ikovog oksida dizajniranom za bolju mi\u0161i\u0107nu pumpu i pove\u0107anu tvrdo\u0107u mi\u0161i\u0107a nakon va\u0161e prve doze, Six Star\u00ae prije vje\u017ebanja N.O. Fury\u00ae je gorivo koje \u017eelite prije treninga za bolje pumpanje mi\u0161i\u0107a, a dizajnirano je za sve sporta\u0161e.<\/p>\n<p>\u2666Na temelju AC Nielsen xAOC podataka o prodaji.<\/p>\n<h4>\u0420\u0435\u043a\u043e\u043c\u0435\u043d\u0434\u0430\u0446\u0456\u0457 \u0456\u0437 \u0437\u0430\u0441\u0442\u043e\u0441\u0443\u0432\u0430\u043d\u043d\u044f<\/h4>\n<p>Uzmite 1 porciju (3 kapsule) s \u010da\u0161om vode jednom dnevno. U dane kada vje\u017ebate. uzmite svoju porciju 30 do 45 minuta prije treninga. U danima kada ne vje\u017ebate, uzmite svoju porciju ujutro. Po\u010detnici bi trebali po\u010deti s 3 kapsule po porciji. Napredni i srednji sporta\u0161i trebaju slijediti donji protokol doziranja. Konzumirajte 10 \u010da\u0161a vode dnevno za op\u0107e dobro zdravlje. Pro\u010ditajte cijelu naljepnicu prije uporabe i slijedite prilo\u017eene upute.<\/p>\n<p>&nbsp;<\/p>\n<\/div>\n<\/div>\n<div class=\"row item-row\">\n<div class=\"col-xs-24\">\n<div class=\"prodOverviewDetail\">\n<table border=\"1\" width=\"100%\" cellspacing=\"0\" cellpadding=\"3\">\n<tbody>\n<tr align=\"left\" valign=\"top\">\n<td colspan=\"2\" align=\"center\"><strong>Protokol doziranja za srednje i napredne sporta\u0161e<\/strong><\/td>\n<\/tr>\n<tr align=\"left\" valign=\"top\">\n<td align=\"center\" width=\"15%\"><strong>Do 200 lbs.<\/strong><\/td>\n<td align=\"center\" width=\"15%\"><strong>Preko 200 lbs<\/strong><\/td>\n<\/tr>\n<tr align=\"left\" valign=\"top\">\n<td align=\"center\">Uzmite 4 kapsule po obroku<\/td>\n<td align=\"center\">Uzmite 5 kapsula po obroku<\/td>\n<\/tr>\n<\/tbody>\n<\/table>\n<\/div>\n<\/div>\n<\/div>\n<div class=\"row item-row\">\n<div class=\"col-xs-24\">\n<h4>\u0406\u043d\u0448\u0456 \u0456\u043d\u0433\u0440\u0435\u0434\u0456\u0454\u043d\u0442\u0438<\/h4>\n<p>Mikrokristalna celuloza, kroskarmeloza natrij, stearinska kiselina, hipromeloza, premaz polietilen glikol, fd&amp;c crveni br. 40, talk, titanijev dioksid), krospovidon, trinatrijev citrat dihidrat, magnezijev stearat, silicij, acesulfam-kalij.<\/p>\n<h4>\u041f\u043e\u043f\u0435\u0440\u0435\u0434\u0436\u0435\u043d\u043d\u044f<\/h4>\n<p>Samo za odrasle osobe. Nemojte koristiti ako ste trudni ili dojite. Nemojte koristiti ako ste imali infarkt miokarda (sr\u010dani udar). Prekinite kori\u0161tenje i posavjetujte se s lije\u010dnikom ako osjetite neobi\u010dne simptome. Posavjetujte se sa svojim lije\u010dnikom prije po\u010detka bilo koje dijete ili programa vje\u017ebanja.<\/p>\n<p>Nemojte hladiti. \u010cuvati izvan dohvata djece. Samo za zdrave osobe. Nemojte koristiti ako je pakiranje neovla\u0161teno mijenjano. \u010cuvajte na hladnom i suhom mjestu (60\u00b0F do 80\u00b0F).<\/p>\n<\/div>\n<\/div>\n<\/div>\n<div class=\"col-xs-24 col-md-10\">\n<div class=\"supplement-facts-container\">\n<table border=\"1\" width=\"100%\" cellspacing=\"0\" cellpadding=\"3\">\n<tbody>\n<tr valign=\"top\">\n<td class=\"\" colspan=\"3\"><strong>Supplement Facts<\/strong><\/td>\n<\/tr>\n<tr valign=\"top\">\n<td colspan=\"3\"><strong>Serving Size:<\/strong>\u00a03 Caplets<\/td>\n<\/tr>\n<tr valign=\"top\">\n<td colspan=\"3\"><strong>Servings Per Container:<\/strong>\u00a020<\/td>\n<\/tr>\n<tr valign=\"top\">\n<td width=\"70%\"><\/td>\n<td width=\"15%\"><strong>Amount Per Serving<\/strong><\/td>\n<td width=\"15%\"><strong>% Daily Value<\/strong><\/td>\n<\/tr>\n<tr>\n<td>Sodium<\/td>\n<td>60 mg<\/td>\n<td>3%<\/td>\n<\/tr>\n<tr valign=\"top\">\n<td><strong>Nitric Oxide Matrix<\/strong><\/td>\n<td><strong>3,000 mg<\/strong><\/td>\n<td>\u2020<\/td>\n<\/tr>\n<tr valign=\"top\">\n<td colspan=\"2\">L-arginine<\/td>\n<td>\u2020<\/td>\n<\/tr>\n<tr valign=\"top\">\n<td colspan=\"2\">L-arginine alpha-ketoglutarate<\/td>\n<td>\u2020<\/td>\n<\/tr>\n<tr valign=\"top\">\n<td colspan=\"2\">L-arginine HCl<\/td>\n<td>\u2020<\/td>\n<\/tr>\n<tr valign=\"top\">\n<td colspan=\"2\">L-citrulline<\/td>\n<td>\u2020<\/td>\n<\/tr>\n<tr valign=\"top\">\n<td colspan=\"3\">\u2020 Daily Value not established.<\/td>\n<\/tr>\n<\/tbody>\n<\/table>\n<\/div>\n<\/div>","protected":false},"excerpt":{"rendered":"<ul>\n<li>Pilula prije vje\u017ebanja broj 1 u prodaji u Americi\u2666<\/li>\n<li>Od proizvo\u0111a\u010da MuscleTecha<\/li>\n<li>Matrica du\u0161ikovog oksida od 3000 mg<\/li>\n<li>Pospje\u0161uje pumpanje mi\u0161i\u0107a<\/li>\n<li>\u0414\u0456\u0454\u0442\u0438\u0447\u043d\u0430 \u0434\u043e\u0431\u0430\u0432\u043a\u0430<\/li>\n<li>20 godina izvrsnosti<\/li>\n<li>Lider u znanosti<\/li>\n<li>Zajam\u010deno bez zabranjenih tvari<\/li>\n<li>cGMP Proizvedeno<\/li>\n<\/ul>","protected":false},"featured_media":6746,"comment_status":"open","ping_status":"closed","template":"","meta":{"inline_featured_image":false},"product_cat":[95,24],"product_tag":[],"class_list":{"0":"post-6744","1":"product","2":"type-product","3":"status-publish","4":"has-post-thumbnail","6":"product_cat-pre-workout","7":"product_cat-sport","9":"first","10":"instock","11":"featured","12":"shipping-taxable","13":"purchasable","14":"product-type-simple"},"_links":{"self":[{"href":"https:\/\/be-healthy.taniko.me\/uk\/wp-json\/wp\/v2\/product\/6744","targetHints":{"allow":["GET"]}}],"collection":[{"href":"https:\/\/be-healthy.taniko.me\/uk\/wp-json\/wp\/v2\/product"}],"about":[{"href":"https:\/\/be-healthy.taniko.me\/uk\/wp-json\/wp\/v2\/types\/product"}],"replies":[{"embeddable":true,"href":"https:\/\/be-healthy.taniko.me\/uk\/wp-json\/wp\/v2\/comments?post=6744"}],"wp:featuredmedia":[{"embeddable":true,"href":"https:\/\/be-healthy.taniko.me\/uk\/wp-json\/wp\/v2\/media\/6746"}],"wp:attachment":[{"href":"https:\/\/be-healthy.taniko.me\/uk\/wp-json\/wp\/v2\/media?parent=6744"}],"wp:term":[{"taxonomy":"product_cat","embeddable":true,"href":"https:\/\/be-healthy.taniko.me\/uk\/wp-json\/wp\/v2\/product_cat?post=6744"},{"taxonomy":"product_tag","embeddable":true,"href":"https:\/\/be-healthy.taniko.me\/uk\/wp-json\/wp\/v2\/product_tag?post=6744"}],"curies":[{"name":"wp","href":"https:\/\/api.w.org\/{rel}","templated":true}]}}