{"id":6747,"date":"2023-12-30T12:35:24","date_gmt":"2023-12-30T12:35:24","guid":{"rendered":"https:\/\/be-healthy.taniko.me\/?post_type=product&#038;p=6747"},"modified":"2024-10-15T09:26:05","modified_gmt":"2024-10-15T09:26:05","slug":"sixstar-pre-workout-explosion-icy-rocket-freeze-7-41-oz-210-g","status":"publish","type":"product","link":"https:\/\/be-healthy.taniko.me\/uk\/product\/sixstar-pre-workout-explosion-icy-rocket-freeze-7-41-oz-210-g\/","title":{"rendered":"SIXSTAR, Pre-Workout Explosion, Icy Rocket Freeze, 7.41 oz (210 g)"},"content":{"rendered":"<div class=\"col-xs-24 col-md-14\">\n<div class=\"row item-row\">\n<div class=\"col-xs-24\">\n<p>\u041e\u043f\u0438\u0441<br \/>\n3 g beta-alanina**<br \/>\n2,5 g betaina**<br \/>\n2,2 g arginina AKG**<br \/>\nPrirodne i umjetne arome<br \/>\n\u0414\u0456\u0454\u0442\u0438\u0447\u043d\u0430 \u0434\u043e\u0431\u0430\u0432\u043a\u0430<br \/>\nEkstremna energija<br \/>\nPobolj\u0161ani fokus<br \/>\nDivlji intenzitet<br \/>\nEksplozivno pumpanje mi\u0161i\u0107a<br \/>\nIzgradite mi\u0161i\u0107e<br \/>\nPove\u0107ajte snagu<br \/>\nSporta\u0161ev izbor\u2122<\/p>\n<p>Ovaj trening prije vje\u017ebanja je eksplozivan<\/p>\n<p>Six Star\u00ae Pre-Workout Explosion je gorivo prije treninga koje vam je potrebno s klini\u010dki prou\u010davanim sastojkom za eksplozivnu energiju, fokus i intenzitet. Formuliran s beta-alaninom, betainom i argininom AKG, znanstveno dizajniran za podr\u0161ku pobolj\u0161anju performansi, mi\u0161i\u0107nog rasta i mi\u0161i\u0107ne pumpe. Ova formula \u0107e vam pomo\u0107i kroz va\u0161e najte\u017ee treninge.<\/p>\n<p>**Po 2 mjerice<\/p>\n<p>\u0420\u0435\u043a\u043e\u043c\u0435\u043d\u0434\u0430\u0446\u0456\u0457 \u0456\u0437 \u0437\u0430\u0441\u0442\u043e\u0441\u0443\u0432\u0430\u043d\u043d\u044f<\/p>\n<p>Pro\u010ditajte cijelu naljepnicu prije uporabe i slijedite navedene upute. Procijenite svoju toleranciju tako da pomije\u0161ate 1 dozu (1 mjericu) sa 6 oz hladne vode i popijete otprilike 30 minuta prije treninga. Zatim pove\u0107ajte dozu na 2 porcije pomije\u0161ane s 12 oz hladne vode prije treninga. Nemojte prekora\u010diti 2 porcije (2 mjerice) u razdoblju od 24 sata. Odr\u017eavajte odgovaraju\u0107u hidrataciju tijekom kori\u0161tenja.<\/p>\n<p>\u0406\u043d\u0448\u0456 \u0456\u043d\u0433\u0440\u0435\u0434\u0456\u0454\u043d\u0442\u0438<\/p>\n<p>Limunska kiselina, prirodne i umjetne arome, silicijev dioksid, jabu\u010dna kiselina, acesulfam-kalij, sukraloza, maltodekstrin, fd&amp;c blue br. 1.<\/p>\n<p>Prera\u0111eno u postrojenju koje prera\u0111uje sastojke mlijeka, jaja, soje, p\u0161enice, \u0161koljka\u0161a, ribe, ora\u0161astih plodova i kikirikija.<\/p>\n<p>Sadr\u017ei bioin\u017eenjerske sastojke hrane.<\/p>\n<p>\u041f\u043e\u043f\u0435\u0440\u0435\u0434\u0436\u0435\u043d\u043d\u044f<\/p>\n<p>Nije namijenjeno za osobe mla\u0111e od 18 godina. Nemojte koristiti ako ste trudni ili dojite. Posavjetujte se s lije\u010dnikom prije upotrebe ako imate zdravstveno stanje ili prije po\u010detka dijete ili programa vje\u017ebanja. Jedna porcija (1 mjerica) ovog proizvoda sadr\u017ei do kofeina koliko i 1,5 \u0161alica kave. Osobe osjetljive na kofein mogu osjetiti simptome uklju\u010duju\u0107i (ali ne ograni\u010davaju\u0107i se na) nemir, nervozu, drhtanje, glavobolju, tjeskobu, lupanje srca, ubrzan rad srca i pote\u0161ko\u0107e sa spavanjem. Nemojte kombinirati s drugim izvorima kofeina. Nemojte koristiti ako ste imali infarkt miokarda (sr\u010dani udar). Neki pojedinci mogu do\u017eivjeti bezopasni osje\u0107aj trnaca od koncentrirane u\u010dinkovite doze beta-alanina. Udisanje mo\u017ee poja\u010dati upalni odgovor di\u0161nih putova kod osoba s astmom. Koristite samo prema uputama. \u010cuvati izvan dohvata djece.<\/p>\n<p>Nemojte koristiti ako je pakiranje neovla\u0161teno mijenjano. \u010cuvajte na hladnom i suhom mjestu (60\u00baF do 80\u00baF).<\/p>\n<p>Mo\u017ee do\u0107i do odre\u0111enog slijeganja.<\/p>\n<\/div>\n<\/div>\n<\/div>\n<div class=\"col-xs-24 col-md-10\">\n<div class=\"supplement-facts-container\">\n<table border=\"1\" width=\"100%\" cellspacing=\"0\" cellpadding=\"3\">\n<tbody>\n<tr valign=\"top\">\n<td colspan=\"3\"><strong>Supplement Facts<\/strong><\/td>\n<\/tr>\n<tr valign=\"top\">\n<td colspan=\"3\"><strong>Serving Size:<\/strong>\u00a01 Scoop (7g)<\/td>\n<\/tr>\n<tr valign=\"top\">\n<td colspan=\"3\"><strong>Servings Per Container:<\/strong>\u00a030<\/td>\n<\/tr>\n<tr valign=\"top\">\n<td width=\"70%\"><\/td>\n<td width=\"15%\"><strong>Amount Per Serving<\/strong><\/td>\n<td width=\"15%\"><strong>%Daily Value<\/strong><\/td>\n<\/tr>\n<tr valign=\"top\">\n<td>Vitamin C (as ascorbic acid)<\/td>\n<td>250 mg<\/td>\n<td>278%<\/td>\n<\/tr>\n<tr valign=\"top\">\n<td>Niacin (as niacinamide)<\/td>\n<td>30 mg<\/td>\n<td>188%<\/td>\n<\/tr>\n<tr valign=\"top\">\n<td>Choline (as choline bitartrate)<\/td>\n<td>40 mg<\/td>\n<td>7%<\/td>\n<\/tr>\n<tr valign=\"top\">\n<td>Beta-alanine<\/td>\n<td>1,500 mg<\/td>\n<td>\u2020<\/td>\n<\/tr>\n<tr valign=\"top\">\n<td>Betaine Anhydrous<\/td>\n<td>1,250 mg<\/td>\n<td>\u2020<\/td>\n<\/tr>\n<tr valign=\"top\">\n<td>L-arginine alpha-ketoglutarate (AKG)<\/td>\n<td>1,100 mg<\/td>\n<td>\u2020<\/td>\n<\/tr>\n<tr valign=\"top\">\n<td><strong>Advanced Pump Complex<\/strong><\/td>\n<td>500 mg<\/td>\n<td>\u2020<\/td>\n<\/tr>\n<tr valign=\"top\">\n<td>Taurine, L-citrulline, L-citrulline malate, L-arginine hydrochloride (HCl)<\/td>\n<td><\/td>\n<td><\/td>\n<\/tr>\n<tr valign=\"top\">\n<td><strong>Pre-Workout Explosion Blend<\/strong><\/td>\n<td>255 mg<\/td>\n<td>\u2020<\/td>\n<\/tr>\n<tr valign=\"top\">\n<td class=\"\">Caffeine anhydrous (supplying 135 mg of caffeine), Choline bitartrate, L-tyrosine<\/td>\n<td><\/td>\n<td><\/td>\n<\/tr>\n<tr valign=\"top\">\n<td colspan=\"3\">\u2020Daily Value not established.<\/td>\n<\/tr>\n<\/tbody>\n<\/table>\n<\/div>\n<\/div>","protected":false},"excerpt":{"rendered":"<p>Opis 3 g beta-alanina** 2,5 g betaina** 2,2 g arginina AKG** Prirodne i umjetne arome Dodatak prehrani Ekstremna energija Pobolj\u0161ani fokus Divlji intenzitet Eksplozivno pumpanje mi\u0161i\u0107a Izgradite mi\u0161i\u0107e Pove\u0107ajte snagu Sporta\u0161ev izbor\u2122 Ovaj trening prije vje\u017ebanja je eksplozivan Six Star\u00ae Pre-Workout Explosion je gorivo prije treninga koje vam je potrebno s klini\u010dki prou\u010davanim sastojkom za[&#8230;]<\/p>","protected":false},"featured_media":6749,"comment_status":"open","ping_status":"closed","template":"","meta":{"inline_featured_image":false},"product_cat":[95,24],"product_tag":[],"class_list":{"0":"post-6747","1":"product","2":"type-product","3":"status-publish","4":"has-post-thumbnail","6":"product_cat-pre-workout","7":"product_cat-sport","9":"first","10":"instock","11":"featured","12":"shipping-taxable","13":"purchasable","14":"product-type-simple"},"_links":{"self":[{"href":"https:\/\/be-healthy.taniko.me\/uk\/wp-json\/wp\/v2\/product\/6747","targetHints":{"allow":["GET"]}}],"collection":[{"href":"https:\/\/be-healthy.taniko.me\/uk\/wp-json\/wp\/v2\/product"}],"about":[{"href":"https:\/\/be-healthy.taniko.me\/uk\/wp-json\/wp\/v2\/types\/product"}],"replies":[{"embeddable":true,"href":"https:\/\/be-healthy.taniko.me\/uk\/wp-json\/wp\/v2\/comments?post=6747"}],"wp:featuredmedia":[{"embeddable":true,"href":"https:\/\/be-healthy.taniko.me\/uk\/wp-json\/wp\/v2\/media\/6749"}],"wp:attachment":[{"href":"https:\/\/be-healthy.taniko.me\/uk\/wp-json\/wp\/v2\/media?parent=6747"}],"wp:term":[{"taxonomy":"product_cat","embeddable":true,"href":"https:\/\/be-healthy.taniko.me\/uk\/wp-json\/wp\/v2\/product_cat?post=6747"},{"taxonomy":"product_tag","embeddable":true,"href":"https:\/\/be-healthy.taniko.me\/uk\/wp-json\/wp\/v2\/product_tag?post=6747"}],"curies":[{"name":"wp","href":"https:\/\/api.w.org\/{rel}","templated":true}]}}