{"id":6750,"date":"2023-12-30T12:46:57","date_gmt":"2023-12-30T12:46:57","guid":{"rendered":"https:\/\/be-healthy.taniko.me\/?post_type=product&#038;p=6750"},"modified":"2024-10-15T09:24:32","modified_gmt":"2024-10-15T09:24:32","slug":"muscletech-vaporx5-pre-workout-blue-razz-freeze-9-4-oz-266-g","status":"publish","type":"product","link":"https:\/\/be-healthy.taniko.me\/uk\/product\/muscletech-vaporx5-pre-workout-blue-razz-freeze-9-4-oz-266-g\/","title":{"rendered":"MuscleTech, VaporX5, Pre-Workout, Blue Razz Freeze, 9.4 oz (266 g)"},"content":{"rendered":"<div class=\"col-xs-24 col-md-14\">\n<div class=\"row item-row\">\n<div class=\"col-xs-24\">\n<p>\u041e\u043f\u0438\u0441<br \/>\nOd ameri\u010dke broj 1 tvrtke za prodaju dodataka prehrani<br \/>\nEksplozivna energija i izvedba<br \/>\nKlju\u010dni sastojci potkrijepljeni istra\u017eivanjima<br \/>\nPove\u0107ajte snagu i nemasnu mi\u0161i\u0107nu masu<br \/>\n3200 mg beta-alanina\u2021<br \/>\n3000 mg kreatin monohidrata\u2021<br \/>\n2500 mg betaina\u2021<br \/>\n1500 mg Nitrosigine\u2122\u2021<br \/>\nPrirodne i umjetne arome<br \/>\n\u0414\u0456\u0454\u0442\u0438\u0447\u043d\u0430 \u0434\u043e\u0431\u0430\u0432\u043a\u0430<br \/>\nNitrosigine\u00ae<\/p>\n<p>Vrhunsko iskustvo prije vje\u017ebanja<\/p>\n<p>Tra\u017eite eksplozivno iskustvo prije vje\u017ebanja koje \u0107e iznova definirati rezultate va\u0161eg treninga? Mo\u017eete prekinuti svoju potragu. VaporX5\u00ae je va\u0161a sveobuhvatna formula za vi\u0161e \u010distih mi\u0161i\u0107a, snage, energije, fokusa i lude mi\u0161i\u0107ne pumpe. Rezultat godina znanstvenog istra\u017eivanja i razvoja, ru\u010dno smo odabrali klju\u010dne sastojke koji \u0107e pomo\u0107i ozbiljnim natjecateljima da sru\u0161e svoje ciljeve i pobolj\u0161aju svoje vje\u017ebanje. Odbijte prihvatiti status quo i podignite svoj trening na vi\u0161u razinu s VaporX5\u00ae.<\/p>\n<p>Znanstveno potvr\u0111eni, klju\u010dni sastojci testirani<\/p>\n<p>Najcjelovitiji dostupan proizvod prije vje\u017ebanja, VaporX5\u00ae uklju\u010duje sna\u017ene sastojke za izgradnju mi\u0161i\u0107a koji vam poma\u017eu da pove\u0107ate veli\u010dinu, uklju\u010duju\u0107i kreatin monohidrat &#8211; najistra\u017eeniji oblik kreatina &#8211; u kombinaciji s betainom. Zapravo, ispitanici koji su suplementirali to\u010dnu dozu betaina od 2,5 g u 2 mjerice VaporX5\u00ae izgradili su 3,75 lbs. \u010distih mi\u0161i\u0107a u 6 tjedana u usporedbi s 0,66 lbs. placebo skupinom. To je preko \u010detiri puta vi\u0161e mi\u0161i\u0107a! S vi\u0161e mi\u0161i\u0107a dolazi i ve\u0107a snaga &#8211; a s ve\u0107om snagom dolazi i pobolj\u0161ana izvedba.<\/p>\n<p>Energija i fokus bez premca<\/p>\n<p>Pobolj\u0161ajte svoj fokus s precizno doziranim klju\u010dnim sastojkom koji \u0107e dati energiju i intenzivno osjetilno iskustvo. Istra\u017eivanja pokazuju da Nitrosigine\u00ae pove\u0107ava razinu du\u0161ikovog oksida. U kombinaciji s glogom daje jakne koje cijepaju ko\u0161ulju! Osim toga, dodali smo znanstveno ispitanu dozu taurina, za koju se pokazalo da podr\u017eava izvedbu kod sporta\u0161a izdr\u017eljivosti. Nemojte samo pripremati svoje tijelo za natjecanje \u2013 uklju\u010dite svoj um u igru.<\/p>\n<p>\u2021Po 2 mjerice<\/p>\n<p>\u0420\u0435\u043a\u043e\u043c\u0435\u043d\u0434\u0430\u0446\u0456\u0457 \u0456\u0437 \u0437\u0430\u0441\u0442\u043e\u0441\u0443\u0432\u0430\u043d\u043d\u044f<\/p>\n<p>Prije konzumiranja pro\u010ditajte cijele upute i slijedite protokol procjene tolerancije. Najprije procijenite svoju toleranciju mije\u0161anjem 1 porcije (1 mjerice) s 8 oz. hladne vode i popijte otprilike 30 minuta prije dnevnog treninga. Nakon \u0161to se procijeni tolerancija, pove\u0107ajte dozu na 2 mjerice pomije\u0161ane s 16 oz. vode prije vje\u017ebanja. Nemojte prekora\u010diti 2 mjerice u razdoblju od 24 sata. Odr\u017eavajte odgovaraju\u0107u hidrataciju tijekom kori\u0161tenja.<\/p>\n<p>\u0406\u043d\u0448\u0456 \u0456\u043d\u0433\u0440\u0435\u0434\u0456\u0454\u043d\u0442\u0438<\/p>\n<p>Limunska kiselina, silicijev dioksid, prirodne i umjetne arome, jabu\u010dna kiselina, rezistentni maltodekstrin, sukraloza, acesulfam-kalij, mje\u0161avina gume (celulozna guma, ksantan guma, karagenan), fd&amp;c blue br. 1.<\/p>\n<p>Prera\u0111eno u postrojenju koje tako\u0111er prera\u0111uje sastojke mlijeka, jaja, p\u0161enice, soje, kikirikija, ora\u0161astih plodova, ribe i \u0161koljki.<\/p>\n<p>\u041f\u043e\u043f\u0435\u0440\u0435\u0434\u0436\u0435\u043d\u043d\u044f<\/p>\n<p>Nije namijenjeno za osobe mla\u0111e od 18 godina. Nemojte koristiti ako ste trudni ili dojite. Nemojte koristiti ako ste imali infarkt miokarda (sr\u010dani udar). Udisanje mo\u017ee poja\u010dati upalni odgovor di\u0161nih putova kod osoba s astmom. Jedna porcija ovog proizvoda sadr\u017ei do kofeina koliko i 2 \u0161alice kave. Osobe osjetljive na kofein mogu do\u017eivjeti simptome uklju\u010duju\u0107i (ali ne ograni\u010davaju\u0107i se na), nemir, nervozu, drhtanje, tjeskobu, ubrzan rad srca ili pote\u0161ko\u0107e sa spavanjem. Nemojte kombinirati s drugim izvorima kofeina ili stimulansima. Neki pojedinci mogu do\u017eivjeti bezopasni osje\u0107aj trnaca od koncentrirane u\u010dinkovite doze beta-alanina. Posavjetujte se s lije\u010dnikom ako imate zdravstveno stanje ili prije po\u010detka bilo koje dijete ili programa vje\u017ebanja. \u010cuvati izvan dohvata djece.<\/p>\n<p>Nemojte koristiti ako je pakiranje neovla\u0161teno mijenjano. \u010cuvajte na hladnom i suhom mjestu (60\u00b0F do 80\u00b0F).<\/p>\n<\/div>\n<\/div>\n<div class=\"row item-row\">\n<div class=\"col-xs-24\"><\/div>\n<\/div>\n<\/div>\n<div class=\"col-xs-24 col-md-10\">\n<div class=\"supplement-facts-container\">\n<table border=\"1\" width=\"100%\" cellspacing=\"0\" cellpadding=\"3\">\n<tbody>\n<tr valign=\"top\">\n<td colspan=\"5\"><strong>Supplement Facts<\/strong><\/td>\n<\/tr>\n<tr valign=\"top\">\n<td colspan=\"5\"><strong>Serving Size:\u00a0<\/strong>1 Scoop (9 g)<\/td>\n<\/tr>\n<tr valign=\"top\">\n<td colspan=\"5\"><strong>Servings Per Container:\u00a0<\/strong>Approx. 30<\/td>\n<\/tr>\n<tr valign=\"top\">\n<td width=\"40%\"><strong>Amount Per Serving<\/strong><\/td>\n<td width=\"15%\"><strong>1 Scoop\u00a0<\/strong><\/td>\n<td width=\"15%\"><strong>%Daily Value<\/strong><\/td>\n<td width=\"15%\"><strong>2 Scoops<\/strong><\/td>\n<td width=\"15%\"><strong>%Daily Value<\/strong><\/td>\n<\/tr>\n<tr valign=\"top\">\n<td>Total Carbohydrate<\/td>\n<td>&lt;1 g<\/td>\n<td>0%*<\/td>\n<td>1 g<\/td>\n<td>0%*<\/td>\n<\/tr>\n<tr valign=\"top\">\n<td>Niacin (as nicotinic acid)<\/td>\n<td>15 mg<\/td>\n<td>94%<\/td>\n<td>30 mg<\/td>\n<td>188%<\/td>\n<\/tr>\n<tr>\n<td>Choline (as choline bitartrate)<\/td>\n<td>40 mg<\/td>\n<td>7%<\/td>\n<td>80 mg<\/td>\n<td>15%<\/td>\n<\/tr>\n<tr valign=\"top\">\n<td>Sodium<\/td>\n<td>5 mg<\/td>\n<td>&lt;1%<\/td>\n<td>10 mg<\/td>\n<td>&lt;1%<\/td>\n<\/tr>\n<tr>\n<td>Potassium<\/td>\n<td>45 mg<\/td>\n<td>&lt;1%<\/td>\n<td>90 mg<\/td>\n<td>2%<\/td>\n<\/tr>\n<tr valign=\"top\">\n<td colspan=\"5\"><strong>Musclebuilding Matrix<\/strong><\/td>\n<\/tr>\n<tr valign=\"top\">\n<td>Creatine monohydrate<\/td>\n<td>1,500 mg<\/td>\n<td>\u2020<\/td>\n<td>3,000 mg<\/td>\n<td>\u2020<\/td>\n<\/tr>\n<tr valign=\"top\">\n<td>Betaine anhydrous<\/td>\n<td>1,250 mg<\/td>\n<td>\u2020<\/td>\n<td>2,500 mg<\/td>\n<td>\u2020<\/td>\n<\/tr>\n<tr valign=\"top\">\n<td colspan=\"5\"><strong>Performance &amp; Endurance Compound<\/strong><\/td>\n<\/tr>\n<tr valign=\"top\">\n<td>Beta-alanine<\/td>\n<td>1,600 mg<\/td>\n<td>\u2020<\/td>\n<td>3,200 mg<\/td>\n<td>\u2020<\/td>\n<\/tr>\n<tr valign=\"top\">\n<td>Taurine<\/td>\n<td>500 mg<\/td>\n<td>\u2020<\/td>\n<td>1,000 mg<\/td>\n<td>\u2020<\/td>\n<\/tr>\n<tr valign=\"top\">\n<td colspan=\"5\"><strong>Pump Matrix<\/strong><\/td>\n<\/tr>\n<tr valign=\"top\">\n<td>Nitrosigine\u00ae arginine inositol silicate<\/td>\n<td>750 mg<\/td>\n<td>\u2020<\/td>\n<td>1,500 mg<\/td>\n<td>\u2020<\/td>\n<\/tr>\n<tr valign=\"top\">\n<td>Hawthorn extract (as Crataegus pinnatifida) (berry)<\/td>\n<td>200 mg<\/td>\n<td>\u2020<\/td>\n<td>400 mg<\/td>\n<td>\u2020<\/td>\n<\/tr>\n<tr valign=\"top\">\n<td colspan=\"5\">Energy + Matrix<\/td>\n<\/tr>\n<tr valign=\"top\">\n<td>Caffeine anhydrous<\/td>\n<td>190 mg<\/td>\n<td>\u2020<\/td>\n<td>380 mg<\/td>\n<td>\u2020<\/td>\n<\/tr>\n<tr valign=\"top\">\n<td>Choline bitartrate<\/td>\n<td>100 mg<\/td>\n<td>\u2020<\/td>\n<td>200 mg<\/td>\n<td>\u2020<\/td>\n<\/tr>\n<tr valign=\"top\">\n<td colspan=\"5\"><strong>Neuro-Sensory Blend<\/strong><\/td>\n<\/tr>\n<tr valign=\"top\">\n<td>L-Theanine<\/td>\n<td>62.5 mg<\/td>\n<td>\u2020<\/td>\n<td>125 mg<\/td>\n<td>\u2020<\/td>\n<\/tr>\n<tr valign=\"top\">\n<td>Galangal extract (as Alpinia offinarum) (stem &amp; root)<\/td>\n<td>25 mg<\/td>\n<td>\u2020<\/td>\n<td>50 mg<\/td>\n<td>\u2020<\/td>\n<\/tr>\n<tr valign=\"top\">\n<td>Yohimbe extract (as Pausinystalia yohimbe) (bark)<br \/>\nStandardized for 6% yohimbine<\/td>\n<td>20 mg<\/td>\n<td>\u2020<\/td>\n<td>40 mg<\/td>\n<td>\u2020<\/td>\n<\/tr>\n<tr valign=\"top\">\n<td colspan=\"5\">*Percent Daily Value (DV) are based on a 2,000-calorie diet.<br \/>\n\u2020Daily Value (DV) not established.<\/td>\n<\/tr>\n<\/tbody>\n<\/table>\n<\/div>\n<\/div>","protected":false},"excerpt":{"rendered":"<p>Opis Od ameri\u010dke broj 1 tvrtke za prodaju dodataka prehrani Eksplozivna energija i izvedba Klju\u010dni sastojci potkrijepljeni istra\u017eivanjima Pove\u0107ajte snagu i nemasnu mi\u0161i\u0107nu masu 3200 mg beta-alanina\u2021 3000 mg kreatin monohidrata\u2021 2500 mg betaina\u2021 1500 mg Nitrosigine\u2122\u2021 Prirodne i umjetne arome Dodatak prehrani Nitrosigine\u00ae Vrhunsko iskustvo prije vje\u017ebanja Tra\u017eite eksplozivno iskustvo prije vje\u017ebanja koje \u0107e[&#8230;]<\/p>","protected":false},"featured_media":6754,"comment_status":"open","ping_status":"closed","template":"","meta":{"inline_featured_image":false},"product_cat":[95,24],"product_tag":[],"class_list":{"0":"post-6750","1":"product","2":"type-product","3":"status-publish","4":"has-post-thumbnail","6":"product_cat-pre-workout","7":"product_cat-sport","9":"first","10":"instock","11":"featured","12":"shipping-taxable","13":"purchasable","14":"product-type-variable"},"_links":{"self":[{"href":"https:\/\/be-healthy.taniko.me\/uk\/wp-json\/wp\/v2\/product\/6750","targetHints":{"allow":["GET"]}}],"collection":[{"href":"https:\/\/be-healthy.taniko.me\/uk\/wp-json\/wp\/v2\/product"}],"about":[{"href":"https:\/\/be-healthy.taniko.me\/uk\/wp-json\/wp\/v2\/types\/product"}],"replies":[{"embeddable":true,"href":"https:\/\/be-healthy.taniko.me\/uk\/wp-json\/wp\/v2\/comments?post=6750"}],"wp:featuredmedia":[{"embeddable":true,"href":"https:\/\/be-healthy.taniko.me\/uk\/wp-json\/wp\/v2\/media\/6754"}],"wp:attachment":[{"href":"https:\/\/be-healthy.taniko.me\/uk\/wp-json\/wp\/v2\/media?parent=6750"}],"wp:term":[{"taxonomy":"product_cat","embeddable":true,"href":"https:\/\/be-healthy.taniko.me\/uk\/wp-json\/wp\/v2\/product_cat?post=6750"},{"taxonomy":"product_tag","embeddable":true,"href":"https:\/\/be-healthy.taniko.me\/uk\/wp-json\/wp\/v2\/product_tag?post=6750"}],"curies":[{"name":"wp","href":"https:\/\/api.w.org\/{rel}","templated":true}]}}