{"id":6757,"date":"2023-12-30T13:01:02","date_gmt":"2023-12-30T13:01:02","guid":{"rendered":"https:\/\/be-healthy.taniko.me\/?post_type=product&#038;p=6757"},"modified":"2024-10-15T09:23:32","modified_gmt":"2024-10-15T09:23:32","slug":"now-foods-acetyl-l-carnitine-500-mg-100-veg-capsules","status":"publish","type":"product","link":"https:\/\/be-healthy.taniko.me\/uk\/product\/now-foods-acetyl-l-carnitine-500-mg-100-veg-capsules\/","title":{"rendered":"NOW Foods, Acetyl-L-Carnitine, 500 mg, 100 Veg Capsules"},"content":{"rendered":"<div class=\"col-xs-24 col-md-14\">\n<div class=\"row item-row\">\n<div class=\"col-xs-24\">\n<p>\u041e\u043f\u0438\u0441<br \/>\nFunkcija mozga i \u017eiv\u010danih stanica<br \/>\nPrenosi masne kiseline<br \/>\nPove\u0107ava stani\u010dnu energiju<br \/>\n\u0411\u0435\u0437 \u0413\u041c\u041e<br \/>\n\u0414\u0456\u0454\u0442\u0438\u0447\u043d\u0430 \u0434\u043e\u0431\u0430\u0432\u043a\u0430<br \/>\nVegetarijanac\/vegan<br \/>\nKo\u0161er<br \/>\nAminokiseline<br \/>\nU obiteljskom vlasni\u0161tvu od 1968<br \/>\nZajam\u010dena GMP kvaliteta<\/p>\n<p>Acetil-L-karnitin (ALC) je modificirana aminokiselina koja podr\u017eava proizvodnju stani\u010dne energije poma\u017eu\u0107i u transportu masti u mitohondrije gdje se pretvara u ATP (stani\u010dno gorivo). ALC je vrlo bioraspolo\u017eiv oblik karnitina koji mo\u017ee prije\u0107i krvno-mo\u017edanu barijeru, gdje poma\u017ee neutralizirati slobodne radikale, podr\u017eava funkciju mitohondrija i poma\u017ee u odr\u017eavanju normalne aktivnosti neurotransmitera. Klini\u010dke studije pokazuju da ALC poma\u017ee u odr\u017eavanju optimalnog neurolo\u0161kog zdravlja.<\/p>\n<p>\u0420\u0435\u043a\u043e\u043c\u0435\u043d\u0434\u0430\u0446\u0456\u0457 \u0456\u0437 \u0437\u0430\u0441\u0442\u043e\u0441\u0443\u0432\u0430\u043d\u043d\u044f<\/p>\n<p>Uzmite 1-2 kapsule 1 do 2 puta dnevno po potrebi.<\/p>\n<p>\u0406\u043d\u0448\u0456 \u0456\u043d\u0433\u0440\u0435\u0434\u0456\u0454\u043d\u0442\u0438<\/p>\n<p>Hipromeloza (celulozna kapsula), ri\u017eino bra\u0161no, stearinska kiselina (biljni izvor) i silicijev dioksid.<\/p>\n<p>Nije proizveden od sastojaka kvasca, p\u0161enice, glutena, soje, mlijeka, jaja, ribe, \u0161koljki ili ora\u0161astih plodova. Proizvedeno u GMP postrojenju koje obra\u0111uje druge sastojke koji sadr\u017ee te alergene.<\/p>\n<p>\u041f\u043e\u043f\u0435\u0440\u0435\u0434\u0436\u0435\u043d\u043d\u044f<\/p>\n<p>Samo za odrasle. Posavjetujte se s lije\u010dnikom ako ste trudni\/dojite, uzimate lijekove ili imate zdravstveno stanje. \u010cuvati izvan dohvata djece.<\/p>\n<p>U ovom proizvodu mo\u017ee do\u0107i do prirodne varijacije boje.<\/p>\n<p>\u010cuvati na hladnom i suhom mjestu nakon otvaranja.<\/p>\n<\/div>\n<\/div>\n<div class=\"row item-row\">\n<div class=\"col-xs-24\"><\/div>\n<\/div>\n<\/div>\n<div class=\"col-xs-24 col-md-10\">\n<div class=\"supplement-facts-container\">\n<table border=\"1\" width=\"100%\" cellspacing=\"0\" cellpadding=\"3\">\n<tbody>\n<tr>\n<td class=\"fr-cell-fixed fr-selected-cell\" colspan=\"3\"><strong>Supplement Facts<\/strong><\/td>\n<\/tr>\n<tr>\n<td class=\"fr-selected-cell\" colspan=\"3\"><strong>Serving Size:<\/strong>\u00a02 Veg Capsules<\/td>\n<\/tr>\n<tr>\n<td class=\"fr-selected-cell\" colspan=\"3\"><strong>Servings Per Container:<\/strong>\u00a050<\/td>\n<\/tr>\n<tr>\n<td class=\"fr-selected-cell\" width=\"70%\"><\/td>\n<td class=\"fr-selected-cell\" width=\"15%\"><strong>Amount Per Serving<\/strong><\/td>\n<td class=\"fr-selected-cell\" width=\"15%\"><strong>% Daily Value<\/strong><\/td>\n<\/tr>\n<tr>\n<td class=\"fr-selected-cell\">Acetyl-L-Carnitine (from Acetyl-L-Carnitine HCl)<\/td>\n<td class=\"fr-selected-cell\">1 g (1,000 mg)<\/td>\n<td class=\"fr-selected-cell\">**<\/td>\n<\/tr>\n<tr>\n<td class=\"fr-cell-handler fr-selected-cell\" colspan=\"3\">**Daily Value not established.<\/td>\n<\/tr>\n<\/tbody>\n<\/table>\n<\/div>\n<\/div>","protected":false},"excerpt":{"rendered":"<p>Opis Funkcija mozga i \u017eiv\u010danih stanica Prenosi masne kiseline Pove\u0107ava stani\u010dnu energiju Ne-GMO Dodatak prehrani Vegetarijanac\/vegan Ko\u0161er Aminokiseline U obiteljskom vlasni\u0161tvu od 1968 Zajam\u010dena GMP kvaliteta Acetil-L-karnitin (ALC) je modificirana aminokiselina koja podr\u017eava proizvodnju stani\u010dne energije poma\u017eu\u0107i u transportu masti u mitohondrije gdje se pretvara u ATP (stani\u010dno gorivo). ALC je vrlo bioraspolo\u017eiv oblik karnitina[&#8230;]<\/p>","protected":false},"featured_media":6759,"comment_status":"open","ping_status":"closed","template":"","meta":{"inline_featured_image":false},"product_cat":[15,56,24],"product_tag":[],"class_list":{"0":"post-6757","1":"product","2":"type-product","3":"status-publish","4":"has-post-thumbnail","6":"product_cat-supplements","7":"product_cat-amino-acids","8":"product_cat-sport","10":"first","11":"instock","12":"featured","13":"shipping-taxable","14":"purchasable","15":"product-type-simple"},"_links":{"self":[{"href":"https:\/\/be-healthy.taniko.me\/uk\/wp-json\/wp\/v2\/product\/6757","targetHints":{"allow":["GET"]}}],"collection":[{"href":"https:\/\/be-healthy.taniko.me\/uk\/wp-json\/wp\/v2\/product"}],"about":[{"href":"https:\/\/be-healthy.taniko.me\/uk\/wp-json\/wp\/v2\/types\/product"}],"replies":[{"embeddable":true,"href":"https:\/\/be-healthy.taniko.me\/uk\/wp-json\/wp\/v2\/comments?post=6757"}],"wp:featuredmedia":[{"embeddable":true,"href":"https:\/\/be-healthy.taniko.me\/uk\/wp-json\/wp\/v2\/media\/6759"}],"wp:attachment":[{"href":"https:\/\/be-healthy.taniko.me\/uk\/wp-json\/wp\/v2\/media?parent=6757"}],"wp:term":[{"taxonomy":"product_cat","embeddable":true,"href":"https:\/\/be-healthy.taniko.me\/uk\/wp-json\/wp\/v2\/product_cat?post=6757"},{"taxonomy":"product_tag","embeddable":true,"href":"https:\/\/be-healthy.taniko.me\/uk\/wp-json\/wp\/v2\/product_tag?post=6757"}],"curies":[{"name":"wp","href":"https:\/\/api.w.org\/{rel}","templated":true}]}}