{"id":6760,"date":"2023-12-30T13:08:14","date_gmt":"2023-12-30T13:08:14","guid":{"rendered":"https:\/\/be-healthy.taniko.me\/?post_type=product&#038;p=6760"},"modified":"2024-10-15T09:22:41","modified_gmt":"2024-10-15T09:22:41","slug":"now-foods-l-tyrosine-500-mg-120-capsules","status":"publish","type":"product","link":"https:\/\/be-healthy.taniko.me\/uk\/product\/now-foods-l-tyrosine-500-mg-120-capsules\/","title":{"rendered":"NOW Foods, L-Tyrosine, 500 mg, 120 Capsules"},"content":{"rendered":"<div class=\"col-xs-24 col-md-14\">\n<div class=\"row item-row\">\n<div class=\"col-xs-24\">\n<div class=\"row item-row\">\n<div class=\"col-xs-24\">\n<p>\u041e\u043f\u0438\u0441<br \/>\nUpravljanje stresom<br \/>\nPromi\u010de opu\u0161tanje<br \/>\nZdrava vaskularna funkcija<br \/>\nS inozitolom<br \/>\n\u0411\u0435\u0437 \u0413\u041c\u041e<br \/>\n\u0414\u0456\u0454\u0442\u0438\u0447\u043d\u0430 \u0434\u043e\u0431\u0430\u0432\u043a\u0430<br \/>\nVegetarijanac\/vegan<br \/>\nKo\u0161er<br \/>\nAminokiseline<br \/>\nU obiteljskom vlasni\u0161tvu od 1968<br \/>\nZajam\u010dena GMP kvaliteta<\/p>\n<p>L-teanin je jedinstvena aminokiselina koja se prirodno nalazi u biljci \u010daja (Camellia sinensis). L-Theanine poti\u010de opu\u0161tanje uz odr\u017eavanje budnosti i poti\u010de zdravu kognitivnu funkciju. L-Theanine tako\u0111er mo\u017ee podr\u017eati zdravu vaskularnu funkciju kroz ovaj opu\u0161taju\u0107i u\u010dinak.<\/p>\n<p>\u0420\u0435\u043a\u043e\u043c\u0435\u043d\u0434\u0430\u0446\u0456\u0457 \u0456\u0437 \u0437\u0430\u0441\u0442\u043e\u0441\u0443\u0432\u0430\u043d\u043d\u044f<\/p>\n<p>Uzmite 1 kapsulu 1 do 2 puta dnevno po potrebi, najbolje na prazan \u017eeludac.<\/p>\n<p>\u0406\u043d\u0448\u0456 \u0456\u043d\u0433\u0440\u0435\u0434\u0456\u0454\u043d\u0442\u0438<\/p>\n<p>Hipromeloza (celulozna kapsula), stearinska kiselina (biljni izvor) i silicijev dioksid.<\/p>\n<p>Nije proizvedeno sa sastojcima p\u0161enice, glutena, soje, mlijeka, jaja, ribe, \u0161koljka\u0161a ili ora\u0161astih plodova. Proizvedeno u GMP postrojenju koje obra\u0111uje druge sastojke koji sadr\u017ee te alergene.<\/p>\n<p>Ovaj proizvod ima dvostruko vi\u0161e L-Theanina (200 mg po kapsuli) nego u na\u0161em proizvodu s uobi\u010dajenom snagom (100 mg po kapsuli).<\/p>\n<p>\u041f\u043e\u043f\u0435\u0440\u0435\u0434\u0436\u0435\u043d\u043d\u044f<\/p>\n<p>Samo za odrasle. Posavjetujte se s lije\u010dnikom ako ste trudni\/dojite, uzimate lijekove ili imate zdravstveno stanje. \u010cuvati izvan dohvata djece.<\/p>\n<p>U ovom proizvodu mo\u017ee do\u0107i do prirodne varijacije boje.<\/p>\n<p>\u010cuvati na hladnom i suhom mjestu nakon otvaranja.<\/p>\n<\/div>\n<\/div>\n<\/div>\n<\/div>\n<\/div>\n<div class=\"col-xs-24 col-md-10\">\n<div class=\"supplement-facts-container\">\n<table border=\"1\" width=\"100%\" cellspacing=\"0\" cellpadding=\"3\">\n<tbody>\n<tr valign=\"top\">\n<td class=\"\" colspan=\"3\"><strong>Supplement Facts<\/strong><\/td>\n<\/tr>\n<tr valign=\"top\">\n<td colspan=\"3\"><strong>Serving Size:<\/strong>\u00a01 Capsule<\/td>\n<\/tr>\n<tr valign=\"top\">\n<td width=\"70%\"><\/td>\n<td width=\"15%\"><strong>Amount Per Serving<\/strong><\/td>\n<td width=\"15%\"><strong>%Daily Value<\/strong><\/td>\n<\/tr>\n<tr valign=\"top\">\n<td>L-Tyrosine (Free-Form)<\/td>\n<td>500 mg<\/td>\n<td>**<\/td>\n<\/tr>\n<tr valign=\"top\">\n<td class=\"fr-selected-cell\" colspan=\"3\">**Daily Value not established.<\/td>\n<\/tr>\n<\/tbody>\n<\/table>\n<\/div>\n<\/div>","protected":false},"excerpt":{"rendered":"<p>Opis Upravljanje stresom Promi\u010de opu\u0161tanje Zdrava vaskularna funkcija S inozitolom Ne-GMO Dodatak prehrani Vegetarijanac\/vegan Ko\u0161er Aminokiseline U obiteljskom vlasni\u0161tvu od 1968 Zajam\u010dena GMP kvaliteta L-teanin je jedinstvena aminokiselina koja se prirodno nalazi u biljci \u010daja (Camellia sinensis). L-Theanine poti\u010de opu\u0161tanje uz odr\u017eavanje budnosti i poti\u010de zdravu kognitivnu funkciju. L-Theanine tako\u0111er mo\u017ee podr\u017eati zdravu vaskularnu funkciju[&#8230;]<\/p>","protected":false},"featured_media":6762,"comment_status":"open","ping_status":"closed","template":"","meta":{"inline_featured_image":false},"product_cat":[15,56],"product_tag":[],"class_list":{"0":"post-6760","1":"product","2":"type-product","3":"status-publish","4":"has-post-thumbnail","6":"product_cat-supplements","7":"product_cat-amino-acids","9":"first","10":"instock","11":"featured","12":"shipping-taxable","13":"purchasable","14":"product-type-simple"},"_links":{"self":[{"href":"https:\/\/be-healthy.taniko.me\/uk\/wp-json\/wp\/v2\/product\/6760","targetHints":{"allow":["GET"]}}],"collection":[{"href":"https:\/\/be-healthy.taniko.me\/uk\/wp-json\/wp\/v2\/product"}],"about":[{"href":"https:\/\/be-healthy.taniko.me\/uk\/wp-json\/wp\/v2\/types\/product"}],"replies":[{"embeddable":true,"href":"https:\/\/be-healthy.taniko.me\/uk\/wp-json\/wp\/v2\/comments?post=6760"}],"wp:featuredmedia":[{"embeddable":true,"href":"https:\/\/be-healthy.taniko.me\/uk\/wp-json\/wp\/v2\/media\/6762"}],"wp:attachment":[{"href":"https:\/\/be-healthy.taniko.me\/uk\/wp-json\/wp\/v2\/media?parent=6760"}],"wp:term":[{"taxonomy":"product_cat","embeddable":true,"href":"https:\/\/be-healthy.taniko.me\/uk\/wp-json\/wp\/v2\/product_cat?post=6760"},{"taxonomy":"product_tag","embeddable":true,"href":"https:\/\/be-healthy.taniko.me\/uk\/wp-json\/wp\/v2\/product_tag?post=6760"}],"curies":[{"name":"wp","href":"https:\/\/api.w.org\/{rel}","templated":true}]}}