{"id":6769,"date":"2023-12-30T14:42:34","date_gmt":"2023-12-30T14:42:34","guid":{"rendered":"https:\/\/be-healthy.taniko.me\/?post_type=product&#038;p=6769"},"modified":"2024-10-15T09:20:01","modified_gmt":"2024-10-15T09:20:01","slug":"now-foods-double-strength-taurine-1000-mg-250-veg-capsules","status":"publish","type":"product","link":"https:\/\/be-healthy.taniko.me\/uk\/product\/now-foods-double-strength-taurine-1000-mg-250-veg-capsules\/","title":{"rendered":"NOW Foods, Double Strength Taurine, 1,000 mg, 250 Veg Capsules"},"content":{"rendered":"<div class=\"col-xs-24 col-md-14\">\n<div class=\"row item-row\">\n<div class=\"col-xs-24\">\n<p>\u041e\u043f\u0438\u0441<br \/>\nZdravlje \u017eiv\u010danog sustava<br \/>\nZdrava vizualna funkcija<br \/>\n\u0411\u0435\u0437 \u0413\u041c\u041e<br \/>\n\u0414\u0456\u0454\u0442\u0438\u0447\u043d\u0430 \u0434\u043e\u0431\u0430\u0432\u043a\u0430<br \/>\nVegetarijanac\/vegan<br \/>\nKo\u0161er<br \/>\nU obiteljskom vlasni\u0161tvu od 1968<br \/>\nZajam\u010dena GMP kvaliteta<\/p>\n<p>Taurin je uvjetno esencijalna aminokiselina koja se ne koristi za sintezu proteina, ali se uglavnom nalazi slobodan u ve\u0107ini tkiva, posebno u cijelom \u017eiv\u010danom sustavu. Djeluje u tkivima tako \u0161to stabilizira stani\u010dne membrane i poma\u017ee transport kalija, natrija, kalcija i magnezija ui iz stanica. Taurin poma\u017ee u stvaranju i reguliranju \u017eiv\u010danih impulsa i podr\u017eava odr\u017eavanje normalne ravnote\u017ee teku\u0107ine; tijelo ga tako\u0111er koristi u vidnim putovima, kao iu mozgu i \u017eiv\u010danom sustavu, gdje radi zajedno s glicinom i GABA kao neurotransmiter.<\/p>\n<p>\u0420\u0435\u043a\u043e\u043c\u0435\u043d\u0434\u0430\u0446\u0456\u0457 \u0456\u0437 \u0437\u0430\u0441\u0442\u043e\u0441\u0443\u0432\u0430\u043d\u043d\u044f<\/p>\n<p>Uzmite 1 kapsulu 1 do 2 puta dnevno sa sokom ili vodom, najbolje izme\u0111u obroka.<\/p>\n<p>\u0406\u043d\u0448\u0456 \u0456\u043d\u0433\u0440\u0435\u0434\u0456\u0454\u043d\u0442\u0438<\/p>\n<p>Celuloza (kapsula) i stearinska kiselina (biljni izvor).<\/p>\n<p>Nije proizvedeno sa sastojcima p\u0161enice, glutena, soje, mlijeka, jaja, ribe, \u0161koljka\u0161a ili ora\u0161astih plodova. Proizvedeno u GMP postrojenju koje tako\u0111er obra\u0111uje druge sastojke koji sadr\u017ee te alergene.<\/p>\n<p>Ovaj proizvod ima dvaput vi\u0161e taurina (1000 mg) nego u na\u0161em redovnom proizvodu (500 mg).<\/p>\n<p>\u041f\u043e\u043f\u0435\u0440\u0435\u0434\u0436\u0435\u043d\u043d\u044f<\/p>\n<p>U ovom proizvodu mo\u017ee do\u0107i do prirodne varijacije boje.<\/p>\n<p>\u010cuvati na hladnom i suhom mjestu nakon otvaranja.<\/p>\n<p>Samo za odrasle. Posavjetujte se s lije\u010dnikom ako ste trudni\/dojite, uzimate lijekove (uklju\u010duju\u0107i lijekove protiv hipertenzije i diuretike) ili imate zdravstveno stanje (uklju\u010duju\u0107i hipotenziju). \u010cuvati izvan dohvata djece.<\/p>\n<p>Nemojte jesti pakete svje\u017eine. \u010cuvati u boci.<\/p>\n<\/div>\n<\/div>\n<\/div>\n<div class=\"col-xs-24 col-md-10\">\n<div class=\"supplement-facts-container\">\n<table border=\"1\" width=\"100%\" cellspacing=\"0\" cellpadding=\"3\">\n<tbody>\n<tr valign=\"top\">\n<td colspan=\"3\"><strong>Supplement Facts<\/strong><\/td>\n<\/tr>\n<tr valign=\"top\">\n<td colspan=\"3\"><strong>Serving Size<\/strong>: 1 Veg Capsule<\/td>\n<\/tr>\n<tr valign=\"top\">\n<td width=\"70%\"><\/td>\n<td width=\"15%\"><strong>Amount Per Serving<\/strong><\/td>\n<td width=\"15%\"><strong>%Daily Value<\/strong><\/td>\n<\/tr>\n<tr valign=\"top\">\n<td>Taurine (Free-Form)<\/td>\n<td>1 g (1,000 mg)<\/td>\n<td>*<\/td>\n<\/tr>\n<tr valign=\"top\">\n<td colspan=\"3\">* Daily Value not established.<\/td>\n<\/tr>\n<\/tbody>\n<\/table>\n<\/div>\n<\/div>","protected":false},"excerpt":{"rendered":"<p>Opis Zdravlje \u017eiv\u010danog sustava Zdrava vizualna funkcija Ne-GMO Dodatak prehrani Vegetarijanac\/vegan Ko\u0161er U obiteljskom vlasni\u0161tvu od 1968 Zajam\u010dena GMP kvaliteta Taurin je uvjetno esencijalna aminokiselina koja se ne koristi za sintezu proteina, ali se uglavnom nalazi slobodan u ve\u0107ini tkiva, posebno u cijelom \u017eiv\u010danom sustavu. Djeluje u tkivima tako \u0161to stabilizira stani\u010dne membrane i poma\u017ee[&#8230;]<\/p>","protected":false},"featured_media":6771,"comment_status":"open","ping_status":"closed","template":"","meta":{"inline_featured_image":false},"product_cat":[15,56],"product_tag":[],"class_list":{"0":"post-6769","1":"product","2":"type-product","3":"status-publish","4":"has-post-thumbnail","6":"product_cat-supplements","7":"product_cat-amino-acids","9":"first","10":"instock","11":"featured","12":"shipping-taxable","13":"purchasable","14":"product-type-simple"},"_links":{"self":[{"href":"https:\/\/be-healthy.taniko.me\/uk\/wp-json\/wp\/v2\/product\/6769","targetHints":{"allow":["GET"]}}],"collection":[{"href":"https:\/\/be-healthy.taniko.me\/uk\/wp-json\/wp\/v2\/product"}],"about":[{"href":"https:\/\/be-healthy.taniko.me\/uk\/wp-json\/wp\/v2\/types\/product"}],"replies":[{"embeddable":true,"href":"https:\/\/be-healthy.taniko.me\/uk\/wp-json\/wp\/v2\/comments?post=6769"}],"wp:featuredmedia":[{"embeddable":true,"href":"https:\/\/be-healthy.taniko.me\/uk\/wp-json\/wp\/v2\/media\/6771"}],"wp:attachment":[{"href":"https:\/\/be-healthy.taniko.me\/uk\/wp-json\/wp\/v2\/media?parent=6769"}],"wp:term":[{"taxonomy":"product_cat","embeddable":true,"href":"https:\/\/be-healthy.taniko.me\/uk\/wp-json\/wp\/v2\/product_cat?post=6769"},{"taxonomy":"product_tag","embeddable":true,"href":"https:\/\/be-healthy.taniko.me\/uk\/wp-json\/wp\/v2\/product_tag?post=6769"}],"curies":[{"name":"wp","href":"https:\/\/api.w.org\/{rel}","templated":true}]}}