{"id":6774,"date":"2023-12-30T14:54:52","date_gmt":"2023-12-30T14:54:52","guid":{"rendered":"https:\/\/be-healthy.taniko.me\/?post_type=product&#038;p=6774"},"modified":"2024-10-15T09:18:50","modified_gmt":"2024-10-15T09:18:50","slug":"now-foods-glycine-1000-mg-100-veg-capsules","status":"publish","type":"product","link":"https:\/\/be-healthy.taniko.me\/uk\/product\/now-foods-glycine-1000-mg-100-veg-capsules\/","title":{"rendered":"NOW Foods, Glycine, 1,000 mg, 100 Veg Capsules"},"content":{"rendered":"<div class=\"col-xs-24 col-md-14\">\n<div class=\"row item-row\">\n<div class=\"col-xs-24\">\n<p>\u041e\u043f\u0438\u0441<br \/>\nPodr\u0161ka za neurotransmitere<br \/>\nFarmaceutski stupanj, slobodan oblik<br \/>\nPromi\u010de miran san<br \/>\nPodr\u0161ka \u017eiv\u010danom sustavu<br \/>\n\u0411\u0435\u0437 \u0413\u041c\u041e<br \/>\n\u0414\u0456\u0454\u0442\u0438\u0447\u043d\u0430 \u0434\u043e\u0431\u0430\u0432\u043a\u0430<br \/>\nVegetarijanac\/vegan<br \/>\nKo\u0161er<br \/>\nAminokiseline<br \/>\nU obiteljskom vlasni\u0161tvu od 1968<br \/>\nZajam\u010dena GMP kvaliteta<\/p>\n<p>Glicin je najmanja i najjednostavnija aminokiselina, \u0161to je \u010dini svestranom za kori\u0161tenje u \u0161irokom rasponu funkcija. Glicin je neophodan za proizvodnju glutationa, DNK, kreatina, \u017eu\u010di, hemoglobina i ve\u0107ine proteina. Tako\u0111er poma\u017ee u promicanju skladi\u0161tenja glikogena, \u010dime glukoza postaje lako dostupna za proizvodnju energije. Glicin tako\u0111er djeluje kao umiruju\u0107i neurotransmiter u mozgu, gdje olak\u0161ava \u017eiv\u010dane impulse i va\u017ean je za odr\u017eavanje zdravih obrazaca spavanja.<\/p>\n<p>\u0420\u0435\u043a\u043e\u043c\u0435\u043d\u0434\u0430\u0446\u0456\u0457 \u0456\u0437 \u0437\u0430\u0441\u0442\u043e\u0441\u0443\u0432\u0430\u043d\u043d\u044f<\/p>\n<p>Uzmite 1-3 kapsule dnevno, najbolje na prazan \u017eeludac.<\/p>\n<p>\u0406\u043d\u0448\u0456 \u0456\u043d\u0433\u0440\u0435\u0434\u0456\u0454\u043d\u0442\u0438<\/p>\n<p>Hipromeloza (celulozna kapsula), hidroksipropil celuloza, stearinska kiselina (biljni izvor) i silicijev dioksid.<\/p>\n<p>Nije proizvedeno sa sastojcima p\u0161enice, glutena, soje, kukuruza, mlijeka, jaja, ribe, \u0161koljka\u0161a ili ora\u0161astih plodova. Proizvedeno u GMP postrojenju koje obra\u0111uje druge sastojke koji sadr\u017ee te alergene.<\/p>\n<p>\u041f\u043e\u043f\u0435\u0440\u0435\u0434\u0436\u0435\u043d\u043d\u044f<\/p>\n<p>Samo za odrasle. Posavjetujte se s lije\u010dnikom ako ste trudni\/dojite, uzimate lijekove ili imate zdravstveno stanje. \u010cuvati izvan dohvata djece.<\/p>\n<p>U ovom proizvodu mo\u017ee do\u0107i do prirodne varijacije boje.<\/p>\n<p>\u010cuvati na hladnom i suhom mjestu nakon otvaranja.<\/p>\n<\/div>\n<\/div>\n<div class=\"row item-row\">\n<div class=\"col-xs-24\"><\/div>\n<\/div>\n<div class=\"row item-row\">\n<div class=\"col-xs-24\"><\/div>\n<\/div>\n<\/div>\n<div class=\"col-xs-24 col-md-10\">\n<div class=\"supplement-facts-container\">\n<table border=\"1\" width=\"100%\" cellspacing=\"0\" cellpadding=\"3\">\n<tbody>\n<tr valign=\"top\">\n<td colspan=\"3\"><strong>Supplement Facts<\/strong><\/td>\n<\/tr>\n<tr valign=\"top\">\n<td colspan=\"3\"><strong>Serving Size:<\/strong>\u00a03 Veg Capsules<\/td>\n<\/tr>\n<tr valign=\"top\">\n<td colspan=\"3\"><strong>Servings Per Container<\/strong>: 33<\/td>\n<\/tr>\n<tr valign=\"top\">\n<td width=\"70%\"><\/td>\n<td width=\"15%\"><strong>Amount Per Serving<\/strong><\/td>\n<td width=\"15%\"><strong>% Daily Value<\/strong><\/td>\n<\/tr>\n<tr valign=\"top\">\n<td>Glycine<\/td>\n<td>3 g (3,000 mg)<\/td>\n<td>**<\/td>\n<\/tr>\n<tr valign=\"top\">\n<td colspan=\"3\">**Daily Value not established<\/td>\n<\/tr>\n<\/tbody>\n<\/table>\n<\/div>\n<\/div>","protected":false},"excerpt":{"rendered":"<p>Opis Podr\u0161ka za neurotransmitere Farmaceutski stupanj, slobodan oblik Promi\u010de miran san Podr\u0161ka \u017eiv\u010danom sustavu Ne-GMO Dodatak prehrani Vegetarijanac\/vegan Ko\u0161er Aminokiseline U obiteljskom vlasni\u0161tvu od 1968 Zajam\u010dena GMP kvaliteta Glicin je najmanja i najjednostavnija aminokiselina, \u0161to je \u010dini svestranom za kori\u0161tenje u \u0161irokom rasponu funkcija. Glicin je neophodan za proizvodnju glutationa, DNK, kreatina, \u017eu\u010di, hemoglobina i[&#8230;]<\/p>","protected":false},"featured_media":6776,"comment_status":"open","ping_status":"closed","template":"","meta":{"inline_featured_image":false},"product_cat":[15,56],"product_tag":[],"class_list":{"0":"post-6774","1":"product","2":"type-product","3":"status-publish","4":"has-post-thumbnail","6":"product_cat-supplements","7":"product_cat-amino-acids","9":"first","10":"instock","11":"featured","12":"shipping-taxable","13":"purchasable","14":"product-type-simple"},"_links":{"self":[{"href":"https:\/\/be-healthy.taniko.me\/uk\/wp-json\/wp\/v2\/product\/6774","targetHints":{"allow":["GET"]}}],"collection":[{"href":"https:\/\/be-healthy.taniko.me\/uk\/wp-json\/wp\/v2\/product"}],"about":[{"href":"https:\/\/be-healthy.taniko.me\/uk\/wp-json\/wp\/v2\/types\/product"}],"replies":[{"embeddable":true,"href":"https:\/\/be-healthy.taniko.me\/uk\/wp-json\/wp\/v2\/comments?post=6774"}],"wp:featuredmedia":[{"embeddable":true,"href":"https:\/\/be-healthy.taniko.me\/uk\/wp-json\/wp\/v2\/media\/6776"}],"wp:attachment":[{"href":"https:\/\/be-healthy.taniko.me\/uk\/wp-json\/wp\/v2\/media?parent=6774"}],"wp:term":[{"taxonomy":"product_cat","embeddable":true,"href":"https:\/\/be-healthy.taniko.me\/uk\/wp-json\/wp\/v2\/product_cat?post=6774"},{"taxonomy":"product_tag","embeddable":true,"href":"https:\/\/be-healthy.taniko.me\/uk\/wp-json\/wp\/v2\/product_tag?post=6774"}],"curies":[{"name":"wp","href":"https:\/\/api.w.org\/{rel}","templated":true}]}}