{"id":6777,"date":"2023-12-30T15:08:58","date_gmt":"2023-12-30T15:08:58","guid":{"rendered":"https:\/\/be-healthy.taniko.me\/?post_type=product&#038;p=6777"},"modified":"2024-10-15T09:17:36","modified_gmt":"2024-10-15T09:17:36","slug":"california-gold-nutrition-lactobif-pet-probiotics-5-billion-cfu-60-veggie-capsules","status":"publish","type":"product","link":"https:\/\/be-healthy.taniko.me\/uk\/product\/california-gold-nutrition-lactobif-pet-probiotics-5-billion-cfu-60-veggie-capsules\/","title":{"rendered":"California Gold Nutrition, LactoBif Pet Probiotics, 5 Billion CFU, 60 Veggie Capsules"},"content":{"rendered":"<div class=\"col-xs-24 col-md-14\">\n<div class=\"row item-row\">\n<div class=\"col-xs-24\">\n<p>\u041e\u043f\u0438\u0441<br \/>\nCalifornia Gold Nutrition\u00a0LactoBif probiotici za ku\u0107ne ljubimce<br \/>\nSadr\u017ei 9 aktivnih probioti\u010dkih sojeva, uklju\u010duju\u0107i 6\u00a0Lactobacillus\u00a0i 3\u00a0Bifidobacterium<br \/>\nS 5 milijardi CFU po kapsuli<br \/>\nPoma\u017ee u odr\u017eavanju zdravlja probavnog sustava kod pasa i ma\u010daka*<br \/>\nPojedina\u010dno zatvoren blister s dvostrukom folijom<br \/>\nFormulirano bez mlije\u010dnih proizvoda, glutena, GMO-a ili soje<br \/>\nProizvedeno u cGMP registriranom (certificiranom) pogonu tre\u0107e strane<br \/>\n100% zlatno jamstvo<\/p>\n<p>Va\u0161i krzneni prijatelji mogu imati problema s probavom i trbu\u0161\u010di\u0107em, ba\u0161 kao i ljudi.California Gold Nutrition\u00a0LactoBif Pet Probiotics\u00a0sadr\u017ei dobre bakterije formulirane posebno za pse i ma\u010dke kako bi pomogle u promicanju zdrave crijevne flore i cjelokupnog gastrointestinalnog zdravlja.*<\/p>\n<p>Probiotici za pse i ma\u010dke<br \/>\nNa\u0161a jedinstvena mje\u0161avina probiotika sadr\u017ei nekoliko aktivnih sojeva probiotika, uklju\u010duju\u0107i dobro poznate sojeve poput\u00a0Lactobacillus acidophilus\u00a0i\u00a0Bifidobacterium longum. Ova je formula osmi\u0161ljena da pomogne va\u0161em \u010detverono\u017enom prijatelju da ostane sretan i zdrav podr\u017eavaju\u0107i njegov probavni sustav. Uravnote\u017eeni crijevni mikrobiom mo\u017ee pomo\u0107i u podr\u0161ci imunolo\u0161kog i gastrointestinalnog zdravlja, kao i olak\u0161ati uobi\u010dajene probavne simptome kod ku\u0107nih ljubimaca, poput \u017eelu\u010danih tegoba i proljeva.*<\/p>\n<p>California Gold Nutrition\u00a0LactoBif Pet Probiotics\u00a0sadr\u017ei 9 aktivnih probioti\u010dkih sojeva, uklju\u010duju\u0107i 6\u00a0Lactobacillus\u00a0i 3\u00a0Bifidobacterium. Svaka veggie kapsula sadr\u017ei 5 milijardi CFU za isporuku u\u010dinkovitog broja dobrih bakterija u sustav.<\/p>\n<p>\u0420\u0435\u043a\u043e\u043c\u0435\u043d\u0434\u0430\u0446\u0456\u0457 \u0456\u0437 \u0437\u0430\u0441\u0442\u043e\u0441\u0443\u0432\u0430\u043d\u043d\u044f<\/p>\n<p>Odvojite i svaki dan pospite sadr\u017eaj jedne (1) kapsule u hranu va\u0161eg ljubimca.<\/p>\n<p>\u0406\u043d\u0448\u0456 \u0456\u043d\u0433\u0440\u0435\u0434\u0456\u0454\u043d\u0442\u0438<\/p>\n<p>Mikrokristalna celuloza, modificirana celuloza (Hypromellose Veggie Capsule), magnezijev stearat, osu\u0161eni proizvod fermentacije Lactobacillus acidophilus, osu\u0161eni proizvod fermentacije Bifidobacterium lactis, osu\u0161eni proizvod fermentacije Lactobacillus rhamnosus, osu\u0161eni proizvod fermentacije Lactobacillus plantarum, osu\u0161eni proizvod fermentacije Bifidobacterium longum , Osu\u0161eni proizvod fermentacije Bifidobacterium breve, Osu\u0161eni proizvod fermentacije Lactobacillus casei, osu\u0161eni proizvod fermentacije Lactobacillus salivarius, silicijev dioksid (silika), osu\u0161eni proizvod fermentacije Lactobacillus bulgaricus.<\/p>\n<p>\u041f\u043e\u043f\u0435\u0440\u0435\u0434\u0436\u0435\u043d\u043d\u044f<\/p>\n<p>Sadr\u017ei izvor \u017eivih (odr\u017eivih) prirodnih mikroorganizama. Ovaj proizvod je namijenjen samo za povremenu i dodatnu prehranu.<\/p>\n<p>Samo za \u017eivotinje. \u010cuvati izvan dohvata djece i \u017eivotinja. Sigurna primjena kod gravidnih \u017eivotinja ili \u017eivotinja namijenjenih rasplodu nije dokazana. Posavjetujte se s kvalificiranim zdravstvenim radnikom ili veterinarom prije nego \u0161to mu date dodatke prehrani. Odmah prekinite s upotrebom ako se pojave novi ili pogor\u0161ani simptomi. U slu\u010daju slu\u010dajnog predoziranja, odmah se obratite veterinaru.<\/p>\n<p>Pojedina\u010dni blister s dvostrukom folijom zape\u010da\u0107en za kvalitetu i va\u0161u za\u0161titu. Nemojte koristiti ako je materijal za blister pakiranje probu\u0161en ili nedostaje. \u010cuvati na hladnom i suhom mjestu. Za\u0161tititi od topline, svjetlosti i vlage.<\/p>\n<p>Hla\u0111enje nije potrebno, ali se toplo preporu\u010duje.<\/p>\n<\/div>\n<\/div>\n<div class=\"row item-row\">\n<div class=\"col-xs-24\"><\/div>\n<\/div>\n<div class=\"row item-row\">\n<div class=\"col-xs-24\"><\/div>\n<\/div>\n<\/div>\n<div class=\"col-xs-24 col-md-10\">\n<div class=\"supplement-facts-container\">\n<table border=\"1\" width=\"100%\" cellspacing=\"0\" cellpadding=\"3\">\n<tbody>\n<tr valign=\"top\">\n<td colspan=\"2\"><strong>Guaranteed Analysis per 1 Capsule (400 mg):<\/strong><\/td>\n<\/tr>\n<tr valign=\"top\">\n<td colspan=\"2\"><strong>Levels represent minimums unless otherwise stated:<\/strong><\/td>\n<\/tr>\n<tr valign=\"top\">\n<td>Moisture (Max)<br \/>\n*Total Microorganisms<br \/>\nLactobacillus acidophilus (La-14)<br \/>\nBifidobacterium Lactis (Bl-04)<br \/>\nLactobacillus rhamnosus (Lr-32)<br \/>\nLactobacillus plantarum (Lp-115)<br \/>\nBifidobacterium longum (Bl-05)<br \/>\nBifidobacterium breve (Bb-03)<br \/>\nLactobacillus casei (Lc-11)<br \/>\nLactobacillus salivarius (Lb-33)<br \/>\nLactobacillus bulgaricus (Lb-87)<\/td>\n<td>10%<br \/>\n5 Billion CFU\/capsule<\/td>\n<\/tr>\n<tr valign=\"top\">\n<td colspan=\"2\">*Not recognized as an essential nutrient by the AAFCO Dog and Car Food Nutrient Profiles.<br \/>\n<strong>Calorie Content (Calculated): 1.29 kcal ME\/capsule<\/strong><\/td>\n<\/tr>\n<\/tbody>\n<\/table>\n<\/div>\n<\/div>","protected":false},"excerpt":{"rendered":"<p>Opis California Gold Nutrition\u00a0LactoBif probiotici za ku\u0107ne ljubimce Sadr\u017ei 9 aktivnih probioti\u010dkih sojeva, uklju\u010duju\u0107i 6\u00a0Lactobacillus\u00a0i 3\u00a0Bifidobacterium S 5 milijardi CFU po kapsuli Poma\u017ee u odr\u017eavanju zdravlja probavnog sustava kod pasa i ma\u010daka* Pojedina\u010dno zatvoren blister s dvostrukom folijom Formulirano bez mlije\u010dnih proizvoda, glutena, GMO-a ili soje Proizvedeno u cGMP registriranom (certificiranom) pogonu tre\u0107e strane 100%[&#8230;]<\/p>","protected":false},"featured_media":6779,"comment_status":"open","ping_status":"closed","template":"","meta":{"inline_featured_image":false},"product_cat":[80,27],"product_tag":[],"class_list":{"0":"post-6777","1":"product","2":"type-product","3":"status-publish","4":"has-post-thumbnail","6":"product_cat-pet-supplements","7":"product_cat-pets","9":"first","10":"instock","11":"featured","12":"shipping-taxable","13":"purchasable","14":"product-type-simple"},"_links":{"self":[{"href":"https:\/\/be-healthy.taniko.me\/uk\/wp-json\/wp\/v2\/product\/6777","targetHints":{"allow":["GET"]}}],"collection":[{"href":"https:\/\/be-healthy.taniko.me\/uk\/wp-json\/wp\/v2\/product"}],"about":[{"href":"https:\/\/be-healthy.taniko.me\/uk\/wp-json\/wp\/v2\/types\/product"}],"replies":[{"embeddable":true,"href":"https:\/\/be-healthy.taniko.me\/uk\/wp-json\/wp\/v2\/comments?post=6777"}],"wp:featuredmedia":[{"embeddable":true,"href":"https:\/\/be-healthy.taniko.me\/uk\/wp-json\/wp\/v2\/media\/6779"}],"wp:attachment":[{"href":"https:\/\/be-healthy.taniko.me\/uk\/wp-json\/wp\/v2\/media?parent=6777"}],"wp:term":[{"taxonomy":"product_cat","embeddable":true,"href":"https:\/\/be-healthy.taniko.me\/uk\/wp-json\/wp\/v2\/product_cat?post=6777"},{"taxonomy":"product_tag","embeddable":true,"href":"https:\/\/be-healthy.taniko.me\/uk\/wp-json\/wp\/v2\/product_tag?post=6777"}],"curies":[{"name":"wp","href":"https:\/\/api.w.org\/{rel}","templated":true}]}}