{"id":6780,"date":"2023-12-30T15:21:37","date_gmt":"2023-12-30T15:21:37","guid":{"rendered":"https:\/\/be-healthy.taniko.me\/?post_type=product&#038;p=6780"},"modified":"2024-10-15T09:16:38","modified_gmt":"2024-10-15T09:16:38","slug":"pet-naturals-daily-multi-for-dogs-all-ages-approx-150-chews-18-52-oz-525-g","status":"publish","type":"product","link":"https:\/\/be-healthy.taniko.me\/uk\/product\/pet-naturals-daily-multi-for-dogs-all-ages-approx-150-chews-18-52-oz-525-g\/","title":{"rendered":"Pet Naturals, Daily Multi, For Dogs, All Ages, Approx. 150 Chews, 18.52 oz (525 g)"},"content":{"rendered":"<div class=\"col-xs-24 col-md-14\">\n<div class=\"row item-row\">\n<div class=\"col-xs-24\">\n<p>\u041e\u043f\u0438\u0441<br \/>\nVeterinarska formula<br \/>\nZajedno s 21 blagotvornom hranjivom tvari<br \/>\nPomozite odr\u017eavati pse svih dobi u vrhunskoj kondiciji<br \/>\nBez p\u0161enice<br \/>\nBez kukuruza<br \/>\nBez umjetnih sastojaka**<br \/>\nNASC pe\u010dat kvalitete<\/p>\n<p>Za\u0161to djeluje<\/p>\n<p>Daily Multi\u00a0osmi\u0161ljen je kako bi pomogao u odr\u017eavanju cjelokupne fizi\u010dke dobrobiti va\u0161eg psa. Formuliran s aminokiselinama, mineralima i vitaminima B skupine,\u00a0Daily Multi\u00a0poma\u017ee u odr\u017eavanju normalne razine energije i zdrave metaboli\u010dke funkcije te osigurava dodatne hranjive tvari, vitamine i antioksidanse koji se \u010desto ne nalaze u komercijalnoj hrani za pse.<\/p>\n<p>**Bez umjetnih boja, bojila i \u0161tetnih konzervansa.<\/p>\n<p>\u0420\u0435\u043a\u043e\u043c\u0435\u043d\u0434\u0430\u0446\u0456\u0457 \u0456\u0437 \u0437\u0430\u0441\u0442\u043e\u0441\u0443\u0432\u0430\u043d\u043d\u044f<\/p>\n<p>Upute za hranjenje:<\/p>\n<p>Ispod 25 lbs: 1\/2 \u017evakanja dnevno<br \/>\n25-75 lbs: 1 \u017evakati dnevno<br \/>\nPreko 75 lbs: 2 \u017evakanja dnevno<\/p>\n<p>Ako dajete vi\u0161e od 1 \u017evaka\u0107e dnevno, podijelite izme\u0111u ujutro i poslijepodne.<\/p>\n<p>\u0406\u043d\u0448\u0456 \u0456\u043d\u0433\u0440\u0435\u0434\u0456\u0454\u043d\u0442\u0438<\/p>\n<p>Cvijet zobi, su\u0161eni pivski kvasac, glicerin, ra\u017eeno bra\u0161no, kalcijev fosfat, arapska guma, aroma povr\u0107a, kalcijev karbonat, ulje kanole, sojin lecitin, riblje ulje, l-askorbil-2-polihosfat, maltodekstrin, natrijev alginat, kalcijev sulfat, su\u0161eno pulpa citrusa, voda, dodatak vitamina E, dl-metionin, dodatak vitamina B12, \u017eeljezni sulfat, sorbinska kiselina (konzervans), cink sulfat, niacinamid, d-kalcijev pantotenat, mije\u0161ani tokoferoli (konzervans), limunska kiselina (konzervans) , ekstrakt ru\u017emarina, silicijev dioksid, biljno ulje, propionska kiselina (konzervans), mangan sulfat, inozitol, riboflavin, bakar sulfat, magnezijev oksid, dodatak vitamina D, dodatak vitamina A, piridoksin hidroklorid, natrijev selenit, tiamin mononitrat, biotin, folna kiselina kiselina, kalijev klorid, kalcijev jodat.<\/p>\n<p>\u041f\u043e\u043f\u0435\u0440\u0435\u0434\u0436\u0435\u043d\u043d\u044f<\/p>\n<p>Nije za ljudsku prehranu. \u010cuvati izvan dohvata djece i \u017eivotinja. U slu\u010daju slu\u010dajnog predoziranja, odmah se obratite zdravstvenom radniku.<\/p>\n<p>Ovaj proizvod namijenjen je samo za povremenu ili dodatnu prehranu.<\/p>\n<p>\u0417\u0431\u0435\u0440\u0456\u0433\u0430\u0442\u0438 \u0432 \u0441\u0443\u0445\u043e\u043c\u0443 \u043f\u0440\u043e\u0445\u043e\u043b\u043e\u0434\u043d\u043e\u043c\u0443 \u043c\u0456\u0441\u0446\u0456.<\/p>\n<\/div>\n<\/div>\n<\/div>\n<div class=\"col-xs-24 col-md-10\">\n<div class=\"supplement-facts-container\">\n<table border=\"1\" width=\"100%\" cellspacing=\"0\" cellpadding=\"3\">\n<tbody>\n<tr valign=\"top\">\n<td colspan=\"2\"><strong>Guaranteed Analysis Per Chew (3.5 mg):<br \/>\nLevel represent minimums unless otherwise stated:<\/strong><\/td>\n<\/tr>\n<tr valign=\"top\">\n<td width=\"50%\">Moisture (max)<\/td>\n<td width=\"50%\">8%<\/td>\n<\/tr>\n<tr valign=\"top\">\n<td>Methionine<\/td>\n<td>10 mg<\/td>\n<\/tr>\n<tr valign=\"top\">\n<td>Calcium (3.20%) (max. 3.52%)<\/td>\n<td>112 mg<\/td>\n<\/tr>\n<tr valign=\"top\">\n<td>Phosphorus (1.60%) (max. 1.76%)<\/td>\n<td>56 mg<\/td>\n<\/tr>\n<tr valign=\"top\">\n<td>Potassium (0.43%)<\/td>\n<td>15 mg<\/td>\n<\/tr>\n<tr valign=\"top\">\n<td>Magnesium (0.14%)<\/td>\n<td>5 mg<\/td>\n<\/tr>\n<tr valign=\"top\">\n<td>Iron (857 ppm)<\/td>\n<td>3 mg<\/td>\n<\/tr>\n<tr valign=\"top\">\n<td>Copper (86 ppm)<\/td>\n<td>0.3 mg<\/td>\n<\/tr>\n<tr valign=\"top\">\n<td>Manganese (286 ppm)<\/td>\n<td>1 mg<\/td>\n<\/tr>\n<tr valign=\"top\">\n<td>Zinc (857 ppm)<\/td>\n<td>3 mg<\/td>\n<\/tr>\n<tr valign=\"top\">\n<td>Iodine (14.3 ppm)<\/td>\n<td>0.05 mg<\/td>\n<\/tr>\n<tr valign=\"top\">\n<td>Vitamin A<\/td>\n<td>1000 IU<\/td>\n<\/tr>\n<tr valign=\"top\">\n<td>Vitamin D3<\/td>\n<td>100 IU<\/td>\n<\/tr>\n<tr valign=\"top\">\n<td>Vitamin E<\/td>\n<td>15 IU<\/td>\n<\/tr>\n<tr valign=\"top\">\n<td>Thiamine (Vitamin B1)<\/td>\n<td>0.2 mg<\/td>\n<\/tr>\n<tr valign=\"top\">\n<td>Riboflavin (Vitamin B2)<\/td>\n<td>1 mg<\/td>\n<\/tr>\n<tr valign=\"top\">\n<td>Pantothenic Acid<\/td>\n<td>4 mg<\/td>\n<\/tr>\n<tr valign=\"top\">\n<td>Niacin<\/td>\n<td>5 mg<\/td>\n<\/tr>\n<tr valign=\"top\">\n<td>Pyridoxine (Vitamin B6)<\/td>\n<td>0.4 mg<\/td>\n<\/tr>\n<tr valign=\"top\">\n<td>Folic Acid<\/td>\n<td>0.08 mg<\/td>\n<\/tr>\n<tr valign=\"top\">\n<td>Vitamin B12<\/td>\n<td>0.008 mg<\/td>\n<\/tr>\n<tr valign=\"top\">\n<td>*Ascorbic Acid (Vitamin C)<\/td>\n<td>25 mg<\/td>\n<\/tr>\n<tr valign=\"top\">\n<td colspan=\"2\">*Not recognized as an essential nutrient by the AAFCO Dog Food Nutrient Profiles.<\/td>\n<\/tr>\n<tr valign=\"top\">\n<td colspan=\"2\"><strong>Calorie Content (calculated):\u00a0<\/strong>3229 kcal ME\/kg; 11 kcal ME\/chew<\/td>\n<\/tr>\n<\/tbody>\n<\/table>\n<\/div>\n<\/div>","protected":false},"excerpt":{"rendered":"<p>Opis Veterinarska formula Zajedno s 21 blagotvornom hranjivom tvari Pomozite odr\u017eavati pse svih dobi u vrhunskoj kondiciji Bez p\u0161enice Bez kukuruza Bez umjetnih sastojaka** NASC pe\u010dat kvalitete Za\u0161to djeluje Daily Multi\u00a0osmi\u0161ljen je kako bi pomogao u odr\u017eavanju cjelokupne fizi\u010dke dobrobiti va\u0161eg psa. Formuliran s aminokiselinama, mineralima i vitaminima B skupine,\u00a0Daily Multi\u00a0poma\u017ee u odr\u017eavanju normalne razine[&#8230;]<\/p>","protected":false},"featured_media":6783,"comment_status":"open","ping_status":"closed","template":"","meta":{"inline_featured_image":false},"product_cat":[80,27],"product_tag":[],"class_list":{"0":"post-6780","1":"product","2":"type-product","3":"status-publish","4":"has-post-thumbnail","6":"product_cat-pet-supplements","7":"product_cat-pets","9":"first","10":"instock","11":"featured","12":"shipping-taxable","13":"purchasable","14":"product-type-simple"},"_links":{"self":[{"href":"https:\/\/be-healthy.taniko.me\/uk\/wp-json\/wp\/v2\/product\/6780","targetHints":{"allow":["GET"]}}],"collection":[{"href":"https:\/\/be-healthy.taniko.me\/uk\/wp-json\/wp\/v2\/product"}],"about":[{"href":"https:\/\/be-healthy.taniko.me\/uk\/wp-json\/wp\/v2\/types\/product"}],"replies":[{"embeddable":true,"href":"https:\/\/be-healthy.taniko.me\/uk\/wp-json\/wp\/v2\/comments?post=6780"}],"wp:featuredmedia":[{"embeddable":true,"href":"https:\/\/be-healthy.taniko.me\/uk\/wp-json\/wp\/v2\/media\/6783"}],"wp:attachment":[{"href":"https:\/\/be-healthy.taniko.me\/uk\/wp-json\/wp\/v2\/media?parent=6780"}],"wp:term":[{"taxonomy":"product_cat","embeddable":true,"href":"https:\/\/be-healthy.taniko.me\/uk\/wp-json\/wp\/v2\/product_cat?post=6780"},{"taxonomy":"product_tag","embeddable":true,"href":"https:\/\/be-healthy.taniko.me\/uk\/wp-json\/wp\/v2\/product_tag?post=6780"}],"curies":[{"name":"wp","href":"https:\/\/api.w.org\/{rel}","templated":true}]}}