{"id":6784,"date":"2023-12-30T19:42:32","date_gmt":"2023-12-30T19:42:32","guid":{"rendered":"https:\/\/be-healthy.taniko.me\/?post_type=product&#038;p=6784"},"modified":"2024-10-15T09:15:40","modified_gmt":"2024-10-15T09:15:40","slug":"now-foods-pets-omega-3-support-for-dogs-cats-great-fish-180-softgels-8-9-oz-252-g","status":"publish","type":"product","link":"https:\/\/be-healthy.taniko.me\/uk\/product\/now-foods-pets-omega-3-support-for-dogs-cats-great-fish-180-softgels-8-9-oz-252-g\/","title":{"rendered":"NOW Foods, Pets, Omega-3 Support for Dogs\/Cats, Great Fish, 180 Softgels, 8.9 oz (252 g)"},"content":{"rendered":"<div class=\"col-xs-24 col-md-14\">\n<div class=\"row item-row\">\n<div class=\"col-xs-24\">\n<p>\u041e\u043f\u0438\u0441<br \/>\n\u0411\u0435\u0437 \u0413\u041c\u041e<br \/>\nPe\u010dat kvalitete NASC<br \/>\nPreporuka veterinara<br \/>\n\u0411\u0435\u0437 \u0433\u043b\u044e\u0442\u0435\u043d\u0443<\/p>\n<p>Uz Omega-3 Support iz NOW\u00ae Pets mo\u017eete svojim ljubimcima dati va\u017ene omega-3 masne kiseline koje su im potrebne za odr\u017eavanje zdravlja zglobova, normalnu funkciju mozga i normalan imunolo\u0161ki odgovor na sezonske izazove. Na\u0161u Omega-3 podr\u0161ku preporu\u010duje renomirana veterinarka dr. Barbara Royal, DVM, CVA, osniva\u010dica Royal Treatment Veterinarian Center.<\/p>\n<p>\u0420\u0435\u043a\u043e\u043c\u0435\u043d\u0434\u0430\u0446\u0456\u0457 \u0456\u0437 \u0437\u0430\u0441\u0442\u043e\u0441\u0443\u0432\u0430\u043d\u043d\u044f<\/p>\n<p>Samo za upotrebu kod pasa i ma\u010daka.<\/p>\n<p>Do 40 lbs. 1 softgel dnevno<br \/>\n41 do 80 lbs. 2 softgel dnevno<br \/>\nPreko 81 lbs. 3 softgel dnevno<br \/>\n\u0406\u043d\u0448\u0456 \u0456\u043d\u0433\u0440\u0435\u0434\u0456\u0454\u043d\u0442\u0438<\/p>\n<p>Gove\u0111a \u017eelatina, d-alfa tokoferol (vitamin E), glicerin, voda.<\/p>\n<p>\u041f\u043e\u043f\u0435\u0440\u0435\u0434\u0436\u0435\u043d\u043d\u044f<\/p>\n<p>Samo za \u017eivotinje.<\/p>\n<p>\u010cuvati izvan dohvata djece i \u017eivotinja. U slu\u010daju slu\u010dajnog predoziranja, odmah se obratite zdravstvenom radniku.<\/p>\n<p>Sigurna primjena kod gravidnih \u017eivotinja ili \u017eivotinja namijenjenih rasplodu nije dokazana.<\/p>\n<p>Ako se stanje \u017eivotinje pogor\u0161a ili ne popravi, prekinite primjenu proizvoda i posavjetujte se s veterinarom.<\/p>\n<p>Savezni zakon zabranjuje nenavedenu uporabu ovog proizvoda kod pre\u017eiva\u010da.<\/p>\n<\/div>\n<\/div>\n<div class=\"row item-row\">\n<div class=\"col-xs-24\"><\/div>\n<\/div>\n<div class=\"row item-row\">\n<div class=\"col-xs-24\"><\/div>\n<\/div>\n<\/div>\n<div class=\"col-xs-24 col-md-10\">\n<div class=\"supplement-facts-container\">\n<table border=\"1\" width=\"100%\" cellspacing=\"0\" cellpadding=\"3\">\n<tbody>\n<tr>\n<td colspan=\"2\"><strong>Product Facts<\/strong><\/td>\n<\/tr>\n<tr align=\"left\" valign=\"top\">\n<td colspan=\"2\"><strong>Active Ingredients per Softgel (1.4 g):\u00a0<\/strong><\/td>\n<\/tr>\n<tr align=\"left\" valign=\"top\">\n<td width=\"50%\">Fish Oil Concentrate<\/td>\n<td width=\"50%\">1000 mg<\/td>\n<\/tr>\n<tr align=\"left\" valign=\"top\">\n<td colspan=\"2\"><strong>Providing:<\/strong><\/td>\n<\/tr>\n<tr align=\"left\" valign=\"top\">\n<td>Eicosapentaenoic Acid (EPA)<\/td>\n<td>180 mg<\/td>\n<\/tr>\n<tr align=\"left\" valign=\"top\">\n<td>Docosahexaenoic Acid (DHA)<\/td>\n<td>120 mg<\/td>\n<\/tr>\n<\/tbody>\n<\/table>\n<\/div>\n<\/div>","protected":false},"excerpt":{"rendered":"<p>Opis Ne-GMO Pe\u010dat kvalitete NASC Preporuka veterinara Bez glutena Uz Omega-3 Support iz NOW\u00ae Pets mo\u017eete svojim ljubimcima dati va\u017ene omega-3 masne kiseline koje su im potrebne za odr\u017eavanje zdravlja zglobova, normalnu funkciju mozga i normalan imunolo\u0161ki odgovor na sezonske izazove. Na\u0161u Omega-3 podr\u0161ku preporu\u010duje renomirana veterinarka dr. Barbara Royal, DVM, CVA, osniva\u010dica Royal Treatment[&#8230;]<\/p>","protected":false},"featured_media":6786,"comment_status":"open","ping_status":"closed","template":"","meta":{"inline_featured_image":false},"product_cat":[80,27],"product_tag":[],"class_list":{"0":"post-6784","1":"product","2":"type-product","3":"status-publish","4":"has-post-thumbnail","6":"product_cat-pet-supplements","7":"product_cat-pets","9":"first","10":"instock","11":"featured","12":"shipping-taxable","13":"purchasable","14":"product-type-simple"},"_links":{"self":[{"href":"https:\/\/be-healthy.taniko.me\/uk\/wp-json\/wp\/v2\/product\/6784","targetHints":{"allow":["GET"]}}],"collection":[{"href":"https:\/\/be-healthy.taniko.me\/uk\/wp-json\/wp\/v2\/product"}],"about":[{"href":"https:\/\/be-healthy.taniko.me\/uk\/wp-json\/wp\/v2\/types\/product"}],"replies":[{"embeddable":true,"href":"https:\/\/be-healthy.taniko.me\/uk\/wp-json\/wp\/v2\/comments?post=6784"}],"wp:featuredmedia":[{"embeddable":true,"href":"https:\/\/be-healthy.taniko.me\/uk\/wp-json\/wp\/v2\/media\/6786"}],"wp:attachment":[{"href":"https:\/\/be-healthy.taniko.me\/uk\/wp-json\/wp\/v2\/media?parent=6784"}],"wp:term":[{"taxonomy":"product_cat","embeddable":true,"href":"https:\/\/be-healthy.taniko.me\/uk\/wp-json\/wp\/v2\/product_cat?post=6784"},{"taxonomy":"product_tag","embeddable":true,"href":"https:\/\/be-healthy.taniko.me\/uk\/wp-json\/wp\/v2\/product_tag?post=6784"}],"curies":[{"name":"wp","href":"https:\/\/api.w.org\/{rel}","templated":true}]}}