{"id":6787,"date":"2023-12-30T19:54:14","date_gmt":"2023-12-30T19:54:14","guid":{"rendered":"https:\/\/be-healthy.taniko.me\/?post_type=product&#038;p=6787"},"modified":"2024-10-15T09:14:36","modified_gmt":"2024-10-15T09:14:36","slug":"charlie-and-frank-pet-hip-joint-for-cats-dogs-120-soft-chews","status":"publish","type":"product","link":"https:\/\/be-healthy.taniko.me\/uk\/product\/charlie-and-frank-pet-hip-joint-for-cats-dogs-120-soft-chews\/","title":{"rendered":"Charlie and Frank, Pet Hip &#038; Joint, For Cats &#038; Dogs, 120 Soft Chews"},"content":{"rendered":"<div class=\"col-xs-24 col-md-14\">\n<div class=\"row item-row\">\n<div class=\"col-xs-24\">\n<p>\u041e\u043f\u0438\u0441<br \/>\nCharlie &amp; Frank\u00a0Pet kuk i zglob<br \/>\nMeki dodaci za \u017evakanje za ma\u010dke i pse<br \/>\nPoma\u017ee u odr\u017eavanju zdrave funkcije i fleksibilnosti zglobova<br \/>\nFormulirano za ma\u010dke i pse starije od 12 tjedana<br \/>\nBez p\u0161enice<br \/>\nGlukozamin i hondroitin<br \/>\nYucca Schidigera<br \/>\nVitamin C i E<br \/>\nProizvedeno u pogonu koji je uskla\u0111en s cGMP-om<\/p>\n<p>Zabavni, razigrani i pouzdani proizvodi za najdlakavije \u010dlanove va\u0161e obitelji.<\/p>\n<p>Charlie &amp; Frank\u00a0Pet Hip &amp; Joint\u00a0mekani dodaci za \u017evakanje formulirani su da podr\u017ee zdravu funkciju i fleksibilnost zglobova kombiniranjem pouzdanih sastojaka s ukusnim pivskim kvascem i prirodnim okusima. Ove \u017evaka\u0107e hrane poma\u017eu u odr\u017eavanju normalne zdrave funkcije hrskavice i zglobova va\u0161eg krznenog \u010dlana obitelji.<\/p>\n<p>Zna\u010dajka mekih \u017evaka\u0107ih kukova i zglobova ku\u0107nih ljubimaca:<\/p>\n<p>Glukozamin i hondroitin za podr\u0161ku zglobovima<br \/>\nYucca Schidigera za protuupalnu potporu<br \/>\nVitamin C &amp; E za antioksidanse i podr\u0161ku vezivnom tkivu<br \/>\n\u0420\u0435\u043a\u043e\u043c\u0435\u043d\u0434\u0430\u0446\u0456\u0457 \u0456\u0437 \u0437\u0430\u0441\u0442\u043e\u0441\u0443\u0432\u0430\u043d\u043d\u044f<\/p>\n<p>Za primjenu kod ma\u010daka i pasa starijih od 12 tjedana.<\/p>\n<\/div>\n<\/div>\n<div class=\"row item-row\">\n<div class=\"col-xs-24\">\n<div class=\"prodOverviewDetail\">\n<table border=\"1\" width=\"100%\" cellspacing=\"0\" cellpadding=\"3\">\n<tbody>\n<tr align=\"left\" valign=\"top\">\n<td colspan=\"2\"><strong>Directions For Use: (Daily Maintenance)<\/strong><\/td>\n<\/tr>\n<tr align=\"left\" valign=\"top\">\n<td width=\"50%\"><strong>Weight:<\/strong><\/td>\n<td width=\"50%\"><strong>Amount:<\/strong><\/td>\n<\/tr>\n<tr align=\"left\" valign=\"top\">\n<td>Up to 10 lbs<\/td>\n<td>1 soft chew<\/td>\n<\/tr>\n<tr>\n<td>11 to 39 lbs<\/td>\n<td>2 soft chews<\/td>\n<\/tr>\n<tr>\n<td>40 to 79 lbs<\/td>\n<td>3 soft chews<\/td>\n<\/tr>\n<tr>\n<td class=\"\">80 lbs &amp; over<\/td>\n<td class=\"\">4 soft chews<\/td>\n<\/tr>\n<tr>\n<td colspan=\"2\">Double the daily amount for the first 3 weeks.<\/td>\n<\/tr>\n<tr>\n<td colspan=\"2\">This product is intended for intermittent or supplemental feeding only.<\/td>\n<\/tr>\n<\/tbody>\n<\/table>\n<\/div>\n<\/div>\n<\/div>\n<div class=\"row item-row\">\n<div class=\"col-xs-24\">\n<p>\u0406\u043d\u0448\u0456 \u0456\u043d\u0433\u0440\u0435\u0434\u0456\u0454\u043d\u0442\u0438<\/p>\n<p>Glavni sastojci<br \/>\nGlukozamin HCl (izvor \u0161koljki), Yucca schidigera, hondroitin sulfat (izvor svinja), kalcijev askorbat (vitamin C), DL-alfa-tokoferil acetat (vitamin E)<\/p>\n<p>\u0406\u043d\u0448\u0456 \u0456\u043d\u0433\u0440\u0435\u0434\u0456\u0454\u043d\u0442\u0438<br \/>\nPivski su\u0161eni kvasac, kalcijev askorbat (vitamin C), ulje kanole, limunska kiselina, riblje ulje, laneno sjeme, glicerin, lecitin, maltodekstrin, mije\u0161ani tokoferoli, prirodne arome, krumpir, ekstrakt ru\u017emarina, sorbinska kiselina, \u0161krob tapioke, biljno ulje, voda.<\/p>\n<p>\u041f\u043e\u043f\u0435\u0440\u0435\u0434\u0436\u0435\u043d\u043d\u044f<\/p>\n<p>Samo za \u017eivotinje. \u010cuvati izvan dohvata djece i \u017eivotinja. Prije davanja dodataka posavjetujte se sa svojim veterinarom. Sigurna primjena kod gravidnih \u017eivotinja ili \u017eivotinja namijenjenih rasplodu nije dokazana. Odmah prekinite s upotrebom ako se pojave novi ili pogor\u0161ani simptomi. U slu\u010daju slu\u010dajnog predoziranja, odmah se obratite zdravstvenom radniku.<\/p>\n<p>Ovaj proizvod je zape\u010da\u0107en radi za\u0161tite i ne smije se koristiti ako pe\u010dat nedostaje ili je slomljen. Najbolje ga je \u010duvati na sobnoj temperaturi.<\/p>\n<\/div>\n<\/div>\n<\/div>\n<div class=\"col-xs-24 col-md-10\">\n<div class=\"supplement-facts-container\">\n<table border=\"1\" width=\"100%\" cellspacing=\"0\" cellpadding=\"3\">\n<tbody>\n<tr align=\"left\" valign=\"top\">\n<td colspan=\"2\"><strong>Product Facts<\/strong><\/td>\n<\/tr>\n<tr align=\"left\" valign=\"top\">\n<td colspan=\"2\" width=\"50%\"><strong>Active Ingredients per 2 Soft Chews:<\/strong><\/td>\n<\/tr>\n<tr align=\"left\" valign=\"top\">\n<td>Glucosamine HCl (Shellfish Source)<\/td>\n<td>400 mg<\/td>\n<\/tr>\n<tr>\n<td>Yucca schidigera<\/td>\n<td>90 mg<\/td>\n<\/tr>\n<tr>\n<td>Chondroitin Sulfate (Porcine Source)<\/td>\n<td>58 mg<\/td>\n<\/tr>\n<tr>\n<td>DL-alpha-tocopheryl acetate (Vitamin E)<\/td>\n<td>60 IU<\/td>\n<\/tr>\n<\/tbody>\n<\/table>\n<\/div>\n<\/div>","protected":false},"excerpt":{"rendered":"<p>Opis Charlie &amp; Frank\u00a0Pet kuk i zglob Meki dodaci za \u017evakanje za ma\u010dke i pse Poma\u017ee u odr\u017eavanju zdrave funkcije i fleksibilnosti zglobova Formulirano za ma\u010dke i pse starije od 12 tjedana Bez p\u0161enice Glukozamin i hondroitin Yucca Schidigera Vitamin C i E Proizvedeno u pogonu koji je uskla\u0111en s cGMP-om Zabavni, razigrani i pouzdani[&#8230;]<\/p>","protected":false},"featured_media":6789,"comment_status":"open","ping_status":"closed","template":"","meta":{"inline_featured_image":false},"product_cat":[80,27],"product_tag":[],"class_list":{"0":"post-6787","1":"product","2":"type-product","3":"status-publish","4":"has-post-thumbnail","6":"product_cat-pet-supplements","7":"product_cat-pets","9":"first","10":"instock","11":"featured","12":"shipping-taxable","13":"purchasable","14":"product-type-simple"},"_links":{"self":[{"href":"https:\/\/be-healthy.taniko.me\/uk\/wp-json\/wp\/v2\/product\/6787","targetHints":{"allow":["GET"]}}],"collection":[{"href":"https:\/\/be-healthy.taniko.me\/uk\/wp-json\/wp\/v2\/product"}],"about":[{"href":"https:\/\/be-healthy.taniko.me\/uk\/wp-json\/wp\/v2\/types\/product"}],"replies":[{"embeddable":true,"href":"https:\/\/be-healthy.taniko.me\/uk\/wp-json\/wp\/v2\/comments?post=6787"}],"wp:featuredmedia":[{"embeddable":true,"href":"https:\/\/be-healthy.taniko.me\/uk\/wp-json\/wp\/v2\/media\/6789"}],"wp:attachment":[{"href":"https:\/\/be-healthy.taniko.me\/uk\/wp-json\/wp\/v2\/media?parent=6787"}],"wp:term":[{"taxonomy":"product_cat","embeddable":true,"href":"https:\/\/be-healthy.taniko.me\/uk\/wp-json\/wp\/v2\/product_cat?post=6787"},{"taxonomy":"product_tag","embeddable":true,"href":"https:\/\/be-healthy.taniko.me\/uk\/wp-json\/wp\/v2\/product_tag?post=6787"}],"curies":[{"name":"wp","href":"https:\/\/api.w.org\/{rel}","templated":true}]}}