{"id":6790,"date":"2023-12-30T23:19:53","date_gmt":"2023-12-30T23:19:53","guid":{"rendered":"https:\/\/be-healthy.taniko.me\/?post_type=product&#038;p=6790"},"modified":"2024-10-15T09:13:13","modified_gmt":"2024-10-15T09:13:13","slug":"charlie-and-frank-dog-multi-vitamin-mineral-supports-fresh-breath-60-soft-chews-6-3-oz-180-g","status":"publish","type":"product","link":"https:\/\/be-healthy.taniko.me\/uk\/product\/charlie-and-frank-dog-multi-vitamin-mineral-supports-fresh-breath-60-soft-chews-6-3-oz-180-g\/","title":{"rendered":"Charlie and Frank, Dog Multi-Vitamin &#038; Mineral, Supports Fresh Breath, 60 Soft Chews, 6.3 oz (180 g)"},"content":{"rendered":"<div class=\"col-xs-24 col-md-14\">\n<div class=\"row item-row\">\n<div class=\"col-xs-24\">\n<p>\u041e\u043f\u0438\u0441<br \/>\nCharlie &amp; Frank\u00a0Dog multivitamini i minerali<br \/>\nMeki dodaci za \u017evakanje za pse<br \/>\nPoma\u017ee u odr\u017eavanju zdravog tijela i svje\u017eeg daha<br \/>\nCijeli spektar vitamina i minerala s Omega-6<br \/>\nPivski kvasac, per\u0161inov list i laneno sjeme<br \/>\nBez p\u0161enice i formuliran za odrasle pse<\/p>\n<p>Zabavni, razigrani i pouzdani proizvodi za najdlakavije \u010dlanove va\u0161e obitelji.<\/p>\n<p>Charlie &amp; Frank\u00a0Dog Multi-Vitamin &amp; Mineral\u00a0meke \u017evaka\u0107e \u017evake formulirane su posebno za odrasle pse starije od 1 godine i pru\u017eaju cijeli spektar vitamina i minerala kao i Omega-6 masnih kiselina.Ove \u017evaka\u0107e hrane poma\u017eu u odr\u017eavanju zdravog tijela i svje\u017eeg daha s pivskim kvascem, listom per\u0161ina i lanenim sjemenkama.<\/p>\n<p>\u0420\u0435\u043a\u043e\u043c\u0435\u043d\u0434\u0430\u0446\u0456\u0457 \u0456\u0437 \u0437\u0430\u0441\u0442\u043e\u0441\u0443\u0432\u0430\u043d\u043d\u044f<\/p>\n<\/div>\n<\/div>\n<div class=\"row item-row\">\n<div class=\"col-xs-24\">\n<div class=\"prodOverviewDetail\">\n<table border=\"1\" width=\"100%\" cellspacing=\"0\" cellpadding=\"3\">\n<tbody>\n<tr align=\"left\" valign=\"top\">\n<td colspan=\"2\"><strong>Feeding Directions: (Daily)<\/strong><\/td>\n<td rowspan=\"4\">This product is intended for intermittent or supplemental feeding only.<\/td>\n<\/tr>\n<tr align=\"left\" valign=\"top\">\n<td width=\"50%\"><strong>Weight:<\/strong><\/td>\n<td width=\"50%\"><strong>Amount:<\/strong><\/td>\n<\/tr>\n<tr align=\"left\" valign=\"top\">\n<td>Up to 10 lbs<\/td>\n<td>1\/2 soft chew<\/td>\n<\/tr>\n<tr>\n<td>11 lbs and over<\/td>\n<td>1 to 2 soft chews<\/td>\n<\/tr>\n<\/tbody>\n<\/table>\n<\/div>\n<\/div>\n<\/div>\n<div class=\"row item-row\">\n<div class=\"col-xs-24\">\n<p>\u0406\u043d\u0448\u0456 \u0456\u043d\u0433\u0440\u0435\u0434\u0456\u0454\u043d\u0442\u0438<\/p>\n<p>\u0406\u043d\u0448\u0456 \u0456\u043d\u0433\u0440\u0435\u0434\u0456\u0454\u043d\u0442\u0438<br \/>\nGlicerin, dikalcijev fosfat, pivski su\u0161eni kvasac, su\u0161eni proizvod od krumpira, laneno sjeme, lecitin, ulje kanole, list per\u0161ina, prirodne arome, voda, magnezijev stearat, maltodekstrin, \u0161krob tapioke, \u017eeljezni sulfat, dodatak niacinu, sorbinska kiselina (konzervans), povr\u0107e Ulje, mje\u0161avina tokoferola (konzervans), vitamin A palmitat, cink sulfat, vitamin E dodatak, dl-metionin, beta karoten, riboflavin, tiamin mononitrat, vitamin D3 dodatak, mangan sulfat, piridoksin hidroklorid, bakar karbonat, kalijev jodid, kobalt karbonat , Dodatak vitamina B12.<\/p>\n<p>\u041f\u043e\u043f\u0435\u0440\u0435\u0434\u0436\u0435\u043d\u043d\u044f<\/p>\n<p>Samo za \u017eivotinje. \u010cuvati izvan dohvata djece i \u017eivotinja. Prije davanja dodataka posavjetujte se sa svojim veterinarom. Sigurna primjena kod gravidnih \u017eivotinja ili \u017eivotinja namijenjenih rasplodu nije dokazana. Odmah prekinite s upotrebom ako se pojave novi ili pogor\u0161ani simptomi. U slu\u010daju slu\u010dajnog predoziranja, odmah se obratite zdravstvenom radniku.<\/p>\n<p>Ovaj proizvod je zape\u010da\u0107en radi za\u0161tite i ne smije se koristiti ako pe\u010dat nedostaje ili je slomljen. Najbolje ga je \u010duvati na sobnoj temperaturi.<\/p>\n<\/div>\n<\/div>\n<div class=\"row item-row\">\n<div class=\"col-xs-24\"><\/div>\n<\/div>\n<\/div>\n<div class=\"col-xs-24 col-md-10\">\n<div class=\"supplement-facts-container\">\n<table border=\"1\" width=\"100%\" cellspacing=\"0\" cellpadding=\"3\">\n<tbody>\n<tr align=\"left\" valign=\"top\">\n<td><strong>Guaranteed Analysis Per Soft Chew:<\/strong><\/td>\n<td><strong>Min.<\/strong><\/td>\n<\/tr>\n<tr>\n<td>Moisture (Max.)<\/td>\n<td>13.3%<\/td>\n<\/tr>\n<tr>\n<td>Linoleic Acid (Omega-6)<\/td>\n<td>(30 mg) 1%<\/td>\n<\/tr>\n<tr>\n<td>Calcium<\/td>\n<td>(75 mg) 2.5%<\/td>\n<\/tr>\n<tr>\n<td>Phosphorus<\/td>\n<td>(77 mg) 2.5%<\/td>\n<\/tr>\n<tr>\n<td>Potassium<\/td>\n<td>(0.016 mg) 0.0005%<\/td>\n<\/tr>\n<tr>\n<td>Magnesium<\/td>\n<td>(0.00023 mg) 0.0000076%<\/td>\n<\/tr>\n<tr>\n<td>Iron<\/td>\n<td>7 mg<\/td>\n<\/tr>\n<tr>\n<td>Copper<\/td>\n<td>0.05 mg<\/td>\n<\/tr>\n<tr>\n<td>Manganese<\/td>\n<td>0.06 mg<\/td>\n<\/tr>\n<tr>\n<td>Zinc<\/td>\n<td>1.5 mg<\/td>\n<\/tr>\n<tr>\n<td>Iodine<\/td>\n<td>0.052 mg<\/td>\n<\/tr>\n<tr>\n<td>Vitamin A<\/td>\n<td>450 IU<\/td>\n<\/tr>\n<tr>\n<td>Vitamin E<\/td>\n<td>2 IU<\/td>\n<\/tr>\n<tr>\n<td class=\"\">Thiamine (Vitamin B1)<\/td>\n<td>0.819 mg<\/td>\n<\/tr>\n<tr>\n<td>Niacin<\/td>\n<td>10 mg<\/td>\n<\/tr>\n<tr>\n<td>Pyridoxine (Vitamin B6)<\/td>\n<td>0.082 mg<\/td>\n<\/tr>\n<tr>\n<td>Vitamin B12<\/td>\n<td>0.0002 mg<\/td>\n<\/tr>\n<tr>\n<td>*Cobalt<\/td>\n<td>0.014 mg<\/td>\n<\/tr>\n<tr>\n<td class=\"\" colspan=\"2\">*Not recognized as an essential nutrient by the AAFCO Dog Food Nutrient Profiles. (All values are minimum unless otherwise noted.)<\/td>\n<\/tr>\n<tr>\n<td colspan=\"2\"><strong>Calorie Content (Calculated) ME:\u00a0<\/strong>3,969 kcal\/kg, 11.9 kcal\/chew<\/td>\n<\/tr>\n<\/tbody>\n<\/table>\n<\/div>\n<\/div>","protected":false},"excerpt":{"rendered":"<p>Opis Charlie &amp; Frank\u00a0Dog multivitamini i minerali Meki dodaci za \u017evakanje za pse Poma\u017ee u odr\u017eavanju zdravog tijela i svje\u017eeg daha Cijeli spektar vitamina i minerala s Omega-6 Pivski kvasac, per\u0161inov list i laneno sjeme Bez p\u0161enice i formuliran za odrasle pse Zabavni, razigrani i pouzdani proizvodi za najdlakavije \u010dlanove va\u0161e obitelji. Charlie &amp; Frank\u00a0Dog[&#8230;]<\/p>","protected":false},"featured_media":6792,"comment_status":"open","ping_status":"closed","template":"","meta":{"inline_featured_image":false},"product_cat":[80,27],"product_tag":[],"class_list":{"0":"post-6790","1":"product","2":"type-product","3":"status-publish","4":"has-post-thumbnail","6":"product_cat-pet-supplements","7":"product_cat-pets","9":"first","10":"instock","11":"featured","12":"shipping-taxable","13":"purchasable","14":"product-type-simple"},"_links":{"self":[{"href":"https:\/\/be-healthy.taniko.me\/uk\/wp-json\/wp\/v2\/product\/6790","targetHints":{"allow":["GET"]}}],"collection":[{"href":"https:\/\/be-healthy.taniko.me\/uk\/wp-json\/wp\/v2\/product"}],"about":[{"href":"https:\/\/be-healthy.taniko.me\/uk\/wp-json\/wp\/v2\/types\/product"}],"replies":[{"embeddable":true,"href":"https:\/\/be-healthy.taniko.me\/uk\/wp-json\/wp\/v2\/comments?post=6790"}],"wp:featuredmedia":[{"embeddable":true,"href":"https:\/\/be-healthy.taniko.me\/uk\/wp-json\/wp\/v2\/media\/6792"}],"wp:attachment":[{"href":"https:\/\/be-healthy.taniko.me\/uk\/wp-json\/wp\/v2\/media?parent=6790"}],"wp:term":[{"taxonomy":"product_cat","embeddable":true,"href":"https:\/\/be-healthy.taniko.me\/uk\/wp-json\/wp\/v2\/product_cat?post=6790"},{"taxonomy":"product_tag","embeddable":true,"href":"https:\/\/be-healthy.taniko.me\/uk\/wp-json\/wp\/v2\/product_tag?post=6790"}],"curies":[{"name":"wp","href":"https:\/\/api.w.org\/{rel}","templated":true}]}}