{"id":6793,"date":"2023-12-31T14:26:22","date_gmt":"2023-12-31T14:26:22","guid":{"rendered":"https:\/\/be-healthy.taniko.me\/?post_type=product&#038;p=6793"},"modified":"2024-10-15T09:12:01","modified_gmt":"2024-10-15T09:12:01","slug":"charlie-and-frank-pet-omega-3-fish-oil-for-cats-dogs-3-3-fl-oz-100-ml","status":"publish","type":"product","link":"https:\/\/be-healthy.taniko.me\/uk\/product\/charlie-and-frank-pet-omega-3-fish-oil-for-cats-dogs-3-3-fl-oz-100-ml\/","title":{"rendered":"Charlie and Frank, Pet Omega-3 Fish Oil, For Cats &#038; Dogs, 3.3 fl oz (100 ml)"},"content":{"rendered":"<div class=\"col-xs-24 col-md-14\">\n<div class=\"row item-row\">\n<div class=\"col-xs-24\">\n<p>\u041e\u043f\u0438\u0441<br \/>\nCharlie &amp; Frank\u00a0Pet Omega-3 riblje ulje<br \/>\nTeku\u0107i dodatak za ma\u010dke i pse<br \/>\nPodr\u017eava zdravu ko\u017eu i dlaku<br \/>\nNorve\u0161ko riblje ulje<br \/>\nProizvedeno u pogonu koji je uskla\u0111en s cGMP-om<\/p>\n<p>Zabavni, razigrani i pouzdani proizvodi za najdlakavije \u010dlanove va\u0161e obitelji.<\/p>\n<p>Charlie &amp; Frank\u00a0Pet Omega-3 riblje ulje\u00a0poma\u017ee u odr\u017eavanju zdravlja va\u0161ih ljubimaca s norve\u0161kim ribljim uljem za odr\u017eavanje zdrave ko\u017ee i dlake.<\/p>\n<p>\u0420\u0435\u043a\u043e\u043c\u0435\u043d\u0434\u0430\u0446\u0456\u0457 \u0456\u0437 \u0437\u0430\u0441\u0442\u043e\u0441\u0443\u0432\u0430\u043d\u043d\u044f<\/p>\n<p>Za pse i ma\u010dke starije od 12 tjedana.<\/p>\n<table style=\"font-size: 16px;\" border=\"1\" width=\"100%\" cellspacing=\"0\" cellpadding=\"3\">\n<tbody>\n<tr align=\"left\" valign=\"top\">\n<td width=\"50%\"><strong>Weight:<\/strong><\/td>\n<td width=\"50%\"><strong>Amount:<\/strong><\/td>\n<\/tr>\n<tr align=\"left\" valign=\"top\">\n<td>Up to 10 lbs<\/td>\n<td>1\/4 tsp<\/td>\n<\/tr>\n<tr>\n<td>11 lbs and over<\/td>\n<td>1\/2 tsp<\/td>\n<\/tr>\n<tr align=\"left\" valign=\"top\">\n<td colspan=\"2\">This product is intended for intermittent or supplemental feeding only.<\/td>\n<\/tr>\n<\/tbody>\n<\/table>\n<\/div>\n<\/div>\n<div class=\"row item-row\">\n<div class=\"col-xs-24\">\n<p>\u0406\u043d\u0448\u0456 \u0456\u043d\u0433\u0440\u0435\u0434\u0456\u0454\u043d\u0442\u0438<\/p>\n<p>Glavni sastojci<br \/>\nRiblje ulje (in\u0107un, sardina, sku\u0161a) i prirodna mje\u0161avina tokoferola.<\/p>\n<p>\u041f\u043e\u043f\u0435\u0440\u0435\u0434\u0436\u0435\u043d\u043d\u044f<\/p>\n<p>Samo za \u017eivotinje. \u010cuvati izvan dohvata djece i \u017eivotinja. Posavjetujte se sa svojim veterinarom ako va\u0161 ljubimac ima kroni\u010dnu bolest ili uzima bilo kakve lijekove prije upotrebe ovog proizvoda. Obavijestite svog veterinara da va\u0161 ljubimac prima ovaj proizvod prije bilo kakve predvi\u0111ene operacije.<\/p>\n<p>Ovaj proizvod je zape\u010da\u0107en radi za\u0161tite i ne smije se koristiti ako pe\u010dat nedostaje ili je slomljen. Najbolje ga je \u010duvati na sobnoj temperaturi. Nakon otvaranja \u010duvati u hladnjaku.<\/p>\n<\/div>\n<\/div>\n<div class=\"row item-row\">\n<div class=\"col-xs-24\"><\/div>\n<\/div>\n<div class=\"row item-row\">\n<div class=\"col-xs-24\"><\/div>\n<\/div>\n<\/div>\n<div class=\"col-xs-24 col-md-10\">\n<div class=\"supplement-facts-container\">\n<table border=\"1\" width=\"100%\" cellspacing=\"0\" cellpadding=\"3\">\n<tbody>\n<tr align=\"left\" valign=\"top\">\n<td colspan=\"2\" width=\"50%\"><strong>Guaranteed Analysis:<\/strong><\/td>\n<\/tr>\n<tr align=\"left\" valign=\"top\">\n<td>Crude Protein (Minimum)<\/td>\n<td>0.0%<\/td>\n<\/tr>\n<tr>\n<td class=\"\">Crude Fat (Minimum)<\/td>\n<td class=\"\">99%<\/td>\n<\/tr>\n<tr>\n<td>Crude Fiber (Maximum)<\/td>\n<td>0.0%<\/td>\n<\/tr>\n<tr>\n<td>Moisture (Maximum)<\/td>\n<td>0.1%<\/td>\n<\/tr>\n<tr>\n<td>Total Omega-3* (Minimum)<\/td>\n<td>30.1%<\/td>\n<\/tr>\n<tr>\n<td>EPA* (Eicosapentaenoic Acid)\u00a0(Minimum)<\/td>\n<td>15.9%<\/td>\n<\/tr>\n<tr>\n<td>DHA* (Docosahexaenoic Acid) (Minimum)<\/td>\n<td>9.9%<\/td>\n<\/tr>\n<tr>\n<td class=\"\" colspan=\"2\">*Not recognized as an essential nutrient by the AAFCO Dog Food Nutrient Profile.<\/td>\n<\/tr>\n<tr align=\"left\" valign=\"top\">\n<td class=\"fr-selected-cell\" colspan=\"2\"><strong>Calories Content (calculated):<\/strong>\u00a09,000 kcal \/ kg<br \/>\n41.9 kcal \/ 5 ml (serving size)<\/td>\n<\/tr>\n<\/tbody>\n<\/table>\n<\/div>\n<\/div>","protected":false},"excerpt":{"rendered":"<p>Opis Charlie &amp; Frank\u00a0Pet Omega-3 riblje ulje Teku\u0107i dodatak za ma\u010dke i pse Podr\u017eava zdravu ko\u017eu i dlaku Norve\u0161ko riblje ulje Proizvedeno u pogonu koji je uskla\u0111en s cGMP-om Zabavni, razigrani i pouzdani proizvodi za najdlakavije \u010dlanove va\u0161e obitelji. Charlie &amp; Frank\u00a0Pet Omega-3 riblje ulje\u00a0poma\u017ee u odr\u017eavanju zdravlja va\u0161ih ljubimaca s norve\u0161kim ribljim uljem za[&#8230;]<\/p>","protected":false},"featured_media":6795,"comment_status":"open","ping_status":"closed","template":"","meta":{"inline_featured_image":false},"product_cat":[80,27],"product_tag":[],"class_list":{"0":"post-6793","1":"product","2":"type-product","3":"status-publish","4":"has-post-thumbnail","6":"product_cat-pet-supplements","7":"product_cat-pets","9":"first","10":"instock","11":"featured","12":"shipping-taxable","13":"purchasable","14":"product-type-simple"},"_links":{"self":[{"href":"https:\/\/be-healthy.taniko.me\/uk\/wp-json\/wp\/v2\/product\/6793","targetHints":{"allow":["GET"]}}],"collection":[{"href":"https:\/\/be-healthy.taniko.me\/uk\/wp-json\/wp\/v2\/product"}],"about":[{"href":"https:\/\/be-healthy.taniko.me\/uk\/wp-json\/wp\/v2\/types\/product"}],"replies":[{"embeddable":true,"href":"https:\/\/be-healthy.taniko.me\/uk\/wp-json\/wp\/v2\/comments?post=6793"}],"wp:featuredmedia":[{"embeddable":true,"href":"https:\/\/be-healthy.taniko.me\/uk\/wp-json\/wp\/v2\/media\/6795"}],"wp:attachment":[{"href":"https:\/\/be-healthy.taniko.me\/uk\/wp-json\/wp\/v2\/media?parent=6793"}],"wp:term":[{"taxonomy":"product_cat","embeddable":true,"href":"https:\/\/be-healthy.taniko.me\/uk\/wp-json\/wp\/v2\/product_cat?post=6793"},{"taxonomy":"product_tag","embeddable":true,"href":"https:\/\/be-healthy.taniko.me\/uk\/wp-json\/wp\/v2\/product_tag?post=6793"}],"curies":[{"name":"wp","href":"https:\/\/api.w.org\/{rel}","templated":true}]}}