{"id":6796,"date":"2023-12-31T16:11:44","date_gmt":"2023-12-31T16:11:44","guid":{"rendered":"https:\/\/be-healthy.taniko.me\/?post_type=product&#038;p=6796"},"modified":"2024-10-15T09:10:44","modified_gmt":"2024-10-15T09:10:44","slug":"nordic-naturals-omega-3-pet-cats-and-small-breed-dogs-2-fl-oz-60-ml","status":"publish","type":"product","link":"https:\/\/be-healthy.taniko.me\/uk\/product\/nordic-naturals-omega-3-pet-cats-and-small-breed-dogs-2-fl-oz-60-ml\/","title":{"rendered":"Nordic Naturals, Omega-3 Pet, Cats and Small Breed Dogs, 2 fl oz (60 ml)"},"content":{"rendered":"<div class=\"col-xs-24 col-md-14\">\n<div class=\"row item-row\">\n<div class=\"col-xs-24\">\n<p>\u041e\u043f\u0438\u0441<br \/>\n\u010cisti dodatak omega-3 ulja<br \/>\nUlje divljeg in\u0107una i sardine<br \/>\nZa optimalno zdravlje i dobrobit ku\u0107nih ljubimaca<br \/>\nIspitano na \u010disto\u0107u tre\u0107e strane<br \/>\nDestilirano za \u010disto\u0107u<br \/>\nOdr\u017eivi ribolov<br \/>\nOblik triglicerida<br \/>\nOdmjerena kapaljka za jednostavnu upotrebu i to\u010dnost primjene<br \/>\n\u010cisto Omega-3 ulje za va\u0161eg ljubimca<\/p>\n<p>Nordic Naturals \u010disto omega-3 ulje, dobiveno isklju\u010divo iz divljih in\u0107una i sardina, nudi va\u017ene omega-3 masne kiseline, EPA i DHA, koje poma\u017eu u odr\u017eavanju zdrave ko\u017ee, dlake, zglobova, srca te razvoju i odr\u017eavanju mozga i o\u010di.<\/p>\n<p>Nordic Naturals ulja su destilirana radi \u010disto\u0107e i prema\u0161uju stroge me\u0111unarodne standarde za \u010disto\u0107u i svje\u017einu (Europska farmakopeja i Svjetska zdravstvena organizacija).<\/p>\n<p>\u0420\u0435\u043a\u043e\u043c\u0435\u043d\u0434\u0430\u0446\u0456\u0457 \u0456\u0437 \u0437\u0430\u0441\u0442\u043e\u0441\u0443\u0432\u0430\u043d\u043d\u044f<\/p>\n<table style=\"font-size: 16px;\" border=\"1\" width=\"100%\" cellspacing=\"0\" cellpadding=\"3\">\n<tbody>\n<tr align=\"left\" valign=\"top\">\n<td colspan=\"2\"><strong>Suggested daily use for cats 2 to over 20 lbs<\/strong><\/td>\n<\/tr>\n<tr align=\"left\" valign=\"top\">\n<td width=\"50%\">2-4 lbs<\/td>\n<td width=\"50%\">0.25 ml (37 mg EPA\/25 mg DHA)<\/td>\n<\/tr>\n<tr align=\"left\" valign=\"top\">\n<td>5-9 lbs<\/td>\n<td>0.5 ml (74 mg EPA\/51 mg DHA)<\/td>\n<\/tr>\n<tr align=\"left\" valign=\"top\">\n<td>10-14 lbs<\/td>\n<td>0.75 ml (110 mg EPA\/76 mg DHA)<\/td>\n<\/tr>\n<tr align=\"left\" valign=\"top\">\n<td>15-20 lbs<\/td>\n<td>1.0 ml (147 mg EPA\/101 mg DHA)<\/td>\n<\/tr>\n<tr align=\"left\" valign=\"top\">\n<td>Over 20 lbs<\/td>\n<td>1.25 ml (184 mg EPA\/127 mg DHA)<\/td>\n<\/tr>\n<tr align=\"left\" valign=\"top\">\n<td colspan=\"2\"><strong>Suggested daily use for dogs 2-19 lbs<\/strong><\/td>\n<\/tr>\n<tr align=\"left\" valign=\"top\">\n<td width=\"50%\">2-4 lbs<\/td>\n<td width=\"50%\">0.5 ml (74 mg EPA\/51 mg DHA)<\/td>\n<\/tr>\n<tr align=\"left\" valign=\"top\">\n<td>5-9 lbs<\/td>\n<td>1.0 ml (147 mg EPA\/101 mg DHA)<\/td>\n<\/tr>\n<tr align=\"left\" valign=\"top\">\n<td>10-19 lbs<\/td>\n<td>2.0 ml (294 mg EPA\/202 mg DHA)<\/td>\n<\/tr>\n<\/tbody>\n<\/table>\n<\/div>\n<\/div>\n<div class=\"row item-row\">\n<div class=\"col-xs-24\">\n<div class=\"prodOverviewDetail\">\n<p>Nakon otvaranja \u010duvati u hladnjaku.<\/p>\n<p>Nanesite ulje na hranu ili poslu\u017eite samu.<\/p>\n<p>Nemojte prekora\u010diti preporu\u010denu dnevnu upotrebu bez savjetovanja s veterinarom.<\/p>\n<p>Nemojte koristiti kapaljku za dopremanje ulja u usta va\u0161eg psa ili ma\u010dke.<\/p>\n<p>Kako biste sa\u010duvali svje\u017einu, nemojte pritiskati \u017earulju pipetom u ulju. Temeljito o\u010distite pipetu izme\u0111u svake upotrebe. \u010cuvati bocu s originalnim \u010depom u hladnjaku.<\/p>\n<p>\u0406\u043d\u0448\u0456 \u0456\u043d\u0433\u0440\u0435\u0434\u0456\u0454\u043d\u0442\u0438<\/p>\n<p>Ulje in\u0107una, ulje sardine, d-alfa tokoferol (konzervans).<\/p>\n<p>Bez umjetnih boja i aroma.<\/p>\n<p>Masna kiselina u obliku triglicerida.<\/p>\n<p>\u041f\u043e\u043f\u0435\u0440\u0435\u0434\u0436\u0435\u043d\u043d\u044f<\/p>\n<p>Posavjetujte se sa svojim veterinarom ako va\u0161 ljubimac ima kroni\u010dnu bolest ili uzima bilo kakve lijekove prije upotrebe ovog proizvoda. Obavijestite svog veterinara da va\u0161 ljubimac prima ovaj proizvod prije bilo kakve predvi\u0111ene operacije. Posavjetujte se sa svojim veterinarom u slu\u010daju slu\u010dajnog gutanja.<\/p>\n<p>\u010cuvati izvan dohvata djece i ku\u0107nih ljubimaca.<\/p>\n<p>\u010cuvati na hladnom i suhom mjestu, daleko od sun\u010deve svjetlosti.<\/p>\n<p>Nemojte koristiti ako je pe\u010dat slomljen ili nedostaje.<\/p>\n<p>Iskoristiti unutar 3 mjeseca od otvaranja.<\/p>\n<\/div>\n<\/div>\n<\/div>\n<div class=\"row item-row\">\n<div class=\"col-xs-24\"><\/div>\n<\/div>\n<\/div>\n<div class=\"col-xs-24 col-md-10\">\n<div class=\"supplement-facts-container\">\n<table border=\"1\" width=\"100%\" cellspacing=\"0\" cellpadding=\"3\">\n<tbody>\n<tr valign=\"top\">\n<td colspan=\"2\"><strong>Guaranteed Analysis<\/strong><\/td>\n<\/tr>\n<tr valign=\"top\">\n<td colspan=\"2\"><strong>1 teaspoon = 5.0 mL (4600 mg)<\/strong><\/td>\n<\/tr>\n<tr valign=\"top\">\n<td colspan=\"2\"><strong>1 teaspoon contains:<\/strong><\/td>\n<\/tr>\n<tr valign=\"top\">\n<td width=\"70%\">Crude fat (min.)<\/td>\n<td width=\"30%\">99.4%<\/td>\n<\/tr>\n<tr valign=\"top\">\n<td>Moisture (max.)<\/td>\n<td>0.1%<\/td>\n<\/tr>\n<tr valign=\"top\">\n<td>Eicosapentaenoic Acid (EPA)* (min)<\/td>\n<td>16%<\/td>\n<\/tr>\n<tr valign=\"top\">\n<td>Docosahexaenoic Acid (DHA)* (min)<\/td>\n<td>11%<\/td>\n<\/tr>\n<tr>\n<td>Total Omega-3 Fatty Acids* (min.)<\/td>\n<td>33%<\/td>\n<\/tr>\n<tr valign=\"top\">\n<td colspan=\"2\">*Not recognized as an essential nutrient by the AAFCO Dog or Cat Food Nutrient Profiles.<\/td>\n<\/tr>\n<tr>\n<td colspan=\"2\"><strong>Calorie Content<\/strong>\u00a0(calculated) ME 8466 kcal\/kg, 8 kcal\/ml<\/td>\n<\/tr>\n<\/tbody>\n<\/table>\n<\/div>\n<\/div>","protected":false},"excerpt":{"rendered":"<p>Opis \u010cisti dodatak omega-3 ulja Ulje divljeg in\u0107una i sardine Za optimalno zdravlje i dobrobit ku\u0107nih ljubimaca Ispitano na \u010disto\u0107u tre\u0107e strane Destilirano za \u010disto\u0107u Odr\u017eivi ribolov Oblik triglicerida Odmjerena kapaljka za jednostavnu upotrebu i to\u010dnost primjene \u010cisto Omega-3 ulje za va\u0161eg ljubimca Nordic Naturals \u010disto omega-3 ulje, dobiveno isklju\u010divo iz divljih in\u0107una i sardina,[&#8230;]<\/p>","protected":false},"featured_media":6800,"comment_status":"open","ping_status":"closed","template":"","meta":{"inline_featured_image":false},"product_cat":[80,27],"product_tag":[],"class_list":{"0":"post-6796","1":"product","2":"type-product","3":"status-publish","4":"has-post-thumbnail","6":"product_cat-pet-supplements","7":"product_cat-pets","9":"first","10":"instock","11":"featured","12":"shipping-taxable","13":"purchasable","14":"product-type-simple"},"_links":{"self":[{"href":"https:\/\/be-healthy.taniko.me\/uk\/wp-json\/wp\/v2\/product\/6796","targetHints":{"allow":["GET"]}}],"collection":[{"href":"https:\/\/be-healthy.taniko.me\/uk\/wp-json\/wp\/v2\/product"}],"about":[{"href":"https:\/\/be-healthy.taniko.me\/uk\/wp-json\/wp\/v2\/types\/product"}],"replies":[{"embeddable":true,"href":"https:\/\/be-healthy.taniko.me\/uk\/wp-json\/wp\/v2\/comments?post=6796"}],"wp:featuredmedia":[{"embeddable":true,"href":"https:\/\/be-healthy.taniko.me\/uk\/wp-json\/wp\/v2\/media\/6800"}],"wp:attachment":[{"href":"https:\/\/be-healthy.taniko.me\/uk\/wp-json\/wp\/v2\/media?parent=6796"}],"wp:term":[{"taxonomy":"product_cat","embeddable":true,"href":"https:\/\/be-healthy.taniko.me\/uk\/wp-json\/wp\/v2\/product_cat?post=6796"},{"taxonomy":"product_tag","embeddable":true,"href":"https:\/\/be-healthy.taniko.me\/uk\/wp-json\/wp\/v2\/product_tag?post=6796"}],"curies":[{"name":"wp","href":"https:\/\/api.w.org\/{rel}","templated":true}]}}