{"id":6801,"date":"2023-12-31T17:00:14","date_gmt":"2023-12-31T17:00:14","guid":{"rendered":"https:\/\/be-healthy.taniko.me\/?post_type=product&#038;p=6801"},"modified":"2024-10-15T09:09:14","modified_gmt":"2024-10-15T09:09:14","slug":"pet-naturals-daily-probiotic-for-cats-all-sizes-30-chews-1-27-oz-36-g","status":"publish","type":"product","link":"https:\/\/be-healthy.taniko.me\/uk\/product\/pet-naturals-daily-probiotic-for-cats-all-sizes-30-chews-1-27-oz-36-g\/","title":{"rendered":"Pet Naturals, Daily Probiotic, For Cats, All Sizes, 30 Chews, 1.27 oz (36 g)"},"content":{"rendered":"<div class=\"col-xs-24 col-md-14\">\n<div class=\"row item-row\">\n<div class=\"col-xs-24\">\n<p>\u041e\u043f\u0438\u0441<br \/>\nBez p\u0161enice<br \/>\nBez kukuruza<br \/>\nBez umjetnih sastojaka**<br \/>\nDnevni dodatak za podr\u0161ku zdravom probavnom traktu<br \/>\n\u017dive kulture<br \/>\nPrebioti\u010dka vlakna<br \/>\nZa sve ma\u010dke<br \/>\nPe\u010dat kvalitete &#8211; NASC<br \/>\nVeterinarska formula<\/p>\n<p>ukusno. U\u010dinkovito.<\/p>\n<p>Pet Naturals\u00ae je najbolji izbor za one koji vjeruju da nema ve\u0107eg u\u017eitka nego biti roditelj ku\u0107nog ljubimca!<\/p>\n<p>Za\u0161to djeluje<\/p>\n<p>Probiotici robne marke GanedenBC30\u00ae &#8211; Jedinstven, funkcionalan izvor probiotika koji podr\u017eava zdrava crijeva i zdravu probavu<br \/>\nPrebiotici &#8211; visokokvalitetna prebioti\u010dka vlakna koja podr\u017eavaju zdravu crijevnu floru, zdravlje i pravilnost probavnog sustava<\/p>\n<p>**Bez umjetnih boja, boja i \u0161tetnih konzervansa<\/p>\n<p>\u0420\u0435\u043a\u043e\u043c\u0435\u043d\u0434\u0430\u0446\u0456\u0457 \u0456\u0437 \u0437\u0430\u0441\u0442\u043e\u0441\u0443\u0432\u0430\u043d\u043d\u044f<\/p>\n<p>Dajte 1 \u017evakati dnevno.<\/p>\n<p>\u0406\u043d\u0448\u0456 \u0456\u043d\u0433\u0440\u0435\u0434\u0456\u0454\u043d\u0442\u0438<\/p>\n<p>Fruktooligosaharidi, zobeno bra\u0161no, glicerin, pivski osu\u0161eni kvasac, ri\u017eino bra\u0161no, je\u010dmeno bra\u0161no, ra\u017eeno bra\u0161no, arapska guma, zobeno bra\u0161no, ulje uljane repice, sojin lecitin, prirodna aroma patke, maltodekstrin, natrijev alginat, kalcijev sulfat, voda, su\u0161ena pulpa citrusa, su\u0161eni proizvod fermentacije Bacillus coagulans, sorbinska kiselina (konzervans), propionska kiselina (konzervans), mije\u0161ani tokoferoli (konzervans), limunska kiselina (konzervans), ekstrakt ru\u017emarina, silicijev dioksid, biljno ulje, koncentrat gela aloe vere.<\/p>\n<p>Sadr\u017ei izvor \u017eivih (odr\u017eivih) prirodnih mikroorganizama.<\/p>\n<p>\u041f\u043e\u043f\u0435\u0440\u0435\u0434\u0436\u0435\u043d\u043d\u044f<\/p>\n<p>\u0417\u0431\u0435\u0440\u0456\u0433\u0430\u0442\u0438 \u0432 \u0441\u0443\u0445\u043e\u043c\u0443 \u043f\u0440\u043e\u0445\u043e\u043b\u043e\u0434\u043d\u043e\u043c\u0443 \u043c\u0456\u0441\u0446\u0456.<\/p>\n<p>Ovaj proizvod namijenjen je samo za povremenu ili dodatnu prehranu.<\/p>\n<p>Nije za ljudsku prehranu. \u010cuvati izvan dohvata djece i \u017eivotinja. U slu\u010daju slu\u010dajnog predoziranja, odmah se obratite zdravstvenom radniku.<\/p>\n<table style=\"font-size: 16px;\" border=\"1\" width=\"100%\" cellspacing=\"0\" cellpadding=\"3\">\n<tbody>\n<tr valign=\"top\">\n<td colspan=\"2\"><strong>Guaranteed Analysis per Chew (1.2 g):<\/strong><\/td>\n<\/tr>\n<tr valign=\"top\">\n<td colspan=\"2\"><strong>Levels represent minimums unless otherwise stated:<\/strong><\/td>\n<\/tr>\n<tr valign=\"top\">\n<td width=\"50%\">Moisture (max)<\/td>\n<td width=\"50%\">13%<\/td>\n<\/tr>\n<tr valign=\"top\">\n<td>*FOS (Fructooligosaccharides)<\/td>\n<td>200 mg<\/td>\n<\/tr>\n<tr valign=\"top\">\n<td>**Bacillus coagulans<\/td>\n<td>120,000,000 CFU\/gram<\/td>\n<\/tr>\n<tr valign=\"top\">\n<td colspan=\"2\">*Not recognized as an essential nutrient by the AAFCO Cat Food Nutrient Profiles.<\/td>\n<\/tr>\n<tr>\n<td colspan=\"2\"><strong>Calorie Content (calculated):<\/strong>\u00a03829 kcal ME\/kg; 5 kcal ME\/chew<\/td>\n<\/tr>\n<\/tbody>\n<\/table>\n<\/div>\n<\/div>\n<\/div>","protected":false},"excerpt":{"rendered":"<p>Opis Bez p\u0161enice Bez kukuruza Bez umjetnih sastojaka** Dnevni dodatak za podr\u0161ku zdravom probavnom traktu \u017dive kulture Prebioti\u010dka vlakna Za sve ma\u010dke Pe\u010dat kvalitete &#8211; NASC Veterinarska formula ukusno. U\u010dinkovito. Pet Naturals\u00ae je najbolji izbor za one koji vjeruju da nema ve\u0107eg u\u017eitka nego biti roditelj ku\u0107nog ljubimca! Za\u0161to djeluje Probiotici robne marke GanedenBC30\u00ae &#8211;[&#8230;]<\/p>","protected":false},"featured_media":6803,"comment_status":"open","ping_status":"closed","template":"","meta":{"inline_featured_image":false},"product_cat":[80,27],"product_tag":[],"class_list":{"0":"post-6801","1":"product","2":"type-product","3":"status-publish","4":"has-post-thumbnail","6":"product_cat-pet-supplements","7":"product_cat-pets","9":"first","10":"instock","11":"featured","12":"shipping-taxable","13":"purchasable","14":"product-type-simple"},"_links":{"self":[{"href":"https:\/\/be-healthy.taniko.me\/uk\/wp-json\/wp\/v2\/product\/6801","targetHints":{"allow":["GET"]}}],"collection":[{"href":"https:\/\/be-healthy.taniko.me\/uk\/wp-json\/wp\/v2\/product"}],"about":[{"href":"https:\/\/be-healthy.taniko.me\/uk\/wp-json\/wp\/v2\/types\/product"}],"replies":[{"embeddable":true,"href":"https:\/\/be-healthy.taniko.me\/uk\/wp-json\/wp\/v2\/comments?post=6801"}],"wp:featuredmedia":[{"embeddable":true,"href":"https:\/\/be-healthy.taniko.me\/uk\/wp-json\/wp\/v2\/media\/6803"}],"wp:attachment":[{"href":"https:\/\/be-healthy.taniko.me\/uk\/wp-json\/wp\/v2\/media?parent=6801"}],"wp:term":[{"taxonomy":"product_cat","embeddable":true,"href":"https:\/\/be-healthy.taniko.me\/uk\/wp-json\/wp\/v2\/product_cat?post=6801"},{"taxonomy":"product_tag","embeddable":true,"href":"https:\/\/be-healthy.taniko.me\/uk\/wp-json\/wp\/v2\/product_tag?post=6801"}],"curies":[{"name":"wp","href":"https:\/\/api.w.org\/{rel}","templated":true}]}}