{"id":6805,"date":"2023-12-31T19:29:50","date_gmt":"2023-12-31T19:29:50","guid":{"rendered":"https:\/\/be-healthy.taniko.me\/?post_type=product&#038;p=6805"},"modified":"2024-10-15T09:07:59","modified_gmt":"2024-10-15T09:07:59","slug":"now-foods-pets-l-lysine-for-cats-8-oz-226-8-g","status":"publish","type":"product","link":"https:\/\/be-healthy.taniko.me\/uk\/product\/now-foods-pets-l-lysine-for-cats-8-oz-226-8-g\/","title":{"rendered":"NOW Foods, Pets, L-Lysine for Cats, 8 oz (226.8 g)"},"content":{"rendered":"<div class=\"col-xs-24 col-md-14\">\n<div class=\"row item-row\">\n<div class=\"col-xs-24\">\n<p>\u041e\u043f\u0438\u0441<br \/>\nPodr\u0161ka imunolo\u0161kom sustavu<br \/>\nPreporuka veterinara<br \/>\n\u0411\u0435\u0437 \u0413\u041c\u041e<br \/>\nPe\u010dat kvalitete NASC<br \/>\nSavr\u0161eno za ku\u0107anstva s vi\u0161e ma\u010daka i smje\u0161taj<br \/>\n\u0411\u0435\u0437 \u0433\u043b\u044e\u0442\u0435\u043d\u0443<\/p>\n<p>Now\u00ae\u00a0Pets L-lizin u prahu poma\u017ee u odr\u017eavanju zdravog imunolo\u0161kog sustava, normalnog respiratornog zdravlja, a tako\u0111er poma\u017ee u odr\u017eavanju zdravlja o\u010diju. Now\u00ae\u00a0Pets L-lizin u prahu preporu\u010duje renomirana veterinarka dr. Barbara Royal, DVM, CVA, osniva\u010dica The Royal Treatment Veterinary Center.<\/p>\n<p>\u0420\u0435\u043a\u043e\u043c\u0435\u043d\u0434\u0430\u0446\u0456\u0457 \u0456\u0437 \u0437\u0430\u0441\u0442\u043e\u0441\u0443\u0432\u0430\u043d\u043d\u044f<\/p>\n<p>Samo za upotrebu kod ma\u010daka.<\/p>\n<p>Mo\u017ee se dati tijekom ili nakon obroka.<\/p>\n<p>Za ma\u010dke do 5 3\/4 lbs. = 1\/16 \u017eli\u010dice dva puta tjedno.<br \/>\nZa ma\u010dke preko 6 lbs. = 1\/8 \u017eli\u010dice dva puta tjedno.<\/p>\n<p>Primijenite tijekom ili nakon \u0161to je \u017eivotinja jela kako biste smanjili u\u010destalost gastrointestinalnih smetnji.<\/p>\n<p>\u0406\u043d\u0448\u0456 \u0456\u043d\u0433\u0440\u0435\u0434\u0456\u0454\u043d\u0442\u0438<\/p>\n<p>Nijedan.<\/p>\n<p>Bez umjetnih aroma, boja i konzervansa.<\/p>\n<p>\u041f\u043e\u043f\u0435\u0440\u0435\u0434\u0436\u0435\u043d\u043d\u044f<\/p>\n<p>Ako se stanje \u017eivotinje pogor\u0161a ili ne popravi, prekinite primjenu proizvoda i posavjetujte se s veterinarom. Sigurna primjena kod gravidnih \u017eivotinja ili \u017eivotinja namijenjenih rasplodu nije dokazana. Dajte tijekom ili nakon \u0161to je \u017eivotinja jela kako biste smanjili u\u010destalost gastrointestinalnih smetnji.<\/p>\n<p>Nije za ljudsku prehranu.<\/p>\n<p>\u010cuvati izvan dohvata djece i \u017eivotinja. U slu\u010daju slu\u010dajnog predoziranja, odmah se obratite zdravstvenom radniku.<\/p>\n<\/div>\n<\/div>\n<\/div>\n<div class=\"col-xs-24 col-md-10\">\n<div class=\"supplement-facts-container\">\n<table border=\"1\" width=\"100%\" cellspacing=\"0\" cellpadding=\"3\">\n<tbody>\n<tr>\n<td colspan=\"2\"><strong>Product Facts<\/strong><\/td>\n<\/tr>\n<tr align=\"left\" valign=\"top\">\n<td colspan=\"2\"><strong>Active Ingredients per 1\/8 teaspoon (276 mg):<\/strong><\/td>\n<\/tr>\n<tr align=\"left\" valign=\"top\">\n<td width=\"50%\">L-Lysine hydrochloride<\/td>\n<td width=\"50%\">276 mg<\/td>\n<\/tr>\n<\/tbody>\n<\/table>\n<\/div>\n<\/div>","protected":false},"excerpt":{"rendered":"<p>Opis Podr\u0161ka imunolo\u0161kom sustavu Preporuka veterinara Ne-GMO Pe\u010dat kvalitete NASC Savr\u0161eno za ku\u0107anstva s vi\u0161e ma\u010daka i smje\u0161taj Bez glutena Now\u00ae\u00a0Pets L-lizin u prahu poma\u017ee u odr\u017eavanju zdravog imunolo\u0161kog sustava, normalnog respiratornog zdravlja, a tako\u0111er poma\u017ee u odr\u017eavanju zdravlja o\u010diju. Now\u00ae\u00a0Pets L-lizin u prahu preporu\u010duje renomirana veterinarka dr. Barbara Royal, DVM, CVA, osniva\u010dica The Royal[&#8230;]<\/p>","protected":false},"featured_media":6807,"comment_status":"open","ping_status":"closed","template":"","meta":{"inline_featured_image":false},"product_cat":[80,27],"product_tag":[],"class_list":{"0":"post-6805","1":"product","2":"type-product","3":"status-publish","4":"has-post-thumbnail","6":"product_cat-pet-supplements","7":"product_cat-pets","9":"first","10":"instock","11":"featured","12":"shipping-taxable","13":"purchasable","14":"product-type-simple"},"_links":{"self":[{"href":"https:\/\/be-healthy.taniko.me\/uk\/wp-json\/wp\/v2\/product\/6805","targetHints":{"allow":["GET"]}}],"collection":[{"href":"https:\/\/be-healthy.taniko.me\/uk\/wp-json\/wp\/v2\/product"}],"about":[{"href":"https:\/\/be-healthy.taniko.me\/uk\/wp-json\/wp\/v2\/types\/product"}],"replies":[{"embeddable":true,"href":"https:\/\/be-healthy.taniko.me\/uk\/wp-json\/wp\/v2\/comments?post=6805"}],"wp:featuredmedia":[{"embeddable":true,"href":"https:\/\/be-healthy.taniko.me\/uk\/wp-json\/wp\/v2\/media\/6807"}],"wp:attachment":[{"href":"https:\/\/be-healthy.taniko.me\/uk\/wp-json\/wp\/v2\/media?parent=6805"}],"wp:term":[{"taxonomy":"product_cat","embeddable":true,"href":"https:\/\/be-healthy.taniko.me\/uk\/wp-json\/wp\/v2\/product_cat?post=6805"},{"taxonomy":"product_tag","embeddable":true,"href":"https:\/\/be-healthy.taniko.me\/uk\/wp-json\/wp\/v2\/product_tag?post=6805"}],"curies":[{"name":"wp","href":"https:\/\/api.w.org\/{rel}","templated":true}]}}