{"id":6808,"date":"2023-12-31T19:47:43","date_gmt":"2023-12-31T19:47:43","guid":{"rendered":"https:\/\/be-healthy.taniko.me\/?post_type=product&#038;p=6808"},"modified":"2024-10-15T09:07:06","modified_gmt":"2024-10-15T09:07:06","slug":"childlife-essentials-essentials-liquid-vitamin-c-natural-orange-4-fl-oz-118-5-ml","status":"publish","type":"product","link":"https:\/\/be-healthy.taniko.me\/uk\/product\/childlife-essentials-essentials-liquid-vitamin-c-natural-orange-4-fl-oz-118-5-ml\/","title":{"rendered":"ChildLife Essentials, Essentials, Liquid Vitamin C, Natural Orange, 4 fl oz (118.5 ml)"},"content":{"rendered":"<div class=\"col-xs-24 col-md-14\">\n<div class=\"row item-row\">\n<div class=\"col-xs-24\">\n<p>\u041e\u043f\u0438\u0441<br \/>\nPrehrana za djecu!\u00ae<br \/>\nOdli\u010dan okus<br \/>\nPodr\u0161ka imunolo\u0161kom sustavu<br \/>\n\u0414\u0456\u0454\u0442\u0438\u0447\u043d\u0430 \u0434\u043e\u0431\u0430\u0432\u043a\u0430<br \/>\nPotvr\u0111en projekt bez GMO-a<br \/>\nNSF certificirani bez glutena<br \/>\nBez alkohola, bez kazeina<\/p>\n<p>ChildLife\u00ae Vitamin C teku\u0107ina je izvrsnog okusa s prirodnim okusom naran\u010de koja osigurava jednostavnu upotrebu za djecu svih uzrasta.<\/p>\n<p>Zdravstveni savjet:\u00a0Za podr\u0161ku imunitetu i za\u0161titu okoli\u0161a svakodnevno koristite ChildLife\u00ae vitamin C kao vitalni antioksidans. Kada je potrebno, koristite s Childlife\u00ae First Defense i Childlife\u00ae Echinacea.<\/p>\n<p>ChildLife\u00ae koristi samo najkvalitetnije sastojke.<\/p>\n<p>\u0420\u0435\u043a\u043e\u043c\u0435\u043d\u0434\u0430\u0446\u0456\u0457 \u0456\u0437 \u0437\u0430\u0441\u0442\u043e\u0441\u0443\u0432\u0430\u043d\u043d\u044f<\/p>\n<p>Dojen\u010dad 6 &#8211; 12 mjeseci:\u00a01\/4 \u017eli\u010dice dnevno.<\/p>\n<p>Djeca 1-3 godine:\u00a01\/2 &#8211; 1 \u017eli\u010dica dnevno.<\/p>\n<p>Djeca 4 godine:\u00a01 &#8211; 2 \u017eli\u010dice dnevno.<\/p>\n<p>Dobro protresti prije upotrebe.<br \/>\nMo\u017ee se mije\u0161ati s omiljenim pi\u0107em va\u0161eg djeteta.<br \/>\n\u0406\u043d\u0448\u0456 \u0456\u043d\u0433\u0440\u0435\u0434\u0456\u0454\u043d\u0442\u0438<\/p>\n<p>Pro\u010di\u0161\u0107ena voda, fruktoza, biljni glicerin, prirodne arome, kalijev sorbat (za o\u010duvanje svje\u017eine), ekstrakt sjemenki grejpa.<\/p>\n<p>Ne sadr\u017ei mlijeko, jaja, soju, p\u0161enicu, kvasac ili kukuruz. Bez umjetnih boja, aroma ili zasla\u0111iva\u010da.<\/p>\n<p>\u041f\u043e\u043f\u0435\u0440\u0435\u0434\u0436\u0435\u043d\u043d\u044f<\/p>\n<p>\u0417\u0431\u0435\u0440\u0456\u0433\u0430\u0442\u0438 \u0432 \u0441\u0443\u0445\u043e\u043c\u0443 \u043f\u0440\u043e\u0445\u043e\u043b\u043e\u0434\u043d\u043e\u043c\u0443 \u043c\u0456\u0441\u0446\u0456.<\/p>\n<p>\u010cuvati izvan dohvata djece.<\/p>\n<p>Otporan na neovla\u0161teno otvaranje:\u00a0Nemojte koristiti ako je vanjski sigurnosni pe\u010dat slomljen ili nedostaje.<\/p>\n<\/div>\n<\/div>\n<\/div>\n<div class=\"col-xs-24 col-md-10\">\n<div class=\"supplement-facts-container\">\n<table border=\"1\" width=\"100%\" cellspacing=\"0\" cellpadding=\"3\">\n<tbody>\n<tr valign=\"top\">\n<td colspan=\"7\"><strong>Supplement Facts<\/strong><\/td>\n<\/tr>\n<tr valign=\"top\">\n<td colspan=\"7\"><strong>Serving Size:<\/strong>\u00a01\/4 tsp (1.25 mL); 1 tsp (5 mL); 2 tsp (10 mL)<\/td>\n<\/tr>\n<tr valign=\"top\">\n<td colspan=\"7\"><strong>Servings Per Container:<\/strong>\u00a094; 24; 12<\/td>\n<\/tr>\n<tr valign=\"top\">\n<td width=\"70%\"><\/td>\n<td width=\"70%\"><strong>Amount Per Serving<\/strong><\/td>\n<td width=\"70%\"><strong>%DV Infants 6-12 mos (1\/4 tsp)<\/strong><\/td>\n<td width=\"70%\"><strong>Amount Per Serving<\/strong><\/td>\n<td width=\"15%\"><strong>%DV Children 1-3 yrs (1 tsp)<\/strong><\/td>\n<td width=\"15%\"><strong>Amount Per Serving<\/strong><\/td>\n<td width=\"15%\"><strong>%DV children 4+ yrs (2 tsp)<\/strong><\/td>\n<\/tr>\n<tr>\n<td>Calories<\/td>\n<td>0<\/td>\n<td><\/td>\n<td>10<\/td>\n<td><\/td>\n<td>20<\/td>\n<td><\/td>\n<\/tr>\n<tr>\n<td>Total Carbohydrate<\/td>\n<td>0 g<\/td>\n<td>0%<\/td>\n<td>2 g<\/td>\n<td>1%***<\/td>\n<td>4 g<\/td>\n<td>1%\u2020\u2020<\/td>\n<\/tr>\n<tr>\n<td>Total Sugars<\/td>\n<td>0 g<\/td>\n<td>\u2020<\/td>\n<td>2 g<\/td>\n<td>\u2020<\/td>\n<td>4 g<\/td>\n<td>\u2020<\/td>\n<\/tr>\n<tr>\n<td>Includes Added Sugars<\/td>\n<td>0 g<\/td>\n<td>\u2020<\/td>\n<td>2 g<\/td>\n<td>8%***<\/td>\n<td>4 g<\/td>\n<td>8%**<\/td>\n<\/tr>\n<tr>\n<td>Vitamin C (as Sodium Ascorbic Acid)<\/td>\n<td>63 mg<\/td>\n<td>126%<\/td>\n<td>250 mg<\/td>\n<td>1667%<\/td>\n<td>500 mg<\/td>\n<td>556%<\/td>\n<\/tr>\n<tr>\n<td>Sodium<\/td>\n<td>5 mg<\/td>\n<td>\u2020<\/td>\n<td>20 mg<\/td>\n<td>1%<\/td>\n<td>40 mg<\/td>\n<td>2%<\/td>\n<\/tr>\n<tr valign=\"top\">\n<td colspan=\"7\">**Percent Daily Values (DV) are based on a 2,000 calorie diet.<br \/>\n***Percent Daily Values are based on a 1,000 calorie diet.<br \/>\n\u2020Daily Value not established.<\/td>\n<\/tr>\n<\/tbody>\n<\/table>\n<\/div>\n<\/div>","protected":false},"excerpt":{"rendered":"<p>Opis Prehrana za djecu!\u00ae Odli\u010dan okus Podr\u0161ka imunolo\u0161kom sustavu Dodatak prehrani Potvr\u0111en projekt bez GMO-a NSF certificirani bez glutena Bez alkohola, bez kazeina ChildLife\u00ae Vitamin C teku\u0107ina je izvrsnog okusa s prirodnim okusom naran\u010de koja osigurava jednostavnu upotrebu za djecu svih uzrasta. Zdravstveni savjet:\u00a0Za podr\u0161ku imunitetu i za\u0161titu okoli\u0161a svakodnevno koristite ChildLife\u00ae vitamin C kao[&#8230;]<\/p>","protected":false},"featured_media":6810,"comment_status":"open","ping_status":"closed","template":"","meta":{"inline_featured_image":false},"product_cat":[26,93],"product_tag":[],"class_list":{"0":"post-6808","1":"product","2":"type-product","3":"status-publish","4":"has-post-thumbnail","6":"product_cat-children","7":"product_cat-childrens-health","9":"first","10":"instock","11":"featured","12":"shipping-taxable","13":"purchasable","14":"product-type-simple"},"_links":{"self":[{"href":"https:\/\/be-healthy.taniko.me\/uk\/wp-json\/wp\/v2\/product\/6808","targetHints":{"allow":["GET"]}}],"collection":[{"href":"https:\/\/be-healthy.taniko.me\/uk\/wp-json\/wp\/v2\/product"}],"about":[{"href":"https:\/\/be-healthy.taniko.me\/uk\/wp-json\/wp\/v2\/types\/product"}],"replies":[{"embeddable":true,"href":"https:\/\/be-healthy.taniko.me\/uk\/wp-json\/wp\/v2\/comments?post=6808"}],"wp:featuredmedia":[{"embeddable":true,"href":"https:\/\/be-healthy.taniko.me\/uk\/wp-json\/wp\/v2\/media\/6810"}],"wp:attachment":[{"href":"https:\/\/be-healthy.taniko.me\/uk\/wp-json\/wp\/v2\/media?parent=6808"}],"wp:term":[{"taxonomy":"product_cat","embeddable":true,"href":"https:\/\/be-healthy.taniko.me\/uk\/wp-json\/wp\/v2\/product_cat?post=6808"},{"taxonomy":"product_tag","embeddable":true,"href":"https:\/\/be-healthy.taniko.me\/uk\/wp-json\/wp\/v2\/product_tag?post=6808"}],"curies":[{"name":"wp","href":"https:\/\/api.w.org\/{rel}","templated":true}]}}