{"id":6811,"date":"2023-12-31T20:24:01","date_gmt":"2023-12-31T20:24:01","guid":{"rendered":"https:\/\/be-healthy.taniko.me\/?post_type=product&#038;p=6811"},"modified":"2024-10-15T09:06:03","modified_gmt":"2024-10-15T09:06:03","slug":"childlife-essentials-vitamin-d3-natural-berry-1-fl-oz-30-ml","status":"publish","type":"product","link":"https:\/\/be-healthy.taniko.me\/uk\/product\/childlife-essentials-vitamin-d3-natural-berry-1-fl-oz-30-ml\/","title":{"rendered":"ChildLife Essentials, Vitamin D3, Natural Berry, 1 fl oz (30 ml)"},"content":{"rendered":"<div class=\"col-xs-24 col-md-14\">\n<div class=\"row item-row\">\n<div class=\"col-xs-24\">\n<p>\u041e\u043f\u0438\u0441<br \/>\nOsnove<br \/>\nPrehrana za djecu!\u00ae<br \/>\nOdli\u010dan okus<br \/>\n\u0414\u0456\u0454\u0442\u0438\u0447\u043d\u0430 \u0434\u043e\u0431\u0430\u0432\u043a\u0430<br \/>\nko\u0161er parve<br \/>\nBez glutena, alkohola i kazeina<\/p>\n<p>ChildLife\u00ae Vitamin D3 napravljen je posebno za dojen\u010dad i djecu. Bez alkohola, prirodni sastojci, optimalna apsorpcija i odli\u010dan okus prirodnog bobi\u010dastog vo\u0107a.<\/p>\n<p>Zdravstveni savjet:\u00a0Nedavno je Ameri\u010dka pedijatrijska akademija udvostru\u010dila svoje preporuke za koli\u010dinu vitamina D koju bi sva djeca trebala dobiti. Ove su preporuke proiza\u0161le iz novih studija koje odra\u017eavaju mnoge dobrobiti vitamina D, uklju\u010duju\u0107i podr\u0161ku zdravim kostima i zdrav imunolo\u0161ki sustav.<\/p>\n<p>\u0420\u0435\u043a\u043e\u043c\u0435\u043d\u0434\u0430\u0446\u0456\u0457 \u0456\u0437 \u0437\u0430\u0441\u0442\u043e\u0441\u0443\u0432\u0430\u043d\u043d\u044f<\/p>\n<p>Dojen\u010dad 0 &#8211; 12 mjeseci:\u00a0\u00a06 kapi dnevno<\/p>\n<p>Djeca 1+ godina:\u00a08 kapi dnevno<\/p>\n<p>Dobro protresti prije upotrebe.<\/p>\n<p>Dajte izravno ili umije\u0161ajte u omiljeno pi\u0107e va\u0161eg djeteta.<\/p>\n<p>\u0406\u043d\u0448\u0456 \u0456\u043d\u0433\u0440\u0435\u0434\u0456\u0454\u043d\u0442\u0438<\/p>\n<p>Organski biljni glicerin, deionizirana voda, prirodna aroma bobi\u010dastog vo\u0107a, vitamin E (antioksidans).<\/p>\n<p>\u041f\u043e\u043f\u0435\u0440\u0435\u0434\u0436\u0435\u043d\u043d\u044f<\/p>\n<p>\u0417\u0431\u0435\u0440\u0456\u0433\u0430\u0442\u0438 \u0432 \u0441\u0443\u0445\u043e\u043c\u0443 \u043f\u0440\u043e\u0445\u043e\u043b\u043e\u0434\u043d\u043e\u043c\u0443 \u043c\u0456\u0441\u0446\u0456.<\/p>\n<\/div>\n<\/div>\n<div class=\"row item-row\">\n<div class=\"col-xs-24\"><\/div>\n<\/div>\n<\/div>\n<div class=\"col-xs-24 col-md-10\">\n<div class=\"supplement-facts-container\">\n<table border=\"1\" width=\"100%\" cellspacing=\"0\" cellpadding=\"3\">\n<tbody>\n<tr valign=\"top\">\n<td colspan=\"3\"><strong>Supplement Facts<\/strong><\/td>\n<\/tr>\n<tr valign=\"top\">\n<td colspan=\"3\"><strong>Serving Size:<\/strong>\u00a08 drops<\/td>\n<\/tr>\n<tr valign=\"top\">\n<td colspan=\"3\"><strong>Servings per container:<\/strong>\u00a0115<\/td>\n<\/tr>\n<tr valign=\"top\">\n<td width=\"70%\"><\/td>\n<td width=\"15%\"><strong>Amount per serving<\/strong><\/td>\n<td width=\"15%\"><strong>%Daily Value<\/strong><\/td>\n<\/tr>\n<tr valign=\"top\">\n<td>Vitamin D3 (as Cholecalciferol)<\/td>\n<td>500 IU<\/td>\n<td>125%<\/td>\n<\/tr>\n<\/tbody>\n<\/table>\n<\/div>\n<\/div>","protected":false},"excerpt":{"rendered":"<p>Opis Osnove Prehrana za djecu!\u00ae Odli\u010dan okus Dodatak prehrani ko\u0161er parve Bez glutena, alkohola i kazeina ChildLife\u00ae Vitamin D3 napravljen je posebno za dojen\u010dad i djecu. Bez alkohola, prirodni sastojci, optimalna apsorpcija i odli\u010dan okus prirodnog bobi\u010dastog vo\u0107a. Zdravstveni savjet:\u00a0Nedavno je Ameri\u010dka pedijatrijska akademija udvostru\u010dila svoje preporuke za koli\u010dinu vitamina D koju bi sva djeca[&#8230;]<\/p>","protected":false},"featured_media":6813,"comment_status":"open","ping_status":"closed","template":"","meta":{"inline_featured_image":false},"product_cat":[26,93],"product_tag":[],"class_list":{"0":"post-6811","1":"product","2":"type-product","3":"status-publish","4":"has-post-thumbnail","6":"product_cat-children","7":"product_cat-childrens-health","9":"first","10":"instock","11":"featured","12":"shipping-taxable","13":"purchasable","14":"product-type-simple"},"_links":{"self":[{"href":"https:\/\/be-healthy.taniko.me\/uk\/wp-json\/wp\/v2\/product\/6811","targetHints":{"allow":["GET"]}}],"collection":[{"href":"https:\/\/be-healthy.taniko.me\/uk\/wp-json\/wp\/v2\/product"}],"about":[{"href":"https:\/\/be-healthy.taniko.me\/uk\/wp-json\/wp\/v2\/types\/product"}],"replies":[{"embeddable":true,"href":"https:\/\/be-healthy.taniko.me\/uk\/wp-json\/wp\/v2\/comments?post=6811"}],"wp:featuredmedia":[{"embeddable":true,"href":"https:\/\/be-healthy.taniko.me\/uk\/wp-json\/wp\/v2\/media\/6813"}],"wp:attachment":[{"href":"https:\/\/be-healthy.taniko.me\/uk\/wp-json\/wp\/v2\/media?parent=6811"}],"wp:term":[{"taxonomy":"product_cat","embeddable":true,"href":"https:\/\/be-healthy.taniko.me\/uk\/wp-json\/wp\/v2\/product_cat?post=6811"},{"taxonomy":"product_tag","embeddable":true,"href":"https:\/\/be-healthy.taniko.me\/uk\/wp-json\/wp\/v2\/product_tag?post=6811"}],"curies":[{"name":"wp","href":"https:\/\/api.w.org\/{rel}","templated":true}]}}