{"id":6814,"date":"2024-01-01T16:11:10","date_gmt":"2024-01-01T16:11:10","guid":{"rendered":"https:\/\/be-healthy.taniko.me\/?post_type=product&#038;p=6814"},"modified":"2024-10-15T09:05:06","modified_gmt":"2024-10-15T09:05:06","slug":"childlife-essentials-essentials-echinacea-natural-orange-1-fl-oz-30-ml","status":"publish","type":"product","link":"https:\/\/be-healthy.taniko.me\/uk\/product\/childlife-essentials-essentials-echinacea-natural-orange-1-fl-oz-30-ml\/","title":{"rendered":"ChildLife Essentials, Essentials, Echinacea, Natural Orange, 1 fl oz (30 ml)"},"content":{"rendered":"<div class=\"col-xs-24 col-md-14\">\n<div class=\"row item-row\">\n<div class=\"col-xs-24\">\n<p>\u041e\u043f\u0438\u0441<br \/>\nPrehrana za djecu!\u00ae<br \/>\nOdli\u010dan okus<br \/>\n\u0414\u0456\u0454\u0442\u0438\u0447\u043d\u0430 \u0434\u043e\u0431\u0430\u0432\u043a\u0430<br \/>\nPotvr\u0111en projekt bez GMO-a<br \/>\nKosher Pareve<\/p>\n<p>ChildLife\u00ae Echinacea je napravljena posebno za dojen\u010dad i djecu &#8211; organski uzgojena i aromatizirana prirodnim eteri\u010dnim uljem slatke naran\u010de.<\/p>\n<p>\u0420\u0435\u043a\u043e\u043c\u0435\u043d\u0434\u0430\u0446\u0456\u0457 \u0456\u0437 \u0437\u0430\u0441\u0442\u043e\u0441\u0443\u0432\u0430\u043d\u043d\u044f<\/p>\n<p>Dojen\u010dad 6 -12 mjeseci:\u00a00,25 ml 1 x svaki drugi dan<\/p>\n<p>Djeca 1+ godina:\u00a00,5 ml 1 x svaki drugi dan<\/p>\n<p>Po potrebi:\u00a0Koristite 4x dnevno do 10 dana<\/p>\n<p>Dobro protresti prije upotrebe.<\/p>\n<p>Dajte izravno ili pomije\u0161ajte s omiljenim pi\u0107em va\u0161eg djeteta.<\/p>\n<p>\u0406\u043d\u0448\u0456 \u0456\u043d\u0433\u0440\u0435\u0434\u0456\u0454\u043d\u0442\u0438<\/p>\n<p>Biljni glicerin, deionizirana voda, fruktoza, prirodne arome.<\/p>\n<p>ChildLife\u00ae koristi samo najkvalitetnije sastojke. Bez glutena, bez alkohola, bez kazeina. Ne sadr\u017ei mlijeko, jaja, soju, p\u0161enicu, kvasac, kukuruz, kikiriki, ora\u0161aste plodove, ribu ili \u0161koljke. Bez umjetnih boja, aroma i sladila.<\/p>\n<p>\u041f\u043e\u043f\u0435\u0440\u0435\u0434\u0436\u0435\u043d\u043d\u044f<\/p>\n<p>\u0417\u0431\u0435\u0440\u0456\u0433\u0430\u0442\u0438 \u0432 \u0441\u0443\u0445\u043e\u043c\u0443 \u043f\u0440\u043e\u0445\u043e\u043b\u043e\u0434\u043d\u043e\u043c\u0443 \u043c\u0456\u0441\u0446\u0456.<\/p>\n<p>\u010cuvati izvan dohvata djece.<\/p>\n<p>Otporan na neovla\u0161teno kori\u0161tenje:\u00a0Nemojte koristiti ako je vanjski pe\u010dat slomljen ili nedostaje.<\/p>\n<\/div>\n<\/div>\n<div class=\"row item-row\">\n<div class=\"col-xs-24\"><\/div>\n<\/div>\n<\/div>\n<div class=\"col-xs-24 col-md-10\">\n<div class=\"supplement-facts-container\">\n<table border=\"1\" width=\"100%\" cellspacing=\"0\" cellpadding=\"3\">\n<tbody>\n<tr valign=\"top\">\n<td colspan=\"5\"><strong>Supplement Facts<\/strong><\/td>\n<\/tr>\n<tr valign=\"top\">\n<td colspan=\"5\"><strong>Serving Size:<\/strong>\u00a00.25 mL; 0.5 mL<\/td>\n<\/tr>\n<tr valign=\"top\">\n<td colspan=\"5\"><strong>Servings per container:<\/strong>\u00a0120; 60<\/td>\n<\/tr>\n<tr valign=\"top\">\n<td><\/td>\n<td width=\"15%\"><strong>Amount per serving<\/strong><br \/>\n<strong>0.25 ML<\/strong><\/td>\n<td width=\"15%\"><strong>%Daily Value<\/strong><\/td>\n<td><strong>Amount per serving<\/strong><br \/>\n<strong>0.5 mL<\/strong><\/td>\n<td><strong>%Daily Value<\/strong><\/td>\n<\/tr>\n<tr valign=\"top\">\n<td>Organic Extracts of:<br \/>\nEchinacea purpurea (Leaf &amp; Flower)<\/td>\n<td>7.5 mg<\/td>\n<td>\u2020<\/td>\n<td>15 mg<\/td>\n<td>\u2020<\/td>\n<\/tr>\n<tr valign=\"top\">\n<td>Echinacea angustifolia (Root)<\/td>\n<td>7.5 mg<\/td>\n<td>\u2020<\/td>\n<td>15 mg<\/td>\n<td>\u2020<\/td>\n<\/tr>\n<tr valign=\"top\">\n<td colspan=\"3\">\u2020Daily Values not established.<\/td>\n<td><\/td>\n<td><\/td>\n<\/tr>\n<\/tbody>\n<\/table>\n<\/div>\n<\/div>","protected":false},"excerpt":{"rendered":"<p>Opis Prehrana za djecu!\u00ae Odli\u010dan okus Dodatak prehrani Potvr\u0111en projekt bez GMO-a Kosher Pareve ChildLife\u00ae Echinacea je napravljena posebno za dojen\u010dad i djecu &#8211; organski uzgojena i aromatizirana prirodnim eteri\u010dnim uljem slatke naran\u010de. Preporu\u010dena uporaba Dojen\u010dad 6 -12 mjeseci:\u00a00,25 ml 1 x svaki drugi dan Djeca 1+ godina:\u00a00,5 ml 1 x svaki drugi dan Po[&#8230;]<\/p>","protected":false},"featured_media":6816,"comment_status":"open","ping_status":"closed","template":"","meta":{"inline_featured_image":false},"product_cat":[26,93],"product_tag":[],"class_list":{"0":"post-6814","1":"product","2":"type-product","3":"status-publish","4":"has-post-thumbnail","6":"product_cat-children","7":"product_cat-childrens-health","9":"first","10":"instock","11":"featured","12":"shipping-taxable","13":"purchasable","14":"product-type-simple"},"_links":{"self":[{"href":"https:\/\/be-healthy.taniko.me\/uk\/wp-json\/wp\/v2\/product\/6814","targetHints":{"allow":["GET"]}}],"collection":[{"href":"https:\/\/be-healthy.taniko.me\/uk\/wp-json\/wp\/v2\/product"}],"about":[{"href":"https:\/\/be-healthy.taniko.me\/uk\/wp-json\/wp\/v2\/types\/product"}],"replies":[{"embeddable":true,"href":"https:\/\/be-healthy.taniko.me\/uk\/wp-json\/wp\/v2\/comments?post=6814"}],"wp:featuredmedia":[{"embeddable":true,"href":"https:\/\/be-healthy.taniko.me\/uk\/wp-json\/wp\/v2\/media\/6816"}],"wp:attachment":[{"href":"https:\/\/be-healthy.taniko.me\/uk\/wp-json\/wp\/v2\/media?parent=6814"}],"wp:term":[{"taxonomy":"product_cat","embeddable":true,"href":"https:\/\/be-healthy.taniko.me\/uk\/wp-json\/wp\/v2\/product_cat?post=6814"},{"taxonomy":"product_tag","embeddable":true,"href":"https:\/\/be-healthy.taniko.me\/uk\/wp-json\/wp\/v2\/product_tag?post=6814"}],"curies":[{"name":"wp","href":"https:\/\/api.w.org\/{rel}","templated":true}]}}