{"id":6817,"date":"2024-01-01T16:31:41","date_gmt":"2024-01-01T16:31:41","guid":{"rendered":"https:\/\/be-healthy.taniko.me\/?post_type=product&#038;p=6817"},"modified":"2024-10-15T09:03:53","modified_gmt":"2024-10-15T09:03:53","slug":"now-foods-kids-dha-chewables-tasty-fruit-60-softgels","status":"publish","type":"product","link":"https:\/\/be-healthy.taniko.me\/uk\/product\/now-foods-kids-dha-chewables-tasty-fruit-60-softgels\/","title":{"rendered":"NOW Foods, Kid&#8217;s DHA Chewables, Tasty Fruit, 60 Softgels"},"content":{"rendered":"<div class=\"col-xs-24 col-md-14\">\n<div class=\"row item-row\">\n<div class=\"col-xs-24\">\n<p>\u041e\u043f\u0438\u0441<br \/>\nPodr\u017eava zdravlje mozga<br \/>\n100 mg DHA<br \/>\nSoftgelovi u obliku ribe<br \/>\n\u0414\u0456\u0454\u0442\u0438\u0447\u043d\u0430 \u0434\u043e\u0431\u0430\u0432\u043a\u0430<br \/>\nKo\u0161er sadr\u017ei \u017eelatinu<br \/>\nGOED Omega-3 ponosni \u010dlan<br \/>\n\u0411\u0435\u0437 \u0413\u041c\u041e<br \/>\nHalal<br \/>\nZajam\u010dena GMP kvaliteta<\/p>\n<p>Ovaj koncentrat ribljeg ulja proizvodi se prema strogim standardima kontrole kvalitete. Testirano je da ne sadr\u017ei potencijalno \u0161tetne razine kontaminanata kao \u0161to su PCB, dioksini, \u017eiva i drugi te\u0161ki metali.<\/p>\n<p>Podr\u017eavaju\u0107a, ali ne i uvjerljiva istra\u017eivanja pokazuju da konzumacija EPA i DHA omega-3 masnih kiselina mo\u017ee smanjiti rizik od koronarne bolesti srca.<\/p>\n<p>\u0420\u0435\u043a\u043e\u043c\u0435\u043d\u0434\u0430\u0446\u0456\u0457 \u0456\u0437 \u0437\u0430\u0441\u0442\u043e\u0441\u0443\u0432\u0430\u043d\u043d\u044f<\/p>\n<p>Za djecu i odrasle, uzmite 2 meke gelove za \u017evakanje 1 do 2 puta dnevno s hranom ili prema uputama va\u0161eg lije\u010dnika.<\/p>\n<p>\u0406\u043d\u0448\u0456 \u0456\u043d\u0433\u0440\u0435\u0434\u0456\u0454\u043d\u0442\u0438<\/p>\n<p>Softgel kapsula [gove\u0111a \u017eelatina (bez bse), glicerin, voda, prirodna aroma vo\u0107nog pun\u010da, ksilitol, celuloza] i mije\u0161ani tokoferol.<\/p>\n<p>Sadr\u017ei ribu (tunu). Mije\u0161ani tokoferoli iz ne-GMO soje.<\/p>\n<p>Nije proizveden od sastojaka kvasca, p\u0161enice, glutena, mlijeka, jaja ili \u0161koljki. Proizvedeno u GMP postrojenju koje obra\u0111uje druge sastojke koji sadr\u017ee te alergene.<\/p>\n<p>\u041f\u043e\u043f\u0435\u0440\u0435\u0434\u0436\u0435\u043d\u043d\u044f<\/p>\n<p>Posavjetujte se s lije\u010dnikom ako ste trudni\/dojite, uzimate lijekove ili imate zdravstveno stanje. \u010cuvati izvan dohvata djece. Sadr\u017ei Xylitol, koji je \u0161tetan za ku\u0107ne ljubimce.<\/p>\n<\/div>\n<\/div>\n<div class=\"row item-row\">\n<div class=\"col-xs-24\"><\/div>\n<\/div>\n<\/div>\n<div class=\"col-xs-24 col-md-10\">\n<div class=\"supplement-facts-container\">\n<table border=\"1\" width=\"100%\" cellspacing=\"0\" cellpadding=\"3\">\n<tbody>\n<tr valign=\"top\">\n<td colspan=\"4\"><strong>Supplement Facts<\/strong><\/td>\n<\/tr>\n<tr valign=\"top\">\n<td colspan=\"4\"><strong>Serving Size<\/strong>: 2 Chewable Softgels<\/td>\n<\/tr>\n<tr valign=\"top\">\n<td colspan=\"4\"><strong>Servings Per Container<\/strong>: 30<\/td>\n<\/tr>\n<tr valign=\"top\">\n<td width=\"55%\"><\/td>\n<td width=\"15%\"><strong>Amount Per Serving<\/strong><\/td>\n<td width=\"15%\"><strong>%Daily Value for Children 1 through 3 Years of Age<\/strong><\/td>\n<td width=\"15%\"><strong>%Daily Value for Adults and Children 4 or more\u00a0<\/strong><br \/>\n<strong>Years of Age\u00a0<\/strong><\/td>\n<\/tr>\n<tr valign=\"top\">\n<td>Calories<\/td>\n<td>10<\/td>\n<td><\/td>\n<td><\/td>\n<\/tr>\n<tr valign=\"top\">\n<td>Total Fat<\/td>\n<td>1 g<\/td>\n<td>3%***<\/td>\n<td>1%**<\/td>\n<\/tr>\n<tr valign=\"top\">\n<td>Fish Oil Concentrate\u00a0(BioPureDHA\u00ae)<\/td>\n<td>1,100 mg<\/td>\n<td>\u2020<\/td>\n<td>\u2020<\/td>\n<\/tr>\n<tr valign=\"top\">\n<td>Docosahexaenoic Acid (DHA)<\/td>\n<td>200 mg<\/td>\n<td>\u2020<\/td>\n<td>\u2020<\/td>\n<\/tr>\n<tr valign=\"top\">\n<td>Eicosapentaenoic Acid (EPA)<\/td>\n<td>48 mg<\/td>\n<td>\u2020<\/td>\n<td>\u2020<\/td>\n<\/tr>\n<tr valign=\"top\">\n<td colspan=\"4\">** Percent Daily Values are based on a 2,000 calorie diet.<br \/>\n*** Percent Daily Values are based on a 1,000 calorie diet.<br \/>\n\u2020 Daily Value not established.<\/td>\n<\/tr>\n<\/tbody>\n<\/table>\n<\/div>\n<\/div>","protected":false},"excerpt":{"rendered":"<p>Opis Podr\u017eava zdravlje mozga 100 mg DHA Softgelovi u obliku ribe Dodatak prehrani Ko\u0161er sadr\u017ei \u017eelatinu GOED Omega-3 ponosni \u010dlan Ne-GMO Halal Zajam\u010dena GMP kvaliteta Ovaj koncentrat ribljeg ulja proizvodi se prema strogim standardima kontrole kvalitete. Testirano je da ne sadr\u017ei potencijalno \u0161tetne razine kontaminanata kao \u0161to su PCB, dioksini, \u017eiva i drugi te\u0161ki metali.[&#8230;]<\/p>","protected":false},"featured_media":6819,"comment_status":"open","ping_status":"closed","template":"","meta":{"inline_featured_image":false},"product_cat":[26,93],"product_tag":[],"class_list":{"0":"post-6817","1":"product","2":"type-product","3":"status-publish","4":"has-post-thumbnail","6":"product_cat-children","7":"product_cat-childrens-health","9":"first","10":"instock","11":"featured","12":"shipping-taxable","13":"purchasable","14":"product-type-simple"},"_links":{"self":[{"href":"https:\/\/be-healthy.taniko.me\/uk\/wp-json\/wp\/v2\/product\/6817","targetHints":{"allow":["GET"]}}],"collection":[{"href":"https:\/\/be-healthy.taniko.me\/uk\/wp-json\/wp\/v2\/product"}],"about":[{"href":"https:\/\/be-healthy.taniko.me\/uk\/wp-json\/wp\/v2\/types\/product"}],"replies":[{"embeddable":true,"href":"https:\/\/be-healthy.taniko.me\/uk\/wp-json\/wp\/v2\/comments?post=6817"}],"wp:featuredmedia":[{"embeddable":true,"href":"https:\/\/be-healthy.taniko.me\/uk\/wp-json\/wp\/v2\/media\/6819"}],"wp:attachment":[{"href":"https:\/\/be-healthy.taniko.me\/uk\/wp-json\/wp\/v2\/media?parent=6817"}],"wp:term":[{"taxonomy":"product_cat","embeddable":true,"href":"https:\/\/be-healthy.taniko.me\/uk\/wp-json\/wp\/v2\/product_cat?post=6817"},{"taxonomy":"product_tag","embeddable":true,"href":"https:\/\/be-healthy.taniko.me\/uk\/wp-json\/wp\/v2\/product_tag?post=6817"}],"curies":[{"name":"wp","href":"https:\/\/api.w.org\/{rel}","templated":true}]}}