{"id":6820,"date":"2024-01-01T17:07:44","date_gmt":"2024-01-01T17:07:44","guid":{"rendered":"https:\/\/be-healthy.taniko.me\/?post_type=product&#038;p=6820"},"modified":"2024-10-15T09:02:33","modified_gmt":"2024-10-15T09:02:33","slug":"childlife-essentials-essentials-multi-vitamin-mineral-natural-orange-mango-8-fl-oz-237-ml","status":"publish","type":"product","link":"https:\/\/be-healthy.taniko.me\/uk\/product\/childlife-essentials-essentials-multi-vitamin-mineral-natural-orange-mango-8-fl-oz-237-ml\/","title":{"rendered":"ChildLife Essentials, Essentials, Multi Vitamin &#038; Mineral, Natural Orange\/Mango, 8 fl oz (237 ml)"},"content":{"rendered":"<div class=\"col-xs-24 col-md-14\">\n<div class=\"row item-row\">\n<div class=\"col-xs-24\">\n<p>\u041e\u043f\u0438\u0441<br \/>\nPrehrana za djecu!\u00ae<br \/>\nFormulirao dr. Murray C. Clarke, D. Hom., L.Ac.<br \/>\nNagra\u0111ivani dodaci<br \/>\n\u0414\u0456\u0454\u0442\u0438\u0447\u043d\u0430 \u0434\u043e\u0431\u0430\u0432\u043a\u0430<br \/>\nPotvr\u0111en projekt bez GMO-a<br \/>\nCertificirano bez glutena &#8211; NSF<br \/>\n\u0420\u0435\u043a\u043e\u043c\u0435\u043d\u0434\u0430\u0446\u0456\u0457 \u0456\u0437 \u0437\u0430\u0441\u0442\u043e\u0441\u0443\u0432\u0430\u043d\u043d\u044f<\/p>\n<p>Dojen\u010dad 6 &#8211; 12 mjeseci: 1 \u017eli\u010dica dnevno<\/p>\n<p>Djeca 1-3 godine: 1-2 \u017eli\u010dice dnevno<\/p>\n<p>Djeca 4+ godina: 2-3 \u017eli\u010dice dnevno<\/p>\n<p>Dobro protresti prije upotrebe<br \/>\nNakon otvaranja \u010duvati u hladnjaku<br \/>\nDajte izravno ili pomije\u0161ajte s omiljenim pi\u0107em va\u0161eg djeteta.<br \/>\n\u0406\u043d\u0448\u0456 \u0456\u043d\u0433\u0440\u0435\u0434\u0456\u0454\u043d\u0442\u0438<\/p>\n<p>Pro\u010di\u0161\u0107ena voda, fruktoza, prirodne arome, limunska kiselina, ksantanska guma, kalijev sorbat (za o\u010duvanje svje\u017eine), ekstrakt sjemenki grejpa.<\/p>\n<p>Childlife\u00ae koristi samo najkvalitetnije sastojke. Bez glutena, bez alkohola, bez kazeina. Ne sadr\u017ei mlijeko, jaja, p\u0161enicu, kvasac, kikiriki, ora\u0161aste plodove, ribu ili \u0161koljke. Bez umjetnih boja, aroma i sladila.<\/p>\n<p>\u041f\u043e\u043f\u0435\u0440\u0435\u0434\u0436\u0435\u043d\u043d\u044f<\/p>\n<p>\u010cuvati izvan dohvata djece. Otporan na neovla\u0161teno otvaranje: Ne koristite ako je vanjski sigurnosni pe\u010dat slomljen ili nedostaje.<\/p>\n<\/div>\n<\/div>\n<div class=\"row item-row\">\n<div class=\"col-xs-24\"><\/div>\n<\/div>\n<\/div>\n<div class=\"col-xs-24 col-md-10\">\n<div class=\"supplement-facts-container\">\n<table border=\"1\" width=\"100%\" cellspacing=\"0\" cellpadding=\"3\">\n<tbody>\n<tr>\n<td class=\"\" colspan=\"7\"><strong>Supplement Facts<\/strong><\/td>\n<\/tr>\n<tr>\n<td colspan=\"7\"><strong>Serving Size:\u00a0<\/strong>1 tsp (5 ml); 2 tsp (10 ml); 3 tsp (15 ml)<\/td>\n<\/tr>\n<tr>\n<td colspan=\"7\"><strong>Servings Per Container:<\/strong>\u00a047; 24; 16<\/td>\n<\/tr>\n<tr>\n<td width=\"40%\">\u00a0<strong>Amount Per Serving\u00a0<\/strong><\/td>\n<td width=\"10%\"><strong>Infants 6-12 mos (1 tsp)<\/strong><\/td>\n<td width=\"10%\"><strong>%DV<\/strong><\/td>\n<td width=\"10%\"><strong>Children 1-3 Yrs (2 tsp)<\/strong><\/td>\n<td width=\"10%\"><strong>%DV<\/strong><\/td>\n<td width=\"10%\"><strong>Children 4+ yrs (3 tsp)<\/strong><\/td>\n<td width=\"10%\"><strong>%DV<\/strong><\/td>\n<\/tr>\n<tr>\n<td>Calories<\/td>\n<td>10<\/td>\n<td><\/td>\n<td>20<\/td>\n<td><strong>\u00a0<\/strong><\/td>\n<td>30<\/td>\n<td><strong>\u00a0<\/strong><\/td>\n<\/tr>\n<tr>\n<td>Total Carbohydrate<\/td>\n<td>3 g<\/td>\n<td>3%<\/td>\n<td>6 g<\/td>\n<td>4%***<\/td>\n<td>9 g<\/td>\n<td>3%**<\/td>\n<\/tr>\n<tr>\n<td>Total Sugars<\/td>\n<td>3 g<\/td>\n<td>\u2020<\/td>\n<td>5 g<\/td>\n<td>\u2020<strong><br \/>\n<\/strong><\/td>\n<td>8 g<\/td>\n<td>\u2020<strong><br \/>\n<\/strong><\/td>\n<\/tr>\n<tr>\n<td>Includes Added Sugars<\/td>\n<td>3 g<\/td>\n<td>\u2020<\/td>\n<td>5 g<\/td>\n<td>20%***<\/td>\n<td>8 g<\/td>\n<td>16%**<\/td>\n<\/tr>\n<tr>\n<td>Vitamin A (as Vitamin A Palmitate and Beta Carotene)<\/td>\n<td>250 mcg<\/td>\n<td>50%<\/td>\n<td>500 mcg<\/td>\n<td>167%<\/td>\n<td>750 mcg<\/td>\n<td>83%<\/td>\n<\/tr>\n<tr>\n<td>Vitamin C (as Sodium Ascorbate and Ascorbic Acid)<\/td>\n<td>68 mg<\/td>\n<td>136%<\/td>\n<td>135 mg<\/td>\n<td>900%<\/td>\n<td>203 mg<\/td>\n<td>226%<\/td>\n<\/tr>\n<tr>\n<td>Vitamin D3 (as Cholecalciferol)<\/td>\n<td>3.5 mcg (140 IU)<\/td>\n<td>35%<\/td>\n<td>7 mcg (280 IU)<\/td>\n<td>47%<\/td>\n<td>10.5 mcg (420 IU)<\/td>\n<td>53%<\/td>\n<\/tr>\n<tr>\n<td>Vitamin E (as d-alpha tocopherol)<\/td>\n<td>6.5 mg<\/td>\n<td>130%<\/td>\n<td>13 mg<\/td>\n<td>217%<\/td>\n<td>19.5 mg<\/td>\n<td>130%<\/td>\n<\/tr>\n<tr>\n<td>Thiamin (as Thiamin HCL)<\/td>\n<td>1 mg<\/td>\n<td>333%<\/td>\n<td>2 mg<\/td>\n<td>400%<\/td>\n<td>3 mg<\/td>\n<td>250%<\/td>\n<\/tr>\n<tr>\n<td>Riboflavin (as Riboflavin-5-Phosphate)<\/td>\n<td>1 mg<\/td>\n<td>250%<\/td>\n<td>2 mg<\/td>\n<td>400%<\/td>\n<td>3 mg<\/td>\n<td>231%<\/td>\n<\/tr>\n<tr>\n<td>Niacin (as Niacinamide)<\/td>\n<td>5 mg<\/td>\n<td>125%<\/td>\n<td>10 mg<\/td>\n<td>167%<\/td>\n<td>15 mg<\/td>\n<td>94%<\/td>\n<\/tr>\n<tr>\n<td>Vitamin B6 (as Pyridoxine HCL)<\/td>\n<td>1 mg<\/td>\n<td>333%<\/td>\n<td>2 mg<\/td>\n<td>400%<\/td>\n<td>3 mg<\/td>\n<td>176%<\/td>\n<\/tr>\n<tr>\n<td>Folate (as Folic Acid)<\/td>\n<td>110 mcg DFE (66 mcg Folic Acid)<\/td>\n<td>138%<\/td>\n<td>220 mcg DFE (132 mcg Folic Acid)<\/td>\n<td>147%<\/td>\n<td>330 mcg DFE (198 mcg Folic Acid)<\/td>\n<td>83%<\/td>\n<\/tr>\n<tr>\n<td>Vitamin B12 (as Cyanocobalamin)<\/td>\n<td>3 mcg<\/td>\n<td>600%<\/td>\n<td>6 mcg<\/td>\n<td>667%<\/td>\n<td>9 mcg<\/td>\n<td>375%<\/td>\n<\/tr>\n<tr>\n<td>Biotin (as d-Biotin)<\/td>\n<td>33 mcg<\/td>\n<td>550%<\/td>\n<td>65 mcg<\/td>\n<td>813%<\/td>\n<td>98 mcg<\/td>\n<td>327%<\/td>\n<\/tr>\n<tr>\n<td>Pantothenic Acid (as d-Panthenol)<\/td>\n<td>3.5 mg<\/td>\n<td>194%<\/td>\n<td>7 mg<\/td>\n<td>350%<\/td>\n<td>10.5 mg<\/td>\n<td>210%<\/td>\n<\/tr>\n<tr>\n<td>Calcium (as Calcium Lactate)<\/td>\n<td>28 mg<\/td>\n<td>11%<\/td>\n<td>55 mg<\/td>\n<td>8%<\/td>\n<td>83 mg<\/td>\n<td>6%<\/td>\n<\/tr>\n<tr>\n<td>Iodine (as Potassium Iodide)<\/td>\n<td>25 mcg<\/td>\n<td>19%<\/td>\n<td>50 mcg<\/td>\n<td>56%<\/td>\n<td>75 mcg<\/td>\n<td>50%<\/td>\n<\/tr>\n<tr>\n<td>Magnesium (as Magnesium Lactate)<\/td>\n<td>7.5 mg<\/td>\n<td>10%<\/td>\n<td>15 mg<\/td>\n<td>19%<\/td>\n<td>23 mg<\/td>\n<td>5%<\/td>\n<\/tr>\n<tr>\n<td>Zinc (as Zinc Gluconate)<\/td>\n<td>2.5 mg<\/td>\n<td>83%<\/td>\n<td>5 mg<\/td>\n<td>167%<\/td>\n<td>7.5 mg<\/td>\n<td>68%<\/td>\n<\/tr>\n<tr>\n<td>Selenium (as L-Selenomethionine)<\/td>\n<td>18 mcg<\/td>\n<td>90%<\/td>\n<td>35 mcg<\/td>\n<td>175%<\/td>\n<td>53 mcg<\/td>\n<td>96%<\/td>\n<\/tr>\n<tr>\n<td>Manganese (as Manganese Gluconate)<\/td>\n<td>0.8 mg<\/td>\n<td>133%<\/td>\n<td>1.5 mg<\/td>\n<td>125%<\/td>\n<td>2.3 mg<\/td>\n<td>100%<\/td>\n<\/tr>\n<tr>\n<td>Chromium (as Chromium Picolinate)<\/td>\n<td>3.5 mcg<\/td>\n<td>64%<\/td>\n<td>7 mcg<\/td>\n<td>64%<\/td>\n<td>10.5 mcg<\/td>\n<td>30%<\/td>\n<\/tr>\n<tr>\n<td>Sodium<\/td>\n<td>5 mg<\/td>\n<td>\u2020<\/td>\n<td>10 mg<\/td>\n<td>1%<\/td>\n<td>15 mg<\/td>\n<td>1%<\/td>\n<\/tr>\n<tr>\n<td>Potassium (as Potassium Citrate)<\/td>\n<td>8 mg<\/td>\n<td>1%<\/td>\n<td>15 mg<\/td>\n<td>&lt;1%<\/td>\n<td>23 mg<\/td>\n<td>&lt;1%<\/td>\n<\/tr>\n<tr>\n<td>Inositol<\/td>\n<td>10 mg<\/td>\n<td>\u2020<\/td>\n<td>20 mg<\/td>\n<td><strong>\u2020<br \/>\n<\/strong><\/td>\n<td>30 mg<\/td>\n<td><strong>\u2020<br \/>\n<\/strong><\/td>\n<\/tr>\n<tr>\n<td class=\"fr-selected-cell\" colspan=\"7\">**Percent Daily Values are based on a 2,000 calorie diet.<br \/>\n***Percent Daily Values are based on a 1,000 calorie diet.<br \/>\n\u2020Daily Value not established.<\/td>\n<\/tr>\n<\/tbody>\n<\/table>\n<\/div>\n<\/div>","protected":false},"excerpt":{"rendered":"<p>Opis Prehrana za djecu!\u00ae Formulirao dr. Murray C. Clarke, D. Hom., L.Ac. Nagra\u0111ivani dodaci Dodatak prehrani Potvr\u0111en projekt bez GMO-a Certificirano bez glutena &#8211; NSF Preporu\u010dena uporaba Dojen\u010dad 6 &#8211; 12 mjeseci: 1 \u017eli\u010dica dnevno Djeca 1-3 godine: 1-2 \u017eli\u010dice dnevno Djeca 4+ godina: 2-3 \u017eli\u010dice dnevno Dobro protresti prije upotrebe Nakon otvaranja \u010duvati u[&#8230;]<\/p>","protected":false},"featured_media":6824,"comment_status":"open","ping_status":"closed","template":"","meta":{"inline_featured_image":false},"product_cat":[26,93],"product_tag":[],"class_list":{"0":"post-6820","1":"product","2":"type-product","3":"status-publish","4":"has-post-thumbnail","6":"product_cat-children","7":"product_cat-childrens-health","9":"first","10":"instock","11":"featured","12":"shipping-taxable","13":"purchasable","14":"product-type-simple"},"_links":{"self":[{"href":"https:\/\/be-healthy.taniko.me\/uk\/wp-json\/wp\/v2\/product\/6820","targetHints":{"allow":["GET"]}}],"collection":[{"href":"https:\/\/be-healthy.taniko.me\/uk\/wp-json\/wp\/v2\/product"}],"about":[{"href":"https:\/\/be-healthy.taniko.me\/uk\/wp-json\/wp\/v2\/types\/product"}],"replies":[{"embeddable":true,"href":"https:\/\/be-healthy.taniko.me\/uk\/wp-json\/wp\/v2\/comments?post=6820"}],"wp:featuredmedia":[{"embeddable":true,"href":"https:\/\/be-healthy.taniko.me\/uk\/wp-json\/wp\/v2\/media\/6824"}],"wp:attachment":[{"href":"https:\/\/be-healthy.taniko.me\/uk\/wp-json\/wp\/v2\/media?parent=6820"}],"wp:term":[{"taxonomy":"product_cat","embeddable":true,"href":"https:\/\/be-healthy.taniko.me\/uk\/wp-json\/wp\/v2\/product_cat?post=6820"},{"taxonomy":"product_tag","embeddable":true,"href":"https:\/\/be-healthy.taniko.me\/uk\/wp-json\/wp\/v2\/product_tag?post=6820"}],"curies":[{"name":"wp","href":"https:\/\/api.w.org\/{rel}","templated":true}]}}