{"id":6825,"date":"2024-01-01T18:55:35","date_gmt":"2024-01-01T18:55:35","guid":{"rendered":"https:\/\/be-healthy.taniko.me\/?post_type=product&#038;p=6825"},"modified":"2024-10-15T09:01:23","modified_gmt":"2024-10-15T09:01:23","slug":"childlife-essentials-liquid-iron-natural-berry-4-fl-oz-118-ml","status":"publish","type":"product","link":"https:\/\/be-healthy.taniko.me\/uk\/product\/childlife-essentials-liquid-iron-natural-berry-4-fl-oz-118-ml\/","title":{"rendered":"ChildLife Essentials, Liquid Iron, Natural Berry, 4 fl oz (118 ml)"},"content":{"rendered":"<div class=\"col-xs-24 col-md-14\">\n<div class=\"row item-row\">\n<div class=\"col-xs-24\">\n<p>\u041e\u043f\u0438\u0441<br \/>\nPrehrana za djecu!\u00ae<br \/>\nFormulirao dr. Murray C. Clarke, D. Hom., L. Ac.<br \/>\nOdli\u010dan okus<br \/>\n\u0414\u0456\u0454\u0442\u0438\u0447\u043d\u0430 \u0434\u043e\u0431\u0430\u0432\u043a\u0430<br \/>\nko\u0161er parve<br \/>\nBez glutena, bez alkohola, bez kazeina<\/p>\n<p>ChildLife\u00ae koristi samo najkvalitetnije sastojke.<\/p>\n<p>\u0420\u0435\u043a\u043e\u043c\u0435\u043d\u0434\u0430\u0446\u0456\u0457 \u0456\u0437 \u0437\u0430\u0441\u0442\u043e\u0441\u0443\u0432\u0430\u043d\u043d\u044f<\/p>\n<p>Dojen\u010dad 0-12 mjeseci: 1\/2 \u017eli\u010dice dnevno<\/p>\n<p>Djeca 1-3 godine: 1\/2 \u017eli\u010dice dnevno<\/p>\n<p>Djeca 4+ godina: 1 \u017eli\u010dica dnevno<\/p>\n<p>Dajte izravno ili pomije\u0161ajte sa sokom ili omiljenim pi\u0107em ili hranom va\u0161eg djeteta.<br \/>\nDobro protresti prije upotrebe.<br \/>\n\u0406\u043d\u0448\u0456 \u0456\u043d\u0433\u0440\u0435\u0434\u0456\u0454\u043d\u0442\u0438<\/p>\n<p>Biljni glicerin, deionizirana voda, prirodna aroma bobi\u010dastog vo\u0107a, limunska kiselina, ksantan guma.<\/p>\n<p>Ne sadr\u017ei mlijeko, jaja, soju, p\u0161enicu, kvasac ili kukuruz. Bez umjetnih boja, aroma ili zasla\u0111iva\u010da.<\/p>\n<p>\u041f\u043e\u043f\u0435\u0440\u0435\u0434\u0436\u0435\u043d\u043d\u044f<\/p>\n<p>Slu\u010dajno predoziranje proizvodima koji sadr\u017ee \u017eeljezo vode\u0107i je uzrok smrtonosnog trovanja kod djece mla\u0111e od 6 godina. Dr\u017eite ovaj proizvod izvan dohvata djece. U slu\u010daju slu\u010dajnog predoziranja, odmah nazovite lije\u010dnika ili centar za kontrolu trovanja.<\/p>\n<p>Otporan na neovla\u0161teno otvaranje: Ne koristite ako je vanjski sigurnosni pe\u010dat slomljen ili nedostaje.<\/p>\n<p>\u010cuvajte na hladnom i suhom mjestu daleko od sun\u010deve svjetlosti.<\/p>\n<\/div>\n<\/div>\n<\/div>\n<div class=\"col-xs-24 col-md-10\">\n<div class=\"supplement-facts-container\">\n<table border=\"1\" width=\"100%\" cellspacing=\"0\" cellpadding=\"3\">\n<tbody>\n<tr align=\"left\" valign=\"top\">\n<td colspan=\"7\"><strong>Supplement Facts<\/strong><\/td>\n<\/tr>\n<tr align=\"left\" valign=\"top\">\n<td colspan=\"7\"><strong>Serving Size:\u00a0<\/strong>1\/2 tsp (2.5 mL); 1 tsp (5 mL)<\/td>\n<\/tr>\n<tr align=\"left\" valign=\"top\">\n<td colspan=\"7\"><strong>Serving Per Container:\u00a0<\/strong>47; 24<\/td>\n<\/tr>\n<tr align=\"left\" valign=\"top\">\n<td width=\"40%\"><\/td>\n<td width=\"10%\"><strong>Amount Per Serving<\/strong><\/td>\n<td width=\"10%\"><strong>% DV Infants 0-12 mos (1\/2 tsp)<\/strong><\/td>\n<td width=\"10%\"><strong>Amount Per Serving<\/strong><\/td>\n<td width=\"10%\"><strong>% DV Children 1-3 yrs (1\/2 tsp)<\/strong><\/td>\n<td width=\"10%\"><strong>Amount Per Serving\u00a0<\/strong><\/td>\n<td width=\"10%\"><strong>% DV Children 4+ yrs (1 tsp)<\/strong><\/td>\n<\/tr>\n<tr align=\"left\" valign=\"top\">\n<td>Calories<\/td>\n<td>5<\/td>\n<td><\/td>\n<td>5<\/td>\n<td><\/td>\n<td>15<\/td>\n<td><\/td>\n<\/tr>\n<tr align=\"left\" valign=\"top\">\n<td>Total Carbohydrate<\/td>\n<td>2 g<\/td>\n<td>2%<\/td>\n<td>2 g<\/td>\n<td>1%***<\/td>\n<td>3 g<\/td>\n<td>1%**<\/td>\n<\/tr>\n<tr align=\"left\" valign=\"top\">\n<td>Iron (as Ferrous Bisglycinate Chelate)<\/td>\n<td>5 mg<\/td>\n<td>45%<\/td>\n<td>5 mg<\/td>\n<td>71%<\/td>\n<td>10 mg<\/td>\n<td>56%<\/td>\n<\/tr>\n<tr align=\"left\" valign=\"top\">\n<td colspan=\"7\">**Percent Daily Values (DV) are based on a 2,000 calorie diet.<br \/>\n***Percent Daily Values are based on a 1,000 calorie diet.<\/td>\n<\/tr>\n<\/tbody>\n<\/table>\n<\/div>\n<\/div>","protected":false},"excerpt":{"rendered":"<p>Opis Prehrana za djecu!\u00ae Formulirao dr. Murray C. Clarke, D. Hom., L. Ac. Odli\u010dan okus Dodatak prehrani ko\u0161er parve Bez glutena, bez alkohola, bez kazeina ChildLife\u00ae koristi samo najkvalitetnije sastojke. Preporu\u010dena uporaba Dojen\u010dad 0-12 mjeseci: 1\/2 \u017eli\u010dice dnevno Djeca 1-3 godine: 1\/2 \u017eli\u010dice dnevno Djeca 4+ godina: 1 \u017eli\u010dica dnevno Dajte izravno ili pomije\u0161ajte sa[&#8230;]<\/p>","protected":false},"featured_media":6827,"comment_status":"open","ping_status":"closed","template":"","meta":{"inline_featured_image":false},"product_cat":[26,93],"product_tag":[],"class_list":{"0":"post-6825","1":"product","2":"type-product","3":"status-publish","4":"has-post-thumbnail","6":"product_cat-children","7":"product_cat-childrens-health","9":"first","10":"instock","11":"featured","12":"shipping-taxable","13":"purchasable","14":"product-type-simple"},"_links":{"self":[{"href":"https:\/\/be-healthy.taniko.me\/uk\/wp-json\/wp\/v2\/product\/6825","targetHints":{"allow":["GET"]}}],"collection":[{"href":"https:\/\/be-healthy.taniko.me\/uk\/wp-json\/wp\/v2\/product"}],"about":[{"href":"https:\/\/be-healthy.taniko.me\/uk\/wp-json\/wp\/v2\/types\/product"}],"replies":[{"embeddable":true,"href":"https:\/\/be-healthy.taniko.me\/uk\/wp-json\/wp\/v2\/comments?post=6825"}],"wp:featuredmedia":[{"embeddable":true,"href":"https:\/\/be-healthy.taniko.me\/uk\/wp-json\/wp\/v2\/media\/6827"}],"wp:attachment":[{"href":"https:\/\/be-healthy.taniko.me\/uk\/wp-json\/wp\/v2\/media?parent=6825"}],"wp:term":[{"taxonomy":"product_cat","embeddable":true,"href":"https:\/\/be-healthy.taniko.me\/uk\/wp-json\/wp\/v2\/product_cat?post=6825"},{"taxonomy":"product_tag","embeddable":true,"href":"https:\/\/be-healthy.taniko.me\/uk\/wp-json\/wp\/v2\/product_tag?post=6825"}],"curies":[{"name":"wp","href":"https:\/\/api.w.org\/{rel}","templated":true}]}}