{"id":6828,"date":"2024-01-01T19:08:17","date_gmt":"2024-01-01T19:08:17","guid":{"rendered":"https:\/\/be-healthy.taniko.me\/?post_type=product&#038;p=6828"},"modified":"2024-10-15T09:00:22","modified_gmt":"2024-10-15T09:00:22","slug":"natures-way-alive-kids-complete-multivitamin-cherry-orange-grape-60-gummies","status":"publish","type":"product","link":"https:\/\/be-healthy.taniko.me\/uk\/product\/natures-way-alive-kids-complete-multivitamin-cherry-orange-grape-60-gummies\/","title":{"rendered":"Nature&#8217;s Way, Alive! Kids, Complete Multivitamin, Cherry, Orange &#038; Grape , 60 Gummies"},"content":{"rendered":"<div class=\"col-xs-24 col-md-14\">\n<div class=\"row item-row\">\n<div class=\"col-xs-24\">\n<p>\u041e\u043f\u0438\u0441<br \/>\nOrchard Fruits\u2122 &amp; Garden Veggies\u2122 \u00a0mje\u0161avina praha (100 mg na 2 gumene gume)<br \/>\nMultivitaminski dodatak<br \/>\nPotpuni kompleks B-vitamina<br \/>\n15 vitamina\/minerala s inozitolom<br \/>\nNapravljeno od pektina, a ne od \u017eelatine<br \/>\nUkusni okusi tre\u0161nje, naran\u010de i gro\u017e\u0111a<br \/>\nVegetarijanac<\/p>\n<p>Uravnote\u017eena podr\u0161ka za rast i razvoj<\/p>\n<p>Kosti<br \/>\nO\u010di<br \/>\nStani\u010dna energija<br \/>\nImunolo\u0161ko zdravlje<br \/>\n\u0420\u0435\u043a\u043e\u043c\u0435\u043d\u0434\u0430\u0446\u0456\u0457 \u0456\u0437 \u0437\u0430\u0441\u0442\u043e\u0441\u0443\u0432\u0430\u043d\u043d\u044f<\/p>\n<p>Djeca od 2-3 godine \u017evakati 1 gumu dnevno. Djeca od 4 godine i starija, \u017eva\u010du 2 gumene gume dnevno. Uzimati po mogu\u0107nosti s hranom. Uputite dijete da \u017eva\u010de \u017evaka\u0107e gume prije nego ih proguta.<\/p>\n<p>\u0406\u043d\u0448\u0456 \u0456\u043d\u0433\u0440\u0435\u0434\u0456\u0454\u043d\u0442\u0438<\/p>\n<p>Glukozni sirup, saharoza, pro\u010di\u0161\u0107ena voda, pektin, limunska kiselina, natrijev citrat, prirodne arome, boje za sokove povr\u0107a i vo\u0107a, kokosovo ulje, karnauba vosak.<\/p>\n<p>Bez glutena, \u017eelatine, mlije\u010dnih proizvoda, sastojaka dobivenih od kvasca, p\u0161enice, kikirikija, jaja.<\/p>\n<p>\u041f\u043e\u043f\u0435\u0440\u0435\u0434\u0436\u0435\u043d\u043d\u044f<\/p>\n<p>Nije za djecu mla\u0111u od 2 godine zbog opasnosti od gu\u0161enja. Ako ste trudni, dojite ili uzimate bilo kakve lijekove, posavjetujte se s lije\u010dnikom prije uporabe.<\/p>\n<p>\u010cuvati izvan dohvata djece. Sigurnosno zape\u010da\u0107eno za va\u0161u za\u0161titu. Nemojte koristiti ako je sigurnosna brtva ispod \u010depa boce za\u0161ti\u0107enog za djecu slomljena ili nedostaje. \u010cuvati na sobnoj temperaturi. \u010cuvati bocu dobro zatvorenu. Izbjegavajte pretjeranu toplinu i izravnu sun\u010devu svjetlost.<\/p>\n<\/div>\n<\/div>\n<\/div>\n<div class=\"col-xs-24 col-md-10\">\n<div class=\"supplement-facts-container\">\n<table border=\"1\" width=\"100%\" cellspacing=\"0\" cellpadding=\"3\">\n<tbody>\n<tr align=\"left\" valign=\"top\">\n<td colspan=\"5\"><strong>Supplement Facts<\/strong><\/td>\n<\/tr>\n<tr>\n<td class=\"\" colspan=\"5\"><strong>Serving Size:\u00a0<\/strong>\u00a01 Gummy \/ 2 Gummies<\/td>\n<\/tr>\n<tr>\n<td colspan=\"5\"><strong>Servings Per Container:<\/strong>\u00a060 \/ 30<\/td>\n<\/tr>\n<tr align=\"left\" valign=\"top\">\n<td width=\"40%\"><strong>Amount Per Serving\u00a0<\/strong><\/td>\n<td width=\"15%\"><strong>1 Gummy<\/strong><br \/>\n<strong>(Ages 2-3 Yrs)\u00a0<\/strong><\/td>\n<td width=\"15%\"><strong>%DV<\/strong><\/td>\n<td width=\"15%\"><strong>2 Gummies (4+ Yrs)<\/strong><\/td>\n<td width=\"15%\"><strong>%DV\u00a0<\/strong><\/td>\n<\/tr>\n<tr align=\"left\" valign=\"top\">\n<td>Calories<\/td>\n<td>10<\/td>\n<td><\/td>\n<td>15<\/td>\n<td><\/td>\n<\/tr>\n<tr align=\"left\" valign=\"top\">\n<td>Total Carbohydrate<\/td>\n<td>2 g<\/td>\n<td>1%\u2021<\/td>\n<td>4 g<\/td>\n<td>1%\u2020<\/td>\n<\/tr>\n<tr align=\"left\" valign=\"top\">\n<td>Total Sugars<\/td>\n<td>1 g<\/td>\n<td>**<\/td>\n<td>3 g<\/td>\n<td>**<\/td>\n<\/tr>\n<tr align=\"left\" valign=\"top\">\n<td>Vitamin A (as retinyl palmitate)<\/td>\n<td>225 mcg<\/td>\n<td>75%<\/td>\n<td>450 mcg<\/td>\n<td>50%<\/td>\n<\/tr>\n<tr align=\"left\" valign=\"top\">\n<td>Vitamin C (ascorbic acid)<\/td>\n<td>30 mg<\/td>\n<td>200%<\/td>\n<td>60 mg<\/td>\n<td>67%<\/td>\n<\/tr>\n<tr align=\"left\" valign=\"top\">\n<td>\u0412\u0456\u0442\u0430\u043c\u0456\u043d D3 (\u0443 \u0432\u0438\u0433\u043b\u044f\u0434\u0456 \u0445\u043e\u043b\u0435\u043a\u0430\u043b\u044c\u0446\u0438\u0444\u0435\u0440\u043e\u043b\u0443)<\/td>\n<td>10 mcg<\/td>\n<td>67%<\/td>\n<td>20 mcg<\/td>\n<td>100%<\/td>\n<\/tr>\n<tr align=\"left\" valign=\"top\">\n<td>Vitamin E (as dl-alpha tocopheryl acetate)<\/td>\n<td>5 mg<\/td>\n<td>83%<\/td>\n<td>10 mg<\/td>\n<td>67%<\/td>\n<\/tr>\n<tr>\n<td>Thiamin (as thiamin HCl)<\/td>\n<td>150 mcg<\/td>\n<td>30%<\/td>\n<td>300 mcg<\/td>\n<td>25%<\/td>\n<\/tr>\n<tr>\n<td>Riboflavin<\/td>\n<td>162.5 mcg<\/td>\n<td>33%<\/td>\n<td>325 mcg<\/td>\n<td>25%<\/td>\n<\/tr>\n<tr align=\"left\" valign=\"top\">\n<td class=\"\">Niacin (as niacinamide)<\/td>\n<td>2 mg<\/td>\n<td>33%<\/td>\n<td>4 mg<\/td>\n<td class=\"\">25%<\/td>\n<\/tr>\n<tr align=\"left\" valign=\"top\">\n<td>Vitamin B6 (as pyridoxine HCl)<\/td>\n<td>0.85 mg<\/td>\n<td>170%<\/td>\n<td>1.7 mg<\/td>\n<td>100%<\/td>\n<\/tr>\n<tr align=\"left\" valign=\"top\">\n<td>Folate<\/td>\n<td>200 mcg DFE (120 mcg Folic Acid)<\/td>\n<td>133%<\/td>\n<td>400 mcg DFE<br \/>\n(240 mcg Folic Acid)<\/td>\n<td>100%<\/td>\n<\/tr>\n<tr align=\"left\" valign=\"top\">\n<td>Vitamin B12 (as cyanocobalamin)<\/td>\n<td>1.2 mcg<\/td>\n<td>133%<\/td>\n<td>2.4 mcg<\/td>\n<td>100%<\/td>\n<\/tr>\n<tr align=\"left\" valign=\"top\">\n<td>Biotin<\/td>\n<td>7.5 mcg<\/td>\n<td>94%<\/td>\n<td>15 mcg<\/td>\n<td>50%<\/td>\n<\/tr>\n<tr align=\"left\" valign=\"top\">\n<td>Pantothenic Acid (as D-Calcium Pantothenate)<\/td>\n<td>1.25 mg<\/td>\n<td>63%<\/td>\n<td>2.5 mg<\/td>\n<td>50%<\/td>\n<\/tr>\n<tr>\n<td>Choline (as choline bitartrate)<\/td>\n<td>5.5 mg<\/td>\n<td>3%<\/td>\n<td>11 mg<\/td>\n<td>2%<\/td>\n<\/tr>\n<tr align=\"left\" valign=\"top\">\n<td class=\"\">Iodine (as Potassium iodide)<\/td>\n<td>37.5 mcg<\/td>\n<td>42%<\/td>\n<td>75 mcg<\/td>\n<td class=\"\">50%<\/td>\n<\/tr>\n<tr align=\"left\" valign=\"top\">\n<td>Zinc (as zinc citrate)<\/td>\n<td>1.1 mg<\/td>\n<td>37%<\/td>\n<td>2.2 mg<\/td>\n<td>20%<\/td>\n<\/tr>\n<tr align=\"left\" valign=\"top\">\n<td>Sodium<\/td>\n<td>5 mg<\/td>\n<td>&lt;1%<\/td>\n<td>10 mg<\/td>\n<td>&lt;1%<\/td>\n<\/tr>\n<tr align=\"left\" valign=\"top\">\n<td>Orchard Fruits\u2122 &amp; Garden Veggies\u2122 Powder Blend<br \/>\nOrange, Blueberry, Carrot, Plum, Pomegranate, Strawberry, Pear, Apple, Beet, Raspberry, Pineapple, Pumpkin, Cherry, Cauliflower, Grape, Banana, Cabbage, Tomato, Acai, Asparagus, Brussels Sprout, Cranberry, Cucumber, Pea, Broccoli, Spinach<\/td>\n<td>50 mg<\/td>\n<td>**<\/td>\n<td>100 mg<\/td>\n<td>**<\/td>\n<\/tr>\n<tr align=\"left\" valign=\"top\">\n<td>Inositol<\/td>\n<td>20 mcg<\/td>\n<td>**<\/td>\n<td>40 mcg<\/td>\n<td>**<\/td>\n<\/tr>\n<tr align=\"left\" valign=\"top\">\n<td colspan=\"5\">\u2020Percent Daily Values (DV) are based on a 2,000 calorie diet.<br \/>\n\u2021Percent Daily Values (DV) are based on a 1,000 calorie diet.<br \/>\n**Daily Value not established.<\/td>\n<\/tr>\n<\/tbody>\n<\/table>\n<\/div>\n<\/div>","protected":false},"excerpt":{"rendered":"<p>Opis Orchard Fruits\u2122 &amp; Garden Veggies\u2122 \u00a0mje\u0161avina praha (100 mg na 2 gumene gume) Multivitaminski dodatak Potpuni kompleks B-vitamina 15 vitamina\/minerala s inozitolom Napravljeno od pektina, a ne od \u017eelatine Ukusni okusi tre\u0161nje, naran\u010de i gro\u017e\u0111a Vegetarijanac Uravnote\u017eena podr\u0161ka za rast i razvoj Kosti O\u010di Stani\u010dna energija Imunolo\u0161ko zdravlje Preporu\u010dena uporaba Djeca od 2-3 godine[&#8230;]<\/p>","protected":false},"featured_media":6830,"comment_status":"open","ping_status":"closed","template":"","meta":{"inline_featured_image":false},"product_cat":[26,93],"product_tag":[],"class_list":{"0":"post-6828","1":"product","2":"type-product","3":"status-publish","4":"has-post-thumbnail","6":"product_cat-children","7":"product_cat-childrens-health","9":"first","10":"instock","11":"featured","12":"shipping-taxable","13":"purchasable","14":"product-type-simple"},"_links":{"self":[{"href":"https:\/\/be-healthy.taniko.me\/uk\/wp-json\/wp\/v2\/product\/6828","targetHints":{"allow":["GET"]}}],"collection":[{"href":"https:\/\/be-healthy.taniko.me\/uk\/wp-json\/wp\/v2\/product"}],"about":[{"href":"https:\/\/be-healthy.taniko.me\/uk\/wp-json\/wp\/v2\/types\/product"}],"replies":[{"embeddable":true,"href":"https:\/\/be-healthy.taniko.me\/uk\/wp-json\/wp\/v2\/comments?post=6828"}],"wp:featuredmedia":[{"embeddable":true,"href":"https:\/\/be-healthy.taniko.me\/uk\/wp-json\/wp\/v2\/media\/6830"}],"wp:attachment":[{"href":"https:\/\/be-healthy.taniko.me\/uk\/wp-json\/wp\/v2\/media?parent=6828"}],"wp:term":[{"taxonomy":"product_cat","embeddable":true,"href":"https:\/\/be-healthy.taniko.me\/uk\/wp-json\/wp\/v2\/product_cat?post=6828"},{"taxonomy":"product_tag","embeddable":true,"href":"https:\/\/be-healthy.taniko.me\/uk\/wp-json\/wp\/v2\/product_tag?post=6828"}],"curies":[{"name":"wp","href":"https:\/\/api.w.org\/{rel}","templated":true}]}}