{"id":6831,"date":"2024-01-01T19:24:40","date_gmt":"2024-01-01T19:24:40","guid":{"rendered":"https:\/\/be-healthy.taniko.me\/?post_type=product&#038;p=6831"},"modified":"2024-10-15T08:59:07","modified_gmt":"2024-10-15T08:59:07","slug":"natures-way-alive-kids-premium-multivitamin-cherry-orange-grape-90-gummies","status":"publish","type":"product","link":"https:\/\/be-healthy.taniko.me\/uk\/product\/natures-way-alive-kids-premium-multivitamin-cherry-orange-grape-90-gummies\/","title":{"rendered":"Nature&#8217;s Way, Alive! Kids, Premium Multivitamin, Cherry, Orange &#038; Grape, 90 Gummies"},"content":{"rendered":"<div class=\"container product-overview\">\n<div class=\"content-frame\">\n<section class=\"content-wrapper\">\n<div class=\"inner-content\">\n<div class=\"item-row\">\n<div class=\"row\">\n<div class=\"col-xs-24 col-md-14\">\n<div class=\"row item-row\">\n<div class=\"col-xs-24\">\n<p>\u041e\u043f\u0438\u0441<br \/>\n100% vi\u0161e od 4 B-vitamina\u2021 koji poma\u017eu pretvoriti hranu u gorivo<br \/>\nOrchard Fruits\u2122 &amp; Garden Veggies\u2122 mje\u0161avina praha (200 mg na 3 gumene bombone)<br \/>\nMultivitaminski dodatak<br \/>\nPotpuni kompleks B-vitamina<br \/>\nNapravljeno od pektina, a ne od \u017eelatine<br \/>\n15 vitamina\/minerala s inozitolom<br \/>\nUkusni okusi tre\u0161nje, naran\u010de i gro\u017e\u0111a<br \/>\nVegetarijanac<\/p>\n<p>Uravnote\u017eena podr\u0161ka za rast i razvoj<\/p>\n<p>Kosti<br \/>\nO\u010di<br \/>\nStani\u010dna energija<br \/>\nImunolo\u0161ko zdravlje<\/p>\n<p>\u2021S \u200b\u200bvi\u0161e tiamina (0,6 mg u odnosu na 0,3 mg), riboflavina (0,65 mg u odnosu na 0,325 mg), niacina (8 mg u odnosu na 4 mg) i biotina (0,03 mg u odnosu na 0,015 mg) nego Alive!\u00ae Kid&#8217;s Gummy non -premium formula (15788).<\/p>\n<p>\u0420\u0435\u043a\u043e\u043c\u0435\u043d\u0434\u0430\u0446\u0456\u0457 \u0456\u0437 \u0437\u0430\u0441\u0442\u043e\u0441\u0443\u0432\u0430\u043d\u043d\u044f<\/p>\n<p>Djeca od 2-3 godine \u017eva\u010du 2 gumene gume dnevno. Djeca od 4 godine i starija, \u017eva\u010du 3 gumene gume dnevno. Po mogu\u0107nosti uzimati s hranom. Uputite dijete da \u017eva\u010de \u017evaka\u0107e gume prije nego ih proguta.<\/p>\n<p>\u0406\u043d\u0448\u0456 \u0456\u043d\u0433\u0440\u0435\u0434\u0456\u0454\u043d\u0442\u0438<\/p>\n<p>Organski sirup od tapioke, \u0161e\u0107er od \u0161e\u0107erne trske, pro\u010di\u0161\u0107ena voda, pektin, limunska kiselina, natrijev citrat, prirodne arome, boje za sokove povr\u0107a i vo\u0107a, kokosovo ulje, p\u010delinji vosak.<\/p>\n<p>Ne sadr\u017ei: gluten, \u017eelatinu, mlije\u010dne proizvode, sastojke dobivene od kvasca, p\u0161enicu, kikiriki, jaja<\/p>\n<p>\u041f\u043e\u043f\u0435\u0440\u0435\u0434\u0436\u0435\u043d\u043d\u044f<\/p>\n<p>Nije za djecu mla\u0111u od 2 godine zbog opasnosti od gu\u0161enja.<\/p>\n<p>Nemojte prekora\u010diti preporu\u010denu dozu. Ako ste trudni, dojite ili uzimate bilo kakve lijekove, posavjetujte se s lije\u010dnikom prije uporabe.<\/p>\n<p>\u010cuvati izvan dohvata djece. Nemojte koristiti ako je sigurnosna brtva ispod \u010depa boce sigurnog za djecu slomljena ili nedostaje. \u010cuvati na sobnoj temperaturi. \u010cuvati bocu dobro zatvorenu. Izbjegavajte pretjeranu toplinu i izravnu sun\u010devu svjetlost.<\/p>\n<\/div>\n<\/div>\n<div class=\"row item-row\">\n<div class=\"col-xs-24\"><\/div>\n<\/div>\n<\/div>\n<div class=\"col-xs-24 col-md-10\">\n<div class=\"supplement-facts-container\">\n<table border=\"1\" width=\"100%\" cellspacing=\"0\" cellpadding=\"3\">\n<tbody>\n<tr align=\"left\" valign=\"top\">\n<td colspan=\"5\"><strong>Supplement Facts<\/strong><\/td>\n<\/tr>\n<tr>\n<td colspan=\"5\"><strong>Serving Size:\u00a0<\/strong>2 Gummies \/ 3 Gummies<\/td>\n<\/tr>\n<tr>\n<td colspan=\"5\"><strong>Servings Per Container:<\/strong>\u00a045\/ 30<\/td>\n<\/tr>\n<tr align=\"left\" valign=\"top\">\n<td width=\"40%\"><strong>Amount Per Serving\u00a0<\/strong><\/td>\n<td width=\"15%\"><strong>2 Gummies<\/strong><br \/>\n<strong>(Ages 2-3 Yrs)\u00a0<\/strong><\/td>\n<td width=\"15%\"><strong>%DV<\/strong><\/td>\n<td width=\"15%\"><strong>3 Gummies (4+ Yrs)<\/strong><\/td>\n<td width=\"15%\"><strong>%DV\u00a0<\/strong><\/td>\n<\/tr>\n<tr align=\"left\" valign=\"top\">\n<td>Calories<\/td>\n<td>15<\/td>\n<td><\/td>\n<td>25<\/td>\n<td><\/td>\n<\/tr>\n<tr align=\"left\" valign=\"top\">\n<td>Total Carbohydrate<\/td>\n<td>4 g<\/td>\n<td>3%\u2021<\/td>\n<td>6 g<\/td>\n<td>2%\u2020<\/td>\n<\/tr>\n<tr align=\"left\" valign=\"top\">\n<td>Total Sugars<\/td>\n<td>3 g<\/td>\n<td>**<\/td>\n<td>4 g<\/td>\n<td>**<\/td>\n<\/tr>\n<tr>\n<td>Includes Added Sugars<\/td>\n<td>3 g<\/td>\n<td>12%\u2021<\/td>\n<td>4 g<\/td>\n<td>8%\u2020<\/td>\n<\/tr>\n<tr align=\"left\" valign=\"top\">\n<td>Vitamin A (as retinyl palmitate)<\/td>\n<td>300 mcg<\/td>\n<td>100%<\/td>\n<td>450 mcg<\/td>\n<td>50%<\/td>\n<\/tr>\n<tr align=\"left\" valign=\"top\">\n<td>Vitamin C (ascorbic acid)<\/td>\n<td>60 mg<\/td>\n<td>400%<\/td>\n<td>90 mg<\/td>\n<td>100%<\/td>\n<\/tr>\n<tr align=\"left\" valign=\"top\">\n<td>\u0412\u0456\u0442\u0430\u043c\u0456\u043d D3 (\u0443 \u0432\u0438\u0433\u043b\u044f\u0434\u0456 \u0445\u043e\u043b\u0435\u043a\u0430\u043b\u044c\u0446\u0438\u0444\u0435\u0440\u043e\u043b\u0443)<\/td>\n<td>13 mcg<\/td>\n<td>87%<\/td>\n<td>20 mcg<\/td>\n<td>100%<\/td>\n<\/tr>\n<tr align=\"left\" valign=\"top\">\n<td>Vitamin E (as dl-alpha tocopheryl acetate)<\/td>\n<td>5 mg<\/td>\n<td>83%<\/td>\n<td>7.5 mg<\/td>\n<td>50%<\/td>\n<\/tr>\n<tr>\n<td>Thiamin (as thiamin HCl)<\/td>\n<td>0.4 mg<\/td>\n<td>80%<\/td>\n<td>0.6 mg<\/td>\n<td>50%<\/td>\n<\/tr>\n<tr>\n<td>Riboflavin<\/td>\n<td>0.433 mg<\/td>\n<td>87%<\/td>\n<td>0.65 mg<\/td>\n<td>50%<\/td>\n<\/tr>\n<tr align=\"left\" valign=\"top\">\n<td>Niacin (as niacinamide)<\/td>\n<td>5.3 mg<\/td>\n<td>88%<\/td>\n<td>8 mg<\/td>\n<td>50%<\/td>\n<\/tr>\n<tr align=\"left\" valign=\"top\">\n<td>Vitamin B6 (as pyridoxine HCl)<\/td>\n<td>1.1 mg<\/td>\n<td>220%<\/td>\n<td>1.7 mg<\/td>\n<td>100%<\/td>\n<\/tr>\n<tr align=\"left\" valign=\"top\">\n<td>Folate<\/td>\n<td>266 mcg DFE (160 mcg Folic Acid)<\/td>\n<td>177%<\/td>\n<td>400 mcg DFE<br \/>\n(240 mcg Folic Acid)<\/td>\n<td>100%<\/td>\n<\/tr>\n<tr align=\"left\" valign=\"top\">\n<td>Vitamin B12 (as cyanocobalamin)<\/td>\n<td>1.6 mcg<\/td>\n<td>178%<\/td>\n<td>2.4 mcg<\/td>\n<td>100%<\/td>\n<\/tr>\n<tr align=\"left\" valign=\"top\">\n<td>Biotin<\/td>\n<td>20 mcg<\/td>\n<td>250%<\/td>\n<td>30 mcg<\/td>\n<td>100%<\/td>\n<\/tr>\n<tr align=\"left\" valign=\"top\">\n<td>Pantothenic Acid (as D-Calcium Pantothenate)<\/td>\n<td>1.6 mg<\/td>\n<td>80%<\/td>\n<td>2.5 mg<\/td>\n<td>50%<\/td>\n<\/tr>\n<tr>\n<td>Choline (as choline bitartrate)<\/td>\n<td>14.6 mg<\/td>\n<td>7%<\/td>\n<td>22 mg<\/td>\n<td>4%<\/td>\n<\/tr>\n<tr align=\"left\" valign=\"top\">\n<td>Iodine (as Potassium iodide)<\/td>\n<td>50 mcg<\/td>\n<td>56%<\/td>\n<td>75 mcg<\/td>\n<td>50%<\/td>\n<\/tr>\n<tr align=\"left\" valign=\"top\">\n<td>Zinc (as zinc citrate)<\/td>\n<td>3.6 mg<\/td>\n<td>120%<\/td>\n<td>5.5 mg<\/td>\n<td>50%<\/td>\n<\/tr>\n<tr align=\"left\" valign=\"top\">\n<td>Sodium<\/td>\n<td>10 mg<\/td>\n<td>&lt;1%<\/td>\n<td>20 mg<\/td>\n<td>1%<\/td>\n<\/tr>\n<tr align=\"left\" valign=\"top\">\n<td>Orchard Fruits\u2122 &amp; Garden Veggies\u2122 Powder Blend<br \/>\nOrange, Blueberry, Carrot, Plum, Pomegranate, Strawberry, Pear, Apple, Beet, Raspberry, Pineapple, Pumpkin, Cherry, Cauliflower, Grape, Banana, Cabbage, Tomato, Acai, Asparagus, Brussels Sprout, Cranberry, Cucumber, Pea, Broccoli, Spinach<\/td>\n<td>133 mg<\/td>\n<td>**<\/td>\n<td>200 mg<\/td>\n<td>**<\/td>\n<\/tr>\n<tr align=\"left\" valign=\"top\">\n<td>Inositol<\/td>\n<td>13 mcg<\/td>\n<td>**<\/td>\n<td>20 mcg<\/td>\n<td>**<\/td>\n<\/tr>\n<tr align=\"left\" valign=\"top\">\n<td colspan=\"5\">\u2020Percent Daily Values (DV) are based on a 2,000 calorie diet.<br \/>\n\u2021Percent Daily Values are based on a 1,000 calorie diet.<br \/>\n**Daily Value not established.<\/td>\n<\/tr>\n<\/tbody>\n<\/table>\n<\/div>\n<\/div>\n<\/div>\n<\/div>\n<\/div>\n<\/section>\n<\/div>\n<\/div>\n<p>&nbsp;<\/p>\n<div class=\"container house-brand-primary-banner-wrapper\">\n<div id=\"house-brand-primary-banner\" class=\"banner-tool-carousel\">\n<div class=\"img-slider\">\n<div class=\"img-slider-container\">\n<div class=\"img-wrapper active img-wrapper-0 clone\" data-slide=\"0\">\n<div class=\"slide\">\n<div class=\"cms-banner-wrapper cms-image-banner-img\"><\/div>\n<\/div>\n<\/div>\n<\/div>\n<\/div>\n<\/div>\n<\/div>","protected":false},"excerpt":{"rendered":"<p>Opis 100% vi\u0161e od 4 B-vitamina\u2021 koji poma\u017eu pretvoriti hranu u gorivo Orchard Fruits\u2122 &amp; Garden Veggies\u2122 mje\u0161avina praha (200 mg na 3 gumene bombone) Multivitaminski dodatak Potpuni kompleks B-vitamina Napravljeno od pektina, a ne od \u017eelatine 15 vitamina\/minerala s inozitolom Ukusni okusi tre\u0161nje, naran\u010de i gro\u017e\u0111a Vegetarijanac Uravnote\u017eena podr\u0161ka za rast i razvoj Kosti[&#8230;]<\/p>","protected":false},"featured_media":6833,"comment_status":"open","ping_status":"closed","template":"","meta":{"inline_featured_image":false},"product_cat":[26,93],"product_tag":[],"class_list":{"0":"post-6831","1":"product","2":"type-product","3":"status-publish","4":"has-post-thumbnail","6":"product_cat-children","7":"product_cat-childrens-health","9":"first","10":"instock","11":"featured","12":"shipping-taxable","13":"purchasable","14":"product-type-simple"},"_links":{"self":[{"href":"https:\/\/be-healthy.taniko.me\/uk\/wp-json\/wp\/v2\/product\/6831","targetHints":{"allow":["GET"]}}],"collection":[{"href":"https:\/\/be-healthy.taniko.me\/uk\/wp-json\/wp\/v2\/product"}],"about":[{"href":"https:\/\/be-healthy.taniko.me\/uk\/wp-json\/wp\/v2\/types\/product"}],"replies":[{"embeddable":true,"href":"https:\/\/be-healthy.taniko.me\/uk\/wp-json\/wp\/v2\/comments?post=6831"}],"wp:featuredmedia":[{"embeddable":true,"href":"https:\/\/be-healthy.taniko.me\/uk\/wp-json\/wp\/v2\/media\/6833"}],"wp:attachment":[{"href":"https:\/\/be-healthy.taniko.me\/uk\/wp-json\/wp\/v2\/media?parent=6831"}],"wp:term":[{"taxonomy":"product_cat","embeddable":true,"href":"https:\/\/be-healthy.taniko.me\/uk\/wp-json\/wp\/v2\/product_cat?post=6831"},{"taxonomy":"product_tag","embeddable":true,"href":"https:\/\/be-healthy.taniko.me\/uk\/wp-json\/wp\/v2\/product_tag?post=6831"}],"curies":[{"name":"wp","href":"https:\/\/api.w.org\/{rel}","templated":true}]}}