{"id":6834,"date":"2024-01-01T19:31:14","date_gmt":"2024-01-01T19:31:14","guid":{"rendered":"https:\/\/be-healthy.taniko.me\/?post_type=product&#038;p=6834"},"modified":"2024-10-15T08:58:04","modified_gmt":"2024-10-15T08:58:04","slug":"mommys-bliss-baby-gas-relief-simethicone-drops-newborn-1-fl-oz-30-ml","status":"publish","type":"product","link":"https:\/\/be-healthy.taniko.me\/uk\/product\/mommys-bliss-baby-gas-relief-simethicone-drops-newborn-1-fl-oz-30-ml\/","title":{"rendered":"Mommy&#8217;s Bliss, Baby Gas Relief, Simethicone Drops, Newborn+, 1 fl oz (30 ml)"},"content":{"rendered":"<div class=\"row item-row\">\n<div class=\"col-xs-24\">\n<p>\u041e\u043f\u0438\u0441<br \/>\nUbla\u017eava \u017eelu\u010dane nelagode uzrokovane plinovima<br \/>\nSigurno i nje\u017eno<br \/>\nDjeluje brzo<br \/>\nBez boja i parabena<br \/>\n100 doza<br \/>\n\u0160prica za jednostavno doziranje<br \/>\nPrirodni okus \u0111umbira<br \/>\nBrzo djelovanje djeluje u nekoliko minuta<br \/>\nNije potrebno hla\u0111enje<br \/>\nBez parabena<br \/>\nBez umjetnih aroma ili boja<br \/>\n\u017dene u vlasni\u0161tvu i pod vodstvom<\/p>\n<p>Kapi za ubla\u017eavanje plinova sigurne su i u\u010dinkovite za ubla\u017eavanje \u017eelu\u010dane nelagode uzrokovane plinovima. Na\u0161e Gas Relief Simethicone Drops dovoljno su sigurne za upotrebu nakon svakog hranjenja ako se koriste prema uputama.<\/p>\n<p>Primjena:\u00a0Ubla\u017eava neugodne plinove kod dojen\u010dadi koji su \u010desto uzrokovani gutanjem zraka ili odre\u0111enih formula ili hrane.<\/p>\n<p>\u0420\u0435\u043a\u043e\u043c\u0435\u043d\u0434\u0430\u0446\u0456\u0457 \u0456\u0437 \u0437\u0430\u0441\u0442\u043e\u0441\u0443\u0432\u0430\u043d\u043d\u044f<br \/>\nPrije upotrebe dobro protresti<br \/>\nProna\u0111ite pravu dozu na donjoj tablici. Ako je mogu\u0107e, koristite te\u017einu za doziranje; ina\u010de koristite dob.<br \/>\nKoristite samo prilo\u017eenu \u0161trcaljku. Nemojte koristiti nikakvu drugu \u0161trcaljku, kapaljku, \u017elicu ili ure\u0111aj za doziranje kada dajete lijek svom djetetu.<br \/>\nUklonite \u010dep i umetnite \u0161trcaljku u bo\u010dicu.<br \/>\nPovucite \u0161trcaljku prema gore dok se ne napuni do propisane razine. Ako prije\u0111ete propisanu razinu, jednostavno gurnite \u0161trcaljku natrag dok ne postignete \u017eeljenu razinu. Polako unesite teku\u0107inu u djetetova usta (prema unutarnjoj strani obraza).<br \/>\nSve se doze mogu ponoviti prema potrebi, nakon obroka i prije spavanja ili prema uputama lije\u010dnika.<br \/>\nNemojte prekora\u010diti 12 doza dnevno.<br \/>\nDoziranje se tako\u0111er mo\u017ee pomije\u0161ati s 1 oz. hladne vode, formule za dojen\u010dad ili druge prikladne teku\u0107ine.<br \/>\n\u010cvrsto namjestite poklopac kako biste zadr\u017eali otpor djeteta.<br \/>\nmL = mililitar<\/p>\n<\/div>\n<\/div>\n<div class=\"row item-row\">\n<div class=\"col-xs-24\">\n<div class=\"prodOverviewDetail\">\n<table border=\"1\" width=\"100%\" cellspacing=\"0\" cellpadding=\"3\">\n<tbody>\n<tr align=\"left\" valign=\"top\">\n<td><strong>Age (yr)<\/strong><\/td>\n<td><strong>Weight (lb)<\/strong><\/td>\n<td><strong>Dose (mL)<\/strong><\/td>\n<\/tr>\n<tr align=\"left\" valign=\"top\">\n<td>infants under 2<\/td>\n<td>under 24<\/td>\n<td>0.3<\/td>\n<\/tr>\n<tr align=\"left\" valign=\"top\">\n<td>children over 2<\/td>\n<td>over 24<\/td>\n<td>0.6<\/td>\n<\/tr>\n<\/tbody>\n<\/table>\n<\/div>\n<\/div>\n<\/div>\n<div class=\"row item-row\">\n<div class=\"col-xs-24\">\n<h3><strong>Other ingredients<\/strong><\/h3>\n<div class=\"prodOverviewIngred\">\n<table border=\"1\" width=\"100%\" cellspacing=\"0\" cellpadding=\"3\">\n<tbody>\n<tr align=\"left\" valign=\"top\">\n<td width=\"50%\"><strong><span id=\"ctl00_CatalogContentPlaceHolder_Tab_ProductView_tabSearch_lbl_SuggestedUse\">Active Ingredient (in each 0.3 mL)<\/span><\/strong><\/td>\n<td width=\"50%\"><strong><span id=\"ctl00_CatalogContentPlaceHolder_Tab_ProductView_tabSearch_lbl_SuggestedUse\">Purpose<\/span><\/strong><\/td>\n<\/tr>\n<tr align=\"left\" valign=\"top\">\n<td><span id=\"ctl00_CatalogContentPlaceHolder_Tab_ProductView_tabSearch_lbl_SuggestedUse2\">Simethicone 20 mg<\/span><\/td>\n<td><span id=\"ctl00_CatalogContentPlaceHolder_Tab_ProductView_tabSearch_lbl_SuggestedUse2\">Antigas<\/span><\/td>\n<\/tr>\n<tr align=\"left\" valign=\"top\">\n<td colspan=\"2\"><strong>Inactive ingredients:\u00a0<\/strong>Carboxymethylcellulose sodium, citric acid, ginger extract, microcrystalline cellulose, polysorbate 60, potassium sorbate, purified water, sodium benzoate, sorbitan monostearate, sorbitol, stevia extract, xanthan gum.<\/td>\n<\/tr>\n<tr>\n<td colspan=\"2\"><strong>Free of the top 8 allergens<\/strong>: No peanuts, no wheat, no eggs, no shellfish, no tree nuts, no fish, no soy, no milk.<\/td>\n<\/tr>\n<\/tbody>\n<\/table>\n<\/div>\n<\/div>\n<\/div>\n<div class=\"row item-row\">\n<div class=\"col-xs-24\">\n<p>\u041f\u043e\u043f\u0435\u0440\u0435\u0434\u0436\u0435\u043d\u043d\u044f<\/p>\n<p>\u010cuvati izvan dohvata djece.<\/p>\n<p>Upozorenje o predoziranju:\u00a0U slu\u010daju predoziranja odmah potra\u017eite lije\u010dni\u010dku pomo\u0107 ili kontaktirajte Centar za kontrolu trovanja. Brza lije\u010dni\u010dka pomo\u0107 je kriti\u010dna \u010dak i ako ne primijetite nikakve znakove ili simptome.<\/p>\n<p>Vidljivo na neovla\u0161teno otvaranje:\u00a0Ne koristite ako je otisnuti pe\u010dat ispod poklopca slomljen ili nedostaje.<\/p>\n<p>\u010cuvati na sobnoj temperaturi. Nemojte zamrzavati.<\/p>\n<\/div>\n<\/div>\n<div class=\"row item-row\">\n<div class=\"col-xs-24\">\n<div id=\"disclaimer\" class=\"prodOverviewDetail\">\n<p>&nbsp;<\/p>\n<\/div>\n<\/div>\n<\/div>","protected":false},"excerpt":{"rendered":"<p>Opis Ubla\u017eava \u017eelu\u010dane nelagode uzrokovane plinovima Sigurno i nje\u017eno Djeluje brzo Bez boja i parabena 100 doza \u0160prica za jednostavno doziranje Prirodni okus \u0111umbira Brzo djelovanje djeluje u nekoliko minuta Nije potrebno hla\u0111enje Bez parabena Bez umjetnih aroma ili boja \u017dene u vlasni\u0161tvu i pod vodstvom Kapi za ubla\u017eavanje plinova sigurne su i u\u010dinkovite za[&#8230;]<\/p>","protected":false},"featured_media":6836,"comment_status":"open","ping_status":"closed","template":"","meta":{"inline_featured_image":false},"product_cat":[26,93],"product_tag":[],"class_list":{"0":"post-6834","1":"product","2":"type-product","3":"status-publish","4":"has-post-thumbnail","6":"product_cat-children","7":"product_cat-childrens-health","9":"first","10":"instock","11":"featured","12":"shipping-taxable","13":"purchasable","14":"product-type-simple"},"_links":{"self":[{"href":"https:\/\/be-healthy.taniko.me\/uk\/wp-json\/wp\/v2\/product\/6834","targetHints":{"allow":["GET"]}}],"collection":[{"href":"https:\/\/be-healthy.taniko.me\/uk\/wp-json\/wp\/v2\/product"}],"about":[{"href":"https:\/\/be-healthy.taniko.me\/uk\/wp-json\/wp\/v2\/types\/product"}],"replies":[{"embeddable":true,"href":"https:\/\/be-healthy.taniko.me\/uk\/wp-json\/wp\/v2\/comments?post=6834"}],"wp:featuredmedia":[{"embeddable":true,"href":"https:\/\/be-healthy.taniko.me\/uk\/wp-json\/wp\/v2\/media\/6836"}],"wp:attachment":[{"href":"https:\/\/be-healthy.taniko.me\/uk\/wp-json\/wp\/v2\/media?parent=6834"}],"wp:term":[{"taxonomy":"product_cat","embeddable":true,"href":"https:\/\/be-healthy.taniko.me\/uk\/wp-json\/wp\/v2\/product_cat?post=6834"},{"taxonomy":"product_tag","embeddable":true,"href":"https:\/\/be-healthy.taniko.me\/uk\/wp-json\/wp\/v2\/product_tag?post=6834"}],"curies":[{"name":"wp","href":"https:\/\/api.w.org\/{rel}","templated":true}]}}