{"id":6837,"date":"2024-01-01T19:49:05","date_gmt":"2024-01-01T19:49:05","guid":{"rendered":"https:\/\/be-healthy.taniko.me\/?post_type=product&#038;p=6837"},"modified":"2024-10-15T08:56:31","modified_gmt":"2024-10-15T08:56:31","slug":"california-gold-nutrition-foods-variety-pack-snack-bars-12-bars-1-4-oz-40-g-each","status":"publish","type":"product","link":"https:\/\/be-healthy.taniko.me\/uk\/product\/california-gold-nutrition-foods-variety-pack-snack-bars-12-bars-1-4-oz-40-g-each\/","title":{"rendered":"California Gold Nutrition, FOODS, Variety Pack Snack Bars, 12 Bars, 1.4 oz (40 g) Each"},"content":{"rendered":"<div class=\"col-xs-24 col-md-14\">\n<div class=\"row item-row\">\n<div class=\"col-xs-24\">\n<p>\u041e\u043f\u0438\u0441<br \/>\nCalifornia Gold Nutrition\u00a0Snack Bar Variety Pack<br \/>\nUklju\u010duje 6 okusa: divlja borovnica i badem, brusnica i badem, kokos badem, moka orah, kikiriki i tamna \u010dokolada, tamna \u010dokolada, orasi i morska sol<br \/>\nNapravljeno od jednostavnih sastojaka: pr\u017eeni bademi, prastare \u017eitarice, kikiriki, orasi, goji bobice i med<br \/>\nDobar izvor biljnih proteina i dijetalnih vlakana<br \/>\nPogodno za vegetarijance<br \/>\nBez umjetnih boja, aroma, zasla\u0111iva\u010da ili konzervansa<br \/>\nFormulirano bez GMO-a<br \/>\nProizvedeno u cGMP registriranom (certificiranom) pogonu tre\u0107e strane<br \/>\n100% zlatno jamstvo<\/p>\n<p>Pronala\u017eenje zdravih zalogaja nije lak zadatak. Grickalice koje su dobrog okusa \u010desto su prepune umjetnih sastojaka i \u0161e\u0107era, zbog \u010dega se osje\u0107ate pora\u017eeno. Na\u0161i snack barovi nude savr\u0161enu ravnote\u017eu izme\u0111u zdravog i ukusnog, \u0161to ih \u010dini zlatnim standardom za grickanje. Sljede\u0107i put kada po\u017eelite ne\u0161to zalogaj, svakako posegnite za jednom od ovih ukusnih plo\u010dica.<\/p>\n<p>California Gold Nutrition\u00a0Snack Bar Variety Pack\u00a0sadr\u017ei uzorak na\u0161ih varijanti snack bara. Svih 6 varijanti napravljeno je od jednostavnih sastojaka, poput pr\u017eenih badema, starih \u017eitarica, goji bobica i kikirikija kako bi se stvorila hranjiva i zadovoljavaju\u0107a poslastica s puno vlakana i proteina. Svaka plo\u010dica zasebno je zamotana, \u0161to ih \u010dini savr\u0161enima za grickanje u pokretu bilo kada i bilo gdje.<\/p>\n<p>\u0406\u043d\u0448\u0456 \u0456\u043d\u0433\u0440\u0435\u0434\u0456\u0454\u043d\u0442\u0438<\/p>\n<p>Plo\u010dica granole s kokosom i bademom za \u017evakanje<\/p>\n<p>Kikiriki, vlakna korijena cikorije, orasi, suhi pr\u017eeni bademi, gro\u017e\u0111ice (gro\u017e\u0111ice, suncokretovo ulje), organska granola od drevnih \u017eitarica (organska cijela valjana zob bez glutena, organski evaporirani sirup od trske, organski ri\u017ein sirup, organske sjemenke lana, organski kokos, organski Lisnata kvinoja, organsko bra\u0161no od amaranta, organske chia sjemenke, organski ekstrakt vanilije, sol), borovnice (divlje borovnice, koncentrat soka od jabuke, suncokretovo ulje), med, goji bobice, glicerin, visokooleinsko suncokretovo ulje, \u010dips od gra\u0161ka (protein gra\u0161ka, ri\u017ea) \u0160krob), organski okus, morska sol, sjemenke lana, suncokretov tokoferol, ekstrakt zelenog \u010daja (ekstrakt zelenog \u010daja, maltodekstrin).<\/p>\n<p>Plo\u010dica s granolom od brusnice i badema<\/p>\n<p>Kikiriki, vlakna korijena cikorije, narezane brusnice (brusnice, sok od jabuke, suncokretovo ulje), orasi, suhi pr\u017eeni bademi, organska granola od starog zrna (organska cijela valjana zob bez glutena, organski evaporirani sirup od trske, organski ri\u017ein sirup, organske sjemenke lana, organski Kokos, organska lisnata kvinoja, organsko bra\u0161no od amaranta, organske chia sjemenke, organski ekstrakt vanilije, sol), med, goji bobice, glicerin, visokooleinsko suncokretovo ulje, \u010dips od gra\u0161ka (protein gra\u0161ka, ri\u017ein \u0161krob), organska prirodna aroma, morska sol, Sjemenke lana, suncokretov tokoferol, ekstrakt zelenog \u010daja (ekstrakt zelenog \u010daja, maltodekstrin).<\/p>\n<p>Tamna \u010dokolada, orasi i morska sol<\/p>\n<p>Suhi pr\u017eeni bademi, kikiriki, vlakna korijena cikorije, prevlaka s okusom tamne \u010dokolade (\u0161e\u0107er, ulje palminih ko\u0161tica, kakao prah, suncokretov lecitin, sol), orasi, \u010dips od gra\u0161ka (protein od gra\u0161ka, ri\u017ein \u0161krob), med, guma akacija, glicerin, kikiriki Ulje, morska sol, suncokretov lecitin, suncokretovo ulje, suncokretov tokoferol.<\/p>\n<p>Granola plo\u010dica s divljim borovnicama i bademima<\/p>\n<p>Kikiriki, vlakna korijena cikorije, orasi, suhi pr\u017eeni bademi, gro\u017e\u0111ice (gro\u017e\u0111ice, suncokretovo ulje), organska granola od drevnih \u017eitarica (organska cijela valjana zob bez glutena, organski evaporirani sirup od trske, organski ri\u017ein sirup, organske sjemenke lana, organski kokos, organski Lisnata kvinoja, organsko bra\u0161no od amaranta, organske chia sjemenke, organski ekstrakt vanilije, sol), borovnice (divlje borovnice, koncentrat soka od jabuke, suncokretovo ulje), med, goji bobice, glicerin, visokooleinsko suncokretovo ulje, \u010dips od gra\u0161ka (protein gra\u0161ka, ri\u017ea) \u0160krob), organski okus, morska sol, sjemenke lana, suncokretov tokoferol, ekstrakt zelenog \u010daja (ekstrakt zelenog \u010daja, maltodekstrin).<\/p>\n<p>Mocha Nut \u017evaka\u0107a granola plo\u010dica<\/p>\n<p>Kikiriki, vlakna korijena cikorije, suhi pr\u017eeni bademi, orasi, organska granola od drevnih \u017eitarica (organska cijela valjana zob bez glutena, organski evaporirani sirup od trske, organski ri\u017ein sirup, organske sjemenke lana, organski kokos, organska lisnata kvinoja, organsko bra\u0161no od amaranta, organska chia Sjemenke, organski ekstrakt vanilije, sol), datulje, med, goji bobice, glicerin, visokooleinsko suncokretovo ulje, \u010dips od gra\u0161ka (protein gra\u0161ka, ri\u017ein \u0161krob), morska sol, arabica kava u prahu, sjemenke lana, organska aroma, suncokretov tokoferol, zelena Ekstrakt \u010daja (ekstrakt zelenog \u010daja, maltodekstrin)<\/p>\n<p>Komad od kikirikija i tamne \u010dokolade<\/p>\n<p>Kikiriki, suhi pr\u017eeni bademi, vlakna korijena cikorije, komadi\u0107i \u010dokolade (\u0161e\u0107er, nezasla\u0111ena \u010dokolada, kakao maslac, dekstroza, suncokretov lecitin), \u010dips od gra\u0161ka (protein gra\u0161ka, ri\u017ein \u0161krob), med, gro\u017e\u0111ice (gro\u017e\u0111ice, suncokretovo ulje), datulje, Glicerin, sjemenke sme\u0111eg lana, prirodna aroma, morska sol, suncokretov tokoferol.<\/p>\n<p>SADR\u017dI: KIKIRIKI I ORA\u0160ASTE PLODOVE (BADEME) (MO\u017dE SADR\u017dAVATI U TRAGOVIMA MLIJEKA, JAJA, DRUGIH ORA\u0160ASTIH PLODOVA, P\u0160ENICE, SOJE, SEZAMA).<\/p>\n<p>Ovaj proizvod nije proizveden od mlijeka, jaja, ribe, rakova, \u0161koljki, p\u0161enice, soje ili sezama. Proizvedeno u revidiranoj i registriranoj ustanovi tre\u0107e strane koja je sukladna cGMP-u koja mo\u017ee prera\u0111ivati \u200b\u200bdruge proizvode koji sadr\u017ee ove alergene ili sastojke.<\/p>\n<p>\u041f\u043e\u043f\u0435\u0440\u0435\u0434\u0436\u0435\u043d\u043d\u044f<\/p>\n<p>Zatvoreno za va\u0161u za\u0161titu<\/p>\n<\/div>\n<\/div>\n<\/div>\n<div class=\"col-xs-24 col-md-10\">\n<div class=\"supplement-facts-container\">\n<table border=\"1\" width=\"100%\" cellspacing=\"0\" cellpadding=\"3\">\n<tbody>\n<tr>\n<td colspan=\"3\"><strong>Wild Blueberry &amp; Almond Chewy Granola Bar<\/strong><\/td>\n<\/tr>\n<tr valign=\"top\">\n<td colspan=\"3\"><strong>Nutrition Facts<\/strong><\/td>\n<\/tr>\n<tr valign=\"top\">\n<td colspan=\"3\"><strong>Serving Size:<\/strong>\u00a01 Bar (40 g)<\/td>\n<\/tr>\n<tr valign=\"top\">\n<td colspan=\"3\"><strong>Servings Per Container:<\/strong>\u00a02<\/td>\n<\/tr>\n<tr valign=\"top\">\n<td width=\"70%\"><\/td>\n<td width=\"15%\"><strong>Amount Per Serving<\/strong><\/td>\n<td width=\"15%\"><strong>%Daily Value*<\/strong><\/td>\n<\/tr>\n<tr valign=\"top\">\n<td>Calories<\/td>\n<td>190<\/td>\n<td><\/td>\n<\/tr>\n<tr valign=\"top\">\n<td>Total Fat<\/td>\n<td>13 g<\/td>\n<td>17%<\/td>\n<\/tr>\n<tr valign=\"top\">\n<td>Saturated Fat<\/td>\n<td>1.5 g<\/td>\n<td>8%<\/td>\n<\/tr>\n<tr valign=\"top\">\n<td>Trans Fat<\/td>\n<td>0 g<\/td>\n<td><\/td>\n<\/tr>\n<tr valign=\"top\">\n<td>Cholesterol<\/td>\n<td>0 mg<\/td>\n<td>0%<\/td>\n<\/tr>\n<tr valign=\"top\">\n<td>Sodium<\/td>\n<td>140 mg<\/td>\n<td>6%<\/td>\n<\/tr>\n<tr valign=\"top\">\n<td>Total Carbohydrate<\/td>\n<td>16 g<\/td>\n<td>6%<\/td>\n<\/tr>\n<tr valign=\"top\">\n<td>Dietary Fiber<\/td>\n<td>6 g<\/td>\n<td>21%<\/td>\n<\/tr>\n<tr valign=\"top\">\n<td>Total Sugars<\/td>\n<td>7 g<\/td>\n<td><\/td>\n<\/tr>\n<tr valign=\"top\">\n<td>Includes 2 g of Added Sugars<\/td>\n<td><\/td>\n<td>4%<\/td>\n<\/tr>\n<tr valign=\"top\">\n<td>Protein<\/td>\n<td>6 g<\/td>\n<td><\/td>\n<\/tr>\n<tr valign=\"top\">\n<td>Vitamin D<\/td>\n<td>0 mcg<\/td>\n<td>0%<\/td>\n<\/tr>\n<tr valign=\"top\">\n<td>Calcium<\/td>\n<td>30 mg<\/td>\n<td>2%<\/td>\n<\/tr>\n<tr valign=\"top\">\n<td>Iron<\/td>\n<td>1 mg<\/td>\n<td>6%<\/td>\n<\/tr>\n<tr valign=\"top\">\n<td>Potassium<\/td>\n<td>160 mg<\/td>\n<td>4%<\/td>\n<\/tr>\n<tr valign=\"top\">\n<td colspan=\"3\">*The % Daily Value (DV) tells you how much a nutrient in a serving of food contributes to a daily diet. 2,000 calories a day is used for general nutrition advice.<\/td>\n<\/tr>\n<\/tbody>\n<\/table>\n<table border=\"1\" width=\"100%\" cellspacing=\"0\" cellpadding=\"3\">\n<tbody>\n<tr>\n<td colspan=\"3\"><strong>Cranberry &amp; Almond Chewy Granola Bar<\/strong><\/td>\n<\/tr>\n<tr valign=\"top\">\n<td colspan=\"3\"><strong>Nutrition<\/strong><strong>\u00a0Facts<\/strong><\/td>\n<\/tr>\n<tr valign=\"top\">\n<td colspan=\"3\"><strong>Serving Size:<\/strong>\u00a01 Bar (40 g)<\/td>\n<\/tr>\n<tr valign=\"top\">\n<td colspan=\"3\"><strong>Servings Per Container:\u00a0<\/strong>2<\/td>\n<\/tr>\n<tr valign=\"top\">\n<td width=\"70%\"><\/td>\n<td width=\"15%\"><strong>Amount Per Serving<\/strong><\/td>\n<td width=\"15%\"><strong>%Daily Value*<\/strong><\/td>\n<\/tr>\n<tr valign=\"top\">\n<td>Calories<\/td>\n<td>190<\/td>\n<td><\/td>\n<\/tr>\n<tr valign=\"top\">\n<td>Total Fat<\/td>\n<td>13 g<\/td>\n<td>17%<\/td>\n<\/tr>\n<tr valign=\"top\">\n<td>Saturated Fat<\/td>\n<td>1.5 g<\/td>\n<td>8%<\/td>\n<\/tr>\n<tr valign=\"top\">\n<td>Trans Fat<\/td>\n<td>0 g<\/td>\n<td><\/td>\n<\/tr>\n<tr valign=\"top\">\n<td>Cholesterol<\/td>\n<td>0 mg<\/td>\n<td>0%<\/td>\n<\/tr>\n<tr valign=\"top\">\n<td>Sodium<\/td>\n<td>140 mg<\/td>\n<td>6%<\/td>\n<\/tr>\n<tr valign=\"top\">\n<td>Total Carbohydrate<\/td>\n<td>16 g<\/td>\n<td>6%<\/td>\n<\/tr>\n<tr valign=\"top\">\n<td>Dietary Fiber<\/td>\n<td>6 g<\/td>\n<td>21%<\/td>\n<\/tr>\n<tr valign=\"top\">\n<td>Total Sugars<\/td>\n<td>6 g<\/td>\n<td><\/td>\n<\/tr>\n<tr valign=\"top\">\n<td>Includes 3 g of Added Sugars<\/td>\n<td><\/td>\n<td>6%<\/td>\n<\/tr>\n<tr valign=\"top\">\n<td>Protein<\/td>\n<td>6 g<\/td>\n<td><\/td>\n<\/tr>\n<tr valign=\"top\">\n<td>Vitamin D<\/td>\n<td>0 mcg<\/td>\n<td>0%<\/td>\n<\/tr>\n<tr valign=\"top\">\n<td>Calcium<\/td>\n<td>30 mg<\/td>\n<td>2%<\/td>\n<\/tr>\n<tr valign=\"top\">\n<td>Iron<\/td>\n<td>1 mg<\/td>\n<td>6%<\/td>\n<\/tr>\n<tr valign=\"top\">\n<td>Potassium<\/td>\n<td>160 mg<\/td>\n<td>4%<\/td>\n<\/tr>\n<tr valign=\"top\">\n<td colspan=\"3\">*The % Daily Value (DV) tells you how much a nutrient in a serving of food contributes to a daily diet. 2,000 calories a day is used for general nutrition advice.<\/td>\n<\/tr>\n<\/tbody>\n<\/table>\n<table border=\"1\" width=\"100%\" cellspacing=\"0\" cellpadding=\"3\">\n<tbody>\n<tr>\n<td colspan=\"3\"><strong>Dark Chocolate Nuts &amp; Sea Salt<\/strong><\/td>\n<\/tr>\n<tr valign=\"top\">\n<td colspan=\"3\"><strong>Nutrition<\/strong><strong>\u00a0Facts<\/strong><\/td>\n<\/tr>\n<tr valign=\"top\">\n<td colspan=\"3\"><strong>Serving Size:<\/strong>\u00a01 Bar (40 g)<\/td>\n<\/tr>\n<tr valign=\"top\">\n<td colspan=\"3\"><strong>Servings Per Container:\u00a0<\/strong>2<\/td>\n<\/tr>\n<tr valign=\"top\">\n<td width=\"70%\"><\/td>\n<td width=\"15%\"><strong>Amount Per Serving<\/strong><\/td>\n<td width=\"15%\"><strong>%Daily Value*<\/strong><\/td>\n<\/tr>\n<tr valign=\"top\">\n<td>Calories<\/td>\n<td>190<\/td>\n<td><\/td>\n<\/tr>\n<tr valign=\"top\">\n<td>Total Fat<\/td>\n<td>14 g<\/td>\n<td>18%<\/td>\n<\/tr>\n<tr valign=\"top\">\n<td>Saturated Fat<\/td>\n<td>3 g<\/td>\n<td>15%<\/td>\n<\/tr>\n<tr valign=\"top\">\n<td>Trans Fat<\/td>\n<td>0 g<\/td>\n<td><\/td>\n<\/tr>\n<tr valign=\"top\">\n<td>Cholesterol<\/td>\n<td>0 mg<\/td>\n<td>0%<\/td>\n<\/tr>\n<tr valign=\"top\">\n<td>Sodium<\/td>\n<td>120 mg<\/td>\n<td>5%<\/td>\n<\/tr>\n<tr valign=\"top\">\n<td>Total Carbohydrate<\/td>\n<td>15 g<\/td>\n<td>5%<\/td>\n<\/tr>\n<tr valign=\"top\">\n<td>Dietary Fiber<\/td>\n<td>8 g<\/td>\n<td>29%<\/td>\n<\/tr>\n<tr valign=\"top\">\n<td>Total Sugars<\/td>\n<td>5 g<\/td>\n<td><\/td>\n<\/tr>\n<tr valign=\"top\">\n<td>Includes 4 g of Added Sugars<\/td>\n<td><\/td>\n<td>8%<\/td>\n<\/tr>\n<tr valign=\"top\">\n<td>Protein<\/td>\n<td>6 g<\/td>\n<td><\/td>\n<\/tr>\n<tr valign=\"top\">\n<td>Vitamin D<\/td>\n<td>0 mcg<\/td>\n<td>0%<\/td>\n<\/tr>\n<tr valign=\"top\">\n<td>Calcium<\/td>\n<td>50 mg<\/td>\n<td>4%<\/td>\n<\/tr>\n<tr valign=\"top\">\n<td>Iron<\/td>\n<td>1 mg<\/td>\n<td>6%<\/td>\n<\/tr>\n<tr valign=\"top\">\n<td>Potassium<\/td>\n<td>160 mg<\/td>\n<td>4%<\/td>\n<\/tr>\n<tr valign=\"top\">\n<td colspan=\"3\">*The % Daily Value (DV) tells you how much a nutrient in a serving of food contributes to a daily diet. 2,000 calories a day is used for general nutrition advice.<\/td>\n<\/tr>\n<\/tbody>\n<\/table>\n<table border=\"1\" width=\"100%\" cellspacing=\"0\" cellpadding=\"3\">\n<tbody>\n<tr>\n<td colspan=\"3\"><strong>Coconut Almond Chewy Granola Bar<\/strong><\/td>\n<\/tr>\n<tr valign=\"top\">\n<td colspan=\"3\"><strong>Nutrition<\/strong><strong>\u00a0Facts<\/strong><\/td>\n<\/tr>\n<tr valign=\"top\">\n<td colspan=\"3\"><strong>Serving Size:<\/strong>\u00a01 Bar (40 g)<\/td>\n<\/tr>\n<tr valign=\"top\">\n<td colspan=\"3\"><strong>Servings Per Container:\u00a0<\/strong>2<\/td>\n<\/tr>\n<tr valign=\"top\">\n<td width=\"70%\"><\/td>\n<td width=\"15%\"><strong>Amount Per Serving<\/strong><\/td>\n<td width=\"15%\"><strong>%Daily Value*<\/strong><\/td>\n<\/tr>\n<tr valign=\"top\">\n<td>Calories<\/td>\n<td>200<\/td>\n<td><\/td>\n<\/tr>\n<tr valign=\"top\">\n<td>Total Fat<\/td>\n<td>15 g<\/td>\n<td>19%<\/td>\n<\/tr>\n<tr valign=\"top\">\n<td>Saturated Fat<\/td>\n<td>2.5 g<\/td>\n<td>13%<\/td>\n<\/tr>\n<tr valign=\"top\">\n<td>Trans Fat<\/td>\n<td>0 g<\/td>\n<td><\/td>\n<\/tr>\n<tr valign=\"top\">\n<td>Cholesterol<\/td>\n<td>0 mg<\/td>\n<td>0%<\/td>\n<\/tr>\n<tr valign=\"top\">\n<td>Sodium<\/td>\n<td>140 mg<\/td>\n<td>6%<\/td>\n<\/tr>\n<tr valign=\"top\">\n<td>Total Carbohydrate<\/td>\n<td>14 g<\/td>\n<td>5%<\/td>\n<\/tr>\n<tr valign=\"top\">\n<td>Dietary Fiber<\/td>\n<td>6 g<\/td>\n<td>21%<\/td>\n<\/tr>\n<tr valign=\"top\">\n<td>Total Sugars<\/td>\n<td>4 g<\/td>\n<td><\/td>\n<\/tr>\n<tr valign=\"top\">\n<td>Includes 1 g of Added Sugars<\/td>\n<td><\/td>\n<td>2%<\/td>\n<\/tr>\n<tr valign=\"top\">\n<td>Protein<\/td>\n<td>7 g<\/td>\n<td><\/td>\n<\/tr>\n<tr valign=\"top\">\n<td>Vitamin D<\/td>\n<td>0 mcg<\/td>\n<td>0%<\/td>\n<\/tr>\n<tr valign=\"top\">\n<td>Calcium<\/td>\n<td>30 mg<\/td>\n<td>2%<\/td>\n<\/tr>\n<tr valign=\"top\">\n<td>Iron<\/td>\n<td>1 mg<\/td>\n<td>6%<\/td>\n<\/tr>\n<tr valign=\"top\">\n<td>Potassium<\/td>\n<td>180 mg<\/td>\n<td>4%<\/td>\n<\/tr>\n<tr valign=\"top\">\n<td colspan=\"3\">*The % Daily Value (DV) tells you how much a nutrient in a serving of food contributes to a daily diet. 2,000 calories a day is used for general nutrition advice.<\/td>\n<\/tr>\n<\/tbody>\n<\/table>\n<table border=\"1\" width=\"100%\" cellspacing=\"0\" cellpadding=\"3\">\n<tbody>\n<tr>\n<td colspan=\"3\"><strong>Mocha Nut Chewy Granola Bar<\/strong><\/td>\n<\/tr>\n<tr valign=\"top\">\n<td colspan=\"3\"><strong>Nutrition<\/strong><strong>\u00a0Facts<\/strong><\/td>\n<\/tr>\n<tr valign=\"top\">\n<td colspan=\"3\"><strong>Serving Size:<\/strong>\u00a01 Bar (40 g)<\/td>\n<\/tr>\n<tr valign=\"top\">\n<td colspan=\"3\"><strong>Servings Per Container:\u00a0<\/strong>2<\/td>\n<\/tr>\n<tr valign=\"top\">\n<td width=\"70%\"><\/td>\n<td width=\"15%\"><strong>Amount Per Serving<\/strong><\/td>\n<td width=\"15%\"><strong>%Daily Value*<\/strong><\/td>\n<\/tr>\n<tr valign=\"top\">\n<td>Calories<\/td>\n<td>200<\/td>\n<td><\/td>\n<\/tr>\n<tr valign=\"top\">\n<td>Total Fat<\/td>\n<td>15 g<\/td>\n<td>19%<\/td>\n<\/tr>\n<tr valign=\"top\">\n<td>Saturated Fat<\/td>\n<td>1.5 g<\/td>\n<td>8%<\/td>\n<\/tr>\n<tr valign=\"top\">\n<td>Trans Fat<\/td>\n<td>0 g<\/td>\n<td><\/td>\n<\/tr>\n<tr valign=\"top\">\n<td>Cholesterol<\/td>\n<td>0 mg<\/td>\n<td>0%<\/td>\n<\/tr>\n<tr valign=\"top\">\n<td>Sodium<\/td>\n<td>140 mg<\/td>\n<td>6%<\/td>\n<\/tr>\n<tr valign=\"top\">\n<td>Total Carbohydrate<\/td>\n<td>14 g<\/td>\n<td>5%<\/td>\n<\/tr>\n<tr valign=\"top\">\n<td>Dietary Fiber<\/td>\n<td>6 g<\/td>\n<td>21%<\/td>\n<\/tr>\n<tr valign=\"top\">\n<td>Total Sugars<\/td>\n<td>4 g<\/td>\n<td><\/td>\n<\/tr>\n<tr valign=\"top\">\n<td>Includes 1 g of Added Sugars<\/td>\n<td><\/td>\n<td>2%<\/td>\n<\/tr>\n<tr valign=\"top\">\n<td>Protein<\/td>\n<td>7 g<\/td>\n<td><\/td>\n<\/tr>\n<tr valign=\"top\">\n<td>Vitamin D<\/td>\n<td>0 mcg<\/td>\n<td>0%<\/td>\n<\/tr>\n<tr valign=\"top\">\n<td>Calcium<\/td>\n<td>30 mg<\/td>\n<td>2%<\/td>\n<\/tr>\n<tr valign=\"top\">\n<td>Iron<\/td>\n<td>1 mg<\/td>\n<td>6%<\/td>\n<\/tr>\n<tr valign=\"top\">\n<td>Potassium<\/td>\n<td>180 mg<\/td>\n<td>4%<\/td>\n<\/tr>\n<tr valign=\"top\">\n<td colspan=\"3\">*The % Daily Value (DV) tells you how much a nutrient in a serving of food contributes to a daily diet. 2,000 calories a day is used for general nutrition advice.<\/td>\n<\/tr>\n<\/tbody>\n<\/table>\n<table border=\"1\" width=\"100%\" cellspacing=\"0\" cellpadding=\"3\">\n<tbody>\n<tr>\n<td colspan=\"3\"><strong>Peanut &amp; Dark Chocolate Chunk<\/strong><\/td>\n<\/tr>\n<tr valign=\"top\">\n<td colspan=\"3\"><strong>Nutrition<\/strong><strong>\u00a0Facts<\/strong><\/td>\n<\/tr>\n<tr valign=\"top\">\n<td colspan=\"3\"><strong>Serving Size:<\/strong>\u00a01 Bar (40 g)<\/td>\n<\/tr>\n<tr valign=\"top\">\n<td colspan=\"3\"><strong>Servings Per Container:\u00a0<\/strong>2<\/td>\n<\/tr>\n<tr valign=\"top\">\n<td width=\"70%\"><\/td>\n<td width=\"15%\"><strong>Amount Per Serving<\/strong><\/td>\n<td width=\"15%\"><strong>%Daily Value*<\/strong><\/td>\n<\/tr>\n<tr valign=\"top\">\n<td>Calories<\/td>\n<td>190<\/td>\n<td><\/td>\n<\/tr>\n<tr valign=\"top\">\n<td>Total Fat<\/td>\n<td>13 g<\/td>\n<td>17%<\/td>\n<\/tr>\n<tr valign=\"top\">\n<td>Saturated Fat<\/td>\n<td>2 g<\/td>\n<td>10%<\/td>\n<\/tr>\n<tr valign=\"top\">\n<td>Trans Fat<\/td>\n<td>0 g<\/td>\n<td><\/td>\n<\/tr>\n<tr valign=\"top\">\n<td>Cholesterol<\/td>\n<td>0 mg<\/td>\n<td>0%<\/td>\n<\/tr>\n<tr valign=\"top\">\n<td>Sodium<\/td>\n<td>45 mg<\/td>\n<td>2%<\/td>\n<\/tr>\n<tr valign=\"top\">\n<td>Total Carbohydrate<\/td>\n<td>15 g<\/td>\n<td>5%<\/td>\n<\/tr>\n<tr valign=\"top\">\n<td>Dietary Fiber<\/td>\n<td>6 g<\/td>\n<td>21%<\/td>\n<\/tr>\n<tr valign=\"top\">\n<td>Total Sugars<\/td>\n<td>6 g<\/td>\n<td><\/td>\n<\/tr>\n<tr valign=\"top\">\n<td>Includes 3 g of Added Sugars<\/td>\n<td><\/td>\n<td>6%<\/td>\n<\/tr>\n<tr valign=\"top\">\n<td>Protein<\/td>\n<td>8 g<\/td>\n<td><\/td>\n<\/tr>\n<tr valign=\"top\">\n<td>Vitamin D<\/td>\n<td>0 mcg<\/td>\n<td>0%<\/td>\n<\/tr>\n<tr valign=\"top\">\n<td>Calcium<\/td>\n<td>40 mg<\/td>\n<td>4%<\/td>\n<\/tr>\n<tr valign=\"top\">\n<td>Iron<\/td>\n<td>1 mg<\/td>\n<td>6%<\/td>\n<\/tr>\n<tr valign=\"top\">\n<td>Potassium<\/td>\n<td>170 mg<\/td>\n<td>4%<\/td>\n<\/tr>\n<tr valign=\"top\">\n<td colspan=\"3\">*The % Daily Value (DV) tells you how much a nutrient in a serving of food contributes to a daily diet. 2,000 calories a day is used for general nutrition advice.<\/td>\n<\/tr>\n<\/tbody>\n<\/table>\n<\/div>\n<\/div>","protected":false},"excerpt":{"rendered":"<p>Opis California Gold Nutrition\u00a0Snack Bar Variety Pack Uklju\u010duje 6 okusa: divlja borovnica i badem, brusnica i badem, kokos badem, moka orah, kikiriki i tamna \u010dokolada, tamna \u010dokolada, orasi i morska sol Napravljeno od jednostavnih sastojaka: pr\u017eeni bademi, prastare \u017eitarice, kikiriki, orasi, goji bobice i med Dobar izvor biljnih proteina i dijetalnih vlakana Pogodno za vegetarijance[&#8230;]<\/p>","protected":false},"featured_media":6842,"comment_status":"open","ping_status":"closed","template":"","meta":{"inline_featured_image":false},"product_cat":[28],"product_tag":[],"class_list":{"0":"post-6837","1":"product","2":"type-product","3":"status-publish","4":"has-post-thumbnail","6":"product_cat-grocery","8":"first","9":"instock","10":"featured","11":"shipping-taxable","12":"purchasable","13":"product-type-simple"},"_links":{"self":[{"href":"https:\/\/be-healthy.taniko.me\/uk\/wp-json\/wp\/v2\/product\/6837","targetHints":{"allow":["GET"]}}],"collection":[{"href":"https:\/\/be-healthy.taniko.me\/uk\/wp-json\/wp\/v2\/product"}],"about":[{"href":"https:\/\/be-healthy.taniko.me\/uk\/wp-json\/wp\/v2\/types\/product"}],"replies":[{"embeddable":true,"href":"https:\/\/be-healthy.taniko.me\/uk\/wp-json\/wp\/v2\/comments?post=6837"}],"wp:featuredmedia":[{"embeddable":true,"href":"https:\/\/be-healthy.taniko.me\/uk\/wp-json\/wp\/v2\/media\/6842"}],"wp:attachment":[{"href":"https:\/\/be-healthy.taniko.me\/uk\/wp-json\/wp\/v2\/media?parent=6837"}],"wp:term":[{"taxonomy":"product_cat","embeddable":true,"href":"https:\/\/be-healthy.taniko.me\/uk\/wp-json\/wp\/v2\/product_cat?post=6837"},{"taxonomy":"product_tag","embeddable":true,"href":"https:\/\/be-healthy.taniko.me\/uk\/wp-json\/wp\/v2\/product_tag?post=6837"}],"curies":[{"name":"wp","href":"https:\/\/api.w.org\/{rel}","templated":true}]}}