{"id":6843,"date":"2024-01-01T20:29:15","date_gmt":"2024-01-01T20:29:15","guid":{"rendered":"https:\/\/be-healthy.taniko.me\/?post_type=product&#038;p=6843"},"modified":"2024-10-15T08:55:23","modified_gmt":"2024-10-15T08:55:23","slug":"jarrow-formulas-extra-virgin-coconut-oil-16-fl-oz-473-ml","status":"publish","type":"product","link":"https:\/\/be-healthy.taniko.me\/uk\/product\/jarrow-formulas-extra-virgin-coconut-oil-16-fl-oz-473-ml\/","title":{"rendered":"Jarrow Formulas, Extra Virgin Coconut Oil, 16 fl oz (473 ml)"},"content":{"rendered":"<div class=\"col-xs-24 col-md-14\">\n<div class=\"row item-row\">\n<div class=\"col-xs-24\">\n<p>\u041e\u043f\u0438\u0441<br \/>\nOrgansko certificirano od strane QAI<br \/>\nBogat i pun okus kokosa<br \/>\nHladno pre\u0161ano<br \/>\nUSDA Organic<br \/>\nveganska<\/p>\n<p>Jarrow Formulas\u00ae\u00a0ekstra djevi\u010dansko organsko kokosovo ulje iz svje\u017eeg mesa ploda kokosove palme (Cocos nucifera) je nerafinirano i hladno pre\u0161ano u kontroliranom, zatvorenom okru\u017eenju. Ovaj specifi\u010dni proces ne koristi nikakva otapala i \u010duva hlapljive spojeve odgovorne za davanje bogatog, poznatog okusa kokosa.<\/p>\n<p>\u0420\u0435\u043a\u043e\u043c\u0435\u043d\u0434\u0430\u0446\u0456\u0457 \u0456\u0437 \u0437\u0430\u0441\u0442\u043e\u0441\u0443\u0432\u0430\u043d\u043d\u044f<\/p>\n<p>Kokosovo ulje je stabilno \u010dak i tijekom dugog skladi\u0161tenja. Budu\u0107i da mu je tali\u0161te 75-76\u00b0 F, kokosovo ulje se mo\u017ee koristiti u teku\u0107em ili krutom obliku za kuhanje i pe\u010denje.<\/p>\n<p>\u0406\u043d\u0448\u0456 \u0456\u043d\u0433\u0440\u0435\u0434\u0456\u0454\u043d\u0442\u0438<\/p>\n<p>100% nerafinirano hladno pre\u0161ano, organsko, ekstra djevi\u010dansko kokosovo ulje.<\/p>\n<p>Sadr\u017ei: ora\u0161asti plodovi (kokos).<\/p>\n<p>\u041f\u043e\u043f\u0435\u0440\u0435\u0434\u0436\u0435\u043d\u043d\u044f<\/p>\n<p>Za maksimalnu svje\u017einu, najbolje je \u010duvati u hladnjaku nakon otvaranja.<\/p>\n<\/div>\n<\/div>\n<div class=\"row item-row\">\n<div class=\"col-xs-24\"><\/div>\n<\/div>\n<\/div>\n<div class=\"col-xs-24 col-md-10\">\n<div class=\"supplement-facts-container\">\n<table border=\"1\" width=\"100%\" cellspacing=\"0\" cellpadding=\"3\">\n<tbody>\n<tr valign=\"top\">\n<td colspan=\"3\"><strong>Supplement Facts<\/strong><\/td>\n<\/tr>\n<tr valign=\"top\">\n<td colspan=\"3\"><strong>Serving Size:\u00a0<\/strong>1 tablespoon (15 ml)<\/td>\n<\/tr>\n<tr>\n<td colspan=\"3\"><strong>Servings Per Container:<\/strong>\u00a0Approx. 32<\/td>\n<\/tr>\n<tr valign=\"top\">\n<td width=\"70%\"><\/td>\n<td width=\"15%\"><strong>Amount Per Serving<\/strong><\/td>\n<td width=\"15%\"><strong>% Daily Value*<\/strong><\/td>\n<\/tr>\n<tr>\n<td>Calories<\/td>\n<td>130<\/td>\n<td><\/td>\n<\/tr>\n<tr valign=\"top\">\n<td>Total Fat<\/td>\n<td>14 g<\/td>\n<td>18%<\/td>\n<\/tr>\n<tr valign=\"top\">\n<td>Sat. Fat<\/td>\n<td>13 g<\/td>\n<td>65%<\/td>\n<\/tr>\n<tr valign=\"top\">\n<td>Trans Fat<\/td>\n<td>0 g<\/td>\n<td><\/td>\n<\/tr>\n<tr valign=\"top\">\n<td>Cholesterol<\/td>\n<td>0 mg<\/td>\n<td>0%<\/td>\n<\/tr>\n<tr valign=\"top\">\n<td>Sodium<\/td>\n<td>0 mg<\/td>\n<td>0%<\/td>\n<\/tr>\n<tr valign=\"top\">\n<td>Total Carb.<\/td>\n<td>0 g<\/td>\n<td>0%<\/td>\n<\/tr>\n<tr valign=\"top\">\n<td>Protein<\/td>\n<td>0 g<\/td>\n<td><\/td>\n<\/tr>\n<tr valign=\"top\">\n<td colspan=\"3\">Not a significant source of Vitamin D, Calcium, Iron or Potassium.<br \/>\n*The % Daily Value (DV) tells you how much a nutrient in a serving of food contributes to a daily diet. 2,000 calories a day is used for general nutrition advice.<\/td>\n<\/tr>\n<\/tbody>\n<\/table>\n<\/div>\n<\/div>","protected":false},"excerpt":{"rendered":"<p>Opis Organsko certificirano od strane QAI Bogat i pun okus kokosa Hladno pre\u0161ano USDA Organic veganska Jarrow Formulas\u00ae\u00a0ekstra djevi\u010dansko organsko kokosovo ulje iz svje\u017eeg mesa ploda kokosove palme (Cocos nucifera) je nerafinirano i hladno pre\u0161ano u kontroliranom, zatvorenom okru\u017eenju. Ovaj specifi\u010dni proces ne koristi nikakva otapala i \u010duva hlapljive spojeve odgovorne za davanje bogatog, poznatog[&#8230;]<\/p>","protected":false},"featured_media":6845,"comment_status":"open","ping_status":"closed","template":"","meta":{"inline_featured_image":false},"product_cat":[89,28],"product_tag":[],"class_list":{"0":"post-6843","1":"product","2":"type-product","3":"status-publish","4":"has-post-thumbnail","6":"product_cat-coconut-oil","7":"product_cat-grocery","9":"first","10":"instock","11":"featured","12":"shipping-taxable","13":"purchasable","14":"product-type-simple"},"_links":{"self":[{"href":"https:\/\/be-healthy.taniko.me\/uk\/wp-json\/wp\/v2\/product\/6843","targetHints":{"allow":["GET"]}}],"collection":[{"href":"https:\/\/be-healthy.taniko.me\/uk\/wp-json\/wp\/v2\/product"}],"about":[{"href":"https:\/\/be-healthy.taniko.me\/uk\/wp-json\/wp\/v2\/types\/product"}],"replies":[{"embeddable":true,"href":"https:\/\/be-healthy.taniko.me\/uk\/wp-json\/wp\/v2\/comments?post=6843"}],"wp:featuredmedia":[{"embeddable":true,"href":"https:\/\/be-healthy.taniko.me\/uk\/wp-json\/wp\/v2\/media\/6845"}],"wp:attachment":[{"href":"https:\/\/be-healthy.taniko.me\/uk\/wp-json\/wp\/v2\/media?parent=6843"}],"wp:term":[{"taxonomy":"product_cat","embeddable":true,"href":"https:\/\/be-healthy.taniko.me\/uk\/wp-json\/wp\/v2\/product_cat?post=6843"},{"taxonomy":"product_tag","embeddable":true,"href":"https:\/\/be-healthy.taniko.me\/uk\/wp-json\/wp\/v2\/product_tag?post=6843"}],"curies":[{"name":"wp","href":"https:\/\/api.w.org\/{rel}","templated":true}]}}