{"id":6847,"date":"2024-01-01T20:43:59","date_gmt":"2024-01-01T20:43:59","guid":{"rendered":"https:\/\/be-healthy.taniko.me\/?post_type=product&#038;p=6847"},"modified":"2024-10-15T08:54:16","modified_gmt":"2024-10-15T08:54:16","slug":"21st-century-herbal-slimming-tea-green-tea-24-tea-bags-1-7-oz-48-g","status":"publish","type":"product","link":"https:\/\/be-healthy.taniko.me\/uk\/product\/21st-century-herbal-slimming-tea-green-tea-24-tea-bags-1-7-oz-48-g\/","title":{"rendered":"21st Century, Herbal Slimming Tea, Green Tea, 24 Tea Bags, 1.7 oz (48 g)"},"content":{"rendered":"<div class=\"col-xs-24 col-md-14\">\n<div class=\"row item-row\">\n<div class=\"col-xs-24\">\n<p>\u041e\u043f\u0438\u0441<br \/>\nUkusno za pi\u0107e bilo toplo ili hladno<br \/>\nBiljni dodatak<br \/>\nZajam\u010dena kvaliteta Laboratorijski ispitana<\/p>\n<p>S prirodnom mje\u0161avinom tradicionalnih biljaka za podr\u0161ku<\/p>\n<p>Aktivnosti mr\u0161avljenja\u2020\u2020<br \/>\n\u010ci\u0161\u0107enje sustava<\/p>\n<p>Bilje u 21st Century&#8217;s\u00ae\u00a0Herbal Slimming Tea poma\u017ee podr\u017eati i \u010di\u0161\u0107enje i termogenu aktivnost u tijelu, poma\u017eu\u0107i u promicanju eliminacije i skladi\u0161tenja vi\u0161ka kalorija.<\/p>\n<p>\u2020\u2020Ovaj proizvod je namijenjen za kori\u0161tenje sa zdravom smanjenom kalorijskom dijetom i programom vje\u017ebanja.<\/p>\n<p>\u0420\u0435\u043a\u043e\u043c\u0435\u043d\u0434\u0430\u0446\u0456\u0457 \u0456\u0437 \u0437\u0430\u0441\u0442\u043e\u0441\u0443\u0432\u0430\u043d\u043d\u044f<\/p>\n<p>U po\u010detku stavite jednu vre\u0107icu \u010daja u \u0161alicu kipu\u0107e vode 2 minute. Postupno pove\u0107avajte vrijeme strmog kuhanja do 5 minuta kako se va\u0161 probavni sustav prilago\u0111ava. Piti 15 minuta prije ili za vrijeme jela. Po \u017eelji razrijediti vodom, dodati \u0161e\u0107era ili zasla\u0111iva\u010da po ukusu. Nemojte prekora\u010diti preporu\u010denu upotrebu. Individualni rezultati mogu varirati.<\/p>\n<p>\u0406\u043d\u0448\u0456 \u0456\u043d\u0433\u0440\u0435\u0434\u0456\u0454\u043d\u0442\u0438<\/p>\n<p>Prirodne arome, korijen sladi\u0107a (glycyrrhiza glabra).<\/p>\n<p>Bez \u0161e\u0107era, soli, kvasca, umjetnih aroma i boja.<\/p>\n<p>\u041f\u043e\u043f\u0435\u0440\u0435\u0434\u0436\u0435\u043d\u043d\u044f<\/p>\n<p>\u010cuvati izvan dohvata djece. Nemojte koristiti ako se \u010dini da je proizvod neovla\u0161teno mijenjan. \u010cuvati na sobnoj temperaturi.<\/p>\n<p>Ovaj proizvod sadr\u017ei listove Senne. Pa\u017eljivo pro\u010ditajte i slijedite upute. Nemojte koristiti ako imate ili razvijete proljev, rijetku stolicu ili bolove u trbuhu. Posavjetujte se s lije\u010dnikom ako imate \u010deste proljeve. Ako ste trudni, dojite, uzimate lijekove ili imate zdravstveno stanje, posavjetujte se s lije\u010dnikom prije kori\u0161tenja ovog proizvoda.<\/p>\n<\/div>\n<\/div>\n<div class=\"row item-row\">\n<div class=\"col-xs-24\"><\/div>\n<\/div>\n<\/div>\n<div class=\"col-xs-24 col-md-10\">\n<div class=\"supplement-facts-container\">\n<table border=\"1\" width=\"100%\" cellspacing=\"0\" cellpadding=\"3\">\n<tbody>\n<tr>\n<td colspan=\"27\" height=\"colspan=&quot;3&quot;&quot;\"><strong>Supplement Facts\u00a0<\/strong><\/td>\n<\/tr>\n<tr>\n<td colspan=\"27\" height=\"colspan=&quot;3&quot;&quot;\"><strong>Serving Size:\u00a0<\/strong>1 Tea bag<\/td>\n<\/tr>\n<tr>\n<td colspan=\"27\" height=\"colspan=&quot;3&quot;&quot;\"><strong>Servings Per Container:<\/strong>\u00a024<\/td>\n<\/tr>\n<tr>\n<td width=\"70%\"><\/td>\n<td width=\"15%\"><strong>Amount Per Serving<\/strong><\/td>\n<td width=\"15%\"><strong>% Daily Value<\/strong><\/td>\n<\/tr>\n<tr>\n<td>Green Tea (camellia sinensis)(leaf)<\/td>\n<td>1 g<\/td>\n<td>**<\/td>\n<\/tr>\n<tr>\n<td>Senna (Cassia angustifolia)(leaf)<\/td>\n<td>800 mg<\/td>\n<td>**<\/td>\n<\/tr>\n<tr>\n<td colspan=\"3\">** Daily Value not established.<\/td>\n<\/tr>\n<\/tbody>\n<\/table>\n<\/div>\n<\/div>","protected":false},"excerpt":{"rendered":"<p>Opis Ukusno za pi\u0107e bilo toplo ili hladno Biljni dodatak Zajam\u010dena kvaliteta Laboratorijski ispitana S prirodnom mje\u0161avinom tradicionalnih biljaka za podr\u0161ku Aktivnosti mr\u0161avljenja\u2020\u2020 \u010ci\u0161\u0107enje sustava Bilje u 21st Century&#8217;s\u00ae\u00a0Herbal Slimming Tea poma\u017ee podr\u017eati i \u010di\u0161\u0107enje i termogenu aktivnost u tijelu, poma\u017eu\u0107i u promicanju eliminacije i skladi\u0161tenja vi\u0161ka kalorija. \u2020\u2020Ovaj proizvod je namijenjen za kori\u0161tenje sa[&#8230;]<\/p>","protected":false},"featured_media":6849,"comment_status":"open","ping_status":"closed","template":"","meta":{"inline_featured_image":false},"product_cat":[28,90],"product_tag":[],"class_list":{"0":"post-6847","1":"product","2":"type-product","3":"status-publish","4":"has-post-thumbnail","6":"product_cat-grocery","7":"product_cat-tea","9":"first","10":"instock","11":"featured","12":"shipping-taxable","13":"purchasable","14":"product-type-simple"},"_links":{"self":[{"href":"https:\/\/be-healthy.taniko.me\/uk\/wp-json\/wp\/v2\/product\/6847","targetHints":{"allow":["GET"]}}],"collection":[{"href":"https:\/\/be-healthy.taniko.me\/uk\/wp-json\/wp\/v2\/product"}],"about":[{"href":"https:\/\/be-healthy.taniko.me\/uk\/wp-json\/wp\/v2\/types\/product"}],"replies":[{"embeddable":true,"href":"https:\/\/be-healthy.taniko.me\/uk\/wp-json\/wp\/v2\/comments?post=6847"}],"wp:featuredmedia":[{"embeddable":true,"href":"https:\/\/be-healthy.taniko.me\/uk\/wp-json\/wp\/v2\/media\/6849"}],"wp:attachment":[{"href":"https:\/\/be-healthy.taniko.me\/uk\/wp-json\/wp\/v2\/media?parent=6847"}],"wp:term":[{"taxonomy":"product_cat","embeddable":true,"href":"https:\/\/be-healthy.taniko.me\/uk\/wp-json\/wp\/v2\/product_cat?post=6847"},{"taxonomy":"product_tag","embeddable":true,"href":"https:\/\/be-healthy.taniko.me\/uk\/wp-json\/wp\/v2\/product_tag?post=6847"}],"curies":[{"name":"wp","href":"https:\/\/api.w.org\/{rel}","templated":true}]}}