{"id":6850,"date":"2024-01-02T17:02:53","date_gmt":"2024-01-02T17:02:53","guid":{"rendered":"https:\/\/be-healthy.taniko.me\/?post_type=product&#038;p=6850"},"modified":"2024-10-15T08:53:04","modified_gmt":"2024-10-15T08:53:04","slug":"gerber-cereal-for-baby-power-blend-2nd-foods-probiotic-oatmeal-lentil-peach-apple-8-oz-227-g","status":"publish","type":"product","link":"https:\/\/be-healthy.taniko.me\/uk\/product\/gerber-cereal-for-baby-power-blend-2nd-foods-probiotic-oatmeal-lentil-peach-apple-8-oz-227-g\/","title":{"rendered":"Gerber, Cereal for Baby, Power Blend, 2nd Foods, Probiotic Oatmeal Lentil, Peach &#038; Apple, 8 oz (227 g)"},"content":{"rendered":"<div class=\"col-xs-24 col-md-14\">\n<div class=\"row item-row\">\n<div class=\"col-xs-24\">\n<p>\u041e\u043f\u0438\u0441<br \/>\nDadilja<br \/>\nMarka broj 1 za \u017eitarice za dojen\u010dad koju preporu\u010duju pedijatri<br \/>\nHranjivi mozak i tijelo<br \/>\n60% DV \u017eeljeza za sposobnost u\u010denja<br \/>\nCjelovite \u017eitarice i biljni proteini<br \/>\nSastojci koji nisu GMO<br \/>\nKo\u0161er mljekara<br \/>\nPaket napravljen bez BPA<br \/>\nSvaki zalogaj se ra\u010duna!<\/p>\n<p>Powerblend\u2122 \u017eitarice hrane bebin mozak i tijelo<\/p>\n<p>Podr\u017eava imunolo\u0161ki sustav<\/p>\n<p>Svakodnevni unos dovoljne koli\u010dine vitamina C, E, cinka i probiotika poma\u017ee u razvoju bebinog imunolo\u0161kog sustava.<\/p>\n<p>Pro\u0161irite bebine okusne pupoljke za raznovrsni mikrobiom<\/p>\n<p>Prve \u017eitarice za dojen\u010dad napravljene s kombinacijom cjelovitog zrna zobi bez glutena, mahunarki i vo\u0107a za poticanje dje\u010dje ljubavi prema hranjivoj hrani. Svaka porcija sadr\u017ei 11 g cjelovitih \u017eitarica, 2 g biljnih proteina, 1\/3 porcije povr\u0107a\/vo\u0107a\u00b9 i probiotike B. Lactis\u00b2 za podr\u0161ku zdravlju probave i uravnote\u017eenom mikrobiomu.<\/p>\n<p>Podr\u017eava mozak i u\u010denje<\/p>\n<p>Oboga\u0107en \u017eeljezom, samo dvije porcije zadovoljavaju bebine dnevne potrebe za \u017eeljezom za podr\u0161ku razvoju bebinog mozga i sposobnosti u\u010denja.<\/p>\n<p>Va\u0161a beba bi mogla biti spremna za ove \u017eitarice ako:<\/p>\n<p>Sjedite samostalno<br \/>\nPodignite i dr\u017eite male predmete u rukama<br \/>\nPosegnite za hranom ili \u017elicom kada ste gladni<br \/>\nUpotrijebite gornju usnicu kako biste lak\u0161e skinuli hranu sa \u017elice<\/p>\n<p>\u00b9Jedna porcija za dojen\u010dad sastoji se od 3 \u017elice povr\u0107a\/vo\u0107a<\/p>\n<p>\u00b2Kada se jede redovito<\/p>\n<p>\u0420\u0435\u043a\u043e\u043c\u0435\u043d\u0434\u0430\u0446\u0456\u0457 \u0456\u0437 \u0437\u0430\u0441\u0442\u043e\u0441\u0443\u0432\u0430\u043d\u043d\u044f<\/p>\n<p>Skinite poklopac, uklonite brtvu i ponovno ga zakrenite.<\/p>\n<p>Upute za jednostavno mije\u0161anje:<\/p>\n<p>U zdjelu uspite \u017eeljenu koli\u010dinu \u017eitarica.<br \/>\nUmije\u0161ajte teku\u0107inu (maj\u010dino mlijeko ili formulu za dojen\u010dad) do \u017eeljene gusto\u0107e.<br \/>\nPoslu\u017eite takvo kakvo je ili toplo u mikrovalnoj pe\u0107nici.<br \/>\nUvijek provjerite temperaturu prije hranjenja.<br \/>\nOdbacite sve neuhranjene \u017eitarice.<\/p>\n<p>Potpuno kuhano i spremno za poslu\u017eivanje. Samo dodajte teku\u0107inu.<\/p>\n<p>Smjernice za zagrijavanje u mikrovalnoj pe\u0107nici:<\/p>\n<p>Zagrijte nezagrijanu teku\u0107inu na SREDNJEM (50% snage) 15-30 SEKUNDI.<br \/>\nZagrijanu teku\u0107inu pomije\u0161ajte sa \u017eitaricama.<br \/>\nMije\u0161ajte da se temperatura ujedna\u010di.<br \/>\nTestirajte temperaturu prije hranjenja.<br \/>\n\u0406\u043d\u0448\u0456 \u0456\u043d\u0433\u0440\u0435\u0434\u0456\u0454\u043d\u0442\u0438<\/p>\n<p>Bra\u0161no od cjelovitih zobi, bra\u0161no od crvene le\u0107e, ljuskice breskve, ljuskice jabuke, kalijev fosfat, suncokretov lecitin, b. lactis kulture, vitamini i minerali: vitamin C (askorbinska kiselina), \u017eeljezo (elektroliti\u010dko), vitamin E (alfa tokoferil acetat), cink sulfat, niacinamid, vitamin B2 (riboflavin), vitamin B1 (tiamin mononitrat), vitamin B6 (piridoksin hidroklorid) ), folna kiselina, vitamin B12.<\/p>\n<p>Napravljen od zobi koja sadr\u017ei &lt;10 ppm glutena.<\/p>\n<p>\u041f\u043e\u043f\u0435\u0440\u0435\u0434\u0436\u0435\u043d\u043d\u044f<\/p>\n<p>\u0417\u0431\u0435\u0440\u0456\u0433\u0430\u0442\u0438 \u0432 \u0441\u0443\u0445\u043e\u043c\u0443 \u043f\u0440\u043e\u0445\u043e\u043b\u043e\u0434\u043d\u043e\u043c\u0443 \u043c\u0456\u0441\u0446\u0456.<\/p>\n<p>Iskoristiti unutar 30 dana nakon otvaranja.<\/p>\n<p>Nemojte koristiti ako je brtva o\u0161te\u0107ena.<\/p>\n<p>Dr\u017eati spremnik na suhom.<\/p>\n<p>Ovaj se paket prodaje po te\u017eini, a ne po volumenu i mo\u017eda se ne\u0107e \u010diniti punim zbog talo\u017eenja sadr\u017eaja.<\/p>\n<p>Paket dr\u017eite podalje od djece.<\/p>\n<\/div>\n<\/div>\n<div class=\"row item-row\">\n<div class=\"col-xs-24\"><\/div>\n<\/div>\n<\/div>\n<div class=\"col-xs-24 col-md-10\">\n<div class=\"supplement-facts-container\">\n<table border=\"1\" width=\"100%\" cellspacing=\"0\" cellpadding=\"3\">\n<tbody>\n<tr align=\"left\" valign=\"top\">\n<td class=\"\" colspan=\"3\"><strong>Supplement Facts<\/strong><\/td>\n<\/tr>\n<tr align=\"left\" valign=\"top\">\n<td colspan=\"3\"><strong>Serving Size:<\/strong>\u00a01\/4 cup (15 g)<\/td>\n<\/tr>\n<tr align=\"left\" valign=\"top\">\n<td colspan=\"3\"><strong>Servings Per Container:\u00a0<\/strong>15<\/td>\n<\/tr>\n<tr align=\"left\" valign=\"top\">\n<td width=\"70%\"><strong>\u00a0<\/strong><\/td>\n<td width=\"15%\"><strong>Amount Per Serving<\/strong><\/td>\n<td width=\"15%\"><strong>% Daily Value<\/strong><\/td>\n<\/tr>\n<tr align=\"left\" valign=\"top\">\n<td>Calories<\/td>\n<td>60<\/td>\n<td><\/td>\n<\/tr>\n<tr align=\"left\" valign=\"top\">\n<td>Total Fat<\/td>\n<td>1 g<\/td>\n<td>3%<\/td>\n<\/tr>\n<tr align=\"left\" valign=\"top\">\n<td>Saturated Fat<\/td>\n<td>0 g<\/td>\n<td><\/td>\n<\/tr>\n<tr align=\"left\" valign=\"top\">\n<td>Trans Fat<\/td>\n<td>0 g<\/td>\n<td><\/td>\n<\/tr>\n<tr align=\"left\" valign=\"top\">\n<td>Cholesterol<\/td>\n<td>0 mg<\/td>\n<td><\/td>\n<\/tr>\n<tr align=\"left\" valign=\"top\">\n<td>Sodium<\/td>\n<td>10 mg<\/td>\n<td><\/td>\n<\/tr>\n<tr align=\"left\" valign=\"top\">\n<td>Total Carbohydrate<\/td>\n<td>11 g<\/td>\n<td>12%<\/td>\n<\/tr>\n<tr align=\"left\" valign=\"top\">\n<td>Dietary Fiber<\/td>\n<td>1 g<\/td>\n<td><\/td>\n<\/tr>\n<tr align=\"left\" valign=\"top\">\n<td>Total Sugars<\/td>\n<td>1 g<\/td>\n<td><\/td>\n<\/tr>\n<tr align=\"left\" valign=\"top\">\n<td>Includes &lt; 1 g Added Sugars<\/td>\n<td><\/td>\n<td><\/td>\n<\/tr>\n<tr align=\"left\" valign=\"top\">\n<td>Protein<\/td>\n<td>2 g<\/td>\n<td>9%<\/td>\n<\/tr>\n<tr align=\"left\" valign=\"top\">\n<td>Vitamin D<\/td>\n<td>0 mcg<\/td>\n<td class=\"\">0%<\/td>\n<\/tr>\n<tr align=\"left\" valign=\"top\">\n<td class=\"\">Calcium<\/td>\n<td>5 mg<\/td>\n<td>2%<\/td>\n<\/tr>\n<tr align=\"left\" valign=\"top\">\n<td>Iron<\/td>\n<td>6.75 mg<\/td>\n<td>60%<\/td>\n<\/tr>\n<tr align=\"left\" valign=\"top\">\n<td>Potassium<\/td>\n<td>90 mg<\/td>\n<td>10%<\/td>\n<\/tr>\n<tr align=\"left\" valign=\"top\">\n<td>Vitamin C<\/td>\n<td>8.7 mg<\/td>\n<td>15%<\/td>\n<\/tr>\n<tr align=\"left\" valign=\"top\">\n<td>Vitamin E<\/td>\n<td>0.6 mg<\/td>\n<td>10%<\/td>\n<\/tr>\n<tr align=\"left\" valign=\"top\">\n<td>Thiamin<\/td>\n<td>0.075 mg<\/td>\n<td>25%<\/td>\n<\/tr>\n<tr align=\"left\" valign=\"top\">\n<td>Riboflavin<\/td>\n<td>0.1 mg<\/td>\n<td>25%<\/td>\n<\/tr>\n<tr align=\"left\" valign=\"top\">\n<td>Niacin<\/td>\n<td>1 mg<\/td>\n<td>25%<\/td>\n<\/tr>\n<tr align=\"left\" valign=\"top\">\n<td>Vitamin B6<\/td>\n<td>0.075 mg<\/td>\n<td>25%<\/td>\n<\/tr>\n<tr align=\"left\" valign=\"top\">\n<td>Folate<\/td>\n<td>12 mcg DFE (7 mcg folic acid)<\/td>\n<td>15%<\/td>\n<\/tr>\n<tr align=\"left\" valign=\"top\">\n<td>Vitamin B12<\/td>\n<td>0.125 mcg<\/td>\n<td>25%<\/td>\n<\/tr>\n<tr align=\"left\" valign=\"top\">\n<td>Zinc<\/td>\n<td>1 mg<\/td>\n<td class=\"\">30%<\/td>\n<\/tr>\n<\/tbody>\n<\/table>\n<\/div>\n<\/div>","protected":false},"excerpt":{"rendered":"<p>Opis Dadilja Marka broj 1 za \u017eitarice za dojen\u010dad koju preporu\u010duju pedijatri Hranjivi mozak i tijelo 60% DV \u017eeljeza za sposobnost u\u010denja Cjelovite \u017eitarice i biljni proteini Sastojci koji nisu GMO Ko\u0161er mljekara Paket napravljen bez BPA Svaki zalogaj se ra\u010duna! Powerblend\u2122 \u017eitarice hrane bebin mozak i tijelo Podr\u017eava imunolo\u0161ki sustav Svakodnevni unos dovoljne koli\u010dine[&#8230;]<\/p>","protected":false},"featured_media":6855,"comment_status":"open","ping_status":"closed","template":"","meta":{"inline_featured_image":false},"product_cat":[26,93,28],"product_tag":[],"class_list":{"0":"post-6850","1":"product","2":"type-product","3":"status-publish","4":"has-post-thumbnail","6":"product_cat-children","7":"product_cat-childrens-health","8":"product_cat-grocery","10":"first","11":"instock","12":"featured","13":"shipping-taxable","14":"purchasable","15":"product-type-variable"},"_links":{"self":[{"href":"https:\/\/be-healthy.taniko.me\/uk\/wp-json\/wp\/v2\/product\/6850","targetHints":{"allow":["GET"]}}],"collection":[{"href":"https:\/\/be-healthy.taniko.me\/uk\/wp-json\/wp\/v2\/product"}],"about":[{"href":"https:\/\/be-healthy.taniko.me\/uk\/wp-json\/wp\/v2\/types\/product"}],"replies":[{"embeddable":true,"href":"https:\/\/be-healthy.taniko.me\/uk\/wp-json\/wp\/v2\/comments?post=6850"}],"wp:featuredmedia":[{"embeddable":true,"href":"https:\/\/be-healthy.taniko.me\/uk\/wp-json\/wp\/v2\/media\/6855"}],"wp:attachment":[{"href":"https:\/\/be-healthy.taniko.me\/uk\/wp-json\/wp\/v2\/media?parent=6850"}],"wp:term":[{"taxonomy":"product_cat","embeddable":true,"href":"https:\/\/be-healthy.taniko.me\/uk\/wp-json\/wp\/v2\/product_cat?post=6850"},{"taxonomy":"product_tag","embeddable":true,"href":"https:\/\/be-healthy.taniko.me\/uk\/wp-json\/wp\/v2\/product_tag?post=6850"}],"curies":[{"name":"wp","href":"https:\/\/api.w.org\/{rel}","templated":true}]}}