{"id":6860,"date":"2024-01-02T19:17:06","date_gmt":"2024-01-02T19:17:06","guid":{"rendered":"https:\/\/be-healthy.taniko.me\/?post_type=product&#038;p=6860"},"modified":"2024-10-15T08:52:06","modified_gmt":"2024-10-15T08:52:06","slug":"advanced-clinicals-vitamin-c-anti-aging-serum-1-75-fl-oz-52-ml","status":"publish","type":"product","link":"https:\/\/be-healthy.taniko.me\/uk\/product\/advanced-clinicals-vitamin-c-anti-aging-serum-1-75-fl-oz-52-ml\/","title":{"rendered":"Advanced Clinicals, Vitamin C, Anti-Aging Serum, 1.75 fl oz (52 ml)"},"content":{"rendered":"<div class=\"row item-row\">\n<div class=\"col-xs-24\">\n<p>\u041e\u043f\u0438\u0441<br \/>\nS umiruju\u0107om aloe verom<br \/>\nProtiv starenja<br \/>\nVitamin C djeluje protiv tamnih mrlja, neujedna\u010denog tona i bora<br \/>\nPospje\u0161uje \u010dvr\u0161\u0107i izgled tena<br \/>\nFerulinska kiselina podr\u017eava blistav, mladena\u010dki sjaj<br \/>\nK3 Vita C, dokazani antioksidans, vidljivo smanjuje izgled stara\u010dkih pjega<br \/>\nPobolj\u0161ava tonus ko\u017ee i umanjuje izgled bora<br \/>\nFerulinska kiselina, prirodni antioksidans, \u0161titi ko\u017eu od o\u0161te\u0107enja iz okoli\u0161a<br \/>\nAntioksidans djeluje sinergisti\u010dki za u\u010dinkovito upijanje u ko\u017eu<\/p>\n<p>Prednosti<\/p>\n<p>Koncentrirani vitamin C umanjuje izgled stara\u010dkih pjega.<br \/>\nAntioksidansi \u0161tite od zaga\u0111iva\u010da iz okoli\u0161a.<br \/>\nPodi\u017ee tonus ko\u017ee i smanjuje vidljivost pigmentacije za zdraviji ten.<\/p>\n<p>Atributi<\/p>\n<p>Vitamin C i ferulinska kiselina poti\u010du ujedna\u010den ton ko\u017ee.<br \/>\nBez parabena i nje\u017ena osjetljiva ko\u017ea.<\/p>\n<p>Tehnologija<\/p>\n<p>Ovaj sna\u017ean serum pro\u017eet je antioksidansom vitaminom C i ferulinskom kiselinom u borbi protiv tamnih pigmenata koji zamagljuju va\u0161 ten i \u010dine da izgledate starije od svojih godina. Alfa hidroksi kiseline ciljaju nesavr\u0161enosti za ujedna\u010deniji izgled ko\u017ee.<\/p>\n<p>Rezultati<\/p>\n<p>Trenuta\u010dno: Vra\u0107a sjaj i hidratizira suhu ko\u017eu.<br \/>\nSvakodnevna uporaba: Posvjetljuje ten i stvara ujedna\u010deniji ton.<br \/>\n4 tjedna: Smanjuje izgled stara\u010dkih pjega i u\u010dvr\u0161\u0107uje osjetljiva podru\u010dja.<br \/>\n\u0420\u0435\u043a\u043e\u043c\u0435\u043d\u0434\u0430\u0446\u0456\u0457 \u0456\u0437 \u0437\u0430\u0441\u0442\u043e\u0441\u0443\u0432\u0430\u043d\u043d\u044f<\/p>\n<p>Nakon \u010di\u0161\u0107enja lica, nanesite serum na vrhove prstiju za nano\u0161enje. Nje\u017eno utrljajte proizvod na ko\u017eu, fokusiraju\u0107i se na problemati\u010dna podru\u010dja. Ostavite nekoliko minuta da se serum upije. Nakon toga nanesite hidratantnu kremu. Mo\u017ee se nanositi svakodnevno, danju ili no\u0107u.<\/p>\n<p>\u0406\u043d\u0448\u0456 \u0456\u043d\u0433\u0440\u0435\u0434\u0456\u0454\u043d\u0442\u0438<\/p>\n<p>Voda, aminopropil askorbil fosfat, ferulinska kiselina, ergotionein, sok lista aloe barbadensis, glikolna kiselina, mlije\u010dna kiselina, tokoferil acetat, ekstrakt lista ginka bilobe, polivinil alkohol, ksantanska guma, peg-12 dimetikon, miris, maltodekstrin, fenoksietanol, kaprilil glikol, etilheksilglicerin, heksilen glikol, natrijev hidroksid.<\/p>\n<p>\u041f\u043e\u043f\u0435\u0440\u0435\u0434\u0436\u0435\u043d\u043d\u044f<\/p>\n<p>Oprez:\u00a0Samo za vanjsku upotrebu. Ako se razvije iritacija, prestanite koristiti. Ako proizvod dospije u o\u010di, temeljito isperite vodom. Ako se slu\u010dajno proguta, obratite se lije\u010dniku. \u010cuvati izvan dohvata djece.<\/p>\n<p>Upozorenje na opekline od sunca:\u00a0Ovaj proizvod sadr\u017ei alfa hidroksi kiseline koje mogu pove\u0107ati osjetljivost va\u0161e ko\u017ee na sun\u010devu svjetlost. Koristite kremu za sun\u010danje i ograni\u010dite izlaganje suncu tijekom kori\u0161tenja ovog proizvoda i 2 tjedna nakon njega.<\/p>\n<\/div>\n<\/div>\n<div class=\"row item-row\">\n<div class=\"col-xs-24\"><\/div>\n<\/div>","protected":false},"excerpt":{"rendered":"<p>Opis S umiruju\u0107om aloe verom Protiv starenja Vitamin C djeluje protiv tamnih mrlja, neujedna\u010denog tona i bora Pospje\u0161uje \u010dvr\u0161\u0107i izgled tena Ferulinska kiselina podr\u017eava blistav, mladena\u010dki sjaj K3 Vita C, dokazani antioksidans, vidljivo smanjuje izgled stara\u010dkih pjega Pobolj\u0161ava tonus ko\u017ee i umanjuje izgled bora Ferulinska kiselina, prirodni antioksidans, \u0161titi ko\u017eu od o\u0161te\u0107enja iz okoli\u0161a Antioksidans[&#8230;]<\/p>","protected":false},"featured_media":6863,"comment_status":"open","ping_status":"closed","template":"","meta":{"inline_featured_image":false},"product_cat":[41,25,79],"product_tag":[],"class_list":{"0":"post-6860","1":"product","2":"type-product","3":"status-publish","4":"has-post-thumbnail","6":"product_cat-anti-aging-longevity","7":"product_cat-beauty","8":"product_cat-treatments-serums","10":"first","11":"instock","12":"featured","13":"shipping-taxable","14":"purchasable","15":"product-type-simple"},"_links":{"self":[{"href":"https:\/\/be-healthy.taniko.me\/uk\/wp-json\/wp\/v2\/product\/6860","targetHints":{"allow":["GET"]}}],"collection":[{"href":"https:\/\/be-healthy.taniko.me\/uk\/wp-json\/wp\/v2\/product"}],"about":[{"href":"https:\/\/be-healthy.taniko.me\/uk\/wp-json\/wp\/v2\/types\/product"}],"replies":[{"embeddable":true,"href":"https:\/\/be-healthy.taniko.me\/uk\/wp-json\/wp\/v2\/comments?post=6860"}],"wp:featuredmedia":[{"embeddable":true,"href":"https:\/\/be-healthy.taniko.me\/uk\/wp-json\/wp\/v2\/media\/6863"}],"wp:attachment":[{"href":"https:\/\/be-healthy.taniko.me\/uk\/wp-json\/wp\/v2\/media?parent=6860"}],"wp:term":[{"taxonomy":"product_cat","embeddable":true,"href":"https:\/\/be-healthy.taniko.me\/uk\/wp-json\/wp\/v2\/product_cat?post=6860"},{"taxonomy":"product_tag","embeddable":true,"href":"https:\/\/be-healthy.taniko.me\/uk\/wp-json\/wp\/v2\/product_tag?post=6860"}],"curies":[{"name":"wp","href":"https:\/\/api.w.org\/{rel}","templated":true}]}}