{"id":6864,"date":"2024-01-02T19:33:35","date_gmt":"2024-01-02T19:33:35","guid":{"rendered":"https:\/\/be-healthy.taniko.me\/?post_type=product&#038;p=6864"},"modified":"2024-10-15T08:51:00","modified_gmt":"2024-10-15T08:51:00","slug":"yeouth-retinol-eye-cream-1-fl-oz-30-ml","status":"publish","type":"product","link":"https:\/\/be-healthy.taniko.me\/uk\/product\/yeouth-retinol-eye-cream-1-fl-oz-30-ml\/","title":{"rendered":"Yeouth, Retinol Eye Cream, 1 fl oz (30 ml)"},"content":{"rendered":"<div class=\"row item-row\">\n<div class=\"col-xs-24\">\n<p>\u041e\u043f\u0438\u0441<br \/>\nIzgledaj sjajno. Osje\u0107ajte se samouvjereno.<br \/>\nHijaluronska kiselina<br \/>\nTripeptidni kompleks<\/p>\n<p>Krema za o\u010di s retinolom<\/p>\n<p>Sna\u017ena formula djeluje na ove znakove starenja:<\/p>\n<p>Fine bore i vrane \u0161ape<br \/>\nGubitak elasti\u010dnosti i kolagena<br \/>\nPodo\u010dnjaci i nate\u010denost<\/p>\n<p>Efekt umno\u017eavanja mladih<\/p>\n<p>Svi Yeouth proizvodi sadr\u017ee stabilne, visokokvalitetne, klini\u010dki testirane sastojke koji su projektirani da me\u0111usobno djeluju. Iako je svaki proizvod razvijen za pobolj\u0161anje izgleda ko\u017ee, svaki to \u010dini razli\u010ditim metodama. Zajedni\u010dka uporaba Yeouth proizvoda vi\u0161estruko pove\u0107ava u\u010dinkovitost i mo\u017ee pobolj\u0161ati izgled ko\u017ee pru\u017eanjem dramati\u010dno vidljivih rezultata.<\/p>\n<p>Kako Yeouth retinol krema za o\u010di djeluje<\/p>\n<p>Retinol protiv bora<\/p>\n<p>Poma\u017ee smanjiti izgled finih linija i bora \u0161to rezultira izgledom mladena\u010dnijeg tena.<\/p>\n<p>Hijaluronska kiselina koja privla\u010di vlagu<\/p>\n<p>Privla\u010di vlagu kako bi ko\u017ea izgledala gipkije.<\/p>\n<p>Tripeptidni kompleks<\/p>\n<p>Smanjuje pojavu nate\u010denosti, bora i vre\u0107ica oko i ispod o\u010diju. Smanjuje pojavu tamnih krugova i pobolj\u0161ava izgled ko\u017ee za svjetliju, mladena\u010dkiju ko\u017eu.<\/p>\n<p>\u0420\u0435\u043a\u043e\u043c\u0435\u043d\u0434\u0430\u0446\u0456\u0457 \u0456\u0437 \u0437\u0430\u0441\u0442\u043e\u0441\u0443\u0432\u0430\u043d\u043d\u044f<br \/>\nKoristite ovaj proizvod no\u0107u. Operite lice Yeouth sredstvom za \u010di\u0161\u0107enje lica i osu\u0161ite ga tapkanjem. Poprskajte lice Yeouth Balancing tonikom za lice. Dok je lice jo\u0161 vla\u017eno, utapkajte Yeouth Retinol Eye Cream oko podru\u010dja oko o\u010diju u koli\u010dini zrna gra\u0161ka i ostavite da se upije. Nakon toga nanesite Yeouth hidratantnu kremu. Po\u010dnite koristiti svaku drugu ve\u010der kako biste odredili osjetljivost ko\u017ee, postupno pove\u0107avaju\u0107i do svake ve\u010deri. Koristite kremu za sun\u010danje tijekom dana, jer retinol pove\u0107ava osjetljivost ko\u017ee na sun\u010devu svjetlost.<br \/>\n\u0406\u043d\u0448\u0456 \u0456\u043d\u0433\u0440\u0435\u0434\u0456\u0454\u043d\u0442\u0438<\/p>\n<p>Voda, glicerin, kaprilni\/kaprinski triglicerid, izodecil neopentanoat, dikaprilil karbonat, cetil alkohol, dimetikon, retinol, gliceril stearat, peg-100 stearat, stearinska kiselina, fenoksietanol, kapril glikol, ksantanska guma, natrijev hijaluronat, maslac butyrospermum parkii, ory za sativa ulje mekinja, karbomer, kofein, protein sirutke, steareth-20, hesperidin metil kalkon, natrijev hidroksid, heksilen glikol, etilheksilglicerin, klorheksidin diglukonat, dinatrijev edta, ulje anthemis nobilis, natrijev citrat, tokoferil acetat, n-hidroksisukcinimid, kalijev sorbat, dipeptid -2, limunska kiselina, ekstrakt korijena panax ginsenga, ekstrakt undaria pinnatifida, ekstrakt cvijeta camellia sinensis, palmitoil tripeptid-7, krizin, palmitoil tripeptid-1, biotin.<\/p>\n<p>\u041f\u043e\u043f\u0435\u0440\u0435\u0434\u0436\u0435\u043d\u043d\u044f<br \/>\nAko se pojavi iritacija, prekinite s upotrebom. Izbjegavajte izravan kontakt s o\u010dima.<\/p>\n<\/div>\n<\/div>","protected":false},"excerpt":{"rendered":"<p>Opis Izgledaj sjajno. Osje\u0107ajte se samouvjereno. Hijaluronska kiselina Tripeptidni kompleks Krema za o\u010di s retinolom Sna\u017ena formula djeluje na ove znakove starenja: Fine bore i vrane \u0161ape Gubitak elasti\u010dnosti i kolagena Podo\u010dnjaci i nate\u010denost Efekt umno\u017eavanja mladih Svi Yeouth proizvodi sadr\u017ee stabilne, visokokvalitetne, klini\u010dki testirane sastojke koji su projektirani da me\u0111usobno djeluju. Iako je svaki[&#8230;]<\/p>","protected":false},"featured_media":6867,"comment_status":"open","ping_status":"closed","template":"","meta":{"inline_featured_image":false},"product_cat":[41,25,78],"product_tag":[],"class_list":{"0":"post-6864","1":"product","2":"type-product","3":"status-publish","4":"has-post-thumbnail","6":"product_cat-anti-aging-longevity","7":"product_cat-beauty","8":"product_cat-moisturizers-serums-cream","10":"first","11":"instock","12":"featured","13":"shipping-taxable","14":"purchasable","15":"product-type-simple"},"_links":{"self":[{"href":"https:\/\/be-healthy.taniko.me\/uk\/wp-json\/wp\/v2\/product\/6864","targetHints":{"allow":["GET"]}}],"collection":[{"href":"https:\/\/be-healthy.taniko.me\/uk\/wp-json\/wp\/v2\/product"}],"about":[{"href":"https:\/\/be-healthy.taniko.me\/uk\/wp-json\/wp\/v2\/types\/product"}],"replies":[{"embeddable":true,"href":"https:\/\/be-healthy.taniko.me\/uk\/wp-json\/wp\/v2\/comments?post=6864"}],"wp:featuredmedia":[{"embeddable":true,"href":"https:\/\/be-healthy.taniko.me\/uk\/wp-json\/wp\/v2\/media\/6867"}],"wp:attachment":[{"href":"https:\/\/be-healthy.taniko.me\/uk\/wp-json\/wp\/v2\/media?parent=6864"}],"wp:term":[{"taxonomy":"product_cat","embeddable":true,"href":"https:\/\/be-healthy.taniko.me\/uk\/wp-json\/wp\/v2\/product_cat?post=6864"},{"taxonomy":"product_tag","embeddable":true,"href":"https:\/\/be-healthy.taniko.me\/uk\/wp-json\/wp\/v2\/product_tag?post=6864"}],"curies":[{"name":"wp","href":"https:\/\/api.w.org\/{rel}","templated":true}]}}