{"id":6869,"date":"2024-01-02T19:48:32","date_gmt":"2024-01-02T19:48:32","guid":{"rendered":"https:\/\/be-healthy.taniko.me\/?post_type=product&#038;p=6869"},"modified":"2024-10-15T08:50:01","modified_gmt":"2024-10-15T08:50:01","slug":"yeouth-vitamin-c-e-serum-1-fl-oz-30-ml","status":"publish","type":"product","link":"https:\/\/be-healthy.taniko.me\/uk\/product\/yeouth-vitamin-c-e-serum-1-fl-oz-30-ml\/","title":{"rendered":"Yeouth, Vitamin C &#038; E Serum, 1 fl oz (30 ml)"},"content":{"rendered":"<div class=\"row item-row\">\n<div class=\"col-xs-24\">\n<p>\u041e\u043f\u0438\u0441<br \/>\nProna\u0111ite svoj Y\u2122<br \/>\nHijaluronska kiselina<\/p>\n<p>Sna\u017ean serum djeluje na ove znakove starenja:<\/p>\n<p>Fine linije i bore<br \/>\nTamne mrlje i neujedna\u010den ton ko\u017ee<br \/>\nSuha ko\u017ea bez sjaja<\/p>\n<p>Efekt umno\u017eavanja mladih<\/p>\n<p>Svi Yeouth proizvodi sadr\u017ee stabilne, visokokvalitetne, klini\u010dki testirane sastojke koji su projektirani da me\u0111usobno djeluju. Iako je svaki proizvod razvijen za pobolj\u0161anje izgleda ko\u017ee, svaki to \u010dini razli\u010ditim metodama. Zajedni\u010dka uporaba Yeouth proizvoda vi\u0161estruko pove\u0107ava u\u010dinkovitost i mo\u017ee pobolj\u0161ati izgled ko\u017ee pru\u017eanjem dramati\u010dno vidljivih rezultata.<\/p>\n<p>Kako Yeouth vitamin C &amp; E serum djeluje<\/p>\n<p>Podr\u017eava sintezu kolagena kako bi se smanjili znakovi starenja.<br \/>\nPobolj\u0161ava izgled finih linija i bora.<br \/>\nPosvjetljuje ten.<br \/>\nPoma\u017ee u za\u0161titi ko\u017ee od o\u0161te\u0107enja slobodnih radikala.<br \/>\nPrivla\u010di i zadr\u017eava vlagu kako bi ten izgledao podatnije i hidratiziranije.<\/p>\n<p>Od Osniva\u010da<\/p>\n<p>Kao kozmeti\u010dki kemi\u010dar koji desetlje\u0107ima razvija napredne proizvode za njegu ko\u017ee za velike i male tvrtke, uvijek su me iznova pitali da stvorim formule koje sadr\u017ee samo djeli\u0107 klju\u010dnih sastojaka potrebnih za postizanje vidljivih rezultata. Ove tvrtke bile su zainteresirane za profit iznad kvalitete i zadovoljstva kupaca. Budu\u0107i da ljudi zaslu\u017euju bolje, odlu\u010dio sam stvoriti i proizvesti vlastitu liniju vrhunskih proizvoda za njegu ko\u017ee. Rezultat je MLADOST. U YEOUTH-u, na\u0161a strast je pomaganje ljudima da daju najbolje od sebe. To \u010dinimo pru\u017eaju\u0107i uistinu vrhunske proizvode po razumnim cijenama. Ovo je odgovor na na\u0161e &#8220;za\u0161to&#8221; (pi\u0161emo ga &#8220;Y&#8221;). Svi mi u YEOUTH vam zahvaljujemo i radosno vas poti\u010demo da prona\u0111ete svoj U\u2122.<\/p>\n<p>Kevin Mallory, osniva\u010d i glavni kemi\u010dar<\/p>\n<p>\u0420\u0435\u043a\u043e\u043c\u0435\u043d\u0434\u0430\u0446\u0456\u0457 \u0456\u0437 \u0437\u0430\u0441\u0442\u043e\u0441\u0443\u0432\u0430\u043d\u043d\u044f<\/p>\n<p>Koristite YEOUTH vitamin C&amp;E serum tijekom dana. Operite lice YEOUTH sredstvom za \u010di\u0161\u0107enje lica i osu\u0161ite ga tapkanjem. Poprskajte lice YEOUTH tonikom za balansiranje lica. Dok je lice jo\u0161 vla\u017eno, nanesite koli\u010dinu YEOUTH Vitamin C&amp;E seruma veli\u010dine gra\u0161ka na ko\u017eu i ostavite da se upije. Nanesite sloj s drugim preferiranim YEOUTH serumima. Nakon toga nanesite YEOUTH hidratantnu kremu.<\/p>\n<p>\u0406\u043d\u0448\u0456 \u0456\u043d\u0433\u0440\u0435\u0434\u0456\u0454\u043d\u0442\u0438<\/p>\n<p>Voda, butilen glikol, polisorbat 20, magnezijev askorbil fosfat, natrijev hijaluronat, fenoksietanol, tokoferil acetat, sok lista aloe barbadensis.<\/p>\n<\/div>\n<\/div>","protected":false},"excerpt":{"rendered":"<p>Opis Prona\u0111ite svoj Y\u2122 Hijaluronska kiselina Sna\u017ean serum djeluje na ove znakove starenja: Fine linije i bore Tamne mrlje i neujedna\u010den ton ko\u017ee Suha ko\u017ea bez sjaja Efekt umno\u017eavanja mladih Svi Yeouth proizvodi sadr\u017ee stabilne, visokokvalitetne, klini\u010dki testirane sastojke koji su projektirani da me\u0111usobno djeluju. Iako je svaki proizvod razvijen za pobolj\u0161anje izgleda ko\u017ee, svaki[&#8230;]<\/p>","protected":false},"featured_media":6872,"comment_status":"open","ping_status":"closed","template":"","meta":{"inline_featured_image":false},"product_cat":[25,79],"product_tag":[],"class_list":{"0":"post-6869","1":"product","2":"type-product","3":"status-publish","4":"has-post-thumbnail","6":"product_cat-beauty","7":"product_cat-treatments-serums","9":"first","10":"instock","11":"featured","12":"shipping-taxable","13":"purchasable","14":"product-type-simple"},"_links":{"self":[{"href":"https:\/\/be-healthy.taniko.me\/uk\/wp-json\/wp\/v2\/product\/6869","targetHints":{"allow":["GET"]}}],"collection":[{"href":"https:\/\/be-healthy.taniko.me\/uk\/wp-json\/wp\/v2\/product"}],"about":[{"href":"https:\/\/be-healthy.taniko.me\/uk\/wp-json\/wp\/v2\/types\/product"}],"replies":[{"embeddable":true,"href":"https:\/\/be-healthy.taniko.me\/uk\/wp-json\/wp\/v2\/comments?post=6869"}],"wp:featuredmedia":[{"embeddable":true,"href":"https:\/\/be-healthy.taniko.me\/uk\/wp-json\/wp\/v2\/media\/6872"}],"wp:attachment":[{"href":"https:\/\/be-healthy.taniko.me\/uk\/wp-json\/wp\/v2\/media?parent=6869"}],"wp:term":[{"taxonomy":"product_cat","embeddable":true,"href":"https:\/\/be-healthy.taniko.me\/uk\/wp-json\/wp\/v2\/product_cat?post=6869"},{"taxonomy":"product_tag","embeddable":true,"href":"https:\/\/be-healthy.taniko.me\/uk\/wp-json\/wp\/v2\/product_tag?post=6869"}],"curies":[{"name":"wp","href":"https:\/\/api.w.org\/{rel}","templated":true}]}}