{"id":6874,"date":"2024-01-02T20:33:24","date_gmt":"2024-01-02T20:33:24","guid":{"rendered":"https:\/\/be-healthy.taniko.me\/?post_type=product&#038;p=6874"},"modified":"2024-10-15T08:48:47","modified_gmt":"2024-10-15T08:48:47","slug":"yeouth-day-night-cream-4-fl-oz-118-ml","status":"publish","type":"product","link":"https:\/\/be-healthy.taniko.me\/uk\/product\/yeouth-day-night-cream-4-fl-oz-118-ml\/","title":{"rendered":"Yeouth, Day\/Night Cream, 4 fl oz (118 ml)"},"content":{"rendered":"<div class=\"row item-row\">\n<div class=\"col-xs-24\">\n<p>\u041e\u043f\u0438\u0441<br \/>\nIzgledaj sjajno. Osje\u0107ajte se samouvjereno.<br \/>\nHijaluronska kiselina<br \/>\nEkstrakt pu\u017ea<br \/>\nTripeptidi<br \/>\nZeleni \u010daj<\/p>\n<p>YEOUTH Multiplikacijski u\u010dinak<\/p>\n<p>Svi YEOUTH proizvodi sadr\u017ee stabilne, visokokvalitetne, klini\u010dki ispitane sastojke koji su projektirani da djeluju me\u0111usobno. Iako je svaki proizvod razvijen za pobolj\u0161anje izgleda ko\u017ee, svaki to \u010dini razli\u010ditim metodama.<\/p>\n<p>Zajedni\u010dka uporaba YEOUTH proizvoda vi\u0161estruko pove\u0107ava u\u010dinkovitost i mo\u017ee pobolj\u0161ati izgled ko\u017ee pru\u017eanjem dramati\u010dno vidljivih rezultata.<\/p>\n<p>Kako YEOUTH dnevna\/no\u0107na krema djeluje<\/p>\n<p>Hijaluronska kiselina koja privla\u010di vlagu<\/p>\n<p>Privla\u010di vlagu kako bi ko\u017ea izgledala gipkije.<\/p>\n<p>Hidratantni ekstrakt pu\u017ea<\/p>\n<p>Protein s antioksidativnim svojstvima koji podmazuje ko\u017eu kako bi pomogao pobolj\u0161ati izgled teksture ko\u017ee, hiperpigmentacije i o\u017eiljaka.<\/p>\n<p>Peptidi izvedeni iz kolagena<\/p>\n<p>Poma\u017ee ko\u017ei da postane vidljivo ja\u010da, podatnija, \u010dvr\u0161\u0107a i mladolikog izgleda.<\/p>\n<p>Umiruju\u0107i zeleni \u010daj<\/p>\n<p>Poma\u017ee neutralizirati slobodne radikale i pobolj\u0161ati izgled ko\u017ee o\u0161te\u0107ene suncem.<\/p>\n<p>Dnevna\/no\u0107na krema<\/p>\n<p>Intenzivna hidratantna formula djeluje na ove znakove starenja:<\/p>\n<p>Fine linije dodaju bore<br \/>\nNeujedna\u010den ton i tekstura ko\u017ee<br \/>\nTamne mrlje, hiperpigmentacije i o\u017eiljci<\/p>\n<p>Od Osniva\u010da<\/p>\n<p>Kao kozmeti\u010dki kemi\u010dar koji desetlje\u0107ima razvija napredne proizvode za njegu ko\u017ee za velike i male tvrtke, uvijek su me iznova pitali da stvorim formule koje sadr\u017ee samo djeli\u0107 klju\u010dnih sastojaka potrebnih za postizanje vidljivih rezultata. Ove tvrtke bile su zainteresirane za profit iznad kvalitete i zadovoljstva kupaca. Budu\u0107i da ljudi zaslu\u017euju bolje, odlu\u010dio sam stvoriti i proizvesti vlastitu liniju vrhunskih proizvoda za njegu ko\u017ee. Rezultat je MLADOST.<\/p>\n<p>U YEOUTH-u, na\u0161a strast je pomaganje ljudima da daju najbolje od sebe. To \u010dinimo pru\u017eaju\u0107i uistinu vrhunske proizvode po razumnim cijenama. Svi mi u YEOUTH hvala!<\/p>\n<p>Kevin Mallory, osniva\u010d i glavni kemi\u010dar<\/p>\n<p>\u0420\u0435\u043a\u043e\u043c\u0435\u043d\u0434\u0430\u0446\u0456\u0457 \u0456\u0437 \u0437\u0430\u0441\u0442\u043e\u0441\u0443\u0432\u0430\u043d\u043d\u044f<\/p>\n<p>Koristite ovaj proizvod dan i no\u0107. Operite lice Yeouth sredstvom za \u010di\u0161\u0107enje lica i osu\u0161ite ga tapkanjem. Poprskajte lice Yeouth Balancing tonikom za lice. Dok je lice jo\u0161 vla\u017eno, utrljajte \u010detvrtinu koli\u010dine Yeouth dnevne\/no\u0107ne kreme na lice, vrat i dekolte. Umasirajte kru\u017enim pokretima i ostavite da se upije. Nanesite i na stra\u017enji dio vrata i ruke.<\/p>\n<p>\u0406\u043d\u0448\u0456 \u0456\u043d\u0433\u0440\u0435\u0434\u0456\u0454\u043d\u0442\u0438<\/p>\n<p>Aqua, glicerin, kaprilni\/kaprinski triglicerid, butilen glikol, cetearil alkohol, koko-kaprilat\/kaprat, gliceril stearat, dimetikon, stearinska kiselina, cetearil olivat, sorbitan olivat, glicerin, hidroksipropil ciklodekstrin, palmitoil tripeptid-38, natrijev hijaluronat, pantenol, glicin, sorbitol, glicin soja (sojin) protein, bakreni tripeptid-1, filtrat izlu\u010devine pu\u017ea, ulje mekinja oryza sativa (ri\u017ea), ulje simmondsia chinensis, poliakrilamid, c13-14 izoparafin, laureth-7, natrijev hidroksid, karbomer, karagenan, Ekstrakt jezgre avene sativa, ekstrakt cvijeta arnice montana, ekstrakt ploda robus idaeus, ekstrakt lista camellia sinensis, ekstrakt cvijeta anthemis nobilis, ekstrakt camellia sinensis, ekstrakt korijena panax ginsenga, ekstrakt centella asiatica, ekstrakt echinacea purpurea, fenoksietanol, etilheksilglicerin, dinatrij edta.<\/p>\n<\/div>\n<\/div>","protected":false},"excerpt":{"rendered":"<p>Opis Izgledaj sjajno. Osje\u0107ajte se samouvjereno. Hijaluronska kiselina Ekstrakt pu\u017ea Tripeptidi Zeleni \u010daj YEOUTH Multiplikacijski u\u010dinak Svi YEOUTH proizvodi sadr\u017ee stabilne, visokokvalitetne, klini\u010dki ispitane sastojke koji su projektirani da djeluju me\u0111usobno. Iako je svaki proizvod razvijen za pobolj\u0161anje izgleda ko\u017ee, svaki to \u010dini razli\u010ditim metodama. Zajedni\u010dka uporaba YEOUTH proizvoda vi\u0161estruko pove\u0107ava u\u010dinkovitost i mo\u017ee pobolj\u0161ati[&#8230;]<\/p>","protected":false},"featured_media":6876,"comment_status":"open","ping_status":"closed","template":"","meta":{"inline_featured_image":false},"product_cat":[25,78],"product_tag":[],"class_list":{"0":"post-6874","1":"product","2":"type-product","3":"status-publish","4":"has-post-thumbnail","6":"product_cat-beauty","7":"product_cat-moisturizers-serums-cream","9":"first","10":"instock","11":"featured","12":"shipping-taxable","13":"purchasable","14":"product-type-simple"},"_links":{"self":[{"href":"https:\/\/be-healthy.taniko.me\/uk\/wp-json\/wp\/v2\/product\/6874","targetHints":{"allow":["GET"]}}],"collection":[{"href":"https:\/\/be-healthy.taniko.me\/uk\/wp-json\/wp\/v2\/product"}],"about":[{"href":"https:\/\/be-healthy.taniko.me\/uk\/wp-json\/wp\/v2\/types\/product"}],"replies":[{"embeddable":true,"href":"https:\/\/be-healthy.taniko.me\/uk\/wp-json\/wp\/v2\/comments?post=6874"}],"wp:featuredmedia":[{"embeddable":true,"href":"https:\/\/be-healthy.taniko.me\/uk\/wp-json\/wp\/v2\/media\/6876"}],"wp:attachment":[{"href":"https:\/\/be-healthy.taniko.me\/uk\/wp-json\/wp\/v2\/media?parent=6874"}],"wp:term":[{"taxonomy":"product_cat","embeddable":true,"href":"https:\/\/be-healthy.taniko.me\/uk\/wp-json\/wp\/v2\/product_cat?post=6874"},{"taxonomy":"product_tag","embeddable":true,"href":"https:\/\/be-healthy.taniko.me\/uk\/wp-json\/wp\/v2\/product_tag?post=6874"}],"curies":[{"name":"wp","href":"https:\/\/api.w.org\/{rel}","templated":true}]}}