{"id":6880,"date":"2024-01-02T20:46:27","date_gmt":"2024-01-02T20:46:27","guid":{"rendered":"https:\/\/be-healthy.taniko.me\/?post_type=product&#038;p=6880"},"modified":"2024-10-15T08:47:42","modified_gmt":"2024-10-15T08:47:42","slug":"yeouth-dead-sea-mud-beauty-mask-8-fl-oz-236-ml","status":"publish","type":"product","link":"https:\/\/be-healthy.taniko.me\/uk\/product\/yeouth-dead-sea-mud-beauty-mask-8-fl-oz-236-ml\/","title":{"rendered":"Yeouth, Dead Sea Mud Beauty Mask, 8 fl oz (236 ml)"},"content":{"rendered":"<div class=\"row item-row\">\n<div class=\"col-xs-24\">\n<p>\u041e\u043f\u0438\u0441<br \/>\nHijaluronska kiselina<br \/>\nKoloidna zobena ka\u0161a<br \/>\nAloe vera<br \/>\nUlje avokada<\/p>\n<p>Kako djeluje Yeouth maska \u200b\u200bod blata Mrtvog mora<\/p>\n<p>Bori se protiv pri\u0161ti\u0107a i mitesera.<br \/>\nDetoksificira ko\u017eu, izvla\u010di ne\u010disto\u0107e i vi\u0161ak masno\u0107e.<br \/>\nSmanjuje veli\u010dinu pora i pobolj\u0161ava cjelokupni ten.<br \/>\nNapravljen od prirodnih sastojaka i potpuno je siguran za upotrebu.<\/p>\n<p>\u010cisti, detoksificira i hidratizira<\/p>\n<p>Ljekovita mo\u0107 Mrtvog mora vi\u0161e je od mita. Mulj iz jezera ima visoku koncentraciju magnezija, natrija, fosfata, bromida i drugih minerala koji pobolj\u0161avaju stanje ko\u017ee. Yeouth dodaje jedinstvenu mje\u0161avinu pa\u017eljivo odabranih sastojaka koji zajedno temeljito \u010diste, hidratiziraju i umiruju ko\u017eu. Blato Mrtvog mora bogato mineralima, zajedno s hijaluronskom kiselinom, alojom, zobenim pahuljicama i uljem avokada, poma\u017ee apsorbirati vi\u0161ak masnih izlu\u010devina i \u010disti ko\u017eu.<\/p>\n<p>Nje\u017eni u\u010dinci pilinga<\/p>\n<p>Ova pro\u010di\u0161\u0107avaju\u0107a maska \u200b\u200bza lice nje\u017eno i temeljito radi piling, \u0161to poma\u017ee u uklanjanju toksina i mrtvih stanica ko\u017ee, a istovremeno poti\u010de proces regeneracije ko\u017ee. Time se zagla\u0111uje vanjski sloj ko\u017ee i stvara osje\u0107aj meko\u0107e, zacjeljivanja i blistavosti.<\/p>\n<p>\u0420\u0435\u043a\u043e\u043c\u0435\u043d\u0434\u0430\u0446\u0456\u0457 \u0456\u0437 \u0437\u0430\u0441\u0442\u043e\u0441\u0443\u0432\u0430\u043d\u043d\u044f<\/p>\n<p>Nanesite ravnomjerni sloj Yeouth maske od blata Mrtvog mora na \u010distu, suhu ko\u017eu izbjegavaju\u0107i podru\u010dje oko o\u010diju i usana. Ostavite djelovati 15-20 minuta ili dok se ne osu\u0161i. Isprati vodom. Za najbolje rezultate koristite tri puta tjedno.<\/p>\n<p>\u0406\u043d\u0448\u0456 \u0456\u043d\u0433\u0440\u0435\u0434\u0456\u0454\u043d\u0442\u0438<\/p>\n<p>Voda, mulj mrtvog mora, kaolin, cetearilni alkohol, stearinska kiselina, ulje sjemenki helianthus annuus (suncokret), ceteareth-20, butyrospermum parkii (shea) maslac, natrijev hijaluronat, glicerin, koloidna zobena ka\u0161a, morska sol, sok lista aloe barbadensis, salix ekstrakt kore nigra (vrbe), ekstrakt cvijeta nevena, ulje sjemenki simmondsia chinensis (jojoba), ulje persea gratissima (avokado), ksantanska guma, fenoksietanol, etilheksilglicerin.<\/p>\n<\/div>\n<\/div>\n<div class=\"row item-row\">\n<div class=\"col-xs-24\">\n<div id=\"disclaimer\" class=\"prodOverviewDetail\">\n<p>&nbsp;<\/p>\n<\/div>\n<\/div>\n<\/div>","protected":false},"excerpt":{"rendered":"<p>Opis Hijaluronska kiselina Koloidna zobena ka\u0161a Aloe vera Ulje avokada Kako djeluje Yeouth maska \u200b\u200bod blata Mrtvog mora Bori se protiv pri\u0161ti\u0107a i mitesera. Detoksificira ko\u017eu, izvla\u010di ne\u010disto\u0107e i vi\u0161ak masno\u0107e. Smanjuje veli\u010dinu pora i pobolj\u0161ava cjelokupni ten. Napravljen od prirodnih sastojaka i potpuno je siguran za upotrebu. \u010cisti, detoksificira i hidratizira Ljekovita mo\u0107 Mrtvog[&#8230;]<\/p>","protected":false},"featured_media":6881,"comment_status":"open","ping_status":"closed","template":"","meta":{"inline_featured_image":false},"product_cat":[25,76],"product_tag":[],"class_list":{"0":"post-6880","1":"product","2":"type-product","3":"status-publish","4":"has-post-thumbnail","6":"product_cat-beauty","7":"product_cat-face-masks-peels","9":"first","10":"instock","11":"featured","12":"shipping-taxable","13":"purchasable","14":"product-type-simple"},"_links":{"self":[{"href":"https:\/\/be-healthy.taniko.me\/uk\/wp-json\/wp\/v2\/product\/6880","targetHints":{"allow":["GET"]}}],"collection":[{"href":"https:\/\/be-healthy.taniko.me\/uk\/wp-json\/wp\/v2\/product"}],"about":[{"href":"https:\/\/be-healthy.taniko.me\/uk\/wp-json\/wp\/v2\/types\/product"}],"replies":[{"embeddable":true,"href":"https:\/\/be-healthy.taniko.me\/uk\/wp-json\/wp\/v2\/comments?post=6880"}],"wp:featuredmedia":[{"embeddable":true,"href":"https:\/\/be-healthy.taniko.me\/uk\/wp-json\/wp\/v2\/media\/6881"}],"wp:attachment":[{"href":"https:\/\/be-healthy.taniko.me\/uk\/wp-json\/wp\/v2\/media?parent=6880"}],"wp:term":[{"taxonomy":"product_cat","embeddable":true,"href":"https:\/\/be-healthy.taniko.me\/uk\/wp-json\/wp\/v2\/product_cat?post=6880"},{"taxonomy":"product_tag","embeddable":true,"href":"https:\/\/be-healthy.taniko.me\/uk\/wp-json\/wp\/v2\/product_tag?post=6880"}],"curies":[{"name":"wp","href":"https:\/\/api.w.org\/{rel}","templated":true}]}}