{"id":6884,"date":"2024-01-02T21:10:11","date_gmt":"2024-01-02T21:10:11","guid":{"rendered":"https:\/\/be-healthy.taniko.me\/?post_type=product&#038;p=6884"},"modified":"2024-10-15T08:46:43","modified_gmt":"2024-10-15T08:46:43","slug":"advanced-clinicals-collagen-serum-instant-plumping-1-75-fl-oz-52-ml","status":"publish","type":"product","link":"https:\/\/be-healthy.taniko.me\/uk\/product\/advanced-clinicals-collagen-serum-instant-plumping-1-75-fl-oz-52-ml\/","title":{"rendered":"Advanced Clinicals, Collagen Serum, Instant Plumping, 1.75 fl oz (52 ml)"},"content":{"rendered":"<div class=\"row item-row\">\n<div class=\"col-xs-24\">\n<p>\u041e\u043f\u0438\u0441<br \/>\nS ekstraktom soje protiv bora<br \/>\nDvostruka formula u trenu daje puniju ko\u017eu za blje\u0161tavi sjaj<br \/>\n\u010cisti kolagen i ekstrakti soje podi\u017eu ko\u017eu koja stari<br \/>\nU\u010dvr\u0161\u0107uju\u0107i ekstrakt algi podr\u017eava tonus ko\u017ee<br \/>\nPobolj\u0161ava izgled finih linija i bora<br \/>\nEkstrakti soje djeluju protiv opu\u0161tenosti, gubitka elasti\u010dnosti i bora na licu<br \/>\nGlicerin pove\u0107ava hidrataciju za rosni sjaj<br \/>\nKolagen puni i zadr\u017eava potrebnu vlagu<\/p>\n<p>Prednosti<\/p>\n<p>Klju\u010d \u010dvrste, mladolike ko\u017ee je kolagen.<br \/>\nEkstrakti soje podr\u017eavaju zdravu razinu kolagena.<br \/>\nUmanjuje izgled opu\u0161tenih, izgubljene elasti\u010dnosti i okomitih bora usana.<\/p>\n<p>Atributi<\/p>\n<p>Kolagen je temelj mladena\u010dkog tena.<br \/>\nBez parabena, nje\u017ena alternativa injekcijama.<\/p>\n<p>Tehnologija<\/p>\n<p>Advanced Clinicals Collagen Serum podr\u017eava kolagen za pun i podignut izgled.<br \/>\nOsobito korisna za linije usana, ova formula vidljivo vra\u0107a volumen pukotinama kako bi se sprije\u010dila migracija ru\u017ea. Sna\u017eni sojin kompleks umanjuje izgled ko\u017ee poput krepe.<\/p>\n<p>Rezultati<\/p>\n<p>Trenuta\u010dno: Napaja ko\u017eu vlagom i kolagenom za \u010dvr\u0161\u0107i izgled.<br \/>\nSvakodnevna uporaba: Ko\u017ea postaje pli\u0161ana i izgleda kao da prkosi gravitaciji.<br \/>\n4 tjedna: Pobolj\u0161ava izgled finih linija i bora.<br \/>\n\u0420\u0435\u043a\u043e\u043c\u0435\u043d\u0434\u0430\u0446\u0456\u0457 \u0456\u0437 \u0437\u0430\u0441\u0442\u043e\u0441\u0443\u0432\u0430\u043d\u043d\u044f<\/p>\n<p>Nakon \u010di\u0161\u0107enja lica, nanesite serum na vrhove prstiju. Nje\u017eno utrljajte proizvod na ko\u017eu, fokusiraju\u0107i se na problemati\u010dna podru\u010dja. Ostavite nekoliko minuta da se serum upije. Nakon toga nanesite hidratantnu kremu. Mo\u017ee se nanositi svakodnevno, danju ili no\u0107u.<\/p>\n<p>\u0406\u043d\u0448\u0456 \u0456\u043d\u0433\u0440\u0435\u0434\u0456\u0454\u043d\u0442\u0438<\/p>\n<p>Voda (aqua), izopropil miristat, etilheksil olivat, glicerin, ekstrakt ploda pyrus malus (jabuka), cetearilni alkohol, sok lista aloe barbadensis, hidrolizirana vlakna soje, guma cyamopsis tetragonoloba (guar), skvalan, topljivi kolagen, ekstrakt klorele vulgaris, oriza ekstrakt mekinja sativa (ri\u017ea), ekstrakt li\u0161\u0107a rosmarinus officinalis (ru\u017emarin), ekstrakt helianthus annuus (suncokret), tokoferol, ekstrakt mekinja avena sativa (zob), ekstrakt kore citrusa aurantium dulcis (naran\u010de), tetranatrijev glutamat diacetat, amonijev akriloildimetiltaurat\/vp kopolimer , maltodekstrin, fenoksietanol, miris\/parfem, kaprilil glikol, etilheksilglicerin, heksilen glikol, hidroksiizoheksil 3-cikloheksen karboksaldehid, linalol, hidroksicitronelal.<\/p>\n<p>\u041f\u043e\u043f\u0435\u0440\u0435\u0434\u0436\u0435\u043d\u043d\u044f<\/p>\n<p>Samo za vanjsku upotrebu. Ako se razvije iritacija, prestanite koristiti. Ako proizvod u\u0111e u o\u010di, temeljito isperite vodom. Ako se slu\u010dajno proguta, obratite se lije\u010dniku. \u010cuvati izvan dohvata djece.<\/p>\n<\/div>\n<\/div>","protected":false},"excerpt":{"rendered":"<p>Opis S ekstraktom soje protiv bora Dvostruka formula u trenu daje puniju ko\u017eu za blje\u0161tavi sjaj \u010cisti kolagen i ekstrakti soje podi\u017eu ko\u017eu koja stari U\u010dvr\u0161\u0107uju\u0107i ekstrakt algi podr\u017eava tonus ko\u017ee Pobolj\u0161ava izgled finih linija i bora Ekstrakti soje djeluju protiv opu\u0161tenosti, gubitka elasti\u010dnosti i bora na licu Glicerin pove\u0107ava hidrataciju za rosni sjaj Kolagen[&#8230;]<\/p>","protected":false},"featured_media":6887,"comment_status":"open","ping_status":"closed","template":"","meta":{"inline_featured_image":false},"product_cat":[15,41,59,79],"product_tag":[],"class_list":{"0":"post-6884","1":"product","2":"type-product","3":"status-publish","4":"has-post-thumbnail","6":"product_cat-supplements","7":"product_cat-anti-aging-longevity","8":"product_cat-collagen","9":"product_cat-treatments-serums","11":"first","12":"instock","13":"featured","14":"shipping-taxable","15":"purchasable","16":"product-type-simple"},"_links":{"self":[{"href":"https:\/\/be-healthy.taniko.me\/uk\/wp-json\/wp\/v2\/product\/6884","targetHints":{"allow":["GET"]}}],"collection":[{"href":"https:\/\/be-healthy.taniko.me\/uk\/wp-json\/wp\/v2\/product"}],"about":[{"href":"https:\/\/be-healthy.taniko.me\/uk\/wp-json\/wp\/v2\/types\/product"}],"replies":[{"embeddable":true,"href":"https:\/\/be-healthy.taniko.me\/uk\/wp-json\/wp\/v2\/comments?post=6884"}],"wp:featuredmedia":[{"embeddable":true,"href":"https:\/\/be-healthy.taniko.me\/uk\/wp-json\/wp\/v2\/media\/6887"}],"wp:attachment":[{"href":"https:\/\/be-healthy.taniko.me\/uk\/wp-json\/wp\/v2\/media?parent=6884"}],"wp:term":[{"taxonomy":"product_cat","embeddable":true,"href":"https:\/\/be-healthy.taniko.me\/uk\/wp-json\/wp\/v2\/product_cat?post=6884"},{"taxonomy":"product_tag","embeddable":true,"href":"https:\/\/be-healthy.taniko.me\/uk\/wp-json\/wp\/v2\/product_tag?post=6884"}],"curies":[{"name":"wp","href":"https:\/\/api.w.org\/{rel}","templated":true}]}}