{"id":6888,"date":"2024-01-02T21:13:53","date_gmt":"2024-01-02T21:13:53","guid":{"rendered":"https:\/\/be-healthy.taniko.me\/?post_type=product&#038;p=6888"},"modified":"2024-10-15T08:45:11","modified_gmt":"2024-10-15T08:45:11","slug":"advanced-clinicals-hyaluronic-acid-instant-skin-hydrator-1-lb-16-oz","status":"publish","type":"product","link":"https:\/\/be-healthy.taniko.me\/uk\/product\/advanced-clinicals-hyaluronic-acid-instant-skin-hydrator-1-lb-16-oz\/","title":{"rendered":"Advanced Clinicals, Hyaluronic Acid, Instant Skin Hydrator, 1 lb (16 oz)"},"content":{"rendered":"<div class=\"row item-row\">\n<div class=\"col-xs-24\">\n<p>\u041e\u043f\u0438\u0441<br \/>\nSpa Veli\u010dina<br \/>\nZa profesionalne salone<br \/>\nHijaluronska kiselina profesionalne kvalitete<br \/>\nVra\u0107a volumen opu\u0161tenoj ko\u017ei<br \/>\nDermatolog i testirano na alergije<br \/>\nUlje bora\u017eine + skvalan + vitamin E<br \/>\nNije testirano na \u017eivotinjama<br \/>\nBez parabena<br \/>\nNe iritira<br \/>\nKlini\u010dki ispitano<\/p>\n<p>Advanced Clinicals Hyaluronic Acid Instant Skin Hydrator formuliran je za vra\u0107anje volumena opu\u0161tenoj ko\u017ei dok istovremeno zadr\u017eava vla\u017enost za mla\u0111i izgled. Hijaluronska kiselina je humektant, \u0161to je otmjena rije\u010d za sastojak koji poma\u017ee u zadr\u017eavanju vlage. Uz to, na\u0161a hidratantna krema privla\u010di 1000 puta vi\u0161e vlage od svoje te\u017eine! Pobolj\u0161ani uljem bora\u017eine, skvalanom i vitaminom E, ovi blagotvorni sastojci sadr\u017ee obnavljaju\u0107a svojstva koja doista mijenjaju va\u0161 ten. Pove\u0107ajte zadr\u017eavanje vode u ko\u017ei kako biste smanjili pojavu bora i bora za besprijekoran ten.<\/p>\n<p>\u0420\u0435\u043a\u043e\u043c\u0435\u043d\u0434\u0430\u0446\u0456\u0457 \u0456\u0437 \u0437\u0430\u0441\u0442\u043e\u0441\u0443\u0432\u0430\u043d\u043d\u044f<\/p>\n<p>Nanesite dovoljnu koli\u010dinu losiona na o\u010di\u0161\u0107eno lice, vrat i ruke. Nje\u017eno umasirajte u ko\u017eu kru\u017enim pokretima prema gore, obra\u0107aju\u0107i posebnu pa\u017enju na bore, dok se potpuno ne upije. Koristite svakodnevno.<\/p>\n<p>Odvrnite i u\u017eivajte u svakoj kapi.<\/p>\n<p>\u0406\u043d\u0448\u0456 \u0456\u043d\u0433\u0440\u0435\u0434\u0456\u0454\u043d\u0442\u0438<\/p>\n<p>Voda (aqua), cetearil alkohol, mineralno ulje, gliceril stearat SE, cocos nucifera (kokosovo) ulje, izopropil miristat, glicerin, butilen glikol, ceteareth-20, butyrospermum parkii (shea) maslac, kaprilni\/kaprinski triglicerid, sok lista aloe barbadensis , ekstrakt chondrus crispus, natrijev hijaluronat, skvalan, tokoferil acetat, ulje sjemenki borago officinalis, ulje sjemenki punica granatum, ulje sjemenki livadne pjene, pantenol, dinatrijev EDTA, ceramid 2, miris, akrilati\/C10-30 alkil akrilatni krospolimer, fenoksietanol, kaprilil glikol, etilheksilglicerin, heksilen glikol, natrijev hidroksid.<\/p>\n<p>\u041f\u043e\u043f\u0435\u0440\u0435\u0434\u0436\u0435\u043d\u043d\u044f<\/p>\n<p>Samo za vanjsku upotrebu. Ako se razvije iritacija, prestanite koristiti. Ako losion dospije u o\u010di, temeljito isperite vodom. Ako se slu\u010dajno proguta, obratite se lije\u010dniku. \u010cuvati izvan dohvata djece.<\/p>\n<\/div>\n<\/div>","protected":false},"excerpt":{"rendered":"<p>Opis Spa Veli\u010dina Za profesionalne salone Hijaluronska kiselina profesionalne kvalitete Vra\u0107a volumen opu\u0161tenoj ko\u017ei Dermatolog i testirano na alergije Ulje bora\u017eine + skvalan + vitamin E Nije testirano na \u017eivotinjama Bez parabena Ne iritira Klini\u010dki ispitano Advanced Clinicals Hyaluronic Acid Instant Skin Hydrator formuliran je za vra\u0107anje volumena opu\u0161tenoj ko\u017ei dok istovremeno zadr\u017eava vla\u017enost za[&#8230;]<\/p>","protected":false},"featured_media":6890,"comment_status":"open","ping_status":"closed","template":"","meta":{"inline_featured_image":false},"product_cat":[41,25,64],"product_tag":[],"class_list":{"0":"post-6888","1":"product","2":"type-product","3":"status-publish","4":"has-post-thumbnail","6":"product_cat-anti-aging-longevity","7":"product_cat-beauty","8":"product_cat-hyaluronic-acid","10":"first","11":"instock","12":"featured","13":"shipping-taxable","14":"purchasable","15":"product-type-simple"},"_links":{"self":[{"href":"https:\/\/be-healthy.taniko.me\/uk\/wp-json\/wp\/v2\/product\/6888","targetHints":{"allow":["GET"]}}],"collection":[{"href":"https:\/\/be-healthy.taniko.me\/uk\/wp-json\/wp\/v2\/product"}],"about":[{"href":"https:\/\/be-healthy.taniko.me\/uk\/wp-json\/wp\/v2\/types\/product"}],"replies":[{"embeddable":true,"href":"https:\/\/be-healthy.taniko.me\/uk\/wp-json\/wp\/v2\/comments?post=6888"}],"wp:featuredmedia":[{"embeddable":true,"href":"https:\/\/be-healthy.taniko.me\/uk\/wp-json\/wp\/v2\/media\/6890"}],"wp:attachment":[{"href":"https:\/\/be-healthy.taniko.me\/uk\/wp-json\/wp\/v2\/media?parent=6888"}],"wp:term":[{"taxonomy":"product_cat","embeddable":true,"href":"https:\/\/be-healthy.taniko.me\/uk\/wp-json\/wp\/v2\/product_cat?post=6888"},{"taxonomy":"product_tag","embeddable":true,"href":"https:\/\/be-healthy.taniko.me\/uk\/wp-json\/wp\/v2\/product_tag?post=6888"}],"curies":[{"name":"wp","href":"https:\/\/api.w.org\/{rel}","templated":true}]}}