{"id":6891,"date":"2024-01-02T21:20:52","date_gmt":"2024-01-02T21:20:52","guid":{"rendered":"https:\/\/be-healthy.taniko.me\/?post_type=product&#038;p=6891"},"modified":"2024-10-15T08:43:50","modified_gmt":"2024-10-15T08:43:50","slug":"advanced-clinicals-retinol-serum-anti-wrinkle-1-75-fl-oz-52-ml","status":"publish","type":"product","link":"https:\/\/be-healthy.taniko.me\/uk\/product\/advanced-clinicals-retinol-serum-anti-wrinkle-1-75-fl-oz-52-ml\/","title":{"rendered":"Advanced Clinicals, Retinol Serum, Anti-Wrinkle, 1.75 fl oz (52 ml)"},"content":{"rendered":"<div class=\"row item-row\">\n<div class=\"col-xs-24\">\n<p>\u041e\u043f\u0438\u0441<br \/>\nAntioksidativni zeleni \u010daj<br \/>\nSna\u017ean koncentrat protiv bora<br \/>\nInkapsulirani retinol u\u010dinkovito se bori protiv bora<br \/>\nHranjiva aloe vera i zeleni \u010daj<br \/>\nGlicerin privla\u010di vlagu na ko\u017eu za puna\u0161an izgled<br \/>\nAloe vera \u0161titi od vidljivog crvenila i iritacije<br \/>\nAntioksidativni zeleni \u010daj \u0161titi od o\u0161te\u0107enja okoli\u0161a<br \/>\nRetinol ispravlja izgled dubokih bora i \u010deljusti<br \/>\nVidljivo vra\u0107a volumen zreloj ko\u017ei<br \/>\nPobolj\u0161ava izgled opu\u0161tene ko\u017ee o\u0161te\u0107ene suncem<\/p>\n<p>Prednosti<\/p>\n<p>Retinol je sastojak broj 1 za njegu ko\u017ee koji preporu\u010duju dermatolozi.<br \/>\nSna\u017ean, ali siguran za svakodnevnu upotrebu.<br \/>\nUmanjuje izgled dubokih bora i o\u0161te\u0107enja od sunca.<\/p>\n<p>Atributi<\/p>\n<p>Retinol je najbolje rje\u0161enje za preduge godine na suncu.<br \/>\nBez parabena, nje\u017ena alternativa tretmanima na recept.<\/p>\n<p>Tehnologija<\/p>\n<p>Advanced Clinicals retinol serum koristi inkapsulirani retinol za vrhunsku u\u010dinkovitost.<br \/>\nSna\u017eni sastojci protiv starenja vidljivo vra\u0107aju volumen podru\u010djima sklonima opu\u0161tenosti i borama. Ubla\u017eava izgled o\u0161trih linija i dubokih bora.<br \/>\nPromi\u010de mladena\u010dkiji izgled ko\u017ee razbijaju\u0107i izgled o\u0161te\u0107enja od sunca.<\/p>\n<p>Rezultati<\/p>\n<p>Trenuta\u010dno: Zatezanje, crvenilo ili crvenilo mogu se pojaviti kada prvi put koristite retinol. To je normalno i zna\u010di da radi. Koristite dodatnu hidratantnu kremu ili smanjite u\u010destalost na svaku drugu no\u0107 dok se ko\u017ea ne prilagodi sna\u017enim sastojcima za obnovu.<br \/>\nNo\u0107na upotreba: savr\u0161en no\u0107ni tretman. Svakodnevno se probudite s vidljivo omek\u0161anim borama i glatkijim izgledom ko\u017ee.<br \/>\n6 tjedana: Dramati\u010dno smanjuje pojavu bora, opu\u0161tenih pora i pjega od sunca.<br \/>\n\u0420\u0435\u043a\u043e\u043c\u0435\u043d\u0434\u0430\u0446\u0456\u0457 \u0456\u0437 \u0437\u0430\u0441\u0442\u043e\u0441\u0443\u0432\u0430\u043d\u043d\u044f<\/p>\n<p>Nakon \u010di\u0161\u0107enja ostavite ko\u017eu da se potpuno osu\u0161i. Nje\u017eno utrljajte retinol serum po licu, fokusiraju\u0107i se na problemati\u010dna podru\u010dja. Obri\u0161ite sav vi\u0161ak na vrhovima ruku jer su \u010desto izlo\u017eeni o\u0161te\u0107enjima od sunca. Ostavite nekoliko minuta da se upije. Nakon toga nanesite hidratantnu kremu. Koristite svaku ve\u010der prije spavanja. Mo\u017ee se pojaviti crvenilo, zatezanje ili crvenilo. To je normalno i zna\u010di da proizvod radi. Ako iritacija potraje, smanjite u\u010destalost kori\u0161tenja na svaku drugu no\u0107. Postupno pove\u0107ajte upotrebu svake no\u0107i prema toleranciji. Kao i kod svakog drugog proizvoda, ako se pojavi osip, prestanite koristiti i obratite se lije\u010dniku.<\/p>\n<p>\u0406\u043d\u0448\u0456 \u0456\u043d\u0433\u0440\u0435\u0434\u0456\u0454\u043d\u0442\u0438<\/p>\n<p>Voda (aqua), izopropil miristat, glicerin, ekstrakt vo\u0107a pyrus malus (jabuka), etilheksil olivat, cetearil alkohol, sok lista aloe barbadensis, skvalan, copernicia cerifera cera, retinol, propandiol, natrijev kokoamfoacetat, tokoferil acetat, bht, bha, ksantan guma, ekstrakt mekinja oryza sativa (ri\u017ea), ekstrakt li\u0161\u0107a rosmarinus officinalis (ru\u017emarin), ekstrakt helianthus annuus (suncokret), tokoferol, guma cyamopsis tetragonoloba (guar), ekstrakt mekinja Avena sativa (zob), ekstrakt kore citrusa aurantium dulcis (naran\u010de) , ekstrakt li\u0161\u0107a kamelije sinensis, tetranatrijev glutamat diacetat, amonijev akriloildimetiltaurat\/vp kopolimer, limunska kiselina, miris\/parfem, fenoksietanol, maltodekstrin, kapril glikol, etilheksilglicerin, heksilen glikol, butilfenil metilpropional, linalol, limonen, citron lol.<\/p>\n<p>\u041f\u043e\u043f\u0435\u0440\u0435\u0434\u0436\u0435\u043d\u043d\u044f<\/p>\n<p>Oprez:\u00a0Samo za vanjsku upotrebu. Ako se razvije iritacija, prestanite koristiti. Ako proizvod dospije u o\u010di, temeljito isperite vodom. Ako se slu\u010dajno proguta, obratite se lije\u010dniku. \u010cuvati izvan dohvata djece.<\/p>\n<\/div>\n<\/div>","protected":false},"excerpt":{"rendered":"<p>Opis Antioksidativni zeleni \u010daj Sna\u017ean koncentrat protiv bora Inkapsulirani retinol u\u010dinkovito se bori protiv bora Hranjiva aloe vera i zeleni \u010daj Glicerin privla\u010di vlagu na ko\u017eu za puna\u0161an izgled Aloe vera \u0161titi od vidljivog crvenila i iritacije Antioksidativni zeleni \u010daj \u0161titi od o\u0161te\u0107enja okoli\u0161a Retinol ispravlja izgled dubokih bora i \u010deljusti Vidljivo vra\u0107a volumen zreloj[&#8230;]<\/p>","protected":false},"featured_media":6892,"comment_status":"open","ping_status":"closed","template":"","meta":{"inline_featured_image":false},"product_cat":[41,25,79],"product_tag":[],"class_list":{"0":"post-6891","1":"product","2":"type-product","3":"status-publish","4":"has-post-thumbnail","6":"product_cat-anti-aging-longevity","7":"product_cat-beauty","8":"product_cat-treatments-serums","10":"first","11":"instock","12":"featured","13":"shipping-taxable","14":"purchasable","15":"product-type-simple"},"_links":{"self":[{"href":"https:\/\/be-healthy.taniko.me\/uk\/wp-json\/wp\/v2\/product\/6891","targetHints":{"allow":["GET"]}}],"collection":[{"href":"https:\/\/be-healthy.taniko.me\/uk\/wp-json\/wp\/v2\/product"}],"about":[{"href":"https:\/\/be-healthy.taniko.me\/uk\/wp-json\/wp\/v2\/types\/product"}],"replies":[{"embeddable":true,"href":"https:\/\/be-healthy.taniko.me\/uk\/wp-json\/wp\/v2\/comments?post=6891"}],"wp:featuredmedia":[{"embeddable":true,"href":"https:\/\/be-healthy.taniko.me\/uk\/wp-json\/wp\/v2\/media\/6892"}],"wp:attachment":[{"href":"https:\/\/be-healthy.taniko.me\/uk\/wp-json\/wp\/v2\/media?parent=6891"}],"wp:term":[{"taxonomy":"product_cat","embeddable":true,"href":"https:\/\/be-healthy.taniko.me\/uk\/wp-json\/wp\/v2\/product_cat?post=6891"},{"taxonomy":"product_tag","embeddable":true,"href":"https:\/\/be-healthy.taniko.me\/uk\/wp-json\/wp\/v2\/product_tag?post=6891"}],"curies":[{"name":"wp","href":"https:\/\/api.w.org\/{rel}","templated":true}]}}