{"id":6895,"date":"2024-01-02T21:24:18","date_gmt":"2024-01-02T21:24:18","guid":{"rendered":"https:\/\/be-healthy.taniko.me\/?post_type=product&#038;p=6895"},"modified":"2024-10-15T08:42:05","modified_gmt":"2024-10-15T08:42:05","slug":"advanced-clinicals-complete-5-in-1-eye-serum-multi-correction-2-fl-oz-59-ml","status":"publish","type":"product","link":"https:\/\/be-healthy.taniko.me\/uk\/product\/advanced-clinicals-complete-5-in-1-eye-serum-multi-correction-2-fl-oz-59-ml\/","title":{"rendered":"Advanced Clinicals, Complete 5-in-1 Eye Serum, Multi-Correction, 2 fl oz (59 ml)"},"content":{"rendered":"<div class=\"row item-row\">\n<div class=\"col-xs-24\">\n<p>\u041e\u043f\u0438\u0441<br \/>\nDjeluje na 5 znakova starenja kako bi osvje\u017eio izgled umornih o\u010diju<br \/>\nTrenuta\u010dno hidratizira ko\u017eu dok omek\u0161ava izgled bora<br \/>\nSmanjuje izgled podo\u010dnjaka, vranije \u0161ape, finih linija i bora<br \/>\nS Manuka medom<\/p>\n<p>5 ciljeva:<\/p>\n<p>Podo\u010dnjaci<br \/>\nPodbulost<br \/>\nOpu\u0161tena ko\u017ea<br \/>\nVrane \u0161ape<br \/>\nSuho\u0107a i starenje<\/p>\n<p>Spa veli\u010dina do 365 tretmana* *na temelju 1 pumpe po aplikaciji<\/p>\n<p>Prednosti<\/p>\n<p>Na\u0161a 5-u-1 formula protiv starenja oko o\u010diju smanjuje pojavu podo\u010dnjaka, vre\u0107ica, nate\u010denosti, bora i jezivih kapaka.<br \/>\nKoncentrirani serum brzo umanjuje znakove bora i bora oko o\u010diju.<br \/>\nZadr\u017eava vlagu za hidratiziraniji izgled s aloe verom, manuka medom i glicerinom.<\/p>\n<p>Atributi<\/p>\n<p>Pro\u017eet prirodnim biljnim kolagenom i retinolom koji preporu\u010duju dermatolozi.<br \/>\nHidratantan, osvje\u017eavaju\u0107i serum za o\u010di oblo\u017een je koloidnim zlatom i K3 Vita C<\/p>\n<p>Tehnologija<\/p>\n<p>Advanced Clinicals Complete 5-u-1 serum za podru\u010dje oko o\u010diju vidljivo podi\u017ee i zate\u017ee podru\u010dje oko o\u010diju za izgled koji prkosi godinama. Aloe vera, Manuka med i serum protiv starenja s dodatkom glicerina zagla\u0111uje i hrani dok osigurava prijeko potrebnu hidrataciju za suhu, jezivu ko\u017eu. Osvje\u017eava osjetljivo podru\u010dje oko o\u010diju sastojcima koji oboga\u0107uju vlagu kako bi opu\u0161tenoj ko\u017ei vratio \u010dvr\u0161\u0107i i glatkiji izgled.<\/p>\n<p>\u0420\u0435\u043a\u043e\u043c\u0435\u043d\u0434\u0430\u0446\u0456\u0457 \u0456\u0437 \u0437\u0430\u0441\u0442\u043e\u0441\u0443\u0432\u0430\u043d\u043d\u044f<\/p>\n<p>Nanesite na vrhove prstiju i lagano zagladite podru\u010dje oko o\u010diju, ujutro i nave\u010der. Mo\u017ee se koristiti kao poja\u010diva\u010d blistavosti usred dana ili pomije\u0161an s puderom ili korektorom kako bi \u0161minka dobila besprijekoran, blistav izgled.<\/p>\n<p>\u0406\u043d\u0448\u0456 \u0456\u043d\u0433\u0440\u0435\u0434\u0456\u0454\u043d\u0442\u0438<\/p>\n<p>Voda (aqua), izopropil miristat, ekstrakt vo\u0107a pyrus malus (jabuka), glicerin, hidrogenirani etilheksil olivat, cetearil alkohol, retinol, sok lista aloe barbadensis, natrijev hijaluronat, dikalijev glicirizinat, tokoferol, ekstrakt klorele vulgaris, acetil heksapeptid-8, ferulic kiselina, koloidno zlato, ekstrakt Caulerpa lentillifera, ekstrakt sjemena chenopodium quinoa, ekstrakt mekinja oryza sativa (ri\u017ea), neosapunjive tvari hidrogeniziranog maslinovog ulja, ekstrakt korijena daucus carota sativa (mrkva), ekstrakt sjemena glycine max (soja), ekstrakt oryza sativa (ri\u017ea) , ekstrakt korijena panax ginsenga, ekstrakt kore citrusa aurantium dulcis (naran\u010de), ekstrakt helianthus annuus (suncokret), ekstrakt lista rosmarinus officinalis (ru\u017emarin), tokoferil acetat, aminopropil askorbil fosfat, ulje jezgre arganije spinosa, ulje kokosa (kokosa), glicin soja (soja) Ekstrakt nafte, meda, guma yamopsis tetragonoloba, avena sativa (oat) mekinja, pentilenski glikol, poliuretanski kri\u017ear-1, amonij akrillaum\/vp kopolij, led-glikol, tem, glizotij anol, kaprilil glikol, etilheksilglicerin, heksilen glikol.<\/p>\n<p>\u041f\u043e\u043f\u0435\u0440\u0435\u0434\u0436\u0435\u043d\u043d\u044f<\/p>\n<p>Samo za vanjsku upotrebu. Ako se razvije iritacija, prestanite koristiti. Ako proizvod u\u0111e u o\u010di, temeljito isperite vodom. Ako se slu\u010dajno proguta, obratite se lije\u010dniku. \u010cuvati izvan dohvata djece.<\/p>\n<\/div>\n<\/div>","protected":false},"excerpt":{"rendered":"<p>Opis Djeluje na 5 znakova starenja kako bi osvje\u017eio izgled umornih o\u010diju Trenuta\u010dno hidratizira ko\u017eu dok omek\u0161ava izgled bora Smanjuje izgled podo\u010dnjaka, vranije \u0161ape, finih linija i bora S Manuka medom 5 ciljeva: Podo\u010dnjaci Podbulost Opu\u0161tena ko\u017ea Vrane \u0161ape Suho\u0107a i starenje Spa veli\u010dina do 365 tretmana* *na temelju 1 pumpe po aplikaciji Prednosti Na\u0161a[&#8230;]<\/p>","protected":false},"featured_media":6898,"comment_status":"open","ping_status":"closed","template":"","meta":{"inline_featured_image":false},"product_cat":[41,25,79],"product_tag":[],"class_list":{"0":"post-6895","1":"product","2":"type-product","3":"status-publish","4":"has-post-thumbnail","6":"product_cat-anti-aging-longevity","7":"product_cat-beauty","8":"product_cat-treatments-serums","10":"first","11":"instock","12":"featured","13":"shipping-taxable","14":"purchasable","15":"product-type-simple"},"_links":{"self":[{"href":"https:\/\/be-healthy.taniko.me\/uk\/wp-json\/wp\/v2\/product\/6895","targetHints":{"allow":["GET"]}}],"collection":[{"href":"https:\/\/be-healthy.taniko.me\/uk\/wp-json\/wp\/v2\/product"}],"about":[{"href":"https:\/\/be-healthy.taniko.me\/uk\/wp-json\/wp\/v2\/types\/product"}],"replies":[{"embeddable":true,"href":"https:\/\/be-healthy.taniko.me\/uk\/wp-json\/wp\/v2\/comments?post=6895"}],"wp:featuredmedia":[{"embeddable":true,"href":"https:\/\/be-healthy.taniko.me\/uk\/wp-json\/wp\/v2\/media\/6898"}],"wp:attachment":[{"href":"https:\/\/be-healthy.taniko.me\/uk\/wp-json\/wp\/v2\/media?parent=6895"}],"wp:term":[{"taxonomy":"product_cat","embeddable":true,"href":"https:\/\/be-healthy.taniko.me\/uk\/wp-json\/wp\/v2\/product_cat?post=6895"},{"taxonomy":"product_tag","embeddable":true,"href":"https:\/\/be-healthy.taniko.me\/uk\/wp-json\/wp\/v2\/product_tag?post=6895"}],"curies":[{"name":"wp","href":"https:\/\/api.w.org\/{rel}","templated":true}]}}