{"id":6900,"date":"2024-01-02T21:38:00","date_gmt":"2024-01-02T21:38:00","guid":{"rendered":"https:\/\/be-healthy.taniko.me\/?post_type=product&#038;p=6900"},"modified":"2024-10-15T08:40:32","modified_gmt":"2024-10-15T08:40:32","slug":"panoxyl-acne-foaming-wash-10-benzoyl-peroxide-maximum-strength-5-5-oz-156-g","status":"publish","type":"product","link":"https:\/\/be-healthy.taniko.me\/uk\/product\/panoxyl-acne-foaming-wash-10-benzoyl-peroxide-maximum-strength-5-5-oz-156-g\/","title":{"rendered":"PanOxyl, Acne Foaming Wash, 10% Benzoyl Peroxide Maximum Strength, 5.5 oz (156 g)"},"content":{"rendered":"<div class=\"row item-row\">\n<div class=\"col-xs-24\">\n<p>\u041e\u043f\u0438\u0441<br \/>\nDermatolog preporu\u010duje<br \/>\n\u010cisti postoje\u0107e akne i poma\u017ee u sprje\u010davanju stvaranja novih akni<br \/>\nTretira akne na licu i tijelu<br \/>\nMaksimalna snaga bez recepta<br \/>\nSadr\u017ei benzoil peroksid, antibakterijski sastojak<br \/>\nSadr\u017ei ovla\u017eiva\u010de za sprje\u010davanje isu\u0161ivanja<br \/>\nBez parabena, mirisa i ftalata<\/p>\n<p>PanOxyl\u24c7 Pjena za pranje protiv akni sadr\u017ei benzoil peroksid maksimalne snage za uklanjanje jakih akni. PanOxyl ubija bakterije koje uzrokuju akne \u010diste\u0107i i ot\u010depljuju\u0107i pore.<\/p>\n<p>Upotreba:\u00a0Za lije\u010denje akni<\/p>\n<p>\u0420\u0435\u043a\u043e\u043c\u0435\u043d\u0434\u0430\u0446\u0456\u0457 \u0456\u0437 \u0437\u0430\u0441\u0442\u043e\u0441\u0443\u0432\u0430\u043d\u043d\u044f<br \/>\nMokro podru\u010dje koje treba o\u010distiti<br \/>\nNanesite sredstvo za pranje protiv akni i nje\u017eno masirajte podru\u010dje 1-2 minute<br \/>\nTemeljito isperite i osu\u0161ite tapkanjem<br \/>\nBudu\u0107i da mo\u017ee do\u0107i do prekomjernog isu\u0161ivanja ko\u017ee, zapo\u010dnite s 1 primjenom dnevno, zatim postupno pove\u0107ajte do 2 ili 3 puta dnevno ako je potrebno ili prema uputama lije\u010dnika<br \/>\nAko se pojavi neugodna suho\u0107a ili lju\u0161tenje, smanjite nano\u0161enje na jednom dnevno ili svaki drugi dan<br \/>\nAko izlazite van, nanesite kremu za sun\u010danje nakon kori\u0161tenja ovog proizvoda. Ako se razvije iritacija ili osjetljivost, prestanite koristiti oba proizvoda i obratite se lije\u010dniku.<br \/>\n\u0406\u043d\u0448\u0456 \u0456\u043d\u0433\u0440\u0435\u0434\u0456\u0454\u043d\u0442\u0438<\/p>\n<table style=\"font-size: 16px;\" border=\"1\" width=\"100%\" cellspacing=\"0\" cellpadding=\"3\">\n<tbody>\n<tr align=\"left\" valign=\"top\">\n<td colspan=\"2\"><strong>Drug Facts<\/strong><\/td>\n<\/tr>\n<tr align=\"left\" valign=\"top\">\n<td width=\"15%\"><strong>Active ingredient<\/strong><\/td>\n<td width=\"15%\"><strong>Purpose<\/strong><\/td>\n<\/tr>\n<tr align=\"left\" valign=\"top\">\n<td>Benzoyl peroxide 10%<\/td>\n<td>Acne medication<\/td>\n<\/tr>\n<tr>\n<td colspan=\"2\"><strong>Inactive ingredients<\/strong><\/td>\n<\/tr>\n<tr align=\"left\" valign=\"top\">\n<td colspan=\"2\">Carbomer homopolymer type C, carbomer interpolymer type A, decyl glucoside, dimethicone, dioctyl sodium sulfosuccinate, glycerin, palmitic acid, polyacrylate crosspolymer-6, polyoxyl 40 stearate, propanediol, purified water, silica, sodium chloride, sodium citrate, sodium hydroxide, sodium laurylglucosides hydroxypropylsulfonate, sorbitan stearate, stearic acid, t-butyl alcohol, xanthan gum.<\/td>\n<\/tr>\n<\/tbody>\n<\/table>\n<\/div>\n<\/div>\n<div class=\"row item-row\">\n<div class=\"col-xs-24\">\n<p>\u041f\u043e\u043f\u0435\u0440\u0435\u0434\u0436\u0435\u043d\u043d\u044f<\/p>\n<p>Samo za vanjsku upotrebu.<\/p>\n<p>Nemojte koristiti ako:<\/p>\n<p>Imate vrlo osjetljivu ko\u017eu<br \/>\nOsjetljivi su na benzoil peroksid<\/p>\n<p>Kada koristite ovaj proizvod:<\/p>\n<p>Vjerojatnije je da \u0107e se pojaviti iritacija i suho\u0107a ko\u017ee ako istovremeno koristite neki drugi lijek protiv akni. Ako se pojavi iritacija, koristite samo jedan lokalni lijek protiv akni istovremeno.<br \/>\nIzbjegavajte nepotrebno izlaganje suncu i koristite kremu za sun\u010danje.<br \/>\nIzbjegavajte kontakt s o\u010dima, usnama i ustima<br \/>\nIzbjegavajte kontakt s kosom i obojenim tkaninama koje ovaj proizvod mo\u017ee izbijeliti<br \/>\nMo\u017ee se pojaviti iritacija ko\u017ee, koju karakterizira crvenilo, \u017earenje, svrbe\u017e, lju\u0161tenje ili mogu\u0107e oticanje. Iritacija se mo\u017ee smanjiti kori\u0161tenjem ovog proizvoda rje\u0111e ili u ni\u017eoj koncentraciji.<\/p>\n<p>Prestanite koristiti i obratite se lije\u010dniku ako iritacija postane ozbiljna.<\/p>\n<p>Ako ste trudni ili dojite, posavjetujte se s lije\u010dnikom prije uporabe.<\/p>\n<p>\u010cuvati izvan dohvata djece. Ako se proguta, potra\u017eite lije\u010dni\u010dku pomo\u0107 ili odmah kontaktirajte Centar za kontrolu trovanja.<\/p>\n<p>\u010cuvati na 20\u00b0-25\u00b0C (68\u00b0-77\u00b0F) [vidi USP kontroliranu sobnu temperaturu].<\/p>\n<\/div>\n<\/div>","protected":false},"excerpt":{"rendered":"<p>Opis Dermatolog preporu\u010duje \u010cisti postoje\u0107e akne i poma\u017ee u sprje\u010davanju stvaranja novih akni Tretira akne na licu i tijelu Maksimalna snaga bez recepta Sadr\u017ei benzoil peroksid, antibakterijski sastojak Sadr\u017ei ovla\u017eiva\u010de za sprje\u010davanje isu\u0161ivanja Bez parabena, mirisa i ftalata PanOxyl\u24c7 Pjena za pranje protiv akni sadr\u017ei benzoil peroksid maksimalne snage za uklanjanje jakih akni. PanOxyl ubija[&#8230;]<\/p>","protected":false},"featured_media":6901,"comment_status":"open","ping_status":"closed","template":"","meta":{"inline_featured_image":false},"product_cat":[25,75],"product_tag":[],"class_list":{"0":"post-6900","1":"product","2":"type-product","3":"status-publish","4":"has-post-thumbnail","6":"product_cat-beauty","7":"product_cat-cleanse-tone-scrub","9":"first","10":"instock","11":"featured","12":"shipping-taxable","13":"purchasable","14":"product-type-simple"},"_links":{"self":[{"href":"https:\/\/be-healthy.taniko.me\/uk\/wp-json\/wp\/v2\/product\/6900","targetHints":{"allow":["GET"]}}],"collection":[{"href":"https:\/\/be-healthy.taniko.me\/uk\/wp-json\/wp\/v2\/product"}],"about":[{"href":"https:\/\/be-healthy.taniko.me\/uk\/wp-json\/wp\/v2\/types\/product"}],"replies":[{"embeddable":true,"href":"https:\/\/be-healthy.taniko.me\/uk\/wp-json\/wp\/v2\/comments?post=6900"}],"wp:featuredmedia":[{"embeddable":true,"href":"https:\/\/be-healthy.taniko.me\/uk\/wp-json\/wp\/v2\/media\/6901"}],"wp:attachment":[{"href":"https:\/\/be-healthy.taniko.me\/uk\/wp-json\/wp\/v2\/media?parent=6900"}],"wp:term":[{"taxonomy":"product_cat","embeddable":true,"href":"https:\/\/be-healthy.taniko.me\/uk\/wp-json\/wp\/v2\/product_cat?post=6900"},{"taxonomy":"product_tag","embeddable":true,"href":"https:\/\/be-healthy.taniko.me\/uk\/wp-json\/wp\/v2\/product_tag?post=6900"}],"curies":[{"name":"wp","href":"https:\/\/api.w.org\/{rel}","templated":true}]}}